{"id":7192,"date":"2025-11-06T14:38:43","date_gmt":"2025-11-06T11:38:43","guid":{"rendered":"https:\/\/kosmeetika24.com\/?post_type=product&#038;p=7192"},"modified":"2026-01-12T12:12:29","modified_gmt":"2026-01-12T09:12:29","slug":"dalton-deep-sea-men-performance-hydrating-moisturizer","status":"publish","type":"product","link":"https:\/\/kosmeetika24.com\/fi\/tuote\/dalton-deep-sea-men-performance-hydrating-moisturizer\/","title":{"rendered":"Dalton \u2013 Deep Sea \u2013 Men Performance \u2013 Hydrating Moisturizer"},"content":{"rendered":"<p><strong>Soome keeles:<\/strong><\/p>\n<p>Levit\u00e4 ik\u00e4\u00e4ntymist\u00e4 ehk\u00e4isev\u00e4 voide aamulla ja illalla puhdistetulle iholle. Soveltuu erinomaisesti my\u00f6s ihon rauhoittamiseen ja kosteuttamiseen ajon j\u00e4lkeen.<\/p>\n<p><strong>Vinkki:<\/strong><\/p>\n<p>Pantenolin ja allantiinin rauhoittavien ominaisuuksien ansiosta t\u00e4m\u00e4 kosteuttava voide toimii my\u00f6s erinomaisesti ajon j\u00e4lkeisen\u00e4 hoitotuotteena.<\/p>\n<p><strong>Tuotekuvaus:<\/strong><\/p>\n<p>Tuntuuko iho kuivalta ja kirist\u00e4v\u00e4lt\u00e4 ajon j\u00e4lkeen? T\u00e4m\u00e4 kosteuttava kasvovoide miehille sis\u00e4lt\u00e4\u00e4 syv\u00e4nmeren vett\u00e4 ja sinilev\u00e4uutetta, jotka tarjoavat intensiivist\u00e4 kosteutusta ja j\u00e4tt\u00e4v\u00e4t ihon raikkaan ja terveenn\u00e4k\u00f6iseksi. Lis\u00e4ksi se on rikastettu mineraaleilla ja hivenaineilla, jotka ravitsevat ja remineralisoivat ihoa. Hyaluronihappo, urea ja eksklusiivinen Celumer-meriuute auttavat kosteuttamaan ihoa, silottamaan kuivuudesta johtuvia hienoja juonteita ja tarjoamaan n\u00e4kyv\u00e4n ik\u00e4\u00e4ntymist\u00e4 ehk\u00e4isev\u00e4n vaikutuksen. Pantenoli ja allantiini rauhoittavat ihoa ja ehk\u00e4isev\u00e4t ajon aiheuttamaa \u00e4rsytyst\u00e4.<\/p>\n<p>Voide imeytyy nopeasti, j\u00e4tt\u00e4en iholle ei-rasvaisen eik\u00e4 tahmaisen kerroksen, ja tekee ihosta kiinte\u00e4mm\u00e4n, raikkaamman ja nuorekkaamman.<\/p>\n<p><em>*Testitulokset: Kuluttajatutkimus, 40 osallistujaa, k\u00e4ytetty kahdesti p\u00e4iv\u00e4ss\u00e4 21 p\u00e4iv\u00e4n ajan.<\/em><\/p>\n<p><strong>Ainesosat<\/strong><br \/>\nAqua\/Water, Glycerin, Cetearyl Alcohol, Glyceryl Stearate, PEG-100 Stearate, Coco-Caprylate, Octyldodecanol, Hydrogenated Starch Hydrolysate, Dimethicone, Maris Aqua\/Sea Water, Aphanizomenon Flos-Aquae Extract, Spirulina Maxima Extract, Algae Extract\/Alaria Esculenta Extract, Saccharide Isomerate, Caviar Extract, Ostrea Shell Extract\/Oyster Shell Extract, Maris Limus Extract\/Sea Silt Extract, Urea, Allantoin, Panthenol, Sodium Hyaluronate, Sodium Hydroxide, Citric Acid, Xanthan Gum, Propylene Glycol, Potassium Sorbate, Phenoxyethanol, Dehydroacetic Acid, Caprylic\/Capric Triglyceride, Benzoic Acid, Ethylhexylglycerin, Parfum\/Fragrance<\/p>\n<p>598.-\u20ac\/l<\/p>","protected":false},"excerpt":{"rendered":"<p>Kosteuttava ja ik\u00e4\u00e4ntymist\u00e4 ehk\u00e4isev\u00e4 voide kuivalle iholle 50 ml<\/p>\n<p class=\"translation-block\">Antaa iholle intensiivist\u00e4 kosteutusta<br>\nKevyt, kermainen koostumus<br>\nSyv\u00e4nmeren vesi ja sinilev\u00e4t virkist\u00e4v\u00e4t ihoa<br>\nPantenoli ja allantoiini ehk\u00e4isev\u00e4t \u00e4rsytyst\u00e4<br>\nSilottaa hienoja juonteita ja ryppyj\u00e4<br>\n84 % k\u00e4ytt\u00e4jist\u00e4 vahvisti ihon kosteustason nousun*<\/p>","protected":false},"featured_media":7187,"comment_status":"closed","ping_status":"closed","template":"","meta":{"_uag_custom_page_level_css":"","site-sidebar-layout":"default","site-content-layout":"","ast-site-content-layout":"default","site-content-style":"default","site-sidebar-style":"default","ast-global-header-display":"","ast-banner-title-visibility":"","ast-main-header-display":"","ast-hfb-above-header-display":"","ast-hfb-below-header-display":"","ast-hfb-mobile-header-display":"","site-post-title":"","ast-breadcrumbs-content":"","ast-featured-img":"","footer-sml-layout":"","ast-disable-related-posts":"","theme-transparent-header-meta":"default","adv-header-id-meta":"","stick-header-meta":"","header-above-stick-meta":"","header-main-stick-meta":"","header-below-stick-meta":"","astra-migrate-meta-layouts":"set","ast-page-background-enabled":"default","ast-page-background-meta":{"desktop":{"background-color":"var(--ast-global-color-4)","background-image":"","background-repeat":"repeat","background-position":"center center","background-size":"auto","background-attachment":"scroll","background-type":"","background-media":"","overlay-type":"","overlay-color":"","overlay-opacity":"","overlay-gradient":""},"tablet":{"background-color":"","background-image":"","background-repeat":"repeat","background-position":"center center","background-size":"auto","background-attachment":"scroll","background-type":"","background-media":"","overlay-type":"","overlay-color":"","overlay-opacity":"","overlay-gradient":""},"mobile":{"background-color":"","background-image":"","background-repeat":"repeat","background-position":"center center","background-size":"auto","background-attachment":"scroll","background-type":"","background-media":"","overlay-type":"","overlay-color":"","overlay-opacity":"","overlay-gradient":""}},"ast-content-background-meta":{"desktop":{"background-color":"var(--ast-global-color-5)","background-image":"","background-repeat":"repeat","background-position":"center center","background-size":"auto","background-attachment":"scroll","background-type":"","background-media":"","overlay-type":"","overlay-color":"","overlay-opacity":"","overlay-gradient":""},"tablet":{"background-color":"var(--ast-global-color-5)","background-image":"","background-repeat":"repeat","background-position":"center center","background-size":"auto","background-attachment":"scroll","background-type":"","background-media":"","overlay-type":"","overlay-color":"","overlay-opacity":"","overlay-gradient":""},"mobile":{"background-color":"var(--ast-global-color-5)","background-image":"","background-repeat":"repeat","background-position":"center center","background-size":"auto","background-attachment":"scroll","background-type":"","background-media":"","overlay-type":"","overlay-color":"","overlay-opacity":"","overlay-gradient":""}}},"product_brand":[],"product_cat":[125,97],"product_tag":[],"class_list":{"0":"post-7192","1":"product","2":"type-product","3":"status-publish","4":"has-post-thumbnail","6":"product_cat-dalton","7":"product_cat-naole","8":"desktop-align-left","9":"tablet-align-left","10":"mobile-align-left","12":"first","13":"onbackorder","14":"taxable","15":"shipping-taxable","16":"product-type-simple","17":"add-to-wishlist-before_image"},"uagb_featured_image_src":{"full":["https:\/\/kosmeetika24.com\/wp-content\/uploads\/2025\/11\/4054621830016.webp",540,540,false],"thumbnail":["https:\/\/kosmeetika24.com\/wp-content\/uploads\/2025\/11\/4054621830016-150x150.webp",150,150,true],"medium":["https:\/\/kosmeetika24.com\/wp-content\/uploads\/2025\/11\/4054621830016-300x300.webp",300,300,true],"medium_large":["https:\/\/kosmeetika24.com\/wp-content\/uploads\/2025\/11\/4054621830016.webp",540,540,false],"large":["https:\/\/kosmeetika24.com\/wp-content\/uploads\/2025\/11\/4054621830016.webp",540,540,false],"1536x1536":["https:\/\/kosmeetika24.com\/wp-content\/uploads\/2025\/11\/4054621830016.webp",540,540,false],"2048x2048":["https:\/\/kosmeetika24.com\/wp-content\/uploads\/2025\/11\/4054621830016.webp",540,540,false],"trp-custom-language-flag":["https:\/\/kosmeetika24.com\/wp-content\/uploads\/2025\/11\/4054621830016-12x12.webp",12,12,true],"woocommerce_thumbnail":["https:\/\/kosmeetika24.com\/wp-content\/uploads\/2025\/11\/4054621830016-300x300.webp",300,300,true],"woocommerce_single":["https:\/\/kosmeetika24.com\/wp-content\/uploads\/2025\/11\/4054621830016-500x500.webp",500,500,true],"woocommerce_gallery_thumbnail":["https:\/\/kosmeetika24.com\/wp-content\/uploads\/2025\/11\/4054621830016-100x100.webp",100,100,true]},"uagb_author_info":{"display_name":"admin","author_link":"https:\/\/kosmeetika24.com\/fi\/author\/"},"uagb_comment_info":0,"uagb_excerpt":"Niisutav ja vananemisvastane kreem kuivale nahale 50 ml Annab nahale intensiivse niisutuse Kerge kreemjas tekstuur S\u00fcgavmerevesi ja sinivetikad v\u00e4rskendavad nahka Pantenool ja allantoiin ennetavad \u00e4rritust Silub peeneid kortse ja joonekesi 84% kasutajatest kinnitab naha niiskustaseme t\u00f5usu*","_links":{"self":[{"href":"https:\/\/kosmeetika24.com\/fi\/wp-json\/wp\/v2\/product\/7192","targetHints":{"allow":["GET"]}}],"collection":[{"href":"https:\/\/kosmeetika24.com\/fi\/wp-json\/wp\/v2\/product"}],"about":[{"href":"https:\/\/kosmeetika24.com\/fi\/wp-json\/wp\/v2\/types\/product"}],"replies":[{"embeddable":true,"href":"https:\/\/kosmeetika24.com\/fi\/wp-json\/wp\/v2\/comments?post=7192"}],"version-history":[{"count":1,"href":"https:\/\/kosmeetika24.com\/fi\/wp-json\/wp\/v2\/product\/7192\/revisions"}],"predecessor-version":[{"id":7193,"href":"https:\/\/kosmeetika24.com\/fi\/wp-json\/wp\/v2\/product\/7192\/revisions\/7193"}],"wp:featuredmedia":[{"embeddable":true,"href":"https:\/\/kosmeetika24.com\/fi\/wp-json\/wp\/v2\/media\/7187"}],"wp:attachment":[{"href":"https:\/\/kosmeetika24.com\/fi\/wp-json\/wp\/v2\/media?parent=7192"}],"wp:term":[{"taxonomy":"product_brand","embeddable":true,"href":"https:\/\/kosmeetika24.com\/fi\/wp-json\/wp\/v2\/product_brand?post=7192"},{"taxonomy":"product_cat","embeddable":true,"href":"https:\/\/kosmeetika24.com\/fi\/wp-json\/wp\/v2\/product_cat?post=7192"},{"taxonomy":"product_tag","embeddable":true,"href":"https:\/\/kosmeetika24.com\/fi\/wp-json\/wp\/v2\/product_tag?post=7192"}],"curies":[{"name":"wp","href":"https:\/\/api.w.org\/{rel}","templated":true}]}}