{"id":7186,"date":"2025-11-06T14:32:16","date_gmt":"2025-11-06T11:32:16","guid":{"rendered":"https:\/\/kosmeetika24.com\/?post_type=product&#038;p=7186"},"modified":"2026-01-12T12:12:35","modified_gmt":"2026-01-12T09:12:35","slug":"dalton-deep-sea-men-performance-eye-roll-on","status":"publish","type":"product","link":"https:\/\/kosmeetika24.com\/fi\/tuote\/dalton-deep-sea-men-performance-eye-roll-on\/","title":{"rendered":"Dalton \u2013 Deep Sea \u2013 Men Performance \u2013 Eye Roll-on"},"content":{"rendered":"<p><strong>Soome keeles:<\/strong><\/p>\n<p>Levit\u00e4 silm\u00e4geeli aamulla ja illalla ennen kosteuttavan voiteen k\u00e4ytt\u00f6\u00e4. Levit\u00e4 varovasti silm\u00e4nymp\u00e4rysalueelle ja taputtele kevyesti ihoon.<\/p>\n<p><strong>Tuotekuvaus:<\/strong><\/p>\n<p>V\u00e4syneet silm\u00e4t? Lis\u00e4\u00e4 tehokas silm\u00e4rulla ihonhoitorutiini!<\/p>\n<p class=\"translation-block\">Kevyt ja virkist\u00e4v\u00e4 <em>Eye Roll-On<\/em> sis\u00e4lt\u00e4\u00e4 eksklusiivisen <em>Celumer-meriuutteen<\/em>, syv\u00e4nmeren vett\u00e4 ja sinilevi\u00e4 \u2013 runsaan seoksen mineraaleja ja hivenaineita, jotka kosteuttavat ihoa syv\u00e4lt\u00e4 ja silottavat ryppyj\u00e4 sek\u00e4 hienoja juonteita.<\/p>\n<p>Hyaluronihappo antaa silm\u00e4nymp\u00e4rysalueelle pitk\u00e4kestoista kosteutusta ja kiinteytt\u00e4v\u00e4n vaikutuksen, kun taas viilent\u00e4v\u00e4 roll-on-aplikaattori v\u00e4hent\u00e4\u00e4 v\u00e4litt\u00f6m\u00e4sti turvotusta ja tummia silm\u00e4nalusia.<\/p>\n<p class=\"translation-block\"><strong>Tulos<\/strong>:<br>\nValppaat, raikkaat ja nuorekkaat silm\u00e4t \u2013 ilman tahmaista j\u00e4\u00e4m\u00e4\u00e4!<\/p>\n<p><em>*Testitulokset: Kuluttajatutkimus, 40 osallistujaa, k\u00e4ytetty kahdesti p\u00e4iv\u00e4ss\u00e4 21 p\u00e4iv\u00e4n ajan.<\/em><\/p>\n<p><strong>Ainesosat<br \/>\n<\/strong>Aqua\/Water, Butylene Glycol, Glycerin, Polyglyceryl-4 Caprate, Hydrogenated Starch Hydrolysate, Sodium Pca, Maris Aqua\/Sea Water, Aphanizomenon Flos-Aquae Extract, Spirulina Maxima Extract, Algae Extract\/Alaria Esculenta Extract, Saccharide Isomerate, Caviar Extract, Ostrea Shell Extract\/Oyster Shell Extract, Maris Limus Extract\/Sea Silt Extract, Sodium Hyaluronate, Xanthan Gum, Carrageenan, Menthol, Sodium Hydroxide, Ethylhexylglycerin, Propylene Glycol, Potassium Sorbate, Phenoxyethanol, Caprylic \/ Capric Triglyceride, Tetrasodium Glutamate Diacetate, Menthyl Lactate, Citric Acid, Parfum\/Fragrance<\/p>","protected":false},"excerpt":{"rendered":"<p>Turvotusta ehk\u00e4isev\u00e4 ik\u00e4\u00e4ntymist\u00e4 ehk\u00e4isev\u00e4 silm\u00e4geeli<\/p>\n<p class=\"translation-block\">J\u00e4\u00e4hdytt\u00e4v\u00e4 vaikutus v\u00e4hent\u00e4\u00e4 silm\u00e4naluspusseja<br>\nSilottaa ryppyj\u00e4 ja tummia silm\u00e4nalusia<br>\nNopeasti imeytyv\u00e4 geelinen koostumus<br>\nSyv\u00e4nmeren vesi ja sinilev\u00e4 kosteuttavat herkk\u00e4\u00e4 silm\u00e4nymp\u00e4rysihoa<br>\n68 % k\u00e4ytt\u00e4jist\u00e4 koki v\u00e4litt\u00f6m\u00e4n virkist\u00e4v\u00e4n vaikutuksen*<\/p>","protected":false},"featured_media":7189,"comment_status":"closed","ping_status":"closed","template":"","meta":{"_uag_custom_page_level_css":"","site-sidebar-layout":"default","site-content-layout":"","ast-site-content-layout":"default","site-content-style":"default","site-sidebar-style":"default","ast-global-header-display":"","ast-banner-title-visibility":"","ast-main-header-display":"","ast-hfb-above-header-display":"","ast-hfb-below-header-display":"","ast-hfb-mobile-header-display":"","site-post-title":"","ast-breadcrumbs-content":"","ast-featured-img":"","footer-sml-layout":"","ast-disable-related-posts":"","theme-transparent-header-meta":"default","adv-header-id-meta":"","stick-header-meta":"","header-above-stick-meta":"","header-main-stick-meta":"","header-below-stick-meta":"","astra-migrate-meta-layouts":"set","ast-page-background-enabled":"default","ast-page-background-meta":{"desktop":{"background-color":"var(--ast-global-color-4)","background-image":"","background-repeat":"repeat","background-position":"center center","background-size":"auto","background-attachment":"scroll","background-type":"","background-media":"","overlay-type":"","overlay-color":"","overlay-opacity":"","overlay-gradient":""},"tablet":{"background-color":"","background-image":"","background-repeat":"repeat","background-position":"center center","background-size":"auto","background-attachment":"scroll","background-type":"","background-media":"","overlay-type":"","overlay-color":"","overlay-opacity":"","overlay-gradient":""},"mobile":{"background-color":"","background-image":"","background-repeat":"repeat","background-position":"center center","background-size":"auto","background-attachment":"scroll","background-type":"","background-media":"","overlay-type":"","overlay-color":"","overlay-opacity":"","overlay-gradient":""}},"ast-content-background-meta":{"desktop":{"background-color":"var(--ast-global-color-5)","background-image":"","background-repeat":"repeat","background-position":"center center","background-size":"auto","background-attachment":"scroll","background-type":"","background-media":"","overlay-type":"","overlay-color":"","overlay-opacity":"","overlay-gradient":""},"tablet":{"background-color":"var(--ast-global-color-5)","background-image":"","background-repeat":"repeat","background-position":"center center","background-size":"auto","background-attachment":"scroll","background-type":"","background-media":"","overlay-type":"","overlay-color":"","overlay-opacity":"","overlay-gradient":""},"mobile":{"background-color":"var(--ast-global-color-5)","background-image":"","background-repeat":"repeat","background-position":"center center","background-size":"auto","background-attachment":"scroll","background-type":"","background-media":"","overlay-type":"","overlay-color":"","overlay-opacity":"","overlay-gradient":""}}},"product_brand":[],"product_cat":[125,97],"product_tag":[],"class_list":{"0":"post-7186","1":"product","2":"type-product","3":"status-publish","4":"has-post-thumbnail","6":"product_cat-dalton","7":"product_cat-naole","8":"desktop-align-left","9":"tablet-align-left","10":"mobile-align-left","12":"first","13":"onbackorder","14":"taxable","15":"shipping-taxable","16":"product-type-simple","17":"add-to-wishlist-before_image"},"uagb_featured_image_src":{"full":["https:\/\/kosmeetika24.com\/wp-content\/uploads\/2025\/11\/4054621830092.webp",540,540,false],"thumbnail":["https:\/\/kosmeetika24.com\/wp-content\/uploads\/2025\/11\/4054621830092-150x150.webp",150,150,true],"medium":["https:\/\/kosmeetika24.com\/wp-content\/uploads\/2025\/11\/4054621830092-300x300.webp",300,300,true],"medium_large":["https:\/\/kosmeetika24.com\/wp-content\/uploads\/2025\/11\/4054621830092.webp",540,540,false],"large":["https:\/\/kosmeetika24.com\/wp-content\/uploads\/2025\/11\/4054621830092.webp",540,540,false],"1536x1536":["https:\/\/kosmeetika24.com\/wp-content\/uploads\/2025\/11\/4054621830092.webp",540,540,false],"2048x2048":["https:\/\/kosmeetika24.com\/wp-content\/uploads\/2025\/11\/4054621830092.webp",540,540,false],"trp-custom-language-flag":["https:\/\/kosmeetika24.com\/wp-content\/uploads\/2025\/11\/4054621830092-12x12.webp",12,12,true],"woocommerce_thumbnail":["https:\/\/kosmeetika24.com\/wp-content\/uploads\/2025\/11\/4054621830092-300x300.webp",300,300,true],"woocommerce_single":["https:\/\/kosmeetika24.com\/wp-content\/uploads\/2025\/11\/4054621830092-500x500.webp",500,500,true],"woocommerce_gallery_thumbnail":["https:\/\/kosmeetika24.com\/wp-content\/uploads\/2025\/11\/4054621830092-100x100.webp",100,100,true]},"uagb_author_info":{"display_name":"admin","author_link":"https:\/\/kosmeetika24.com\/fi\/author\/"},"uagb_comment_info":0,"uagb_excerpt":"Tursevastane vananemisvastane silmageel Jahutav efekt v\u00e4hendab silmaaluseid turseid Silub kortse ja tumedaid silmaaluseid Kiiresti imenduv geeljas tekstuur S\u00fcgavmerevesi ja sinivetikad niisutavad \u00f5rna silma\u00fcmbrust 68% kasutajatest tundsid kohest v\u00e4rskendavat efekti*","_links":{"self":[{"href":"https:\/\/kosmeetika24.com\/fi\/wp-json\/wp\/v2\/product\/7186","targetHints":{"allow":["GET"]}}],"collection":[{"href":"https:\/\/kosmeetika24.com\/fi\/wp-json\/wp\/v2\/product"}],"about":[{"href":"https:\/\/kosmeetika24.com\/fi\/wp-json\/wp\/v2\/types\/product"}],"replies":[{"embeddable":true,"href":"https:\/\/kosmeetika24.com\/fi\/wp-json\/wp\/v2\/comments?post=7186"}],"version-history":[{"count":1,"href":"https:\/\/kosmeetika24.com\/fi\/wp-json\/wp\/v2\/product\/7186\/revisions"}],"predecessor-version":[{"id":7190,"href":"https:\/\/kosmeetika24.com\/fi\/wp-json\/wp\/v2\/product\/7186\/revisions\/7190"}],"wp:featuredmedia":[{"embeddable":true,"href":"https:\/\/kosmeetika24.com\/fi\/wp-json\/wp\/v2\/media\/7189"}],"wp:attachment":[{"href":"https:\/\/kosmeetika24.com\/fi\/wp-json\/wp\/v2\/media?parent=7186"}],"wp:term":[{"taxonomy":"product_brand","embeddable":true,"href":"https:\/\/kosmeetika24.com\/fi\/wp-json\/wp\/v2\/product_brand?post=7186"},{"taxonomy":"product_cat","embeddable":true,"href":"https:\/\/kosmeetika24.com\/fi\/wp-json\/wp\/v2\/product_cat?post=7186"},{"taxonomy":"product_tag","embeddable":true,"href":"https:\/\/kosmeetika24.com\/fi\/wp-json\/wp\/v2\/product_tag?post=7186"}],"curies":[{"name":"wp","href":"https:\/\/api.w.org\/{rel}","templated":true}]}}