{"id":7185,"date":"2025-11-06T13:30:55","date_gmt":"2025-11-06T10:30:55","guid":{"rendered":"https:\/\/kosmeetika24.com\/?post_type=product&#038;p=7185"},"modified":"2026-01-12T12:12:41","modified_gmt":"2026-01-12T09:12:41","slug":"dalton-deep-sea-men-performance-mattifying-moisturizer","status":"publish","type":"product","link":"https:\/\/kosmeetika24.com\/fi\/tuote\/dalton-deep-sea-men-performance-mattifying-moisturizer\/","title":{"rendered":"Dalton \u2013 Deep Sea \u2013 Men Performance \u2013 Mattifying Moisturizer"},"content":{"rendered":"<p><strong>Soome keeles:<\/strong><\/p>\n<p>Levit\u00e4 mattava voide aamulla ja illalla puhdistetulle iholle. Soveltuu erinomaisesti my\u00f6s ihon rauhoittavaan hoitovoiteeseen ajon j\u00e4lkeen.<\/p>\n<p><strong>Tuotekuvaus:<\/strong><\/p>\n<p>Tutustu \u00f6ljyntasapainottaviin ihonhoitotuotteisiin miehille: poista liiallinen kiilto ilman, ett\u00e4 iho kuivuu. T\u00e4m\u00e4 nopeasti imeytyv\u00e4 ja \u00f6ljyt\u00f6n kosteuttava kasvovoide miehille mattapintaa ihon v\u00e4litt\u00f6m\u00e4sti neutraloimalla liiallisen talin, auttaa taistelemaan tulehduksellista punoitusta vastaan, rauhoittaa herkk\u00e4\u00e4 ihoa ajon j\u00e4lkeen ja samalla torjuu ik\u00e4\u00e4ntymisen merkkej\u00e4.<\/p>\n<p>Voide sis\u00e4lt\u00e4\u00e4 syv\u00e4nmeren vett\u00e4 ja sinilevi\u00e4, jotka vahvistavat ja kosteuttavat ihoa, kun taas hyaluronihappo antaa tehokkaan kosteuttavan vaikutuksen. Luonnollinen hoitoklindi j\u00e4tt\u00e4\u00e4 ihon mattapintaiseksi ja tasapainottaa talinerityst\u00e4. Eksklusiivinen Celumer-meriuutemme lis\u00e4\u00e4 lis\u00e4anti-aging-vaikutuksen, auttaen ihoa pysym\u00e4\u00e4n kiinte\u00e4n\u00e4 ja nuorekkaana.<\/p>\n<p>Kevyt koostumus antaa v\u00e4litt\u00f6m\u00e4n mattavaikutuksen, tehden siit\u00e4 ihanteellisen nopean ratkaisun rasvaiselle iholle.<\/p>\n<p class=\"translation-block\"><strong>Tulos<\/strong>:<br>\nTerve, tasapainoinen ja mattapintainen iho \u2013 ilman liiallista rasvaa!<\/p>\n<p><em>*Testitulokset: Kuluttajatutkimus, 40 osallistujaa, k\u00e4ytetty kahdesti p\u00e4iv\u00e4ss\u00e4 21 p\u00e4iv\u00e4n ajan.<\/em><\/p>\n<p><strong>Ainesosat<br \/>\n<\/strong>Aqua\/Water, Glycerin, Diatomaceous Earth, Dicaprylyl Carbonate, Maris Aqua\/Sea Water, Isohexadecane, Aphanizomenon Flos-Aquae Extract , Spirulina Maxima Extract, Algae Extract\/Alaria Esculenta Extract, Saccharide Isomerate, Caviar Extract, Ostrea Shell Extract\/Oyster Shell Extract, Maris Limus Extract\/Sea Silt Extract, Sodium Hyaluronate, Sodium Hydroxide, Xanthan Gum, Propylene Glycol, Potassium Sorbate, Phenoxyethanol, Caprylic\/Capric Triglyceride, Tetrasodium Glutamate Diacetate, Hydrogenated Starch Hydrolysate, Ethylhexylglycerin, Acrylates\/C10-30 Alkyl Acrylate Crosspolymer, Parfum\/Fragrance<\/p>","protected":false},"excerpt":{"rendered":"<p>Ik\u00e4\u00e4ntymist\u00e4 ehk\u00e4isev\u00e4 voide rasvaiselle iholle, mattava vaikutus<\/p>\n<p class=\"translation-block\">Poistaa kevyesti ylim\u00e4\u00e4r\u00e4ist\u00e4 rasvaa<br>\nKevyt ja ei-rasvainen koostumus<br>\nSyv\u00e4nmeren vesi ja sinilev\u00e4 kosteuttavat ihoa<br>\nV\u00e4hent\u00e4\u00e4 tulehduksellisia n\u00e4ppyl\u00f6it\u00e4 ja huokosia tukkivaa talia<br>\nIk\u00e4\u00e4ntymist\u00e4 ehk\u00e4isev\u00e4 vaikutus<br>\n63 % k\u00e4ytt\u00e4jist\u00e4 koki ihonsa sile\u00e4mm\u00e4ksi*<\/p>","protected":false},"featured_media":7188,"comment_status":"closed","ping_status":"closed","template":"","meta":{"_uag_custom_page_level_css":"","site-sidebar-layout":"default","site-content-layout":"","ast-site-content-layout":"default","site-content-style":"default","site-sidebar-style":"default","ast-global-header-display":"","ast-banner-title-visibility":"","ast-main-header-display":"","ast-hfb-above-header-display":"","ast-hfb-below-header-display":"","ast-hfb-mobile-header-display":"","site-post-title":"","ast-breadcrumbs-content":"","ast-featured-img":"","footer-sml-layout":"","ast-disable-related-posts":"","theme-transparent-header-meta":"default","adv-header-id-meta":"","stick-header-meta":"","header-above-stick-meta":"","header-main-stick-meta":"","header-below-stick-meta":"","astra-migrate-meta-layouts":"set","ast-page-background-enabled":"default","ast-page-background-meta":{"desktop":{"background-color":"var(--ast-global-color-4)","background-image":"","background-repeat":"repeat","background-position":"center center","background-size":"auto","background-attachment":"scroll","background-type":"","background-media":"","overlay-type":"","overlay-color":"","overlay-opacity":"","overlay-gradient":""},"tablet":{"background-color":"","background-image":"","background-repeat":"repeat","background-position":"center center","background-size":"auto","background-attachment":"scroll","background-type":"","background-media":"","overlay-type":"","overlay-color":"","overlay-opacity":"","overlay-gradient":""},"mobile":{"background-color":"","background-image":"","background-repeat":"repeat","background-position":"center center","background-size":"auto","background-attachment":"scroll","background-type":"","background-media":"","overlay-type":"","overlay-color":"","overlay-opacity":"","overlay-gradient":""}},"ast-content-background-meta":{"desktop":{"background-color":"var(--ast-global-color-5)","background-image":"","background-repeat":"repeat","background-position":"center center","background-size":"auto","background-attachment":"scroll","background-type":"","background-media":"","overlay-type":"","overlay-color":"","overlay-opacity":"","overlay-gradient":""},"tablet":{"background-color":"var(--ast-global-color-5)","background-image":"","background-repeat":"repeat","background-position":"center center","background-size":"auto","background-attachment":"scroll","background-type":"","background-media":"","overlay-type":"","overlay-color":"","overlay-opacity":"","overlay-gradient":""},"mobile":{"background-color":"var(--ast-global-color-5)","background-image":"","background-repeat":"repeat","background-position":"center center","background-size":"auto","background-attachment":"scroll","background-type":"","background-media":"","overlay-type":"","overlay-color":"","overlay-opacity":"","overlay-gradient":""}}},"product_brand":[],"product_cat":[125,97],"product_tag":[],"class_list":{"0":"post-7185","1":"product","2":"type-product","3":"status-publish","4":"has-post-thumbnail","6":"product_cat-dalton","7":"product_cat-naole","8":"desktop-align-left","9":"tablet-align-left","10":"mobile-align-left","12":"first","13":"onbackorder","14":"taxable","15":"shipping-taxable","16":"product-type-simple","17":"add-to-wishlist-before_image"},"uagb_featured_image_src":{"full":["https:\/\/kosmeetika24.com\/wp-content\/uploads\/2025\/11\/4054621830054.webp",540,540,false],"thumbnail":["https:\/\/kosmeetika24.com\/wp-content\/uploads\/2025\/11\/4054621830054-150x150.webp",150,150,true],"medium":["https:\/\/kosmeetika24.com\/wp-content\/uploads\/2025\/11\/4054621830054-300x300.webp",300,300,true],"medium_large":["https:\/\/kosmeetika24.com\/wp-content\/uploads\/2025\/11\/4054621830054.webp",540,540,false],"large":["https:\/\/kosmeetika24.com\/wp-content\/uploads\/2025\/11\/4054621830054.webp",540,540,false],"1536x1536":["https:\/\/kosmeetika24.com\/wp-content\/uploads\/2025\/11\/4054621830054.webp",540,540,false],"2048x2048":["https:\/\/kosmeetika24.com\/wp-content\/uploads\/2025\/11\/4054621830054.webp",540,540,false],"trp-custom-language-flag":["https:\/\/kosmeetika24.com\/wp-content\/uploads\/2025\/11\/4054621830054-12x12.webp",12,12,true],"woocommerce_thumbnail":["https:\/\/kosmeetika24.com\/wp-content\/uploads\/2025\/11\/4054621830054-300x300.webp",300,300,true],"woocommerce_single":["https:\/\/kosmeetika24.com\/wp-content\/uploads\/2025\/11\/4054621830054-500x500.webp",500,500,true],"woocommerce_gallery_thumbnail":["https:\/\/kosmeetika24.com\/wp-content\/uploads\/2025\/11\/4054621830054-100x100.webp",100,100,true]},"uagb_author_info":{"display_name":"admin","author_link":"https:\/\/kosmeetika24.com\/fi\/author\/"},"uagb_comment_info":0,"uagb_excerpt":"Matistava efektiga vananemisvastane kreem rasusele nahale Eemaldab kergelt rasu Kerge ja mitterasvane tekstuur S\u00fcgavmerevesi ja sinivetikad niisutavad nahka V\u00e4hendab p\u00f5letikulisi nahaplekke ja poore ummistavat rasu Vananemisvastane toime 63% kasutajatest m\u00e4rkisid oma naha siledamaks muutumist*","_links":{"self":[{"href":"https:\/\/kosmeetika24.com\/fi\/wp-json\/wp\/v2\/product\/7185","targetHints":{"allow":["GET"]}}],"collection":[{"href":"https:\/\/kosmeetika24.com\/fi\/wp-json\/wp\/v2\/product"}],"about":[{"href":"https:\/\/kosmeetika24.com\/fi\/wp-json\/wp\/v2\/types\/product"}],"replies":[{"embeddable":true,"href":"https:\/\/kosmeetika24.com\/fi\/wp-json\/wp\/v2\/comments?post=7185"}],"version-history":[{"count":2,"href":"https:\/\/kosmeetika24.com\/fi\/wp-json\/wp\/v2\/product\/7185\/revisions"}],"predecessor-version":[{"id":7198,"href":"https:\/\/kosmeetika24.com\/fi\/wp-json\/wp\/v2\/product\/7185\/revisions\/7198"}],"wp:featuredmedia":[{"embeddable":true,"href":"https:\/\/kosmeetika24.com\/fi\/wp-json\/wp\/v2\/media\/7188"}],"wp:attachment":[{"href":"https:\/\/kosmeetika24.com\/fi\/wp-json\/wp\/v2\/media?parent=7185"}],"wp:term":[{"taxonomy":"product_brand","embeddable":true,"href":"https:\/\/kosmeetika24.com\/fi\/wp-json\/wp\/v2\/product_brand?post=7185"},{"taxonomy":"product_cat","embeddable":true,"href":"https:\/\/kosmeetika24.com\/fi\/wp-json\/wp\/v2\/product_cat?post=7185"},{"taxonomy":"product_tag","embeddable":true,"href":"https:\/\/kosmeetika24.com\/fi\/wp-json\/wp\/v2\/product_tag?post=7185"}],"curies":[{"name":"wp","href":"https:\/\/api.w.org\/{rel}","templated":true}]}}