{"id":7183,"date":"2025-11-05T14:40:53","date_gmt":"2025-11-05T11:40:53","guid":{"rendered":"https:\/\/kosmeetika24.com\/?post_type=product&#038;p=7183"},"modified":"2026-01-12T12:12:48","modified_gmt":"2026-01-12T09:12:48","slug":"dalton-mineral-care-dead-sea-salt-body-lotion","status":"publish","type":"product","link":"https:\/\/kosmeetika24.com\/fi\/tuote\/dalton-mineral-care-dead-sea-salt-body-lotion\/","title":{"rendered":"Dalton \u2013 Mineral Care \u2013 Dead Sea Salt Body Lotion"},"content":{"rendered":"<p class=\"translation-block\">Oletko tutustunut kuiviin, hilseileviin iho-oireisiin, joihin liittyy kutinaa ja ep\u00e4miellytt\u00e4v\u00e4\u00e4 kirist\u00e4v\u00e4\u00e4 tunnetta? Daltonin <strong>Kevyt vartalovoide Kuolleenmeren suolalla<\/strong> tukee ihoa huolellisesti valitulla suojaavien vaikuttavien aineiden yhdistelm\u00e4ll\u00e4.<\/p>\n<p>Kuolleenmeren suolassa oleva korkea magnesiumkloridipitoisuus ja merimineraalien kalsium stimuloivat solujen aktiivisuutta. T\u00e4m\u00e4 meriper\u00e4inen duo vahvistaa ihon suojakerrosta, edist\u00e4\u00e4 ihon uusiutumista, lievitt\u00e4\u00e4 kutinaa ja sopii erinomaisesti my\u00f6s herk\u00e4lle iholle.<\/p>\n<p>Urea ja pantenoli rauhoittavat ja kosteuttavat ihoa syv\u00e4lt\u00e4. Glyseriini vahvistaa kosteuttavaa vaikutusta ja parantaa ihon kimmoisuutta. Jojoba\u00f6ljyst\u00e4 ja sheavoiista per\u00e4isin olevat ravitsevat lipidit pit\u00e4v\u00e4t ihon pehme\u00e4n\u00e4 ja kimmoisana, kun taas allantiini ja bisabololi tukevat ihon uusiutumista.<\/p>\n<p><strong>Kevyt vartalovoide Kuolleenmeren suolalla sopii erinomaisesti kuivalle, ekseemalle alttiille iholle ja my\u00f6s psoriaasiin.<\/strong><\/p>\n<p class=\"translation-block\" data-start=\"682\" data-end=\"788\">Levit\u00e4 vartalovoide pesun j\u00e4lkeen tai tarpeen mukaan ja hiero tasaisesti ihoon.<\/p>\n<p class=\"\" data-start=\"790\" data-end=\"874\"><strong data-start=\"790\" data-end=\"799\">Vinkki:<\/strong><br data-start=\"799\" data-end=\"802\" \/>T\u00e4m\u00e4 vartalovoide tarjoaa nopeaa helpotusta ajon j\u00e4lkeiseen iho\u00e4rsytykseen.<\/p>\n<p><strong>Ainesosat<\/strong><br \/>\nAqua\/Water, Glycerin, Octyldodecanol, Butyrospermum Parkii (Shea) Butter, Decyl Oleate, Glyceryl Stearate Citrate, Cetearyl Alcohol, Simmmondsia Chinensis (Jojoba) Seed Oil, Urea, Coco-Caprylate\/Caprate, Maris Sal\/Sea Salt, Panthenol, Maris Aqua\/Sea Water, Allantoin, Tocopheryl Acetate, Bisabolol, Xanthan Gum, Glyceryl Stearate, Hydroxyacetophenone, 1,2-Hexanediol, Caprylyl Glycol, Tocopherol, Phenoxyethanol, Sodium Hydroxide, Hydrogenated Palm Glycerides<\/p>\n<p>99.50 \u20ac\/l<\/p>","protected":false},"excerpt":{"rendered":"<p class=\"\" data-start=\"34\" data-end=\"190\">Kosteuttava vartalovoide eritt\u00e4in kuivalle, ekseemalle tai psoriaasille alttiille iholle<\/p>\n<p class=\"\" data-start=\"192\" data-end=\"212\"><strong data-start=\"192\" data-end=\"210\">Tuotteen edut:<\/strong><\/p>\n<ul data-start=\"213\" data-end=\"680\">\n<li class=\"\" data-start=\"213\" data-end=\"258\">\n<p class=\"\" data-start=\"215\" data-end=\"258\">Ihoa rauhoittava vartalovoide Kuolleenmeren suolalla<\/p>\n<\/li>\n<li class=\"\" data-start=\"259\" data-end=\"309\">\n<p class=\"\" data-start=\"261\" data-end=\"309\">V\u00e4hent\u00e4\u00e4 kutinaa ja kosteuttaa ihoa syv\u00e4lt\u00e4<\/p>\n<\/li>\n<li class=\"\" data-start=\"310\" data-end=\"353\">\n<p class=\"\" data-start=\"312\" data-end=\"353\">Imeytyy nopeasti eik\u00e4 j\u00e4t\u00e4 rasvaista kerrosta<\/p>\n<\/li>\n<li class=\"\" data-start=\"354\" data-end=\"399\">\n<p class=\"\" data-start=\"356\" data-end=\"399\">Urea suojaa kuivaa ihoa kosteuden haihtumiselta<\/p>\n<\/li>\n<li class=\"\" data-start=\"400\" data-end=\"438\">\n<p class=\"\" data-start=\"402\" data-end=\"438\">Pantenoli rauhoittaa \u00e4rtynytt\u00e4 ihoa<\/p>\n<\/li>\n<li class=\"\" data-start=\"439\" data-end=\"493\">\n<p class=\"\" data-start=\"441\" data-end=\"493\">Dermatologisesti testattu, arvio \u201cErinomainen\u201d<\/p>\n<\/li>\n<li class=\"\" data-start=\"494\" data-end=\"525\">\n<p class=\"\" data-start=\"496\" data-end=\"525\">95 % luonnollisia ainesosia<\/p>\n<\/li>\n<li class=\"\" data-start=\"526\" data-end=\"624\">\n<p class=\"\" data-start=\"528\" data-end=\"624\">Ilman hajusteita ja v\u00e4riaineita, ei sis\u00e4ll\u00e4 kortisonia, mikromuoveja, PEG-yhdisteit\u00e4, mineraali\u00f6ljy\u00e4 tai parabeeneja<\/p>\n<\/li>\n<li class=\"\" data-start=\"625\" data-end=\"680\">\n<p class=\"\" data-start=\"627\" data-end=\"680\">Huolehdi ymp\u00e4rist\u00f6st\u00e4! Voidepumppu on 100 % kierr\u00e4tett\u00e4v\u00e4<\/p>\n<\/li>\n<\/ul>\n<p>200ml<\/p>","protected":false},"featured_media":7177,"comment_status":"closed","ping_status":"closed","template":"","meta":{"_uag_custom_page_level_css":"","site-sidebar-layout":"default","site-content-layout":"","ast-site-content-layout":"default","site-content-style":"default","site-sidebar-style":"default","ast-global-header-display":"","ast-banner-title-visibility":"","ast-main-header-display":"","ast-hfb-above-header-display":"","ast-hfb-below-header-display":"","ast-hfb-mobile-header-display":"","site-post-title":"","ast-breadcrumbs-content":"","ast-featured-img":"","footer-sml-layout":"","ast-disable-related-posts":"","theme-transparent-header-meta":"default","adv-header-id-meta":"","stick-header-meta":"","header-above-stick-meta":"","header-main-stick-meta":"","header-below-stick-meta":"","astra-migrate-meta-layouts":"set","ast-page-background-enabled":"default","ast-page-background-meta":{"desktop":{"background-color":"var(--ast-global-color-4)","background-image":"","background-repeat":"repeat","background-position":"center center","background-size":"auto","background-attachment":"scroll","background-type":"","background-media":"","overlay-type":"","overlay-color":"","overlay-opacity":"","overlay-gradient":""},"tablet":{"background-color":"","background-image":"","background-repeat":"repeat","background-position":"center center","background-size":"auto","background-attachment":"scroll","background-type":"","background-media":"","overlay-type":"","overlay-color":"","overlay-opacity":"","overlay-gradient":""},"mobile":{"background-color":"","background-image":"","background-repeat":"repeat","background-position":"center center","background-size":"auto","background-attachment":"scroll","background-type":"","background-media":"","overlay-type":"","overlay-color":"","overlay-opacity":"","overlay-gradient":""}},"ast-content-background-meta":{"desktop":{"background-color":"var(--ast-global-color-5)","background-image":"","background-repeat":"repeat","background-position":"center center","background-size":"auto","background-attachment":"scroll","background-type":"","background-media":"","overlay-type":"","overlay-color":"","overlay-opacity":"","overlay-gradient":""},"tablet":{"background-color":"var(--ast-global-color-5)","background-image":"","background-repeat":"repeat","background-position":"center center","background-size":"auto","background-attachment":"scroll","background-type":"","background-media":"","overlay-type":"","overlay-color":"","overlay-opacity":"","overlay-gradient":""},"mobile":{"background-color":"var(--ast-global-color-5)","background-image":"","background-repeat":"repeat","background-position":"center center","background-size":"auto","background-attachment":"scroll","background-type":"","background-media":"","overlay-type":"","overlay-color":"","overlay-opacity":"","overlay-gradient":""}}},"product_brand":[],"product_cat":[125,98],"product_tag":[],"class_list":{"0":"post-7183","1":"product","2":"type-product","3":"status-publish","4":"has-post-thumbnail","6":"product_cat-dalton","7":"product_cat-kehale","8":"desktop-align-left","9":"tablet-align-left","10":"mobile-align-left","12":"first","13":"onbackorder","14":"taxable","15":"shipping-taxable","16":"product-type-simple","17":"add-to-wishlist-before_image"},"uagb_featured_image_src":{"full":["https:\/\/kosmeetika24.com\/wp-content\/uploads\/2025\/11\/4054621740070.webp",540,540,false],"thumbnail":["https:\/\/kosmeetika24.com\/wp-content\/uploads\/2025\/11\/4054621740070-150x150.webp",150,150,true],"medium":["https:\/\/kosmeetika24.com\/wp-content\/uploads\/2025\/11\/4054621740070-300x300.webp",300,300,true],"medium_large":["https:\/\/kosmeetika24.com\/wp-content\/uploads\/2025\/11\/4054621740070.webp",540,540,false],"large":["https:\/\/kosmeetika24.com\/wp-content\/uploads\/2025\/11\/4054621740070.webp",540,540,false],"1536x1536":["https:\/\/kosmeetika24.com\/wp-content\/uploads\/2025\/11\/4054621740070.webp",540,540,false],"2048x2048":["https:\/\/kosmeetika24.com\/wp-content\/uploads\/2025\/11\/4054621740070.webp",540,540,false],"trp-custom-language-flag":["https:\/\/kosmeetika24.com\/wp-content\/uploads\/2025\/11\/4054621740070-12x12.webp",12,12,true],"woocommerce_thumbnail":["https:\/\/kosmeetika24.com\/wp-content\/uploads\/2025\/11\/4054621740070-300x300.webp",300,300,true],"woocommerce_single":["https:\/\/kosmeetika24.com\/wp-content\/uploads\/2025\/11\/4054621740070-500x500.webp",500,500,true],"woocommerce_gallery_thumbnail":["https:\/\/kosmeetika24.com\/wp-content\/uploads\/2025\/11\/4054621740070-100x100.webp",100,100,true]},"uagb_author_info":{"display_name":"admin","author_link":"https:\/\/kosmeetika24.com\/fi\/author\/"},"uagb_comment_info":0,"uagb_excerpt":"Niisutav kehapiim v\u00e4ga kuivale, ekseemile v\u00f5i psoriaasile kalduvale nahale Toote eelised: Nahka rahustav kehapiim Surnumere soolaga Leevendab s\u00fcgelevat nahka ja niisutab s\u00fcgavuti Imendub kiiresti ega j\u00e4ta rasvast kihti Uurea kaitseb kuiva nahka niiskuskao eest Pantenool rahustab \u00e4rritunud nahka Dermatoloogiliselt testitud, hinnang \u201eSuurep\u00e4rane\u201c 95% looduslikud koostisosad L\u00f5hna- ja v\u00e4rvainetevaba, ei sisalda kortisooni, mikroplasti, PEG-i, mineraal\u00f5li ega&hellip;","_links":{"self":[{"href":"https:\/\/kosmeetika24.com\/fi\/wp-json\/wp\/v2\/product\/7183","targetHints":{"allow":["GET"]}}],"collection":[{"href":"https:\/\/kosmeetika24.com\/fi\/wp-json\/wp\/v2\/product"}],"about":[{"href":"https:\/\/kosmeetika24.com\/fi\/wp-json\/wp\/v2\/types\/product"}],"replies":[{"embeddable":true,"href":"https:\/\/kosmeetika24.com\/fi\/wp-json\/wp\/v2\/comments?post=7183"}],"version-history":[{"count":1,"href":"https:\/\/kosmeetika24.com\/fi\/wp-json\/wp\/v2\/product\/7183\/revisions"}],"predecessor-version":[{"id":7184,"href":"https:\/\/kosmeetika24.com\/fi\/wp-json\/wp\/v2\/product\/7183\/revisions\/7184"}],"wp:featuredmedia":[{"embeddable":true,"href":"https:\/\/kosmeetika24.com\/fi\/wp-json\/wp\/v2\/media\/7177"}],"wp:attachment":[{"href":"https:\/\/kosmeetika24.com\/fi\/wp-json\/wp\/v2\/media?parent=7183"}],"wp:term":[{"taxonomy":"product_brand","embeddable":true,"href":"https:\/\/kosmeetika24.com\/fi\/wp-json\/wp\/v2\/product_brand?post=7183"},{"taxonomy":"product_cat","embeddable":true,"href":"https:\/\/kosmeetika24.com\/fi\/wp-json\/wp\/v2\/product_cat?post=7183"},{"taxonomy":"product_tag","embeddable":true,"href":"https:\/\/kosmeetika24.com\/fi\/wp-json\/wp\/v2\/product_tag?post=7183"}],"curies":[{"name":"wp","href":"https:\/\/api.w.org\/{rel}","templated":true}]}}