{"id":7181,"date":"2025-11-05T14:39:48","date_gmt":"2025-11-05T11:39:48","guid":{"rendered":"https:\/\/kosmeetika24.com\/?post_type=product&#038;p=7181"},"modified":"2026-01-12T12:12:56","modified_gmt":"2026-01-12T09:12:56","slug":"dalton-mineral-care-dead-sea-salt-shower-gel-shampoo","status":"publish","type":"product","link":"https:\/\/kosmeetika24.com\/fi\/tuote\/dalton-mineral-care-dead-sea-salt-shower-gel-shampoo\/","title":{"rendered":"Dalton \u2013 Mineral Care \u2013 Dead Sea Salt Shower Gel &#038; Shampoo"},"content":{"rendered":"<p><strong>Soome keeles:<\/strong><\/p>\n<p>Levit\u00e4 Kuolleenmeren suolashampoo ja suihkugeeli kostealle p\u00e4\u00e4nahalle, hiuksiin ja vartalolle. Huuhtele perusteellisesti suihkun lopuksi. Halutessasi k\u00e4yt\u00e4 t\u00e4m\u00e4n j\u00e4lkeen Kuolleenmeren vartalovoidetta.<\/p>\n<p><strong>Tuotekuvaus:<\/strong><\/p>\n<p>Kuolleenmeren suolashampoo &amp; suihkugeeli on suunniteltu kuivalle ja kutiavalle iholle, tarjoten hell\u00e4\u00e4 mutta tehokasta puhdistusta. Tuote on rikastettu Kuolleenmeren suolalla, magnesiumkloridilla ja kalsiumilla, jotka vahvistavat ihon suojabarri\u00e4\u00e4ri\u00e4 ja lievitt\u00e4v\u00e4t kutinaa. Se on ihanteellinen 2-in-1-tuote kuivalle iholle, joka on altis ekseemalle ja psoriaasille, tarjoten hell\u00e4\u00e4 puhdistusta ilman ihon kuivumista. Kaava sis\u00e4lt\u00e4\u00e4 kasviper\u00e4isi\u00e4 pinta-aktiivisia aineita, jotka puhdistavat hell\u00e4varaisesti, glyseriini kosteuttaa ihoa ja j\u00e4tt\u00e4\u00e4 kuivat alueet pehmeiksi ja elastisiksi. E-vitamiini neutraloi vapaita radikaaleja ja suojaa ihoa oksidatiiviselta stressilt\u00e4, kun taas lesitiini tekee hiuksista pehme\u00e4t ja sile\u00e4t.<\/p>\n<p><strong>Ainesosat<br \/>\n<\/strong>Aqua\/Water, Coco-Glucoside, Sodium Coco-Sulfate, Lauryl Glucoside, Glycerin, Citric Acid, Maris Sal\/Sea Salt, Maris Aqua\/Sea Water, Glyceryl Oleate, Lecithin, Tocopherol, Sodium Cocoyl Glutamate, Disodium Cocoyl Glutamate, Ascorbyl Palmitate, Hydrogenated Palm Glycerides Citrate, Sodium Sulfate, Phenoxyethanol, Sodium Hydroxide, Sodium Benzoate, Potassium Sorbate<\/p>\n<p>64.50\u20ac\/l<\/p>","protected":false},"excerpt":{"rendered":"<p>Hajusteeton 2-in-1-tuote sopii erinomaisesti kuivalle ja kutiavalle p\u00e4\u00e4nahalle tai iholle, joka on altis ekseemalle ja psoriaasille. 200 ml<\/p>\n<p class=\"translation-block\">Hell\u00e4varainen shampoo ja suihkugeeli, sis\u00e4lt\u00e4\u00e4 Kuolleenmeren suolaa<br>\nEst\u00e4\u00e4 hilseily\u00e4 p\u00e4\u00e4nahassa<br>\nKasviper\u00e4iset pinta-aktiiviset aineet tarjoavat hell\u00e4\u00e4 puhdistusta \u2013 ilman silikoneja ja mikromuoveja<br>\nRavitsevat hiuksia tekem\u00e4tt\u00e4 niist\u00e4 raskaita<br>\nDermatologisesti testattu, arvio \u201cErinomainen\u201d<br>\n99 % luonnollisia ainesosia<br>\nIlman kortisonia, mikromuoveja, PEG-yhdisteit\u00e4, mineraali\u00f6ljy\u00e4, parabeeneja, v\u00e4riaineita ja hajusteita<\/p>","protected":false},"featured_media":7176,"comment_status":"closed","ping_status":"closed","template":"","meta":{"_uag_custom_page_level_css":"","site-sidebar-layout":"default","site-content-layout":"","ast-site-content-layout":"default","site-content-style":"default","site-sidebar-style":"default","ast-global-header-display":"","ast-banner-title-visibility":"","ast-main-header-display":"","ast-hfb-above-header-display":"","ast-hfb-below-header-display":"","ast-hfb-mobile-header-display":"","site-post-title":"","ast-breadcrumbs-content":"","ast-featured-img":"","footer-sml-layout":"","ast-disable-related-posts":"","theme-transparent-header-meta":"default","adv-header-id-meta":"","stick-header-meta":"","header-above-stick-meta":"","header-main-stick-meta":"","header-below-stick-meta":"","astra-migrate-meta-layouts":"set","ast-page-background-enabled":"default","ast-page-background-meta":{"desktop":{"background-color":"var(--ast-global-color-4)","background-image":"","background-repeat":"repeat","background-position":"center center","background-size":"auto","background-attachment":"scroll","background-type":"","background-media":"","overlay-type":"","overlay-color":"","overlay-opacity":"","overlay-gradient":""},"tablet":{"background-color":"","background-image":"","background-repeat":"repeat","background-position":"center center","background-size":"auto","background-attachment":"scroll","background-type":"","background-media":"","overlay-type":"","overlay-color":"","overlay-opacity":"","overlay-gradient":""},"mobile":{"background-color":"","background-image":"","background-repeat":"repeat","background-position":"center center","background-size":"auto","background-attachment":"scroll","background-type":"","background-media":"","overlay-type":"","overlay-color":"","overlay-opacity":"","overlay-gradient":""}},"ast-content-background-meta":{"desktop":{"background-color":"var(--ast-global-color-5)","background-image":"","background-repeat":"repeat","background-position":"center center","background-size":"auto","background-attachment":"scroll","background-type":"","background-media":"","overlay-type":"","overlay-color":"","overlay-opacity":"","overlay-gradient":""},"tablet":{"background-color":"var(--ast-global-color-5)","background-image":"","background-repeat":"repeat","background-position":"center center","background-size":"auto","background-attachment":"scroll","background-type":"","background-media":"","overlay-type":"","overlay-color":"","overlay-opacity":"","overlay-gradient":""},"mobile":{"background-color":"var(--ast-global-color-5)","background-image":"","background-repeat":"repeat","background-position":"center center","background-size":"auto","background-attachment":"scroll","background-type":"","background-media":"","overlay-type":"","overlay-color":"","overlay-opacity":"","overlay-gradient":""}}},"product_brand":[],"product_cat":[125,98],"product_tag":[],"class_list":{"0":"post-7181","1":"product","2":"type-product","3":"status-publish","4":"has-post-thumbnail","6":"product_cat-dalton","7":"product_cat-kehale","8":"desktop-align-left","9":"tablet-align-left","10":"mobile-align-left","12":"first","13":"onbackorder","14":"taxable","15":"shipping-taxable","16":"product-type-simple","17":"add-to-wishlist-before_image"},"uagb_featured_image_src":{"full":["https:\/\/kosmeetika24.com\/wp-content\/uploads\/2025\/11\/4054621740056.webp",540,540,false],"thumbnail":["https:\/\/kosmeetika24.com\/wp-content\/uploads\/2025\/11\/4054621740056-150x150.webp",150,150,true],"medium":["https:\/\/kosmeetika24.com\/wp-content\/uploads\/2025\/11\/4054621740056-300x300.webp",300,300,true],"medium_large":["https:\/\/kosmeetika24.com\/wp-content\/uploads\/2025\/11\/4054621740056.webp",540,540,false],"large":["https:\/\/kosmeetika24.com\/wp-content\/uploads\/2025\/11\/4054621740056.webp",540,540,false],"1536x1536":["https:\/\/kosmeetika24.com\/wp-content\/uploads\/2025\/11\/4054621740056.webp",540,540,false],"2048x2048":["https:\/\/kosmeetika24.com\/wp-content\/uploads\/2025\/11\/4054621740056.webp",540,540,false],"trp-custom-language-flag":["https:\/\/kosmeetika24.com\/wp-content\/uploads\/2025\/11\/4054621740056-12x12.webp",12,12,true],"woocommerce_thumbnail":["https:\/\/kosmeetika24.com\/wp-content\/uploads\/2025\/11\/4054621740056-300x300.webp",300,300,true],"woocommerce_single":["https:\/\/kosmeetika24.com\/wp-content\/uploads\/2025\/11\/4054621740056-500x500.webp",500,500,true],"woocommerce_gallery_thumbnail":["https:\/\/kosmeetika24.com\/wp-content\/uploads\/2025\/11\/4054621740056-100x100.webp",100,100,true]},"uagb_author_info":{"display_name":"admin","author_link":"https:\/\/kosmeetika24.com\/fi\/author\/"},"uagb_comment_info":0,"uagb_excerpt":"L\u00f5hnavaba 2-\u00fches toode sobib ideaalselt, kui teil on kuiv ja s\u00fcgelev peanahk v\u00f5i nahk, mis on kalduv ekseemile ja psoriaasile. 200ml \u00d5rn \u0161ampoon ja du\u0161igeel, sisaldab Surnumere soola V\u00e4ldib ketendavat peanahka Taimep\u00f5hised pindaktiivsed ained pakuvad \u00f5rna puhastust \u2013 ilma silikoonide ja mikroplastikuteta Toidab juukseid, ilma neid raskeks muutmata Dermatoloogiliselt testitud, hindega \u201cSuurep\u00e4rane\u201d 99% looduslikke koostisosi&hellip;","_links":{"self":[{"href":"https:\/\/kosmeetika24.com\/fi\/wp-json\/wp\/v2\/product\/7181","targetHints":{"allow":["GET"]}}],"collection":[{"href":"https:\/\/kosmeetika24.com\/fi\/wp-json\/wp\/v2\/product"}],"about":[{"href":"https:\/\/kosmeetika24.com\/fi\/wp-json\/wp\/v2\/types\/product"}],"replies":[{"embeddable":true,"href":"https:\/\/kosmeetika24.com\/fi\/wp-json\/wp\/v2\/comments?post=7181"}],"version-history":[{"count":1,"href":"https:\/\/kosmeetika24.com\/fi\/wp-json\/wp\/v2\/product\/7181\/revisions"}],"predecessor-version":[{"id":7182,"href":"https:\/\/kosmeetika24.com\/fi\/wp-json\/wp\/v2\/product\/7181\/revisions\/7182"}],"wp:featuredmedia":[{"embeddable":true,"href":"https:\/\/kosmeetika24.com\/fi\/wp-json\/wp\/v2\/media\/7176"}],"wp:attachment":[{"href":"https:\/\/kosmeetika24.com\/fi\/wp-json\/wp\/v2\/media?parent=7181"}],"wp:term":[{"taxonomy":"product_brand","embeddable":true,"href":"https:\/\/kosmeetika24.com\/fi\/wp-json\/wp\/v2\/product_brand?post=7181"},{"taxonomy":"product_cat","embeddable":true,"href":"https:\/\/kosmeetika24.com\/fi\/wp-json\/wp\/v2\/product_cat?post=7181"},{"taxonomy":"product_tag","embeddable":true,"href":"https:\/\/kosmeetika24.com\/fi\/wp-json\/wp\/v2\/product_tag?post=7181"}],"curies":[{"name":"wp","href":"https:\/\/api.w.org\/{rel}","templated":true}]}}