{"id":7179,"date":"2025-11-05T14:29:24","date_gmt":"2025-11-05T11:29:24","guid":{"rendered":"https:\/\/kosmeetika24.com\/?post_type=product&#038;p=7179"},"modified":"2026-01-12T12:13:03","modified_gmt":"2026-01-12T09:13:03","slug":"dalton-mineral-care-dead-sea-salt-moisturizing-cream","status":"publish","type":"product","link":"https:\/\/kosmeetika24.com\/fi\/tuote\/dalton-mineral-care-dead-sea-salt-moisturizing-cream\/","title":{"rendered":"Dalton \u2013 Mineral Care \u2013 Dead Sea Salt Moisturizing Cream"},"content":{"rendered":"<p class=\"\" data-start=\"0\" data-end=\"322\">Daltonin kosteuttava, kutinaa lievitt\u00e4v\u00e4 ja rauhoittava voide sopii erinomaisesti kuivalle, hilseilev\u00e4lle ja ekseemalle alttiille iholle.<\/p>\n<p class=\"translation-block\" data-start=\"0\" data-end=\"322\"><em>Magnesiumkloridi<\/em> Kuolleenmeren suolasta ja merimineraalien kalsium muodostavat vertaansa vailla olevan vaikuttavien aineiden duon, joka huolehtii tehokkaasti kuivasta ihosta atooppisen ihottuman ja psoriaasin yhteydess\u00e4.<\/p>\n<p class=\"translation-block\" data-start=\"487\" data-end=\"636\"><em>Urea<\/em> ja <em>pantenoli<\/em> pit\u00e4v\u00e4t ihon kosteutettuna, s\u00e4\u00e4telev\u00e4t hilseily\u00e4 ja rauhoittavat herkk\u00e4\u00e4 ihoa. Glyseriini kosteuttaa ja parantaa ihon kimmoisuutta.<\/p>\n<p class=\"translation-block\" data-start=\"638\" data-end=\"873\">Ravitseva <em>sheavoin<\/em> ja <em>jojoba\u00f6ljyn<\/em> yhdistelm\u00e4 silottaa ihoa, v\u00e4hent\u00e4\u00e4 ep\u00e4miellytt\u00e4v\u00e4\u00e4 kirist\u00e4v\u00e4\u00e4 tunnetta ilman rasvaista j\u00e4\u00e4m\u00e4\u00e4.<\/p>\n<p class=\"translation-block\" data-start=\"638\" data-end=\"873\"><em>Allantiini<\/em> ja <em>bisabololin<\/em> rauhoittavat vaikutukset tehostuvat ja kuivat ihoalueet muuttuvat j\u00e4lleen pehmeiksi ja kimmoisiksi.<\/p>\n<p data-start=\"638\" data-end=\"873\">Voide on eritt\u00e4in hell\u00e4varainen ja sis\u00e4lt\u00e4\u00e4 t\u00e4rkeit\u00e4 mineraaleja, jotka stimuloivat solujen toimintaa, vahvistavat ihon suojakerrosta, edist\u00e4v\u00e4t ihon uusiutumista ja lievitt\u00e4v\u00e4t kutinaa.<\/p>\n<p class=\"translation-block\"><strong>K\u00c4YTT\u00d6<\/strong><br>\nLevit\u00e4 aamulla ja illalla puhdistetulle iholle kasvoille, kaulalle ja dekolteelle ja hiero ihoon hell\u00e4varaisesti.<\/p>\n<p><strong>Ainesosat<br \/>\n<\/strong>Aqua\/Water, Decyl Oleate, Glycerin, Cetearyl Alcohol, Octyldodecanol, Glyceryl Stearate Citrate, Pentylene Glycol, Urea, Butyrospermum Parkii (Shea)Butter, Simmondsia Chinensis (Jojoba) Seed Oil, Panthenol, Maris Sal\/Sea Salt, Bisabolol, Maris Aqua\/Sea Water, Xanthan Gum, Allantoin, Tocopheryl Acetate, Glyceryl Stearate, Hydroxyacetophenone, Tocopherol, Hydrogenated Palm Glycerides Citrate, Phenoxyethanol, Sodium Hydroxide<\/p>\n<p>498.-\u20ac\/l<\/p>","protected":false},"excerpt":{"rendered":"<p class=\"translation-block\" data-start=\"43\" data-end=\"210\">KUIVALLE JA \u00c4RSYNTYNEELLE IHOLLE<br>\nRauhoittava voide eritt\u00e4in kuivalle iholle, joka on altis ekseemalle tai psoriaasille<\/p>\n<p data-start=\"43\" data-end=\"210\">50 ml<\/p>\n<p class=\"\" data-start=\"212\" data-end=\"232\"><strong data-start=\"212\" data-end=\"230\">Tuotteen edut:<\/strong><\/p>\n<ul data-start=\"233\" data-end=\"674\">\n<li class=\"\" data-start=\"233\" data-end=\"281\">\n<p class=\"\" data-start=\"235\" data-end=\"281\">Rauhoittava voide alkuper\u00e4isell\u00e4 Kuolleenmeren suolalla<\/p>\n<\/li>\n<li class=\"\" data-start=\"282\" data-end=\"325\">\n<p class=\"\" data-start=\"284\" data-end=\"325\">V\u00e4hent\u00e4\u00e4 kutinaa ja kirist\u00e4v\u00e4\u00e4 tunnetta<\/p>\n<\/li>\n<li class=\"\" data-start=\"326\" data-end=\"354\">\n<p class=\"\" data-start=\"328\" data-end=\"354\">Edist\u00e4\u00e4 ihon uusiutumista<\/p>\n<\/li>\n<li class=\"\" data-start=\"355\" data-end=\"387\">\n<p class=\"\" data-start=\"357\" data-end=\"387\">Urea pit\u00e4\u00e4 ihon kosteutettuna<\/p>\n<\/li>\n<li class=\"\" data-start=\"388\" data-end=\"434\">\n<p class=\"\" data-start=\"390\" data-end=\"434\">Pantenoli rauhoittaa stressaantunutta ja kuivaa ihoa<\/p>\n<\/li>\n<li class=\"\" data-start=\"435\" data-end=\"489\">\n<p class=\"\" data-start=\"437\" data-end=\"489\">Dermatologisesti testattu, arvio \u201cErinomainen\u201d<\/p>\n<\/li>\n<li class=\"\" data-start=\"490\" data-end=\"521\">\n<p class=\"\" data-start=\"492\" data-end=\"521\">94 % luonnollisia ainesosia<\/p>\n<\/li>\n<li class=\"\" data-start=\"522\" data-end=\"620\">\n<p class=\"\" data-start=\"524\" data-end=\"620\">Ilman hajusteita ja v\u00e4riaineita, ei sis\u00e4ll\u00e4 kortisonia, mikromuoveja, PEG-yhdisteit\u00e4, mineraali\u00f6ljy\u00e4 tai parabeeneja<\/p>\n<\/li>\n<\/ul>","protected":false},"featured_media":7174,"comment_status":"closed","ping_status":"closed","template":"","meta":{"_uag_custom_page_level_css":"","site-sidebar-layout":"default","site-content-layout":"","ast-site-content-layout":"default","site-content-style":"default","site-sidebar-style":"default","ast-global-header-display":"","ast-banner-title-visibility":"","ast-main-header-display":"","ast-hfb-above-header-display":"","ast-hfb-below-header-display":"","ast-hfb-mobile-header-display":"","site-post-title":"","ast-breadcrumbs-content":"","ast-featured-img":"","footer-sml-layout":"","ast-disable-related-posts":"","theme-transparent-header-meta":"default","adv-header-id-meta":"","stick-header-meta":"","header-above-stick-meta":"","header-main-stick-meta":"","header-below-stick-meta":"","astra-migrate-meta-layouts":"set","ast-page-background-enabled":"default","ast-page-background-meta":{"desktop":{"background-color":"var(--ast-global-color-4)","background-image":"","background-repeat":"repeat","background-position":"center center","background-size":"auto","background-attachment":"scroll","background-type":"","background-media":"","overlay-type":"","overlay-color":"","overlay-opacity":"","overlay-gradient":""},"tablet":{"background-color":"","background-image":"","background-repeat":"repeat","background-position":"center center","background-size":"auto","background-attachment":"scroll","background-type":"","background-media":"","overlay-type":"","overlay-color":"","overlay-opacity":"","overlay-gradient":""},"mobile":{"background-color":"","background-image":"","background-repeat":"repeat","background-position":"center center","background-size":"auto","background-attachment":"scroll","background-type":"","background-media":"","overlay-type":"","overlay-color":"","overlay-opacity":"","overlay-gradient":""}},"ast-content-background-meta":{"desktop":{"background-color":"var(--ast-global-color-5)","background-image":"","background-repeat":"repeat","background-position":"center center","background-size":"auto","background-attachment":"scroll","background-type":"","background-media":"","overlay-type":"","overlay-color":"","overlay-opacity":"","overlay-gradient":""},"tablet":{"background-color":"var(--ast-global-color-5)","background-image":"","background-repeat":"repeat","background-position":"center center","background-size":"auto","background-attachment":"scroll","background-type":"","background-media":"","overlay-type":"","overlay-color":"","overlay-opacity":"","overlay-gradient":""},"mobile":{"background-color":"var(--ast-global-color-5)","background-image":"","background-repeat":"repeat","background-position":"center center","background-size":"auto","background-attachment":"scroll","background-type":"","background-media":"","overlay-type":"","overlay-color":"","overlay-opacity":"","overlay-gradient":""}}},"product_brand":[],"product_cat":[125,97],"product_tag":[],"class_list":{"0":"post-7179","1":"product","2":"type-product","3":"status-publish","4":"has-post-thumbnail","6":"product_cat-dalton","7":"product_cat-naole","8":"desktop-align-left","9":"tablet-align-left","10":"mobile-align-left","12":"first","13":"onbackorder","14":"taxable","15":"shipping-taxable","16":"product-type-simple","17":"add-to-wishlist-before_image"},"uagb_featured_image_src":{"full":["https:\/\/kosmeetika24.com\/wp-content\/uploads\/2025\/11\/4054621740018_1.webp",540,540,false],"thumbnail":["https:\/\/kosmeetika24.com\/wp-content\/uploads\/2025\/11\/4054621740018_1-150x150.webp",150,150,true],"medium":["https:\/\/kosmeetika24.com\/wp-content\/uploads\/2025\/11\/4054621740018_1-300x300.webp",300,300,true],"medium_large":["https:\/\/kosmeetika24.com\/wp-content\/uploads\/2025\/11\/4054621740018_1.webp",540,540,false],"large":["https:\/\/kosmeetika24.com\/wp-content\/uploads\/2025\/11\/4054621740018_1.webp",540,540,false],"1536x1536":["https:\/\/kosmeetika24.com\/wp-content\/uploads\/2025\/11\/4054621740018_1.webp",540,540,false],"2048x2048":["https:\/\/kosmeetika24.com\/wp-content\/uploads\/2025\/11\/4054621740018_1.webp",540,540,false],"trp-custom-language-flag":["https:\/\/kosmeetika24.com\/wp-content\/uploads\/2025\/11\/4054621740018_1-12x12.webp",12,12,true],"woocommerce_thumbnail":["https:\/\/kosmeetika24.com\/wp-content\/uploads\/2025\/11\/4054621740018_1-300x300.webp",300,300,true],"woocommerce_single":["https:\/\/kosmeetika24.com\/wp-content\/uploads\/2025\/11\/4054621740018_1-500x500.webp",500,500,true],"woocommerce_gallery_thumbnail":["https:\/\/kosmeetika24.com\/wp-content\/uploads\/2025\/11\/4054621740018_1-100x100.webp",100,100,true]},"uagb_author_info":{"display_name":"admin","author_link":"https:\/\/kosmeetika24.com\/fi\/author\/"},"uagb_comment_info":0,"uagb_excerpt":"KUIVALE JA \u00c4RRITUNUD NAHALERahustav kreem v\u00e4ga kuivale nahale, mis on kalduv ekseemile v\u00f5i psoriaasile 50 ml Toote eelised: Rahustav kreem originaalse Surnumere soolaga Leevendab s\u00fcgelust ja pingulolekutunnet Soodustab naha uuenemist Uurea hoiab naha niisutatuna Pantenool rahustab stressis ja kuiva nahka Dermatoloogiliselt testitud, hinnang \u201eSuurep\u00e4rane\u201c 94% looduslikud koostisosad L\u00f5hna- ja v\u00e4rvainetevaba, ei sisalda kortisooni, mikroplasti, PEG-i,&hellip;","_links":{"self":[{"href":"https:\/\/kosmeetika24.com\/fi\/wp-json\/wp\/v2\/product\/7179","targetHints":{"allow":["GET"]}}],"collection":[{"href":"https:\/\/kosmeetika24.com\/fi\/wp-json\/wp\/v2\/product"}],"about":[{"href":"https:\/\/kosmeetika24.com\/fi\/wp-json\/wp\/v2\/types\/product"}],"replies":[{"embeddable":true,"href":"https:\/\/kosmeetika24.com\/fi\/wp-json\/wp\/v2\/comments?post=7179"}],"version-history":[{"count":2,"href":"https:\/\/kosmeetika24.com\/fi\/wp-json\/wp\/v2\/product\/7179\/revisions"}],"predecessor-version":[{"id":7199,"href":"https:\/\/kosmeetika24.com\/fi\/wp-json\/wp\/v2\/product\/7179\/revisions\/7199"}],"wp:featuredmedia":[{"embeddable":true,"href":"https:\/\/kosmeetika24.com\/fi\/wp-json\/wp\/v2\/media\/7174"}],"wp:attachment":[{"href":"https:\/\/kosmeetika24.com\/fi\/wp-json\/wp\/v2\/media?parent=7179"}],"wp:term":[{"taxonomy":"product_brand","embeddable":true,"href":"https:\/\/kosmeetika24.com\/fi\/wp-json\/wp\/v2\/product_brand?post=7179"},{"taxonomy":"product_cat","embeddable":true,"href":"https:\/\/kosmeetika24.com\/fi\/wp-json\/wp\/v2\/product_cat?post=7179"},{"taxonomy":"product_tag","embeddable":true,"href":"https:\/\/kosmeetika24.com\/fi\/wp-json\/wp\/v2\/product_tag?post=7179"}],"curies":[{"name":"wp","href":"https:\/\/api.w.org\/{rel}","templated":true}]}}