{"id":7171,"date":"2025-11-05T14:26:32","date_gmt":"2025-11-05T11:26:32","guid":{"rendered":"https:\/\/kosmeetika24.com\/?post_type=product&#038;p=7171"},"modified":"2026-01-12T12:13:17","modified_gmt":"2026-01-12T09:13:17","slug":"dalton-comfort-clean-gentle-cleansing-fluid","status":"publish","type":"product","link":"https:\/\/kosmeetika24.com\/fi\/tuote\/dalton-comfort-clean-gentle-cleansing-fluid\/","title":{"rendered":"Dalton COMFORT CLEAN Gentle Cleansing Fluid"},"content":{"rendered":"<p class=\"translation-block\">Daltonin <i>Gentle Cleansing Fluid<\/i> on puhdistustuote, jolla on ainutlaatuinen koostumus ja joka yhdist\u00e4\u00e4 puhdistusmaidon ja puhdistusgeelin parhaat ominaisuudet. Se on yht\u00e4 kermaisen pehme\u00e4 kuin puhdistusmaito ja yht\u00e4 tehokas kuin puhdistusgeeli. Tuote sis\u00e4lt\u00e4\u00e4 rauhoittavia ainesosia, kuten pantenolia ja merimultaa, jotka sopivat erinomaisesti herk\u00e4lle ja \u00e4rsyyntymisalttiille iholle, sek\u00e4 hienovaraisen tuoksu\u00f6ljyn miellytt\u00e4v\u00e4n ja kevyen tuoksun saavuttamiseksi.<\/p>\n<p><strong>K\u00e4ytt\u00f6<\/strong><\/p>\n<p>Levit\u00e4 aamulla ja illalla kostealle iholle kasvoille, kaulalle ja dekolteelle py\u00f6rivin liikkein. Huuhtele vedell\u00e4 ja k\u00e4yt\u00e4 herk\u00e4lle iholle sopivaa kasvovett\u00e4.<\/p>\n<p><strong>Ainesosat<\/strong><br \/>\nAqua\/Water, Helianthus Annuus (Sunflower) Seed Oil, Coco-Glucoside, Dicaprylyl Ether, Decyl Oleate, Disodium Cocoyl Glutamate, Glycerin, Maris Aqua\/Sea Water, Ostrea Shell Extract\/Oyster Shell Extract, Maris Limus Extract\/Sea Silt Extract, Panthenol, Tocopherol, Sodium Hydroxide, Sodium Cocoyl Glutamate, Potassium Sorbate, Hydrogenated Vegetable Glycerides Citrate, Propylene Glycol, Phenoxyethanol, Glycine Soja (Soybean) Oil, Ethylhexylglycerin, Citric Acid, Acrylates\/C10-30 Alkyl Acrylate Crosspolymer, Parfum\/Fragrance<\/p>","protected":false},"excerpt":{"rendered":"<p class=\"translation-block\">Rauhoittava ja hell\u00e4varainen puhdistus<br>\nMaitomainen ja geelim\u00e4inen koostumus<br>\nMerellinen muta ja pantenoli rauhoittavat ihoa<br>\nJ\u00e4tt\u00e4\u00e4 ihon pehme\u00e4ksi ja puhtaaksi<br>\nSopii herk\u00e4lle iholle<br><\/p>","protected":false},"featured_media":7165,"comment_status":"closed","ping_status":"closed","template":"","meta":{"_uag_custom_page_level_css":"","site-sidebar-layout":"default","site-content-layout":"","ast-site-content-layout":"default","site-content-style":"default","site-sidebar-style":"default","ast-global-header-display":"","ast-banner-title-visibility":"","ast-main-header-display":"","ast-hfb-above-header-display":"","ast-hfb-below-header-display":"","ast-hfb-mobile-header-display":"","site-post-title":"","ast-breadcrumbs-content":"","ast-featured-img":"","footer-sml-layout":"","ast-disable-related-posts":"","theme-transparent-header-meta":"default","adv-header-id-meta":"","stick-header-meta":"","header-above-stick-meta":"","header-main-stick-meta":"","header-below-stick-meta":"","astra-migrate-meta-layouts":"set","ast-page-background-enabled":"default","ast-page-background-meta":{"desktop":{"background-color":"var(--ast-global-color-4)","background-image":"","background-repeat":"repeat","background-position":"center center","background-size":"auto","background-attachment":"scroll","background-type":"","background-media":"","overlay-type":"","overlay-color":"","overlay-opacity":"","overlay-gradient":""},"tablet":{"background-color":"","background-image":"","background-repeat":"repeat","background-position":"center center","background-size":"auto","background-attachment":"scroll","background-type":"","background-media":"","overlay-type":"","overlay-color":"","overlay-opacity":"","overlay-gradient":""},"mobile":{"background-color":"","background-image":"","background-repeat":"repeat","background-position":"center center","background-size":"auto","background-attachment":"scroll","background-type":"","background-media":"","overlay-type":"","overlay-color":"","overlay-opacity":"","overlay-gradient":""}},"ast-content-background-meta":{"desktop":{"background-color":"var(--ast-global-color-5)","background-image":"","background-repeat":"repeat","background-position":"center center","background-size":"auto","background-attachment":"scroll","background-type":"","background-media":"","overlay-type":"","overlay-color":"","overlay-opacity":"","overlay-gradient":""},"tablet":{"background-color":"var(--ast-global-color-5)","background-image":"","background-repeat":"repeat","background-position":"center center","background-size":"auto","background-attachment":"scroll","background-type":"","background-media":"","overlay-type":"","overlay-color":"","overlay-opacity":"","overlay-gradient":""},"mobile":{"background-color":"var(--ast-global-color-5)","background-image":"","background-repeat":"repeat","background-position":"center center","background-size":"auto","background-attachment":"scroll","background-type":"","background-media":"","overlay-type":"","overlay-color":"","overlay-opacity":"","overlay-gradient":""}}},"product_brand":[],"product_cat":[125,97],"product_tag":[],"class_list":{"0":"post-7171","1":"product","2":"type-product","3":"status-publish","4":"has-post-thumbnail","6":"product_cat-dalton","7":"product_cat-naole","8":"desktop-align-left","9":"tablet-align-left","10":"mobile-align-left","12":"first","13":"onbackorder","14":"taxable","15":"shipping-taxable","16":"product-type-simple","17":"add-to-wishlist-before_image"},"uagb_featured_image_src":{"full":["https:\/\/kosmeetika24.com\/wp-content\/uploads\/2025\/11\/5550153-comfort-clean-sensitive-skin-sanftes-reinigungsfluid.avif",650,650,false],"thumbnail":["https:\/\/kosmeetika24.com\/wp-content\/uploads\/2025\/11\/5550153-comfort-clean-sensitive-skin-sanftes-reinigungsfluid-150x150.avif",150,150,true],"medium":["https:\/\/kosmeetika24.com\/wp-content\/uploads\/2025\/11\/5550153-comfort-clean-sensitive-skin-sanftes-reinigungsfluid-300x300.avif",300,300,true],"medium_large":["https:\/\/kosmeetika24.com\/wp-content\/uploads\/2025\/11\/5550153-comfort-clean-sensitive-skin-sanftes-reinigungsfluid.avif",650,650,false],"large":["https:\/\/kosmeetika24.com\/wp-content\/uploads\/2025\/11\/5550153-comfort-clean-sensitive-skin-sanftes-reinigungsfluid.avif",650,650,false],"1536x1536":["https:\/\/kosmeetika24.com\/wp-content\/uploads\/2025\/11\/5550153-comfort-clean-sensitive-skin-sanftes-reinigungsfluid.avif",650,650,false],"2048x2048":["https:\/\/kosmeetika24.com\/wp-content\/uploads\/2025\/11\/5550153-comfort-clean-sensitive-skin-sanftes-reinigungsfluid.avif",650,650,false],"trp-custom-language-flag":["https:\/\/kosmeetika24.com\/wp-content\/uploads\/2025\/11\/5550153-comfort-clean-sensitive-skin-sanftes-reinigungsfluid-12x12.avif",12,12,true],"woocommerce_thumbnail":["https:\/\/kosmeetika24.com\/wp-content\/uploads\/2025\/11\/5550153-comfort-clean-sensitive-skin-sanftes-reinigungsfluid-300x300.avif",300,300,true],"woocommerce_single":["https:\/\/kosmeetika24.com\/wp-content\/uploads\/2025\/11\/5550153-comfort-clean-sensitive-skin-sanftes-reinigungsfluid-500x500.avif",500,500,true],"woocommerce_gallery_thumbnail":["https:\/\/kosmeetika24.com\/wp-content\/uploads\/2025\/11\/5550153-comfort-clean-sensitive-skin-sanftes-reinigungsfluid-100x100.avif",100,100,true]},"uagb_author_info":{"display_name":"admin","author_link":"https:\/\/kosmeetika24.com\/fi\/author\/"},"uagb_comment_info":0,"uagb_excerpt":"Rahustav ja \u00f5rn puhastus Piimja ja geelija tekstuuriga Mereline muda ja pantenool rahustavad nahka J\u00e4tab naha pehmeks ja puhtaks Sobib tundlikule nahale","_links":{"self":[{"href":"https:\/\/kosmeetika24.com\/fi\/wp-json\/wp\/v2\/product\/7171","targetHints":{"allow":["GET"]}}],"collection":[{"href":"https:\/\/kosmeetika24.com\/fi\/wp-json\/wp\/v2\/product"}],"about":[{"href":"https:\/\/kosmeetika24.com\/fi\/wp-json\/wp\/v2\/types\/product"}],"replies":[{"embeddable":true,"href":"https:\/\/kosmeetika24.com\/fi\/wp-json\/wp\/v2\/comments?post=7171"}],"version-history":[{"count":2,"href":"https:\/\/kosmeetika24.com\/fi\/wp-json\/wp\/v2\/product\/7171\/revisions"}],"predecessor-version":[{"id":7200,"href":"https:\/\/kosmeetika24.com\/fi\/wp-json\/wp\/v2\/product\/7171\/revisions\/7200"}],"wp:featuredmedia":[{"embeddable":true,"href":"https:\/\/kosmeetika24.com\/fi\/wp-json\/wp\/v2\/media\/7165"}],"wp:attachment":[{"href":"https:\/\/kosmeetika24.com\/fi\/wp-json\/wp\/v2\/media?parent=7171"}],"wp:term":[{"taxonomy":"product_brand","embeddable":true,"href":"https:\/\/kosmeetika24.com\/fi\/wp-json\/wp\/v2\/product_brand?post=7171"},{"taxonomy":"product_cat","embeddable":true,"href":"https:\/\/kosmeetika24.com\/fi\/wp-json\/wp\/v2\/product_cat?post=7171"},{"taxonomy":"product_tag","embeddable":true,"href":"https:\/\/kosmeetika24.com\/fi\/wp-json\/wp\/v2\/product_tag?post=7171"}],"curies":[{"name":"wp","href":"https:\/\/api.w.org\/{rel}","templated":true}]}}