{"id":7169,"date":"2025-11-05T14:25:40","date_gmt":"2025-11-05T11:25:40","guid":{"rendered":"https:\/\/kosmeetika24.com\/?post_type=product&#038;p=7169"},"modified":"2026-01-12T12:13:23","modified_gmt":"2026-01-12T09:13:23","slug":"dalton-comfort-clean-gentle-anti-aging-toner","status":"publish","type":"product","link":"https:\/\/kosmeetika24.com\/fi\/tuote\/dalton-comfort-clean-gentle-anti-aging-toner\/","title":{"rendered":"Dalton COMFORT CLEAN Gentle Anti-Aging Toner"},"content":{"rendered":"<p class=\"translation-block\">Daltonin <i>Gentle Anti-Aging Toner<\/i> on iholle yst\u00e4v\u00e4llinen mutta tehokas puhdistustuote, joka sopii ihanteellisesti herk\u00e4lle iholle. Se auttaa palauttamaan ihon pH-tasapainon puhdistuksen j\u00e4lkeen ja poistaa j\u00e4ljelle j\u00e4\u00e4neet meikin j\u00e4\u00e4nteet. Merimulta rauhoittaa ihoa, ja meid\u00e4n <i>Celumer Marine Extract<\/i>, anti-age -kaava, joka koostuu kuudesta meriper\u00e4isest\u00e4 vaikuttavasta aineesta, edist\u00e4\u00e4 nuorekasta ja raikasta ihons\u00e4vy\u00e4.<\/p>\n<p><b>K\u00e4ytt\u00f6<\/b><\/p>\n<p>Kostuta vanulapp kasvovedell\u00e4 ja levit\u00e4 kasvoille, kaulalle ja dekolteelle.<\/p>\n<p><strong>Ainesosat<\/strong><br \/>\nAqua\/Water, Propylene Glycol, Glycerin, PEG-40 Hydrogenated Castor Oil, Maris Aqua\/Sea Water, Spirulina Maxima Extract, Algae Extract\/Alaria Esculenta Extract, Saccharide Isomerate, Caviar Extract, Ostrea Shell Extract\/Oyster Shell Extract, Maris Limus Extract\/Sea Silt Extract, Sodium Levulinate, Biosaccharide Gum-1, Sodium Anisate, Potassium Sorbate, Glyceryl Caprylate, Caprylic\/Capric Triglyceride, Phenoxyethanol, Ethylhexylglycerin, Citric Acid, Parfum\/Fragrance<\/p>","protected":false},"excerpt":{"rendered":"<p class=\"translation-block\">Auttaa palauttamaan ihon pH-tasapainon puhdistuksen j\u00e4lkeen<br>\nRemineraloi ihoa<br>\nMerimulta rauhoittaa ihoa<br>\nIhon ik\u00e4\u00e4ntymist\u00e4 ehk\u00e4isev\u00e4 vaikutus<br>\nSopii herk\u00e4lle iholle<br><\/p>","protected":false},"featured_media":7166,"comment_status":"closed","ping_status":"closed","template":"","meta":{"_uag_custom_page_level_css":"","site-sidebar-layout":"default","site-content-layout":"","ast-site-content-layout":"default","site-content-style":"default","site-sidebar-style":"default","ast-global-header-display":"","ast-banner-title-visibility":"","ast-main-header-display":"","ast-hfb-above-header-display":"","ast-hfb-below-header-display":"","ast-hfb-mobile-header-display":"","site-post-title":"","ast-breadcrumbs-content":"","ast-featured-img":"","footer-sml-layout":"","ast-disable-related-posts":"","theme-transparent-header-meta":"default","adv-header-id-meta":"","stick-header-meta":"","header-above-stick-meta":"","header-main-stick-meta":"","header-below-stick-meta":"","astra-migrate-meta-layouts":"set","ast-page-background-enabled":"default","ast-page-background-meta":{"desktop":{"background-color":"var(--ast-global-color-4)","background-image":"","background-repeat":"repeat","background-position":"center center","background-size":"auto","background-attachment":"scroll","background-type":"","background-media":"","overlay-type":"","overlay-color":"","overlay-opacity":"","overlay-gradient":""},"tablet":{"background-color":"","background-image":"","background-repeat":"repeat","background-position":"center center","background-size":"auto","background-attachment":"scroll","background-type":"","background-media":"","overlay-type":"","overlay-color":"","overlay-opacity":"","overlay-gradient":""},"mobile":{"background-color":"","background-image":"","background-repeat":"repeat","background-position":"center center","background-size":"auto","background-attachment":"scroll","background-type":"","background-media":"","overlay-type":"","overlay-color":"","overlay-opacity":"","overlay-gradient":""}},"ast-content-background-meta":{"desktop":{"background-color":"var(--ast-global-color-5)","background-image":"","background-repeat":"repeat","background-position":"center center","background-size":"auto","background-attachment":"scroll","background-type":"","background-media":"","overlay-type":"","overlay-color":"","overlay-opacity":"","overlay-gradient":""},"tablet":{"background-color":"var(--ast-global-color-5)","background-image":"","background-repeat":"repeat","background-position":"center center","background-size":"auto","background-attachment":"scroll","background-type":"","background-media":"","overlay-type":"","overlay-color":"","overlay-opacity":"","overlay-gradient":""},"mobile":{"background-color":"var(--ast-global-color-5)","background-image":"","background-repeat":"repeat","background-position":"center center","background-size":"auto","background-attachment":"scroll","background-type":"","background-media":"","overlay-type":"","overlay-color":"","overlay-opacity":"","overlay-gradient":""}}},"product_brand":[],"product_cat":[125,97],"product_tag":[],"class_list":{"0":"post-7169","1":"product","2":"type-product","3":"status-publish","4":"has-post-thumbnail","6":"product_cat-dalton","7":"product_cat-naole","8":"desktop-align-left","9":"tablet-align-left","10":"mobile-align-left","12":"first","13":"onbackorder","14":"taxable","15":"shipping-taxable","16":"product-type-simple","17":"add-to-wishlist-before_image"},"uagb_featured_image_src":{"full":["https:\/\/kosmeetika24.com\/wp-content\/uploads\/2025\/11\/5550253-comfort-clean-sensitive-skin-sanftes-anti-aging-gesichtswasser.avif",650,650,false],"thumbnail":["https:\/\/kosmeetika24.com\/wp-content\/uploads\/2025\/11\/5550253-comfort-clean-sensitive-skin-sanftes-anti-aging-gesichtswasser-150x150.avif",150,150,true],"medium":["https:\/\/kosmeetika24.com\/wp-content\/uploads\/2025\/11\/5550253-comfort-clean-sensitive-skin-sanftes-anti-aging-gesichtswasser-300x300.avif",300,300,true],"medium_large":["https:\/\/kosmeetika24.com\/wp-content\/uploads\/2025\/11\/5550253-comfort-clean-sensitive-skin-sanftes-anti-aging-gesichtswasser.avif",650,650,false],"large":["https:\/\/kosmeetika24.com\/wp-content\/uploads\/2025\/11\/5550253-comfort-clean-sensitive-skin-sanftes-anti-aging-gesichtswasser.avif",650,650,false],"1536x1536":["https:\/\/kosmeetika24.com\/wp-content\/uploads\/2025\/11\/5550253-comfort-clean-sensitive-skin-sanftes-anti-aging-gesichtswasser.avif",650,650,false],"2048x2048":["https:\/\/kosmeetika24.com\/wp-content\/uploads\/2025\/11\/5550253-comfort-clean-sensitive-skin-sanftes-anti-aging-gesichtswasser.avif",650,650,false],"trp-custom-language-flag":["https:\/\/kosmeetika24.com\/wp-content\/uploads\/2025\/11\/5550253-comfort-clean-sensitive-skin-sanftes-anti-aging-gesichtswasser-12x12.avif",12,12,true],"woocommerce_thumbnail":["https:\/\/kosmeetika24.com\/wp-content\/uploads\/2025\/11\/5550253-comfort-clean-sensitive-skin-sanftes-anti-aging-gesichtswasser-300x300.avif",300,300,true],"woocommerce_single":["https:\/\/kosmeetika24.com\/wp-content\/uploads\/2025\/11\/5550253-comfort-clean-sensitive-skin-sanftes-anti-aging-gesichtswasser-500x500.avif",500,500,true],"woocommerce_gallery_thumbnail":["https:\/\/kosmeetika24.com\/wp-content\/uploads\/2025\/11\/5550253-comfort-clean-sensitive-skin-sanftes-anti-aging-gesichtswasser-100x100.avif",100,100,true]},"uagb_author_info":{"display_name":"admin","author_link":"https:\/\/kosmeetika24.com\/fi\/author\/"},"uagb_comment_info":0,"uagb_excerpt":"Aitab taastada naha pH-tasakaalu p\u00e4rast puhastamist Remineraliseerib nahka Mere muda rahustab nahka Vananemisvastane toime Sobib tundlikule nahale","_links":{"self":[{"href":"https:\/\/kosmeetika24.com\/fi\/wp-json\/wp\/v2\/product\/7169","targetHints":{"allow":["GET"]}}],"collection":[{"href":"https:\/\/kosmeetika24.com\/fi\/wp-json\/wp\/v2\/product"}],"about":[{"href":"https:\/\/kosmeetika24.com\/fi\/wp-json\/wp\/v2\/types\/product"}],"replies":[{"embeddable":true,"href":"https:\/\/kosmeetika24.com\/fi\/wp-json\/wp\/v2\/comments?post=7169"}],"version-history":[{"count":1,"href":"https:\/\/kosmeetika24.com\/fi\/wp-json\/wp\/v2\/product\/7169\/revisions"}],"predecessor-version":[{"id":7170,"href":"https:\/\/kosmeetika24.com\/fi\/wp-json\/wp\/v2\/product\/7169\/revisions\/7170"}],"wp:featuredmedia":[{"embeddable":true,"href":"https:\/\/kosmeetika24.com\/fi\/wp-json\/wp\/v2\/media\/7166"}],"wp:attachment":[{"href":"https:\/\/kosmeetika24.com\/fi\/wp-json\/wp\/v2\/media?parent=7169"}],"wp:term":[{"taxonomy":"product_brand","embeddable":true,"href":"https:\/\/kosmeetika24.com\/fi\/wp-json\/wp\/v2\/product_brand?post=7169"},{"taxonomy":"product_cat","embeddable":true,"href":"https:\/\/kosmeetika24.com\/fi\/wp-json\/wp\/v2\/product_cat?post=7169"},{"taxonomy":"product_tag","embeddable":true,"href":"https:\/\/kosmeetika24.com\/fi\/wp-json\/wp\/v2\/product_tag?post=7169"}],"curies":[{"name":"wp","href":"https:\/\/api.w.org\/{rel}","templated":true}]}}