{"id":7164,"date":"2025-11-06T17:30:34","date_gmt":"2025-11-06T14:30:34","guid":{"rendered":"https:\/\/kosmeetika24.com\/?post_type=product&#038;p=7164"},"modified":"2026-01-12T12:10:24","modified_gmt":"2026-01-12T09:10:24","slug":"dalton-face-care-instant-effect-smoothing-eye-gel","status":"publish","type":"product","link":"https:\/\/kosmeetika24.com\/fi\/tuote\/dalton-face-care-instant-effect-smoothing-eye-gel\/","title":{"rendered":"Dalton \u2013 FACE CARE \u2013 Instant Effect Smoothing Eye Gel"},"content":{"rendered":"<p>J\u00e4\u00e4hdytt\u00e4v\u00e4 silmageeli v\u00e4hent\u00e4\u00e4 turvotusta ja silottaa n\u00e4kyv\u00e4sti hienoja juonteita ja ryppyj\u00e4 16 %* vain 15 minuutissa. Daltonin ainutlaatuinen yhdistelm\u00e4 Celumer Marine Extractia ja kiinteytt\u00e4v\u00e4\u00e4 planktoniuutetta auttaa silottamaan silm\u00e4nymp\u00e4rysryppyj\u00e4 ja stimuloi kollageenin tuotantoa, j\u00e4tt\u00e4en ihon nuorekkaaksi ja raikkaaksi. Hyaluronihappo antaa iholle intensiivist\u00e4 kosteutusta ja kiinte\u00e4mm\u00e4n ulkon\u00e4\u00f6n. Anti-age silmageeliss\u00e4 on helppok\u00e4ytt\u00f6inen applikaattori, joka tehostaa j\u00e4\u00e4hdytt\u00e4v\u00e4\u00e4 vaikutusta ja auttaa v\u00e4hent\u00e4m\u00e4\u00e4n silmienalusturvotusta.<\/p>\n<p>*Kliininen tutkimus, in vivo -testi 32 naisella, tulokset varjasilm\u00e4ryppyjen lukum\u00e4\u00e4r\u00e4st\u00e4.<\/p>\n<p><b>K\u00e4ytt\u00f6<\/b><\/p>\n<p>Levit\u00e4 geeli silm\u00e4nymp\u00e4rysalueelle applikaattorilla aamulla ja illalla ja taputtele ihoon hell\u00e4varaisesti.<\/p>\n<p><strong>Ainesosat<\/strong><br \/>\nAqua\/Water, Pentylene Glycol, Maris Aqua\/Sea Water, Propylene Glycol, Algae Extract\/Alaria Esculenta Extract, Saccharide Isomerate, Caviar Extract, Spirulina Maxima Extract, Ostrea Shell Extract\/Oyster Shell Extract, Maris Limus Extract\/Sea Silt Extract, Sodium Hyaluronate, Biotin, Carbomer, Alteromonas Ferment Extract, Sodium Hydroxide, Potassium Sorbate, Phenoxyethanol, Ethylhexylglycerin, Caprylic\/Capric Triglyceride, PEG-40 Hydrogenated Castor Oil, Trideceth-9<\/p>","protected":false},"excerpt":{"rendered":"<p class=\"translation-block\">Jahutav silmageel h\u00fcaluroonhappega<br>\r\nJahutav ja turseid v\u00e4hendav geeljas tekstuur<br>\r\nNahka pinguldava h\u00fcaluroonhappega<br>\r\nPinguldav planktoniekstrakt v\u00e4hendab varesejalgu<br>\r\nV\u00e4hendab varesejalgu 34% juba 20 minutiga*<br>\r\nLihtsasti kasutatav aplikaator<\/p>","protected":false},"featured_media":7167,"comment_status":"closed","ping_status":"closed","template":"","meta":{"_uag_custom_page_level_css":"","site-sidebar-layout":"default","site-content-layout":"","ast-site-content-layout":"default","site-content-style":"default","site-sidebar-style":"default","ast-global-header-display":"","ast-banner-title-visibility":"","ast-main-header-display":"","ast-hfb-above-header-display":"","ast-hfb-below-header-display":"","ast-hfb-mobile-header-display":"","site-post-title":"","ast-breadcrumbs-content":"","ast-featured-img":"","footer-sml-layout":"","ast-disable-related-posts":"","theme-transparent-header-meta":"default","adv-header-id-meta":"","stick-header-meta":"","header-above-stick-meta":"","header-main-stick-meta":"","header-below-stick-meta":"","astra-migrate-meta-layouts":"set","ast-page-background-enabled":"default","ast-page-background-meta":{"desktop":{"background-color":"var(--ast-global-color-4)","background-image":"","background-repeat":"repeat","background-position":"center center","background-size":"auto","background-attachment":"scroll","background-type":"","background-media":"","overlay-type":"","overlay-color":"","overlay-opacity":"","overlay-gradient":""},"tablet":{"background-color":"","background-image":"","background-repeat":"repeat","background-position":"center center","background-size":"auto","background-attachment":"scroll","background-type":"","background-media":"","overlay-type":"","overlay-color":"","overlay-opacity":"","overlay-gradient":""},"mobile":{"background-color":"","background-image":"","background-repeat":"repeat","background-position":"center center","background-size":"auto","background-attachment":"scroll","background-type":"","background-media":"","overlay-type":"","overlay-color":"","overlay-opacity":"","overlay-gradient":""}},"ast-content-background-meta":{"desktop":{"background-color":"var(--ast-global-color-5)","background-image":"","background-repeat":"repeat","background-position":"center center","background-size":"auto","background-attachment":"scroll","background-type":"","background-media":"","overlay-type":"","overlay-color":"","overlay-opacity":"","overlay-gradient":""},"tablet":{"background-color":"var(--ast-global-color-5)","background-image":"","background-repeat":"repeat","background-position":"center center","background-size":"auto","background-attachment":"scroll","background-type":"","background-media":"","overlay-type":"","overlay-color":"","overlay-opacity":"","overlay-gradient":""},"mobile":{"background-color":"var(--ast-global-color-5)","background-image":"","background-repeat":"repeat","background-position":"center center","background-size":"auto","background-attachment":"scroll","background-type":"","background-media":"","overlay-type":"","overlay-color":"","overlay-opacity":"","overlay-gradient":""}}},"product_brand":[],"product_cat":[125,97],"product_tag":[],"class_list":{"0":"post-7164","1":"product","2":"type-product","3":"status-publish","4":"has-post-thumbnail","6":"product_cat-dalton","7":"product_cat-naole","8":"desktop-align-left","9":"tablet-align-left","10":"mobile-align-left","12":"first","13":"onbackorder","14":"taxable","15":"shipping-taxable","16":"product-type-simple","17":"add-to-wishlist-before_image"},"uagb_featured_image_src":{"full":["https:\/\/kosmeetika24.com\/wp-content\/uploads\/2025\/11\/4054621560142.webp",540,540,false],"thumbnail":["https:\/\/kosmeetika24.com\/wp-content\/uploads\/2025\/11\/4054621560142-150x150.webp",150,150,true],"medium":["https:\/\/kosmeetika24.com\/wp-content\/uploads\/2025\/11\/4054621560142-300x300.webp",300,300,true],"medium_large":["https:\/\/kosmeetika24.com\/wp-content\/uploads\/2025\/11\/4054621560142.webp",540,540,false],"large":["https:\/\/kosmeetika24.com\/wp-content\/uploads\/2025\/11\/4054621560142.webp",540,540,false],"1536x1536":["https:\/\/kosmeetika24.com\/wp-content\/uploads\/2025\/11\/4054621560142.webp",540,540,false],"2048x2048":["https:\/\/kosmeetika24.com\/wp-content\/uploads\/2025\/11\/4054621560142.webp",540,540,false],"trp-custom-language-flag":["https:\/\/kosmeetika24.com\/wp-content\/uploads\/2025\/11\/4054621560142-12x12.webp",12,12,true],"woocommerce_thumbnail":["https:\/\/kosmeetika24.com\/wp-content\/uploads\/2025\/11\/4054621560142-300x300.webp",300,300,true],"woocommerce_single":["https:\/\/kosmeetika24.com\/wp-content\/uploads\/2025\/11\/4054621560142-500x500.webp",500,500,true],"woocommerce_gallery_thumbnail":["https:\/\/kosmeetika24.com\/wp-content\/uploads\/2025\/11\/4054621560142-100x100.webp",100,100,true]},"uagb_author_info":{"display_name":"admin","author_link":"https:\/\/kosmeetika24.com\/fi\/author\/"},"uagb_comment_info":0,"uagb_excerpt":"Jahutav silmageel h\u00fcaluroonhappega Jahutav ja turseid v\u00e4hendav geeljas tekstuur Nahka pinguldava h\u00fcaluroonhappega Pinguldav planktoniekstrakt v\u00e4hendab varesejalgu V\u00e4hendab varesejalgu 34% juba 20 minutiga* Lihtsasti kasutatav aplikaator","_links":{"self":[{"href":"https:\/\/kosmeetika24.com\/fi\/wp-json\/wp\/v2\/product\/7164","targetHints":{"allow":["GET"]}}],"collection":[{"href":"https:\/\/kosmeetika24.com\/fi\/wp-json\/wp\/v2\/product"}],"about":[{"href":"https:\/\/kosmeetika24.com\/fi\/wp-json\/wp\/v2\/types\/product"}],"replies":[{"embeddable":true,"href":"https:\/\/kosmeetika24.com\/fi\/wp-json\/wp\/v2\/comments?post=7164"}],"version-history":[{"count":1,"href":"https:\/\/kosmeetika24.com\/fi\/wp-json\/wp\/v2\/product\/7164\/revisions"}],"predecessor-version":[{"id":7168,"href":"https:\/\/kosmeetika24.com\/fi\/wp-json\/wp\/v2\/product\/7164\/revisions\/7168"}],"wp:featuredmedia":[{"embeddable":true,"href":"https:\/\/kosmeetika24.com\/fi\/wp-json\/wp\/v2\/media\/7167"}],"wp:attachment":[{"href":"https:\/\/kosmeetika24.com\/fi\/wp-json\/wp\/v2\/media?parent=7164"}],"wp:term":[{"taxonomy":"product_brand","embeddable":true,"href":"https:\/\/kosmeetika24.com\/fi\/wp-json\/wp\/v2\/product_brand?post=7164"},{"taxonomy":"product_cat","embeddable":true,"href":"https:\/\/kosmeetika24.com\/fi\/wp-json\/wp\/v2\/product_cat?post=7164"},{"taxonomy":"product_tag","embeddable":true,"href":"https:\/\/kosmeetika24.com\/fi\/wp-json\/wp\/v2\/product_tag?post=7164"}],"curies":[{"name":"wp","href":"https:\/\/api.w.org\/{rel}","templated":true}]}}