{"id":7162,"date":"2025-11-06T17:30:26","date_gmt":"2025-11-06T14:30:26","guid":{"rendered":"https:\/\/kosmeetika24.com\/?post_type=product&#038;p=7162"},"modified":"2026-01-12T12:10:29","modified_gmt":"2026-01-12T09:10:29","slug":"dalton-face-care-hydrogel-lifting-eye-patches","status":"publish","type":"product","link":"https:\/\/kosmeetika24.com\/fi\/tuote\/dalton-face-care-hydrogel-lifting-eye-patches\/","title":{"rendered":"Dalton \u2013 Face Care \u2013 Hydrogel Lifting Eye Patches"},"content":{"rendered":"<p><strong>Soome keeles:<\/strong><\/p>\n<p>Poista silm\u00e4geelipadit pakkauksesta ja aseta ne puhta ihon alle silmien alle. Poista 15 minuutin kuluttua. Tarvittaessa levit\u00e4 silm\u00e4nymp\u00e4rysvoidetta.<\/p>\n<p class=\"translation-block\"><strong>Vinkki:<\/strong><br>\nAseta silm\u00e4geelipadit j\u00e4\u00e4kaappiin j\u00e4\u00e4hdytt\u00e4v\u00e4n vaikutuksen tehostamiseksi ja turvotuksen tai v\u00e4syneiden silmien v\u00e4hent\u00e4miseksi.<\/p>\n<p class=\"translation-block\">Daltonin <i>Hydrogel Lifting Eye Patches<\/i> ovat rauhoittavia ja hell\u00e4varaisia, mutta tehokkaita silm\u00e4geelipusseja, jotka on valmistettu vegaanisesta hydrogeelist\u00e4. Ne eiv\u00e4t ole vain kyll\u00e4stetty korkealaatuisilla aktiivisilla aineilla, vaan hydrogeelin materiaali sis\u00e4lt\u00e4\u00e4 punavihre\u00e4n lev\u00e4uutteen, jolla on erinomaiset anti-age -ominaisuudet. Planktoniuute v\u00e4hent\u00e4\u00e4 silm\u00e4nymp\u00e4rysryppyjen syvyytt\u00e4 ja silottaa hienoja juonteita muutamassa minuutissa. Hydrogeelipadit tarttuvat ihoon kuin toinen iho ilman liukumista. Tuoksuton koostumus tekee niist\u00e4 erityisen ihosopivia ja ne sopivat erinomaisesti herk\u00e4lle iholle.<\/p>\n<p>*In-vivo -testi: 50\u201365-vuotiaat naiset, planktoniuutteen kertak\u00e4ytt\u00f6 silm\u00e4nymp\u00e4rysalueella 15 minuutin ajan.<\/p>\n<p><strong>Ainesosat<\/strong><br \/>\nAqua\/Water, Glycerin, Carrageenan, Panthenol, Amorphophallus Konjac Root Extract, Sucrose, Sodium Hyaluronate, Alteromonas Ferment Extract, Sodium Levulinate, Phenoxyethanol, Sodium Anisate.<\/p>","protected":false},"excerpt":{"rendered":"<p class=\"translation-block\">V\u00e4litt\u00f6m\u00e4sti silottavat silm\u00e4geelipadit hyaluronihapolla<br>\nV\u00e4lit\u00f6n virkist\u00e4v\u00e4 ja silottava vaikutus<br>\nV\u00e4hent\u00e4\u00e4 ryppyjen syvyytt\u00e4 jopa 16 % ensimm\u00e4isen k\u00e4ytt\u00f6kerran j\u00e4lkeen*<br>\nHyaluronihappo kosteuttaa ihoa<br>\nPantenoli rauhoittaa herkk\u00e4\u00e4 silm\u00e4nymp\u00e4rysihoa<br>\nTuoksuton ja vegaaninen<br><\/p>","protected":false},"featured_media":7204,"comment_status":"closed","ping_status":"closed","template":"","meta":{"_uag_custom_page_level_css":"","site-sidebar-layout":"default","site-content-layout":"","ast-site-content-layout":"default","site-content-style":"default","site-sidebar-style":"default","ast-global-header-display":"","ast-banner-title-visibility":"","ast-main-header-display":"","ast-hfb-above-header-display":"","ast-hfb-below-header-display":"","ast-hfb-mobile-header-display":"","site-post-title":"","ast-breadcrumbs-content":"","ast-featured-img":"","footer-sml-layout":"","ast-disable-related-posts":"","theme-transparent-header-meta":"default","adv-header-id-meta":"","stick-header-meta":"","header-above-stick-meta":"","header-main-stick-meta":"","header-below-stick-meta":"","astra-migrate-meta-layouts":"set","ast-page-background-enabled":"default","ast-page-background-meta":{"desktop":{"background-color":"var(--ast-global-color-4)","background-image":"","background-repeat":"repeat","background-position":"center center","background-size":"auto","background-attachment":"scroll","background-type":"","background-media":"","overlay-type":"","overlay-color":"","overlay-opacity":"","overlay-gradient":""},"tablet":{"background-color":"","background-image":"","background-repeat":"repeat","background-position":"center center","background-size":"auto","background-attachment":"scroll","background-type":"","background-media":"","overlay-type":"","overlay-color":"","overlay-opacity":"","overlay-gradient":""},"mobile":{"background-color":"","background-image":"","background-repeat":"repeat","background-position":"center center","background-size":"auto","background-attachment":"scroll","background-type":"","background-media":"","overlay-type":"","overlay-color":"","overlay-opacity":"","overlay-gradient":""}},"ast-content-background-meta":{"desktop":{"background-color":"var(--ast-global-color-5)","background-image":"","background-repeat":"repeat","background-position":"center center","background-size":"auto","background-attachment":"scroll","background-type":"","background-media":"","overlay-type":"","overlay-color":"","overlay-opacity":"","overlay-gradient":""},"tablet":{"background-color":"var(--ast-global-color-5)","background-image":"","background-repeat":"repeat","background-position":"center center","background-size":"auto","background-attachment":"scroll","background-type":"","background-media":"","overlay-type":"","overlay-color":"","overlay-opacity":"","overlay-gradient":""},"mobile":{"background-color":"var(--ast-global-color-5)","background-image":"","background-repeat":"repeat","background-position":"center center","background-size":"auto","background-attachment":"scroll","background-type":"","background-media":"","overlay-type":"","overlay-color":"","overlay-opacity":"","overlay-gradient":""}}},"product_brand":[],"product_cat":[125,97],"product_tag":[],"class_list":{"0":"post-7162","1":"product","2":"type-product","3":"status-publish","4":"has-post-thumbnail","6":"product_cat-dalton","7":"product_cat-naole","8":"desktop-align-left","9":"tablet-align-left","10":"mobile-align-left","12":"first","13":"onbackorder","14":"taxable","15":"shipping-taxable","16":"product-type-simple","17":"add-to-wishlist-before_image"},"uagb_featured_image_src":{"full":["https:\/\/kosmeetika24.com\/wp-content\/uploads\/2025\/11\/l5654052-hydrogel-eye-pads-sachet-inszeniert-650x650_2.avif",650,650,false],"thumbnail":["https:\/\/kosmeetika24.com\/wp-content\/uploads\/2025\/11\/l5654052-hydrogel-eye-pads-sachet-inszeniert-650x650_2-150x150.avif",150,150,true],"medium":["https:\/\/kosmeetika24.com\/wp-content\/uploads\/2025\/11\/l5654052-hydrogel-eye-pads-sachet-inszeniert-650x650_2-300x300.avif",300,300,true],"medium_large":["https:\/\/kosmeetika24.com\/wp-content\/uploads\/2025\/11\/l5654052-hydrogel-eye-pads-sachet-inszeniert-650x650_2.avif",650,650,false],"large":["https:\/\/kosmeetika24.com\/wp-content\/uploads\/2025\/11\/l5654052-hydrogel-eye-pads-sachet-inszeniert-650x650_2.avif",650,650,false],"1536x1536":["https:\/\/kosmeetika24.com\/wp-content\/uploads\/2025\/11\/l5654052-hydrogel-eye-pads-sachet-inszeniert-650x650_2.avif",650,650,false],"2048x2048":["https:\/\/kosmeetika24.com\/wp-content\/uploads\/2025\/11\/l5654052-hydrogel-eye-pads-sachet-inszeniert-650x650_2.avif",650,650,false],"trp-custom-language-flag":["https:\/\/kosmeetika24.com\/wp-content\/uploads\/2025\/11\/l5654052-hydrogel-eye-pads-sachet-inszeniert-650x650_2-12x12.avif",12,12,true],"woocommerce_thumbnail":["https:\/\/kosmeetika24.com\/wp-content\/uploads\/2025\/11\/l5654052-hydrogel-eye-pads-sachet-inszeniert-650x650_2-300x300.avif",300,300,true],"woocommerce_single":["https:\/\/kosmeetika24.com\/wp-content\/uploads\/2025\/11\/l5654052-hydrogel-eye-pads-sachet-inszeniert-650x650_2-500x500.avif",500,500,true],"woocommerce_gallery_thumbnail":["https:\/\/kosmeetika24.com\/wp-content\/uploads\/2025\/11\/l5654052-hydrogel-eye-pads-sachet-inszeniert-650x650_2-100x100.avif",100,100,true]},"uagb_author_info":{"display_name":"admin","author_link":"https:\/\/kosmeetika24.com\/fi\/author\/"},"uagb_comment_info":0,"uagb_excerpt":"Koheselt siluvad h\u00fcaluroonhappega silma geel padjakesed Koheselt v\u00e4rskendav ja siluv toime V\u00e4hendab kortsude s\u00fcgavust kuni 16% juba p\u00e4rast esimest kasutuskorda* H\u00fcaluroonhape niisutab nahka Pantenool rahustab tundlikku silma\u00fcmbrust L\u00f5hnavaba ja vegan","_links":{"self":[{"href":"https:\/\/kosmeetika24.com\/fi\/wp-json\/wp\/v2\/product\/7162","targetHints":{"allow":["GET"]}}],"collection":[{"href":"https:\/\/kosmeetika24.com\/fi\/wp-json\/wp\/v2\/product"}],"about":[{"href":"https:\/\/kosmeetika24.com\/fi\/wp-json\/wp\/v2\/types\/product"}],"replies":[{"embeddable":true,"href":"https:\/\/kosmeetika24.com\/fi\/wp-json\/wp\/v2\/comments?post=7162"}],"version-history":[{"count":1,"href":"https:\/\/kosmeetika24.com\/fi\/wp-json\/wp\/v2\/product\/7162\/revisions"}],"predecessor-version":[{"id":7163,"href":"https:\/\/kosmeetika24.com\/fi\/wp-json\/wp\/v2\/product\/7162\/revisions\/7163"}],"wp:featuredmedia":[{"embeddable":true,"href":"https:\/\/kosmeetika24.com\/fi\/wp-json\/wp\/v2\/media\/7204"}],"wp:attachment":[{"href":"https:\/\/kosmeetika24.com\/fi\/wp-json\/wp\/v2\/media?parent=7162"}],"wp:term":[{"taxonomy":"product_brand","embeddable":true,"href":"https:\/\/kosmeetika24.com\/fi\/wp-json\/wp\/v2\/product_brand?post=7162"},{"taxonomy":"product_cat","embeddable":true,"href":"https:\/\/kosmeetika24.com\/fi\/wp-json\/wp\/v2\/product_cat?post=7162"},{"taxonomy":"product_tag","embeddable":true,"href":"https:\/\/kosmeetika24.com\/fi\/wp-json\/wp\/v2\/product_tag?post=7162"}],"curies":[{"name":"wp","href":"https:\/\/api.w.org\/{rel}","templated":true}]}}