{"id":7160,"date":"2025-11-05T14:04:51","date_gmt":"2025-11-05T11:04:51","guid":{"rendered":"https:\/\/kosmeetika24.com\/?post_type=product&#038;p=7160"},"modified":"2026-01-12T12:19:36","modified_gmt":"2026-01-12T09:19:36","slug":"dalton-face-care-clear-skin-anti-blemish-sheet-mask","status":"publish","type":"product","link":"https:\/\/kosmeetika24.com\/fi\/tuote\/dalton-face-care-clear-skin-anti-blemish-sheet-mask\/","title":{"rendered":"Dalton \u2013 FACE CARE \u2013 CLEAR SKIN \u2013 Anti-Blemish Sheet Mask"},"content":{"rendered":"<p>Raikastava kangasnaamion liotusnesteen\u00e4 on 16 ml seerumia. Se sis\u00e4lt\u00e4\u00e4 tehokkaan aktiivisten aineiden sekoituksen aknealtista ja ongelmaista ihoa varten.<\/p>\n<p class=\"translation-block\"><b>Meripeptidit<\/b> ovat hell\u00e4varaisia mutta tehokkaita aknea vastaan taistelevia ainesosia, jotka auttavat ehk\u00e4isem\u00e4\u00e4n tulehduksia, v\u00e4hent\u00e4m\u00e4\u00e4n finnien kokoa ja rauhoittamaan punoitusta.<\/p>\n<p class=\"translation-block\"><b>Teepuu\u00f6ljy ja kurkku-uute<\/b> puhdistavat ihohuokoset ja s\u00e4\u00e4telev\u00e4t talinerityst\u00e4.<\/p>\n<p>Naamio v\u00e4hent\u00e4\u00e4 liiallista talinerityst\u00e4 erityisesti T-alueella ilman, ett\u00e4 iho kuivuu.<\/p>\n<p>S\u00e4\u00e4nn\u00f6llinen k\u00e4ytt\u00f6 auttaa ehk\u00e4isem\u00e4\u00e4n finnej\u00e4 ja iho\u00e4rsytyst\u00e4, j\u00e4tt\u00e4en ihon puhtaaksi ja terveeksi.<\/p>\n<p class=\"translation-block\"><strong>K\u00c4YTT\u00d6OHJE<\/strong><br>\n\n1. Puhdista ja kuivaa kasvot, levit\u00e4 sitten kasvovesi.<br>\n\n2. Avaa pakkaus ja ota ulos kangasnaamio ongelmalliselle iholle. Poista suojakalvo molemmilta puolilta naamiota.<br>\n\n3. Aseta naamio kasvoille ja anna vaikuttaa 10\u201315 minuuttia, poista sitten naamio. Pyyhi ylim\u00e4\u00e4r\u00e4inen seerumi talouspaperilla tai taputtele se ihoon.<br>\n\n4. Jatka ihonhoitorutiinia ihotyypillesi sopivilla tuotteilla.<\/p>\n<p><strong>Ainesosat<\/strong><br \/>\nAqua\/Water, Glycerin, Pentylene Glycol, Laminaria Saccharina Extract, Micrococcus Lysate, Pseudoalteromonas Ferment Extract, Cucumis Sativus (Cucumber) Fruit Extract, Melaleuca Alternifolia (Tea Tree) Leaf Oil, Sodium Salicylate, Polysorbate 20, Sodium Hydroxide, Tetrasodium Glutamate Diacetate, Xanthan Gum, Citric Acid, Potassium Sorbate, Sodium Benzoate<\/p>","protected":false},"excerpt":{"rendered":"<p>Tulehduksia ehk\u00e4isev\u00e4 ja mattapintainen kangasnaamio meripeptideill\u00e4 ja teepuu\u00f6ljyll\u00e4.<\/p>\n<p>V\u00e4hent\u00e4\u00e4 finnej\u00e4 ja tulehduksia sek\u00e4 rauhoittaa punoitusta ihoa.<\/p>","protected":false},"featured_media":7156,"comment_status":"closed","ping_status":"closed","template":"","meta":{"_uag_custom_page_level_css":"","site-sidebar-layout":"default","site-content-layout":"","ast-site-content-layout":"default","site-content-style":"default","site-sidebar-style":"default","ast-global-header-display":"","ast-banner-title-visibility":"","ast-main-header-display":"","ast-hfb-above-header-display":"","ast-hfb-below-header-display":"","ast-hfb-mobile-header-display":"","site-post-title":"","ast-breadcrumbs-content":"","ast-featured-img":"","footer-sml-layout":"","ast-disable-related-posts":"","theme-transparent-header-meta":"default","adv-header-id-meta":"","stick-header-meta":"","header-above-stick-meta":"","header-main-stick-meta":"","header-below-stick-meta":"","astra-migrate-meta-layouts":"set","ast-page-background-enabled":"default","ast-page-background-meta":{"desktop":{"background-color":"var(--ast-global-color-4)","background-image":"","background-repeat":"repeat","background-position":"center center","background-size":"auto","background-attachment":"scroll","background-type":"","background-media":"","overlay-type":"","overlay-color":"","overlay-opacity":"","overlay-gradient":""},"tablet":{"background-color":"","background-image":"","background-repeat":"repeat","background-position":"center center","background-size":"auto","background-attachment":"scroll","background-type":"","background-media":"","overlay-type":"","overlay-color":"","overlay-opacity":"","overlay-gradient":""},"mobile":{"background-color":"","background-image":"","background-repeat":"repeat","background-position":"center center","background-size":"auto","background-attachment":"scroll","background-type":"","background-media":"","overlay-type":"","overlay-color":"","overlay-opacity":"","overlay-gradient":""}},"ast-content-background-meta":{"desktop":{"background-color":"var(--ast-global-color-5)","background-image":"","background-repeat":"repeat","background-position":"center center","background-size":"auto","background-attachment":"scroll","background-type":"","background-media":"","overlay-type":"","overlay-color":"","overlay-opacity":"","overlay-gradient":""},"tablet":{"background-color":"var(--ast-global-color-5)","background-image":"","background-repeat":"repeat","background-position":"center center","background-size":"auto","background-attachment":"scroll","background-type":"","background-media":"","overlay-type":"","overlay-color":"","overlay-opacity":"","overlay-gradient":""},"mobile":{"background-color":"var(--ast-global-color-5)","background-image":"","background-repeat":"repeat","background-position":"center center","background-size":"auto","background-attachment":"scroll","background-type":"","background-media":"","overlay-type":"","overlay-color":"","overlay-opacity":"","overlay-gradient":""}}},"product_brand":[],"product_cat":[125,97],"product_tag":[],"class_list":{"0":"post-7160","1":"product","2":"type-product","3":"status-publish","4":"has-post-thumbnail","6":"product_cat-dalton","7":"product_cat-naole","8":"desktop-align-left","9":"tablet-align-left","10":"mobile-align-left","12":"first","13":"onbackorder","14":"taxable","15":"shipping-taxable","16":"product-type-simple","17":"add-to-wishlist-before_image"},"uagb_featured_image_src":{"full":["https:\/\/kosmeetika24.com\/wp-content\/uploads\/2025\/11\/4054621725336.webp",540,540,false],"thumbnail":["https:\/\/kosmeetika24.com\/wp-content\/uploads\/2025\/11\/4054621725336-150x150.webp",150,150,true],"medium":["https:\/\/kosmeetika24.com\/wp-content\/uploads\/2025\/11\/4054621725336-300x300.webp",300,300,true],"medium_large":["https:\/\/kosmeetika24.com\/wp-content\/uploads\/2025\/11\/4054621725336.webp",540,540,false],"large":["https:\/\/kosmeetika24.com\/wp-content\/uploads\/2025\/11\/4054621725336.webp",540,540,false],"1536x1536":["https:\/\/kosmeetika24.com\/wp-content\/uploads\/2025\/11\/4054621725336.webp",540,540,false],"2048x2048":["https:\/\/kosmeetika24.com\/wp-content\/uploads\/2025\/11\/4054621725336.webp",540,540,false],"trp-custom-language-flag":["https:\/\/kosmeetika24.com\/wp-content\/uploads\/2025\/11\/4054621725336-12x12.webp",12,12,true],"woocommerce_thumbnail":["https:\/\/kosmeetika24.com\/wp-content\/uploads\/2025\/11\/4054621725336-300x300.webp",300,300,true],"woocommerce_single":["https:\/\/kosmeetika24.com\/wp-content\/uploads\/2025\/11\/4054621725336-500x500.webp",500,500,true],"woocommerce_gallery_thumbnail":["https:\/\/kosmeetika24.com\/wp-content\/uploads\/2025\/11\/4054621725336-100x100.webp",100,100,true]},"uagb_author_info":{"display_name":"admin","author_link":"https:\/\/kosmeetika24.com\/fi\/author\/"},"uagb_comment_info":0,"uagb_excerpt":"Mereliste peptiididega ja teepuu\u00f5liga p\u00f5letikuvastane matistav kangasmask. V\u00e4hendab vistrike ja p\u00f5letikke ning m\u00f5jub rahustavalt punetavale nahale.","_links":{"self":[{"href":"https:\/\/kosmeetika24.com\/fi\/wp-json\/wp\/v2\/product\/7160","targetHints":{"allow":["GET"]}}],"collection":[{"href":"https:\/\/kosmeetika24.com\/fi\/wp-json\/wp\/v2\/product"}],"about":[{"href":"https:\/\/kosmeetika24.com\/fi\/wp-json\/wp\/v2\/types\/product"}],"replies":[{"embeddable":true,"href":"https:\/\/kosmeetika24.com\/fi\/wp-json\/wp\/v2\/comments?post=7160"}],"version-history":[{"count":1,"href":"https:\/\/kosmeetika24.com\/fi\/wp-json\/wp\/v2\/product\/7160\/revisions"}],"predecessor-version":[{"id":7161,"href":"https:\/\/kosmeetika24.com\/fi\/wp-json\/wp\/v2\/product\/7160\/revisions\/7161"}],"wp:featuredmedia":[{"embeddable":true,"href":"https:\/\/kosmeetika24.com\/fi\/wp-json\/wp\/v2\/media\/7156"}],"wp:attachment":[{"href":"https:\/\/kosmeetika24.com\/fi\/wp-json\/wp\/v2\/media?parent=7160"}],"wp:term":[{"taxonomy":"product_brand","embeddable":true,"href":"https:\/\/kosmeetika24.com\/fi\/wp-json\/wp\/v2\/product_brand?post=7160"},{"taxonomy":"product_cat","embeddable":true,"href":"https:\/\/kosmeetika24.com\/fi\/wp-json\/wp\/v2\/product_cat?post=7160"},{"taxonomy":"product_tag","embeddable":true,"href":"https:\/\/kosmeetika24.com\/fi\/wp-json\/wp\/v2\/product_tag?post=7160"}],"curies":[{"name":"wp","href":"https:\/\/api.w.org\/{rel}","templated":true}]}}