{"id":7158,"date":"2025-11-05T14:03:20","date_gmt":"2025-11-05T11:03:20","guid":{"rendered":"https:\/\/kosmeetika24.com\/?post_type=product&#038;p=7158"},"modified":"2026-01-12T12:13:50","modified_gmt":"2026-01-12T09:13:50","slug":"dalton-hydro-lift-express-sheet-mask","status":"publish","type":"product","link":"https:\/\/kosmeetika24.com\/fi\/tuote\/dalton-hydro-lift-express-sheet-mask\/","title":{"rendered":"Dalton Hydro Lift Express Sheet Mask"},"content":{"rendered":"<p data-start=\"359\" data-end=\"375\"><strong data-start=\"359\" data-end=\"373\">Soome keeles:<\/strong><\/p>\n<ol>\n<li data-start=\"379\" data-end=\"407\">Puhdista ja kuivaa kasvojen iho.<\/li>\n<li data-start=\"379\" data-end=\"407\">Taita hyaluronihapponaamio auki, poista suojakalvo toiselta puolelta ja aseta t\u00e4m\u00e4 puoli kasvoille, poista sitten kalvo toiselta puolelta.<\/li>\n<li data-start=\"379\" data-end=\"407\">Anna naamiolle vaikutusaikaa 15\u201320 minuuttia. Poista naamio ja taputtele j\u00e4ljelle j\u00e4\u00e4nyt seerumi ihoon hell\u00e4varaisesti.<\/li>\n<li data-start=\"379\" data-end=\"407\">K\u00e4yt\u00e4 tavallisia ihonhoitotuotteitasi ihotyypillesi sopivasti. Parhaan tuloksen saavuttamiseksi k\u00e4yt\u00e4 kosteuttavaa kasvonaamiota 1\u20132 kertaa viikossa.<\/li>\n<li style=\"list-style-type: none;\"><\/li>\n<\/ol>\n<p data-start=\"0\" data-end=\"333\">Daltonin ihoa kiinteytt\u00e4v\u00e4 ja elvytt\u00e4v\u00e4 hyaluronihapponaamio yhdist\u00e4\u00e4 intensiivisen kosteutuksen ja v\u00e4litt\u00f6m\u00e4n anti-age -vaikutuksen. Naamio sis\u00e4lt\u00e4\u00e4 ainutlaatuisen Celumer-meriuutteen ja planktoniuutteen, jotka v\u00e4hent\u00e4v\u00e4t ryppyjen syvyytt\u00e4 jopa 16 % vain 15 minuutissa. Lyhyt- ja pitk\u00e4ketjuiset hyaluronihapot kosteuttavat kuivaa ihoa syv\u00e4sti ja pitk\u00e4kestoisesti.<\/p>\n<p data-start=\"335\" data-end=\"670\">Hyaluronihapponaamio on valmistettu kest\u00e4v\u00e4st\u00e4 materiaalista, joka on per\u00e4isin kookosmaidosta ja -kuiduista. Se seuraa kasvojen muotoja kuin toinen iho, jolloin vaikuttavat aineet imeytyv\u00e4t paremmin. Naamio silottaa ja kiinteytt\u00e4\u00e4 ihoa, pehment\u00e4\u00e4 hienoja juonteita ja ryppyj\u00e4 sek\u00e4 j\u00e4tt\u00e4\u00e4 ihon t\u00e4ytel\u00e4isen ja silkkisen tuntuiseksi.<\/p>\n<p data-start=\"672\" data-end=\"742\">Kosteuttavaa hyaluronihapponaamiota voi yhdist\u00e4\u00e4 kaikkien DALTONin ihonhoitotuotteiden kanssa.<\/p>\n<p data-start=\"744\" data-end=\"890\" data-is-last-node=\"\" data-is-only-node=\"\">*Testausolosuhteet: 50\u201365-vuotiaat osallistujat k\u00e4yttiv\u00e4t naamiota kerran 15 minuutin ajan kasvoilla. Tehokkuustutkimus tehtiin in vivo.<\/p>\n<p data-start=\"623\" data-end=\"768\" data-is-last-node=\"\"><strong>Ainesosat:<br \/>\n<\/strong>Aqua\/Water, Glycerin, Propylene Glycol, Sorbitol, Pentylene Glycol, Maris Aqua\/Sea Water, Spirulina Maxima Extract, Algae Extract\/Alaria Esculenta Extract, Maris Limus Extract\/Sea Silt Extract, Saccharide Isomerate, Ostrea Shell Extract\/Oyster Shell Extract, Caviar Extract, Alteromonas Ferment Extract, Sodium Hyaluronate, Biotin, Scleroglucan\/Sclerotium Gum, Phenoxyethanol, Tetrasodium Glutamate Diacetate, Sodium Hydroxide, Ethylhexylglycerin, Potassium Sorbate, Acrylates\/C10-30 Alkyl Acrylate Crosspolymer, Caprylic\/Capric Triglyceride<\/p>","protected":false},"excerpt":{"rendered":"<p>Kosteuttava ja t\u00e4ytel\u00e4ist\u00e4v\u00e4 hyaluronihapponaamio<\/p>\n<p class=\"translation-block\"><strong>Tuotteen edut<br><\/strong>\nV\u00e4hent\u00e4\u00e4 ryppyjen syvyytt\u00e4 jopa 16 %* vain 15 minuutissa<br>\nIhoa kiinteytt\u00e4v\u00e4 ja ryppyj\u00e4 ehk\u00e4isev\u00e4 naamio<br>\nTarjoaa intensiivist\u00e4 kosteutusta<br>\nKevyt hyaluronihappokangasnaamio, valmistettu kest\u00e4v\u00e4n bio-selluloosan avulla<br>\nSis\u00e4lt\u00e4\u00e4 planktonia ja hyaluronihappoa<br>\nTuoksuton<br><\/p>","protected":false},"featured_media":7153,"comment_status":"closed","ping_status":"closed","template":"","meta":{"_uag_custom_page_level_css":"","site-sidebar-layout":"default","site-content-layout":"","ast-site-content-layout":"default","site-content-style":"default","site-sidebar-style":"default","ast-global-header-display":"","ast-banner-title-visibility":"","ast-main-header-display":"","ast-hfb-above-header-display":"","ast-hfb-below-header-display":"","ast-hfb-mobile-header-display":"","site-post-title":"","ast-breadcrumbs-content":"","ast-featured-img":"","footer-sml-layout":"","ast-disable-related-posts":"","theme-transparent-header-meta":"default","adv-header-id-meta":"","stick-header-meta":"","header-above-stick-meta":"","header-main-stick-meta":"","header-below-stick-meta":"","astra-migrate-meta-layouts":"set","ast-page-background-enabled":"default","ast-page-background-meta":{"desktop":{"background-color":"var(--ast-global-color-4)","background-image":"","background-repeat":"repeat","background-position":"center center","background-size":"auto","background-attachment":"scroll","background-type":"","background-media":"","overlay-type":"","overlay-color":"","overlay-opacity":"","overlay-gradient":""},"tablet":{"background-color":"","background-image":"","background-repeat":"repeat","background-position":"center center","background-size":"auto","background-attachment":"scroll","background-type":"","background-media":"","overlay-type":"","overlay-color":"","overlay-opacity":"","overlay-gradient":""},"mobile":{"background-color":"","background-image":"","background-repeat":"repeat","background-position":"center center","background-size":"auto","background-attachment":"scroll","background-type":"","background-media":"","overlay-type":"","overlay-color":"","overlay-opacity":"","overlay-gradient":""}},"ast-content-background-meta":{"desktop":{"background-color":"var(--ast-global-color-5)","background-image":"","background-repeat":"repeat","background-position":"center center","background-size":"auto","background-attachment":"scroll","background-type":"","background-media":"","overlay-type":"","overlay-color":"","overlay-opacity":"","overlay-gradient":""},"tablet":{"background-color":"var(--ast-global-color-5)","background-image":"","background-repeat":"repeat","background-position":"center center","background-size":"auto","background-attachment":"scroll","background-type":"","background-media":"","overlay-type":"","overlay-color":"","overlay-opacity":"","overlay-gradient":""},"mobile":{"background-color":"var(--ast-global-color-5)","background-image":"","background-repeat":"repeat","background-position":"center center","background-size":"auto","background-attachment":"scroll","background-type":"","background-media":"","overlay-type":"","overlay-color":"","overlay-opacity":"","overlay-gradient":""}}},"product_brand":[],"product_cat":[125,97],"product_tag":[],"class_list":{"0":"post-7158","1":"product","2":"type-product","3":"status-publish","4":"has-post-thumbnail","6":"product_cat-dalton","7":"product_cat-naole","8":"desktop-align-left","9":"tablet-align-left","10":"mobile-align-left","12":"first","13":"onbackorder","14":"taxable","15":"shipping-taxable","16":"product-type-simple","17":"add-to-wishlist-before_image"},"uagb_featured_image_src":{"full":["https:\/\/kosmeetika24.com\/wp-content\/uploads\/2025\/11\/4054621560357.webp",540,540,false],"thumbnail":["https:\/\/kosmeetika24.com\/wp-content\/uploads\/2025\/11\/4054621560357-150x150.webp",150,150,true],"medium":["https:\/\/kosmeetika24.com\/wp-content\/uploads\/2025\/11\/4054621560357-300x300.webp",300,300,true],"medium_large":["https:\/\/kosmeetika24.com\/wp-content\/uploads\/2025\/11\/4054621560357.webp",540,540,false],"large":["https:\/\/kosmeetika24.com\/wp-content\/uploads\/2025\/11\/4054621560357.webp",540,540,false],"1536x1536":["https:\/\/kosmeetika24.com\/wp-content\/uploads\/2025\/11\/4054621560357.webp",540,540,false],"2048x2048":["https:\/\/kosmeetika24.com\/wp-content\/uploads\/2025\/11\/4054621560357.webp",540,540,false],"trp-custom-language-flag":["https:\/\/kosmeetika24.com\/wp-content\/uploads\/2025\/11\/4054621560357-12x12.webp",12,12,true],"woocommerce_thumbnail":["https:\/\/kosmeetika24.com\/wp-content\/uploads\/2025\/11\/4054621560357-300x300.webp",300,300,true],"woocommerce_single":["https:\/\/kosmeetika24.com\/wp-content\/uploads\/2025\/11\/4054621560357-500x500.webp",500,500,true],"woocommerce_gallery_thumbnail":["https:\/\/kosmeetika24.com\/wp-content\/uploads\/2025\/11\/4054621560357-100x100.webp",100,100,true]},"uagb_author_info":{"display_name":"admin","author_link":"https:\/\/kosmeetika24.com\/fi\/author\/"},"uagb_comment_info":0,"uagb_excerpt":"Niisutav ja t\u00e4idlust andev h\u00fcaluroonhappe mask Toote eelised V\u00e4hendab kortsude s\u00fcgavust kuni 16%* juba 15 minutiga Nahka pinguldav ja kortsudevastane mask Pakub intensiivset niisutust Kerge tekstuuriga h\u00fcaluroonhappe kangasmask, valmistatud j\u00e4tkusuutlikust bio-tselluloosist Sisaldab planktonit ja h\u00fcaluroonhapet L\u00f5hnavaba","_links":{"self":[{"href":"https:\/\/kosmeetika24.com\/fi\/wp-json\/wp\/v2\/product\/7158","targetHints":{"allow":["GET"]}}],"collection":[{"href":"https:\/\/kosmeetika24.com\/fi\/wp-json\/wp\/v2\/product"}],"about":[{"href":"https:\/\/kosmeetika24.com\/fi\/wp-json\/wp\/v2\/types\/product"}],"replies":[{"embeddable":true,"href":"https:\/\/kosmeetika24.com\/fi\/wp-json\/wp\/v2\/comments?post=7158"}],"version-history":[{"count":1,"href":"https:\/\/kosmeetika24.com\/fi\/wp-json\/wp\/v2\/product\/7158\/revisions"}],"predecessor-version":[{"id":7159,"href":"https:\/\/kosmeetika24.com\/fi\/wp-json\/wp\/v2\/product\/7158\/revisions\/7159"}],"wp:featuredmedia":[{"embeddable":true,"href":"https:\/\/kosmeetika24.com\/fi\/wp-json\/wp\/v2\/media\/7153"}],"wp:attachment":[{"href":"https:\/\/kosmeetika24.com\/fi\/wp-json\/wp\/v2\/media?parent=7158"}],"wp:term":[{"taxonomy":"product_brand","embeddable":true,"href":"https:\/\/kosmeetika24.com\/fi\/wp-json\/wp\/v2\/product_brand?post=7158"},{"taxonomy":"product_cat","embeddable":true,"href":"https:\/\/kosmeetika24.com\/fi\/wp-json\/wp\/v2\/product_cat?post=7158"},{"taxonomy":"product_tag","embeddable":true,"href":"https:\/\/kosmeetika24.com\/fi\/wp-json\/wp\/v2\/product_tag?post=7158"}],"curies":[{"name":"wp","href":"https:\/\/api.w.org\/{rel}","templated":true}]}}