{"id":7150,"date":"2025-11-05T13:40:22","date_gmt":"2025-11-05T10:40:22","guid":{"rendered":"https:\/\/kosmeetika24.com\/?post_type=product&#038;p=7150"},"modified":"2026-01-12T12:19:53","modified_gmt":"2026-01-12T09:19:53","slug":"dalton-redness-control-anti-redness-concentrate","status":"publish","type":"product","link":"https:\/\/kosmeetika24.com\/fi\/tuote\/dalton-redness-control-anti-redness-concentrate\/","title":{"rendered":"Dalton \u2013 Redness Control \u2013 Anti-Redness Concentrate"},"content":{"rendered":"<p><strong>Soome keeles:<\/strong><\/p>\n<p>Levit\u00e4 aamulla ja illalla puhdistetulle iholle ennen kasvovoiteen levitt\u00e4mist\u00e4. Levit\u00e4 muutama tippa ongelma-alueille tai suuremmille kasvojen alueille ja hiero hell\u00e4varaisesti ihoon.<\/p>\n<p><strong>Tuotekuvaus:<\/strong><\/p>\n<p class=\"translation-block\"><em>Anti-Redness Concentrate<\/em> tarjoaa tehokasta apua kuperoosalle ja punoittavalle iholle. \u00d6ljyt\u00f6n ja tuoksuton koostumus tekee tuotteesta sopivan my\u00f6s ruusufinnille alttiille ihotyypeille. Tutkimukset ovat osoittaneet, ett\u00e4 tuote v\u00e4hent\u00e4\u00e4 kasvojen punoitusta jopa 35 % ja n\u00e4kyvi\u00e4 teleangiektaasioita (laajentuneita verisuonia) 20 %*.<\/p>\n<p>Rauhoittava 5-yrttinen kompleksi (hevoskastanja, kapeak\u00e4rkinen rautayrtti, lakritsijuuri, keh\u00e4kukka ja aasialainen vesikrassi) vahvistaa kapillaareja ja tukee ihon rakennetta, est\u00e4en laajentuneiden verisuonten ilmestymisen. Tuote auttaa rauhoittamaan \u00e4rsytyst\u00e4 ja v\u00e4hent\u00e4\u00e4 punoituksen ja laikukkaan ihon n\u00e4kyvyytt\u00e4 kasvoilla. Hyaluronihappo palauttaa ihon kosteustasapainon ja kosteuttaa ihoa, j\u00e4tt\u00e4en ihon tasapainoiseksi ja tasaisen s\u00e4vyiseksi.<\/p>\n<p>Kuperoosa voi kehitty\u00e4 ruusufinniksi \u2013 krooninen ihon tulehdus, joka aiheuttaa voimakasta punoitusta. K\u00e4yt\u00e4 rauhoittavia tuotteita, jotka vahvistavat kapillaareja ja suojaavat ihoa.<\/p>\n<p><em>Testausolosuhteet: osallistujilla n\u00e4kyv\u00e4\u00e4 kuperoosaa; emulsion ja plasebon k\u00e4ytt\u00f6 (puolikas kasvo -tutkimus) 14 p\u00e4iv\u00e4n ajan. Tutkimus tehtiin in vivo.<\/em><\/p>\n<p><strong>Ainesosat<br \/>\n<\/strong>Aqua\/Water, Panthenol, Butylene Glycol, Pentylene Glycol, Maris Aqua\/Sea Water, Centella Asiatica Leaf Extract, Calendula Officinalis Flower Extract, Ruscus Aculeatus Root Extract, Ammonium Glycyrrhizate, Escin, Hydrolyzed Yeast Protein, Sodium Hyaluronate, Carbomer, Citric Acid, Phenoxyethanol, Sodium Citrate, Glycerin, Sodium Hydroxide, Ethylhexylglycerin, Acrylates\/C10-30 Alkyl Acrylate Crosspolymer.<\/p>","protected":false},"excerpt":{"rendered":"<p>Tuoksuton konsentraatti kuperoosaa ja ruusufinni\u00e4 omaavalle ihotyypille.<\/p>\n<p class=\"translation-block\">V\u00e4hent\u00e4\u00e4 kasvojen punoitusta jopa 35 %<br>\nKevyt geelim\u00e4inen koostumus<br>\nV\u00e4hent\u00e4\u00e4 n\u00e4kyvi\u00e4 punaisia verisuonia 21 %<br>\nHyaluronihappo kosteuttaa ihoa<br>\n\u00d6ljyt\u00f6n ja tuoksuton<br>\nSopii kuperoosalle alttiille iholle<br>\n93 % luonnollisia ainesosia<\/p>\n<p>&nbsp;<\/p>\n<p>15ml<\/p>\n<p>&nbsp;<\/p>","protected":false},"featured_media":7139,"comment_status":"closed","ping_status":"closed","template":"","meta":{"_uag_custom_page_level_css":"","site-sidebar-layout":"default","site-content-layout":"","ast-site-content-layout":"default","site-content-style":"default","site-sidebar-style":"default","ast-global-header-display":"","ast-banner-title-visibility":"","ast-main-header-display":"","ast-hfb-above-header-display":"","ast-hfb-below-header-display":"","ast-hfb-mobile-header-display":"","site-post-title":"","ast-breadcrumbs-content":"","ast-featured-img":"","footer-sml-layout":"","ast-disable-related-posts":"","theme-transparent-header-meta":"default","adv-header-id-meta":"","stick-header-meta":"","header-above-stick-meta":"","header-main-stick-meta":"","header-below-stick-meta":"","astra-migrate-meta-layouts":"set","ast-page-background-enabled":"default","ast-page-background-meta":{"desktop":{"background-color":"var(--ast-global-color-4)","background-image":"","background-repeat":"repeat","background-position":"center center","background-size":"auto","background-attachment":"scroll","background-type":"","background-media":"","overlay-type":"","overlay-color":"","overlay-opacity":"","overlay-gradient":""},"tablet":{"background-color":"","background-image":"","background-repeat":"repeat","background-position":"center center","background-size":"auto","background-attachment":"scroll","background-type":"","background-media":"","overlay-type":"","overlay-color":"","overlay-opacity":"","overlay-gradient":""},"mobile":{"background-color":"","background-image":"","background-repeat":"repeat","background-position":"center center","background-size":"auto","background-attachment":"scroll","background-type":"","background-media":"","overlay-type":"","overlay-color":"","overlay-opacity":"","overlay-gradient":""}},"ast-content-background-meta":{"desktop":{"background-color":"var(--ast-global-color-5)","background-image":"","background-repeat":"repeat","background-position":"center center","background-size":"auto","background-attachment":"scroll","background-type":"","background-media":"","overlay-type":"","overlay-color":"","overlay-opacity":"","overlay-gradient":""},"tablet":{"background-color":"var(--ast-global-color-5)","background-image":"","background-repeat":"repeat","background-position":"center center","background-size":"auto","background-attachment":"scroll","background-type":"","background-media":"","overlay-type":"","overlay-color":"","overlay-opacity":"","overlay-gradient":""},"mobile":{"background-color":"var(--ast-global-color-5)","background-image":"","background-repeat":"repeat","background-position":"center center","background-size":"auto","background-attachment":"scroll","background-type":"","background-media":"","overlay-type":"","overlay-color":"","overlay-opacity":"","overlay-gradient":""}}},"product_brand":[],"product_cat":[125,97],"product_tag":[],"class_list":{"0":"post-7150","1":"product","2":"type-product","3":"status-publish","4":"has-post-thumbnail","6":"product_cat-dalton","7":"product_cat-naole","8":"desktop-align-left","9":"tablet-align-left","10":"mobile-align-left","12":"first","13":"onbackorder","14":"taxable","15":"shipping-taxable","16":"product-type-simple","17":"add-to-wishlist-before_image"},"uagb_featured_image_src":{"full":["https:\/\/kosmeetika24.com\/wp-content\/uploads\/2025\/11\/4054621735212.webp",540,540,false],"thumbnail":["https:\/\/kosmeetika24.com\/wp-content\/uploads\/2025\/11\/4054621735212-150x150.webp",150,150,true],"medium":["https:\/\/kosmeetika24.com\/wp-content\/uploads\/2025\/11\/4054621735212-300x300.webp",300,300,true],"medium_large":["https:\/\/kosmeetika24.com\/wp-content\/uploads\/2025\/11\/4054621735212.webp",540,540,false],"large":["https:\/\/kosmeetika24.com\/wp-content\/uploads\/2025\/11\/4054621735212.webp",540,540,false],"1536x1536":["https:\/\/kosmeetika24.com\/wp-content\/uploads\/2025\/11\/4054621735212.webp",540,540,false],"2048x2048":["https:\/\/kosmeetika24.com\/wp-content\/uploads\/2025\/11\/4054621735212.webp",540,540,false],"trp-custom-language-flag":["https:\/\/kosmeetika24.com\/wp-content\/uploads\/2025\/11\/4054621735212-12x12.webp",12,12,true],"woocommerce_thumbnail":["https:\/\/kosmeetika24.com\/wp-content\/uploads\/2025\/11\/4054621735212-300x300.webp",300,300,true],"woocommerce_single":["https:\/\/kosmeetika24.com\/wp-content\/uploads\/2025\/11\/4054621735212-500x500.webp",500,500,true],"woocommerce_gallery_thumbnail":["https:\/\/kosmeetika24.com\/wp-content\/uploads\/2025\/11\/4054621735212-100x100.webp",100,100,true]},"uagb_author_info":{"display_name":"admin","author_link":"https:\/\/kosmeetika24.com\/fi\/author\/"},"uagb_comment_info":0,"uagb_excerpt":"Kuperoossele ja rosaatseale kalduvatele nahat\u00fc\u00fcpidele m\u00f5eldud l\u00f5hnavaba kontsentraat. V\u00e4hendab n\u00e4onaha punetust kuni 35% * Kerge geeli tekstuur V\u00e4hendab n\u00e4htavaid punaseid veresooni 21% * H\u00fcaluroonhape niisutab nahka \u00d5livaba ja l\u00f5hnavaba Sobib nahale, mis on kalduvus kuperoosale 93% looduslikke koostisosi &nbsp; 15ml &nbsp;","_links":{"self":[{"href":"https:\/\/kosmeetika24.com\/fi\/wp-json\/wp\/v2\/product\/7150","targetHints":{"allow":["GET"]}}],"collection":[{"href":"https:\/\/kosmeetika24.com\/fi\/wp-json\/wp\/v2\/product"}],"about":[{"href":"https:\/\/kosmeetika24.com\/fi\/wp-json\/wp\/v2\/types\/product"}],"replies":[{"embeddable":true,"href":"https:\/\/kosmeetika24.com\/fi\/wp-json\/wp\/v2\/comments?post=7150"}],"version-history":[{"count":1,"href":"https:\/\/kosmeetika24.com\/fi\/wp-json\/wp\/v2\/product\/7150\/revisions"}],"predecessor-version":[{"id":7151,"href":"https:\/\/kosmeetika24.com\/fi\/wp-json\/wp\/v2\/product\/7150\/revisions\/7151"}],"wp:featuredmedia":[{"embeddable":true,"href":"https:\/\/kosmeetika24.com\/fi\/wp-json\/wp\/v2\/media\/7139"}],"wp:attachment":[{"href":"https:\/\/kosmeetika24.com\/fi\/wp-json\/wp\/v2\/media?parent=7150"}],"wp:term":[{"taxonomy":"product_brand","embeddable":true,"href":"https:\/\/kosmeetika24.com\/fi\/wp-json\/wp\/v2\/product_brand?post=7150"},{"taxonomy":"product_cat","embeddable":true,"href":"https:\/\/kosmeetika24.com\/fi\/wp-json\/wp\/v2\/product_cat?post=7150"},{"taxonomy":"product_tag","embeddable":true,"href":"https:\/\/kosmeetika24.com\/fi\/wp-json\/wp\/v2\/product_tag?post=7150"}],"curies":[{"name":"wp","href":"https:\/\/api.w.org\/{rel}","templated":true}]}}