{"id":7145,"date":"2025-11-05T13:36:09","date_gmt":"2025-11-05T10:36:09","guid":{"rendered":"https:\/\/kosmeetika24.com\/?post_type=product&#038;p=7145"},"modified":"2026-01-12T12:20:05","modified_gmt":"2026-01-12T09:20:05","slug":"dalton-redness-control-anti-aging-couperose-serum","status":"publish","type":"product","link":"https:\/\/kosmeetika24.com\/fi\/tuote\/dalton-redness-control-anti-aging-couperose-serum\/","title":{"rendered":"Dalton \u2013 Redness Control \u2013 Anti-Aging Couperose Serum"},"content":{"rendered":"<p><strong>Soome keeles:<\/strong><\/p>\n<p>Levit\u00e4 seerumi aamulla ja illalla puhdistetulle kasvoille, kaulalle ja dekolteelle ennen kasvovoiteen levitt\u00e4mist\u00e4. Hiero hell\u00e4varaisesti ihoon.<\/p>\n<p><strong>Toote kirjeldus<\/strong><\/p>\n<p class=\"translation-block\">Kevyt koostumukseltaan <i>Anti-Aging Couperose Serum<\/i> auttaa lievitt\u00e4m\u00e4\u00e4n kuperoosan oireita (rikki menneet kapillaarit ja punoitus) sek\u00e4 n\u00e4kyvi\u00e4 ik\u00e4\u00e4ntymisen merkkej\u00e4. Yhdistettyn\u00e4 rauhoittavaan 5-yrttiseen kompleksiin, joka sis\u00e4lt\u00e4\u00e4 hevoskastanjaa, kapeak\u00e4rkisen rautayrtin uutetta, lakritsijuuren, keh\u00e4kukan ja aasialaisen vesikrassin, sek\u00e4 ainutlaatuiseen Celumer Marine Extract -uutteeseen ja hiivauutteeseen, t\u00e4m\u00e4 seerumi sopii erityisesti iholle, joka on altis n\u00e4kyville verisuonten laajenemisille.<\/p>\n<p>T\u00e4m\u00e4 seerumi v\u00e4hent\u00e4\u00e4 ihon punoitusta jopa 35 % ja n\u00e4kyvien punasolujen m\u00e4\u00e4r\u00e4\u00e4 21 %. Hyaluronihappo kosteuttaa ihoa, t\u00e4ytt\u00e4en hienoja juonteita ja silottaen ryppyj\u00e4. Lis\u00e4ksi seerumi sis\u00e4lt\u00e4\u00e4 pieni\u00e4 vihreit\u00e4 hohdepigmenttej\u00e4, jotka toimivat pehme\u00e4n\u00e4 tarkennussuotimena, peitt\u00e4en kasvojen punoituksen ja luoden vaikutelman tasaisesta, tasapainoisesta ihons\u00e4vyst\u00e4 ja nuorekkaammasta ilmeest\u00e4.<\/p>\n<p>Kuperoosa voi kehitty\u00e4 ruusufinniksi \u2013 krooninen ihon tulehdus, joka aiheuttaa voimakasta punoitusta. K\u00e4yt\u00e4 rauhoittavia tuotteita, jotka vahvistavat kapillaareja ja suojaavat ihoa.<\/p>\n<p><em>Testausolosuhteet: osallistujilla n\u00e4kyv\u00e4\u00e4 kuperoosaa; emulsion ja plasebon k\u00e4ytt\u00f6 (puolikas kasvo -tutkimus) 14 p\u00e4iv\u00e4n ajan. Tutkimus tehtiin in vivo.<\/em><\/p>\n<p><strong>Ainesosat<br \/>\n<\/strong>Aqua\/Water, Propanediol, Panthenol, Pentylene Glycol, Butylene Glycol, Maris Aqua\/Sea Water, Spirulina Maxima Extract, Algae Extract\/Alaria Esculenta Extract, Maris Limus Extract\/Sea Silt Extract, Saccharide Isomerate, Ostrea Shell Extract\/Oyster Shell Extract, Caviar Extract, Centella Asiatica Leaf Extract, Calendula Officinalis Flower Extract, Ruscus Aculeatus Root Extract, Ammonium Glycyrrhizate, Escin, Hydrolyzed Yeast Protein, Sodium Hyaluronate, Biotin, Sodium Hydroxide, Scleroglucan\/Sclerotium Gum, Mica, Citric Acid, Phenoxyethanol, Potassium Sorbate, Sodium Citrate, Propylene Glycol, Ethylhexylglycerin, Titanium Dioxide, Caprylic\/Capric Triglyceride, Silica, Glycerin, Carbomer, Acrylates\/C10-30 Alkyl Acrylate Crosspolymer, Citral, Hexyl Cinnamal, Limonene, Parfum\/Fragrance.<\/p>\n<p>898.-\u20ac\/l<\/p>","protected":false},"excerpt":{"rendered":"<p>Seerumi kuperoosalle ja punoittavalle iholle.<\/p>\n<p class=\"translation-block\">V\u00e4hent\u00e4\u00e4 kasvojen punoitusta jopa 35 %<br>\nKorkeakoncentroitu seerumi<br>\nRauhoittaa ja stabiloi ihoa<br>\nV\u00e4hent\u00e4\u00e4 n\u00e4kyvien punasolujen m\u00e4\u00e4r\u00e4\u00e4 jopa 21 %<br>\nHyaluronihappo t\u00e4ytt\u00e4\u00e4 ryppyj\u00e4<br>\nSopii kuperoosalle alttiille iholle<br>\n93 % luonnollisia ainesosia<\/p>\n<p>50ml<\/p>","protected":false},"featured_media":7138,"comment_status":"closed","ping_status":"closed","template":"","meta":{"_uag_custom_page_level_css":"","site-sidebar-layout":"default","site-content-layout":"","ast-site-content-layout":"default","site-content-style":"default","site-sidebar-style":"default","ast-global-header-display":"","ast-banner-title-visibility":"","ast-main-header-display":"","ast-hfb-above-header-display":"","ast-hfb-below-header-display":"","ast-hfb-mobile-header-display":"","site-post-title":"","ast-breadcrumbs-content":"","ast-featured-img":"","footer-sml-layout":"","ast-disable-related-posts":"","theme-transparent-header-meta":"default","adv-header-id-meta":"","stick-header-meta":"","header-above-stick-meta":"","header-main-stick-meta":"","header-below-stick-meta":"","astra-migrate-meta-layouts":"set","ast-page-background-enabled":"default","ast-page-background-meta":{"desktop":{"background-color":"var(--ast-global-color-4)","background-image":"","background-repeat":"repeat","background-position":"center center","background-size":"auto","background-attachment":"scroll","background-type":"","background-media":"","overlay-type":"","overlay-color":"","overlay-opacity":"","overlay-gradient":""},"tablet":{"background-color":"","background-image":"","background-repeat":"repeat","background-position":"center center","background-size":"auto","background-attachment":"scroll","background-type":"","background-media":"","overlay-type":"","overlay-color":"","overlay-opacity":"","overlay-gradient":""},"mobile":{"background-color":"","background-image":"","background-repeat":"repeat","background-position":"center center","background-size":"auto","background-attachment":"scroll","background-type":"","background-media":"","overlay-type":"","overlay-color":"","overlay-opacity":"","overlay-gradient":""}},"ast-content-background-meta":{"desktop":{"background-color":"var(--ast-global-color-5)","background-image":"","background-repeat":"repeat","background-position":"center center","background-size":"auto","background-attachment":"scroll","background-type":"","background-media":"","overlay-type":"","overlay-color":"","overlay-opacity":"","overlay-gradient":""},"tablet":{"background-color":"var(--ast-global-color-5)","background-image":"","background-repeat":"repeat","background-position":"center center","background-size":"auto","background-attachment":"scroll","background-type":"","background-media":"","overlay-type":"","overlay-color":"","overlay-opacity":"","overlay-gradient":""},"mobile":{"background-color":"var(--ast-global-color-5)","background-image":"","background-repeat":"repeat","background-position":"center center","background-size":"auto","background-attachment":"scroll","background-type":"","background-media":"","overlay-type":"","overlay-color":"","overlay-opacity":"","overlay-gradient":""}}},"product_brand":[],"product_cat":[125,97],"product_tag":[],"class_list":{"0":"post-7145","1":"product","2":"type-product","3":"status-publish","4":"has-post-thumbnail","6":"product_cat-dalton","7":"product_cat-naole","8":"desktop-align-left","9":"tablet-align-left","10":"mobile-align-left","12":"first","13":"onbackorder","14":"taxable","15":"shipping-taxable","16":"product-type-simple","17":"add-to-wishlist-before_image"},"uagb_featured_image_src":{"full":["https:\/\/kosmeetika24.com\/wp-content\/uploads\/2025\/11\/4054621735175.webp",540,540,false],"thumbnail":["https:\/\/kosmeetika24.com\/wp-content\/uploads\/2025\/11\/4054621735175-150x150.webp",150,150,true],"medium":["https:\/\/kosmeetika24.com\/wp-content\/uploads\/2025\/11\/4054621735175-300x300.webp",300,300,true],"medium_large":["https:\/\/kosmeetika24.com\/wp-content\/uploads\/2025\/11\/4054621735175.webp",540,540,false],"large":["https:\/\/kosmeetika24.com\/wp-content\/uploads\/2025\/11\/4054621735175.webp",540,540,false],"1536x1536":["https:\/\/kosmeetika24.com\/wp-content\/uploads\/2025\/11\/4054621735175.webp",540,540,false],"2048x2048":["https:\/\/kosmeetika24.com\/wp-content\/uploads\/2025\/11\/4054621735175.webp",540,540,false],"trp-custom-language-flag":["https:\/\/kosmeetika24.com\/wp-content\/uploads\/2025\/11\/4054621735175-12x12.webp",12,12,true],"woocommerce_thumbnail":["https:\/\/kosmeetika24.com\/wp-content\/uploads\/2025\/11\/4054621735175-300x300.webp",300,300,true],"woocommerce_single":["https:\/\/kosmeetika24.com\/wp-content\/uploads\/2025\/11\/4054621735175-500x500.webp",500,500,true],"woocommerce_gallery_thumbnail":["https:\/\/kosmeetika24.com\/wp-content\/uploads\/2025\/11\/4054621735175-100x100.webp",100,100,true]},"uagb_author_info":{"display_name":"admin","author_link":"https:\/\/kosmeetika24.com\/fi\/author\/"},"uagb_comment_info":0,"uagb_excerpt":"Kuperoossele ja punetavale nahale m\u00f5eldud seerum. V\u00e4hendab n\u00e4onaha punetust kuni 35% * K\u00f5rge kontsentratsiooniga seerum Rahustab ja stabiliseerib nahka V\u00e4hendab n\u00e4htavust punastest veresoontest kuni 21% * H\u00fcaluroonhape t\u00e4idab kortse Sobib nahale, millel on kalduvus kuperoosale 93% looduslikke koostisosi 50ml","_links":{"self":[{"href":"https:\/\/kosmeetika24.com\/fi\/wp-json\/wp\/v2\/product\/7145","targetHints":{"allow":["GET"]}}],"collection":[{"href":"https:\/\/kosmeetika24.com\/fi\/wp-json\/wp\/v2\/product"}],"about":[{"href":"https:\/\/kosmeetika24.com\/fi\/wp-json\/wp\/v2\/types\/product"}],"replies":[{"embeddable":true,"href":"https:\/\/kosmeetika24.com\/fi\/wp-json\/wp\/v2\/comments?post=7145"}],"version-history":[{"count":1,"href":"https:\/\/kosmeetika24.com\/fi\/wp-json\/wp\/v2\/product\/7145\/revisions"}],"predecessor-version":[{"id":7146,"href":"https:\/\/kosmeetika24.com\/fi\/wp-json\/wp\/v2\/product\/7145\/revisions\/7146"}],"wp:featuredmedia":[{"embeddable":true,"href":"https:\/\/kosmeetika24.com\/fi\/wp-json\/wp\/v2\/media\/7138"}],"wp:attachment":[{"href":"https:\/\/kosmeetika24.com\/fi\/wp-json\/wp\/v2\/media?parent=7145"}],"wp:term":[{"taxonomy":"product_brand","embeddable":true,"href":"https:\/\/kosmeetika24.com\/fi\/wp-json\/wp\/v2\/product_brand?post=7145"},{"taxonomy":"product_cat","embeddable":true,"href":"https:\/\/kosmeetika24.com\/fi\/wp-json\/wp\/v2\/product_cat?post=7145"},{"taxonomy":"product_tag","embeddable":true,"href":"https:\/\/kosmeetika24.com\/fi\/wp-json\/wp\/v2\/product_tag?post=7145"}],"curies":[{"name":"wp","href":"https:\/\/api.w.org\/{rel}","templated":true}]}}