{"id":7142,"date":"2025-11-05T13:34:17","date_gmt":"2025-11-05T10:34:17","guid":{"rendered":"https:\/\/kosmeetika24.com\/?post_type=product&#038;p=7142"},"modified":"2026-01-12T12:20:12","modified_gmt":"2026-01-12T09:20:12","slug":"dalton-redness-control-anti-redness-cream-rich","status":"publish","type":"product","link":"https:\/\/kosmeetika24.com\/fi\/tuote\/dalton-redness-control-anti-redness-cream-rich\/","title":{"rendered":"Dalton \u2013 Redness Control \u2013 Anti-Redness Cream Rich"},"content":{"rendered":"<p><strong>Soome keeles:<\/strong><\/p>\n<p>Levit\u00e4 aamulla ja illalla puhdistetuille kasvoille, kaulalle ja dekolteelle, ja hiero hell\u00e4varaisesti ihoon.<\/p>\n<p><strong>Tuotekuvaus:<\/strong><\/p>\n<p>T\u00e4m\u00e4 ravinteikas kasvovoide on erityisesti suunniteltu kuivalle iholle, joka on altis kuperoosalle. Luonnolliset ainesosat, kuten hiivauute ja 5-yrttinen rauhoittava kompleksi, joka sis\u00e4lt\u00e4\u00e4 hevoskastanjaa, kapeak\u00e4rkisen rautayrtin uutetta, lakritsijuuren, keh\u00e4kukan ja aasialaisen vesikrassin, rauhoittavat ihoa ja auttavat vahvistamaan sen luonnollista suojabarri\u00e4\u00e4ri\u00e4.<\/p>\n<p>Voide parantaa punottavan ja laikukkaan ihon ulkon\u00e4k\u00f6\u00e4 jopa 35 % ja v\u00e4hent\u00e4\u00e4 n\u00e4kyvi\u00e4 hiussuonia (teleangiektasia) kasvoilla. Mehil\u00e4isvaha ja urea suojaavat ihoa kuivumiselta, j\u00e4tt\u00e4en sen pehme\u00e4ksi ja kimmoisaksi. Iho tuntuu suojatulta, palautuneelta ja kosteutetulta.<\/p>\n<p>Kuperoosa voi kehitty\u00e4 ruusufinniksi \u2013 krooniseksi ihotulehdukseksi, joka aiheuttaa voimakasta punoitusta. Ennaltaehk\u00e4isev\u00e4 hoito on t\u00e4rke\u00e4\u00e4! K\u00e4yt\u00e4 rauhoittavia tuotteita, jotka auttavat vahvistamaan kapillaareja ja suojaavat ihoa p\u00e4ivitt\u00e4in.<\/p>\n<p><em>Testausolosuhteet: osallistujilla n\u00e4kyv\u00e4\u00e4 kuperoosaa; emulsion ja plasebon k\u00e4ytt\u00f6 (puolikas kasvo -tutkimus) 14 p\u00e4iv\u00e4n ajan. Tutkimus tehtiin in vivo.<\/em><\/p>\n<p><strong>Ainesosat<\/strong><br \/>\nAqua\/Water, Glycerin, Isopropyl Palmitate, Sorbitol, Tri(Polyglyceryl-3\/Lauryl) Hydrogenated Trilinoleate, Prunus Amygdalus Dulcis (Sweet Almond) Oil, Helianthus Annuus Hybrid Oil\/Helianthus Annuus (Sunflower) Seed Oil, Polyglyceryl-2 Sesquiisostearate, Butylene Glycol, Propylheptyl Caprylate, Hydrogenated Castor Oil, Coco-Caprylate, Cera Alba\/Beeswax, Panthenol, Maris Aqua\/Sea Water, Centella Asiatica Leaf Extract, Calendula Officinalis Flower Extract, Ruscus Aculeatus Root Extract, Ammonium Glycyrrhizate, Hydrolyzed Yeast Protein, Bisabolol, Helianthus Annuus (Sunflower) Seed Oil, Urea, Magnesium Sulfate, Sodium Lactate, Escin, Tocopherol, Pentylene Glycol, Allantoin, Sodium Citrate, Sodium Chloride, Ethylhexylglycerin, Serine, Lactic Acid, Pheoxyethanol, Potassium Sorbate, Citric Acid, Parfum\/Fragrance, Citral, Hexyl Cinnamal, Limonene.<\/p>\n<p>628.-\u20ac\/l<\/p>","protected":false},"excerpt":{"rendered":"<p>Rasvahappopitoinen kasvovoide kuperoosalle ja punoittavalle iholle<\/p>\n<p class=\"translation-block\">V\u00e4hent\u00e4\u00e4 kasvojen punoitusta jopa 35 %*<br>\nRikas ja ravitseva koostumus<br>\nRauhoittaa ja stabiloi ihoa<br>\nV\u00e4hent\u00e4\u00e4 n\u00e4kyvien punasolujen (telangiektasiat) m\u00e4\u00e4r\u00e4\u00e4 jopa 21 %** *<br>\nSis\u00e4lt\u00e4\u00e4 mehil\u00e4isvahaa, ureaa ja hiivauutetta<br>\nSopii kuperoosalle alttiille iholle<br>\n83 % luonnollisia ainesosia<\/p>\n<p>50ml<\/p>","protected":false},"featured_media":7135,"comment_status":"closed","ping_status":"closed","template":"","meta":{"_uag_custom_page_level_css":"","site-sidebar-layout":"default","site-content-layout":"","ast-site-content-layout":"default","site-content-style":"default","site-sidebar-style":"default","ast-global-header-display":"","ast-banner-title-visibility":"","ast-main-header-display":"","ast-hfb-above-header-display":"","ast-hfb-below-header-display":"","ast-hfb-mobile-header-display":"","site-post-title":"","ast-breadcrumbs-content":"","ast-featured-img":"","footer-sml-layout":"","ast-disable-related-posts":"","theme-transparent-header-meta":"default","adv-header-id-meta":"","stick-header-meta":"","header-above-stick-meta":"","header-main-stick-meta":"","header-below-stick-meta":"","astra-migrate-meta-layouts":"set","ast-page-background-enabled":"default","ast-page-background-meta":{"desktop":{"background-color":"var(--ast-global-color-4)","background-image":"","background-repeat":"repeat","background-position":"center center","background-size":"auto","background-attachment":"scroll","background-type":"","background-media":"","overlay-type":"","overlay-color":"","overlay-opacity":"","overlay-gradient":""},"tablet":{"background-color":"","background-image":"","background-repeat":"repeat","background-position":"center center","background-size":"auto","background-attachment":"scroll","background-type":"","background-media":"","overlay-type":"","overlay-color":"","overlay-opacity":"","overlay-gradient":""},"mobile":{"background-color":"","background-image":"","background-repeat":"repeat","background-position":"center center","background-size":"auto","background-attachment":"scroll","background-type":"","background-media":"","overlay-type":"","overlay-color":"","overlay-opacity":"","overlay-gradient":""}},"ast-content-background-meta":{"desktop":{"background-color":"var(--ast-global-color-5)","background-image":"","background-repeat":"repeat","background-position":"center center","background-size":"auto","background-attachment":"scroll","background-type":"","background-media":"","overlay-type":"","overlay-color":"","overlay-opacity":"","overlay-gradient":""},"tablet":{"background-color":"var(--ast-global-color-5)","background-image":"","background-repeat":"repeat","background-position":"center center","background-size":"auto","background-attachment":"scroll","background-type":"","background-media":"","overlay-type":"","overlay-color":"","overlay-opacity":"","overlay-gradient":""},"mobile":{"background-color":"var(--ast-global-color-5)","background-image":"","background-repeat":"repeat","background-position":"center center","background-size":"auto","background-attachment":"scroll","background-type":"","background-media":"","overlay-type":"","overlay-color":"","overlay-opacity":"","overlay-gradient":""}}},"product_brand":[],"product_cat":[125,97],"product_tag":[],"class_list":{"0":"post-7142","1":"product","2":"type-product","3":"status-publish","4":"has-post-thumbnail","6":"product_cat-dalton","7":"product_cat-naole","8":"desktop-align-left","9":"tablet-align-left","10":"mobile-align-left","12":"first","13":"onbackorder","14":"taxable","15":"shipping-taxable","16":"product-type-simple","17":"add-to-wishlist-before_image"},"uagb_featured_image_src":{"full":["https:\/\/kosmeetika24.com\/wp-content\/uploads\/2025\/11\/4054621735052.webp",540,540,false],"thumbnail":["https:\/\/kosmeetika24.com\/wp-content\/uploads\/2025\/11\/4054621735052-150x150.webp",150,150,true],"medium":["https:\/\/kosmeetika24.com\/wp-content\/uploads\/2025\/11\/4054621735052-300x300.webp",300,300,true],"medium_large":["https:\/\/kosmeetika24.com\/wp-content\/uploads\/2025\/11\/4054621735052.webp",540,540,false],"large":["https:\/\/kosmeetika24.com\/wp-content\/uploads\/2025\/11\/4054621735052.webp",540,540,false],"1536x1536":["https:\/\/kosmeetika24.com\/wp-content\/uploads\/2025\/11\/4054621735052.webp",540,540,false],"2048x2048":["https:\/\/kosmeetika24.com\/wp-content\/uploads\/2025\/11\/4054621735052.webp",540,540,false],"trp-custom-language-flag":["https:\/\/kosmeetika24.com\/wp-content\/uploads\/2025\/11\/4054621735052-12x12.webp",12,12,true],"woocommerce_thumbnail":["https:\/\/kosmeetika24.com\/wp-content\/uploads\/2025\/11\/4054621735052-300x300.webp",300,300,true],"woocommerce_single":["https:\/\/kosmeetika24.com\/wp-content\/uploads\/2025\/11\/4054621735052-500x500.webp",500,500,true],"woocommerce_gallery_thumbnail":["https:\/\/kosmeetika24.com\/wp-content\/uploads\/2025\/11\/4054621735052-100x100.webp",100,100,true]},"uagb_author_info":{"display_name":"admin","author_link":"https:\/\/kosmeetika24.com\/fi\/author\/"},"uagb_comment_info":0,"uagb_excerpt":"Lipiidirikas n\u00e4okreem kuperoosale ja punetavale nahale V\u00e4hendab n\u00e4onaha punetust kuni 35% * Rikas ja toitva koostisega Rahustab ja stabiliseerib nahka V\u00e4hendab n\u00e4htavust punastest veresoonte kohtadest (telangiektaasiad) kuni 21%** * Sisaldab mesilasvaha, uureat ja p\u00e4rmiekstrakti Sobib nahale, millel on kalduvus kuperoosale 83% looduslikke koostisosi . 50ml","_links":{"self":[{"href":"https:\/\/kosmeetika24.com\/fi\/wp-json\/wp\/v2\/product\/7142","targetHints":{"allow":["GET"]}}],"collection":[{"href":"https:\/\/kosmeetika24.com\/fi\/wp-json\/wp\/v2\/product"}],"about":[{"href":"https:\/\/kosmeetika24.com\/fi\/wp-json\/wp\/v2\/types\/product"}],"replies":[{"embeddable":true,"href":"https:\/\/kosmeetika24.com\/fi\/wp-json\/wp\/v2\/comments?post=7142"}],"version-history":[{"count":2,"href":"https:\/\/kosmeetika24.com\/fi\/wp-json\/wp\/v2\/product\/7142\/revisions"}],"predecessor-version":[{"id":7144,"href":"https:\/\/kosmeetika24.com\/fi\/wp-json\/wp\/v2\/product\/7142\/revisions\/7144"}],"wp:featuredmedia":[{"embeddable":true,"href":"https:\/\/kosmeetika24.com\/fi\/wp-json\/wp\/v2\/media\/7135"}],"wp:attachment":[{"href":"https:\/\/kosmeetika24.com\/fi\/wp-json\/wp\/v2\/media?parent=7142"}],"wp:term":[{"taxonomy":"product_brand","embeddable":true,"href":"https:\/\/kosmeetika24.com\/fi\/wp-json\/wp\/v2\/product_brand?post=7142"},{"taxonomy":"product_cat","embeddable":true,"href":"https:\/\/kosmeetika24.com\/fi\/wp-json\/wp\/v2\/product_cat?post=7142"},{"taxonomy":"product_tag","embeddable":true,"href":"https:\/\/kosmeetika24.com\/fi\/wp-json\/wp\/v2\/product_tag?post=7142"}],"curies":[{"name":"wp","href":"https:\/\/api.w.org\/{rel}","templated":true}]}}