{"id":7129,"date":"2025-11-06T17:29:07","date_gmt":"2025-11-06T14:29:07","guid":{"rendered":"https:\/\/kosmeetika24.com\/?post_type=product&#038;p=7129"},"modified":"2026-01-12T12:11:23","modified_gmt":"2026-01-12T09:11:23","slug":"dalton-redness-control-anti-redness-cream-light","status":"publish","type":"product","link":"https:\/\/kosmeetika24.com\/fi\/tuote\/dalton-redness-control-anti-redness-cream-light\/","title":{"rendered":"Dalton \u2013 Redness Control \u2013 Anti-Redness Cream Light"},"content":{"rendered":"<p><strong>K\u00e4ytt\u00f6<\/strong><\/p>\n<p>Levit\u00e4 aamulla ja illalla puhdistetuille kasvoille, kaulalle ja dekolteelle, ja hiero hell\u00e4varaisesti ihoon.<\/p>\n<p><strong>Tuotekuvaus:<\/strong><\/p>\n<p>Punoitusta v\u00e4hent\u00e4v\u00e4 kosteuttaja on eritt\u00e4in kevyt ja nopeasti imeytyv\u00e4, mik\u00e4 tekee siit\u00e4 erityisen sopivan rasvaiselle ja sekaiholle, joka on altis punoitukselle ja h\u00e4m\u00e4h\u00e4kkisuonille kasvoilla. Se kosteuttaa ihoa samalla minimoiden laajentuneiden verisuonten ja h\u00e4m\u00e4h\u00e4kkisuonien n\u00e4kyvyytt\u00e4. Kiitos meid\u00e4n 5-yrttisen sekoituksemme (hevoskastanja, lihurinharja, lakritsijuuri, keh\u00e4kukka, Centella asiatica) supistavan vaikutuksen, t\u00e4m\u00e4 hajusteeton voide vahvistaa kapillaarien seini\u00e4 ja sidekudosta, v\u00e4hent\u00e4en kasvojen rikkoutuneita kapillaareja 21 % ja kasvojen punoitusta 35 %* \u2013 rauhallisen ja tasapainoisen ihon saavuttamiseksi. Allantiini rauhoittaa ihoa, ja urea auttaa s\u00e4ilytt\u00e4m\u00e4\u00e4n kosteuden.<\/p>\n<p>Joissakin tapauksissa couperosa voi kehitty\u00e4 ruusuforreaksi, ihosairaudeksi, joka aiheuttaa kroonista tulehdusta ja voimakasta punoitusta kasvoilla. Suojaa ihoa ennakolta ja k\u00e4yt\u00e4 rauhoittavia tuotteita, jotka vahvistavat kapillaareja.<\/p>\n<p><i>Testausolosuhteet: Havaittavalla couperosalla olevat koehenkil\u00f6t; emulsiovalmisteen ja plasebon (puolikas kasvo -tutkimus) levitys 14 p\u00e4iv\u00e4n ajan. Tutkimus tehtiin in vivo.<\/i><\/p>\n<p><strong>Ainesosat<br \/>\n<\/strong>Aqua\/Water, Glyceryl Stearate Citrate, Caprylic\/Capric Triglyceride, Butylene Glycol, Cyclopentasiloxane, Sorbitol, Panthenol, Cyclohexasiloxane, Myristyl Alcohol, Simmondsia Chinensis (Jojoba) Seed Oil, Maris Aqua\/Sea Water, Centella Asiatica Leaf Extract, Calendula Officinalis Flower Extract, Ruscus Aculeatus Root Extract, Ammonium Glycyrrhizate, Escin, Hydrolyzed Yeast Protein, Allantoin, Butyrospermum Parkii (Shea) Butter, Bisabolol, Tocopherol, Serine, Urea, TEA-Lactate, Sodium Benzoate, Sodium Lactate, Lactic Acid, Citric Acid, Phenoxyethanol, Xanthan Gum, Ethylhexylglycerin, Cetearyl Alcohol, Sodium Sulfate, Sodium Citrate, Glycerin, Sodium Hydroxide, Sodium Chloride, Tetrasodium Glutamate Diacetate, Caprylyl Glycol, Hydrogenated Palm Glycerides Citrate, Blue 1 (CI 42090)<\/p>\n<p>698.-\u20ac\/l<\/p>","protected":false},"excerpt":{"rendered":"<p>Kevyt kasvovoide punoitukselle, couperoselle ja ruusuforrealt iholle<\/p>\n<p class=\"translation-block\"><strong>Tuotteen edut:<br><\/strong>\nV\u00e4hent\u00e4\u00e4 kasvojen punoitusta jopa 35 %<br>\nKevyt voiteen koostumus<br>\nStabiloi ja rauhoittaa ihoa<br>\nV\u00e4hent\u00e4\u00e4 n\u00e4kyvi\u00e4 punaisia verisuonia 21 %<br>\nSis\u00e4lt\u00e4\u00e4 allantoiinia, ureaa ja hiivauutetta<br>\nIlman hajusteita, mikromuovia, PEG-yhdisteit\u00e4, mineraali\u00f6ljy\u00e4 ja parabeeneja<br>\nKuperoosalle altistuvalle iholle<br>\n95 % luonnollisia ainesosia<\/p>","protected":false},"featured_media":7140,"comment_status":"closed","ping_status":"closed","template":"","meta":{"_uag_custom_page_level_css":"","site-sidebar-layout":"default","site-content-layout":"","ast-site-content-layout":"default","site-content-style":"default","site-sidebar-style":"default","ast-global-header-display":"","ast-banner-title-visibility":"","ast-main-header-display":"","ast-hfb-above-header-display":"","ast-hfb-below-header-display":"","ast-hfb-mobile-header-display":"","site-post-title":"","ast-breadcrumbs-content":"","ast-featured-img":"","footer-sml-layout":"","ast-disable-related-posts":"","theme-transparent-header-meta":"default","adv-header-id-meta":"","stick-header-meta":"","header-above-stick-meta":"","header-main-stick-meta":"","header-below-stick-meta":"","astra-migrate-meta-layouts":"set","ast-page-background-enabled":"default","ast-page-background-meta":{"desktop":{"background-color":"var(--ast-global-color-4)","background-image":"","background-repeat":"repeat","background-position":"center center","background-size":"auto","background-attachment":"scroll","background-type":"","background-media":"","overlay-type":"","overlay-color":"","overlay-opacity":"","overlay-gradient":""},"tablet":{"background-color":"","background-image":"","background-repeat":"repeat","background-position":"center center","background-size":"auto","background-attachment":"scroll","background-type":"","background-media":"","overlay-type":"","overlay-color":"","overlay-opacity":"","overlay-gradient":""},"mobile":{"background-color":"","background-image":"","background-repeat":"repeat","background-position":"center center","background-size":"auto","background-attachment":"scroll","background-type":"","background-media":"","overlay-type":"","overlay-color":"","overlay-opacity":"","overlay-gradient":""}},"ast-content-background-meta":{"desktop":{"background-color":"var(--ast-global-color-5)","background-image":"","background-repeat":"repeat","background-position":"center center","background-size":"auto","background-attachment":"scroll","background-type":"","background-media":"","overlay-type":"","overlay-color":"","overlay-opacity":"","overlay-gradient":""},"tablet":{"background-color":"var(--ast-global-color-5)","background-image":"","background-repeat":"repeat","background-position":"center center","background-size":"auto","background-attachment":"scroll","background-type":"","background-media":"","overlay-type":"","overlay-color":"","overlay-opacity":"","overlay-gradient":""},"mobile":{"background-color":"var(--ast-global-color-5)","background-image":"","background-repeat":"repeat","background-position":"center center","background-size":"auto","background-attachment":"scroll","background-type":"","background-media":"","overlay-type":"","overlay-color":"","overlay-opacity":"","overlay-gradient":""}}},"product_brand":[],"product_cat":[125,97],"product_tag":[],"class_list":{"0":"post-7129","1":"product","2":"type-product","3":"status-publish","4":"has-post-thumbnail","6":"product_cat-dalton","7":"product_cat-naole","8":"desktop-align-left","9":"tablet-align-left","10":"mobile-align-left","12":"first","13":"onbackorder","14":"taxable","15":"shipping-taxable","16":"product-type-simple","17":"add-to-wishlist-before_image"},"uagb_featured_image_src":{"full":["https:\/\/kosmeetika24.com\/wp-content\/uploads\/2025\/11\/dalton_pdp_redness_control_creme_light_l7351450.avif",823,960,false],"thumbnail":["https:\/\/kosmeetika24.com\/wp-content\/uploads\/2025\/11\/dalton_pdp_redness_control_creme_light_l7351450-150x150.avif",150,150,true],"medium":["https:\/\/kosmeetika24.com\/wp-content\/uploads\/2025\/11\/dalton_pdp_redness_control_creme_light_l7351450-257x300.avif",257,300,true],"medium_large":["https:\/\/kosmeetika24.com\/wp-content\/uploads\/2025\/11\/dalton_pdp_redness_control_creme_light_l7351450-768x896.avif",768,896,true],"large":["https:\/\/kosmeetika24.com\/wp-content\/uploads\/2025\/11\/dalton_pdp_redness_control_creme_light_l7351450.avif",823,960,false],"1536x1536":["https:\/\/kosmeetika24.com\/wp-content\/uploads\/2025\/11\/dalton_pdp_redness_control_creme_light_l7351450.avif",823,960,false],"2048x2048":["https:\/\/kosmeetika24.com\/wp-content\/uploads\/2025\/11\/dalton_pdp_redness_control_creme_light_l7351450.avif",823,960,false],"trp-custom-language-flag":["https:\/\/kosmeetika24.com\/wp-content\/uploads\/2025\/11\/dalton_pdp_redness_control_creme_light_l7351450-10x12.avif",10,12,true],"woocommerce_thumbnail":["https:\/\/kosmeetika24.com\/wp-content\/uploads\/2025\/11\/dalton_pdp_redness_control_creme_light_l7351450-300x300.avif",300,300,true],"woocommerce_single":["https:\/\/kosmeetika24.com\/wp-content\/uploads\/2025\/11\/dalton_pdp_redness_control_creme_light_l7351450-500x583.avif",500,583,true],"woocommerce_gallery_thumbnail":["https:\/\/kosmeetika24.com\/wp-content\/uploads\/2025\/11\/dalton_pdp_redness_control_creme_light_l7351450-100x100.avif",100,100,true]},"uagb_author_info":{"display_name":"admin","author_link":"https:\/\/kosmeetika24.com\/fi\/author\/"},"uagb_comment_info":0,"uagb_excerpt":"Kerge n\u00e4okreem punetusele, kuperoosale ja rosaatseale kalduvale nahale Toote eelised: N\u00e4o punetuse v\u00e4hendamine kuni 35%* Kerge kreemi tekstuur Stabiliseerib ja rahustab nahka N\u00e4htavate punaste veresoonte v\u00e4henemine 21%* Allantoiini, uurea ja p\u00e4rmiekstraktiga L\u00f5hnaainete, mikroplasti, PEG-ide, mineraal\u00f5li ja parabeenide vaba Kuperoosale kalduvale nahale 95% looduslikke koostisosi","_links":{"self":[{"href":"https:\/\/kosmeetika24.com\/fi\/wp-json\/wp\/v2\/product\/7129","targetHints":{"allow":["GET"]}}],"collection":[{"href":"https:\/\/kosmeetika24.com\/fi\/wp-json\/wp\/v2\/product"}],"about":[{"href":"https:\/\/kosmeetika24.com\/fi\/wp-json\/wp\/v2\/types\/product"}],"replies":[{"embeddable":true,"href":"https:\/\/kosmeetika24.com\/fi\/wp-json\/wp\/v2\/comments?post=7129"}],"version-history":[{"count":1,"href":"https:\/\/kosmeetika24.com\/fi\/wp-json\/wp\/v2\/product\/7129\/revisions"}],"predecessor-version":[{"id":7130,"href":"https:\/\/kosmeetika24.com\/fi\/wp-json\/wp\/v2\/product\/7129\/revisions\/7130"}],"wp:featuredmedia":[{"embeddable":true,"href":"https:\/\/kosmeetika24.com\/fi\/wp-json\/wp\/v2\/media\/7140"}],"wp:attachment":[{"href":"https:\/\/kosmeetika24.com\/fi\/wp-json\/wp\/v2\/media?parent=7129"}],"wp:term":[{"taxonomy":"product_brand","embeddable":true,"href":"https:\/\/kosmeetika24.com\/fi\/wp-json\/wp\/v2\/product_brand?post=7129"},{"taxonomy":"product_cat","embeddable":true,"href":"https:\/\/kosmeetika24.com\/fi\/wp-json\/wp\/v2\/product_cat?post=7129"},{"taxonomy":"product_tag","embeddable":true,"href":"https:\/\/kosmeetika24.com\/fi\/wp-json\/wp\/v2\/product_tag?post=7129"}],"curies":[{"name":"wp","href":"https:\/\/api.w.org\/{rel}","templated":true}]}}