{"id":7126,"date":"2025-11-06T17:25:40","date_gmt":"2025-11-06T14:25:40","guid":{"rendered":"https:\/\/kosmeetika24.com\/?post_type=product&#038;p=7126"},"modified":"2026-01-12T12:12:08","modified_gmt":"2026-01-12T09:12:08","slug":"dalton-hand-care-anti-aging-hand-cream","status":"publish","type":"product","link":"https:\/\/kosmeetika24.com\/fi\/tuote\/dalton-hand-care-anti-aging-hand-cream\/","title":{"rendered":"Dalton \u2013 Hand Care \u2013 Anti-Aging Hand Cream"},"content":{"rendered":"<p class=\"translation-block\" data-start=\"0\" data-end=\"281\">P\u00e4iv\u00e4 p\u00e4iv\u00e4lt\u00e4 aika j\u00e4tt\u00e4\u00e4 j\u00e4lkens\u00e4 ihoomme \u2013 ei vain kasvoille, vaan my\u00f6s k\u00e4sille.<br data-start=\"82\" data-end=\"85\">Kosteuttava ik\u00e4\u00e4ntymist\u00e4 ehk\u00e4isev\u00e4 k\u00e4sivoide ruskealla merilev\u00e4ll\u00e4 ja B3-vitamiinilla v\u00e4hent\u00e4\u00e4 tummien l\u00e4iskien ja ik\u00e4juovien n\u00e4kyvyytt\u00e4, est\u00e4\u00e4 uuden hyperpigmentaation muodostumista ja tekee ihosta tasaisemman ja sile\u00e4mm\u00e4n.<\/p>\n<p class=\"translation-block\" data-start=\"283\" data-end=\"531\">Voide on rikastettu ainutlaatuisella <strong data-start=\"319\" data-end=\"346\">Celumer-meriuutteella<\/strong>, joka stimuloi solujen aineenvaihduntaa ja tasoittaa juonteita ja ryppyj\u00e4.<br data-start=\"408\" data-end=\"411\">Ravitseva trio \u2013 <strong data-start=\"425\" data-end=\"472\">shea-voi, keh\u00e4kukan siemen\u00f6ljy ja avokado\u00f6ljy<\/strong> \u2013 auttaa pehment\u00e4m\u00e4\u00e4n ja suojaamaan halkeilevia ja kuivia k\u00e4si\u00e4.<\/p>\n<p class=\"\" data-start=\"533\" data-end=\"624\">T\u00e4m\u00e4 ryppyj\u00e4 ehk\u00e4isev\u00e4 k\u00e4sivoide imeytyy nopeasti eik\u00e4 j\u00e4t\u00e4 ihoa rasvaiseksi tai tahmeaksi.<\/p>\n<p class=\"translation-block\" data-start=\"351\" data-end=\"630\"><strong>K\u00e4ytt\u00f6:<\/strong><br>Levit\u00e4 herneen- tai hasselp\u00e4hkin\u00e4n kokoinen m\u00e4\u00e4r\u00e4 voidetta k\u00e4sille ja hiero varovasti ihoon. Tehokkaaseen ik\u00e4- ja hyperpigmenttien hoitoon voidetta voidaan k\u00e4ytt\u00e4\u00e4 my\u00f6s k\u00e4sinaamiona: levit\u00e4 paksumpi kerros iholle, laita p\u00e4\u00e4lle puuvillahanskat ja anna vaikuttaa 15\u201320 minuuttia.<\/p>\n<p class=\"translation-block\" data-start=\"632\" data-end=\"825\"><strong>Vinkki:<\/strong><br>Tihe\u00e4 k\u00e4sienpesu ja desinfiointi voivat rasittaa ihoa. Nopeaimeytyv\u00e4 ik\u00e4\u00e4ntymist\u00e4 ehk\u00e4isev\u00e4 k\u00e4sivoide auttaa palauttamaan ihon luonnollisen suojabarri\u00e4\u00e4rin ja j\u00e4tt\u00e4\u00e4 pitk\u00e4kestoisen mukavuuden tunteen.<\/p>\n<p><strong>Ainesosat<br \/>\n<\/strong>Aqua\/Water, Pentylene Glycol, Glycerin, Isopropyl Myristate, Persea Gratissima Avocado) Oil, Butyrospermum Parkii (Shea) Butter, Cetearyl Alcohol, Limnanthes Alba (Meadowfoam) Seed Oil, Chondrus Crispus Powder, Niacinamide, Caviar Extract, Maris Aqua\/Sea Water, Maris Limus Extract\/Sea Silt Extract, Ostrea Shell Extract\/Oyster Shell Extract, Saccharide Isomerate, Spirulina Maxima Extract, Algae Extract\/Alaria Esculenta Extract, Dictyopteris Polypodioides Extract, Sodium Ascorbyl Phosphate, Caprylic\/Capric Triglyceride, Xanthan Gum, Sodium Stearoyl Glutamate, Propylene Glycol, Phenoxyethanol, Citric Acid, Hydroxyacetophenone, Potassium Sorbate, Parfum\/Fragrance, Linalool, Citronellol, Limonene, Benzyl Salicylate, Geraniol.<\/p>\n<p>265.33 \u20ac\/l<\/p>","protected":false},"excerpt":{"rendered":"<p class=\"\" data-start=\"34\" data-end=\"171\">Sileytt\u00e4v\u00e4 k\u00e4sivoide niasiinamidilla tummien l\u00e4iskien v\u00e4hent\u00e4miseksi<\/p>\n<p class=\"\" data-start=\"173\" data-end=\"193\"><strong data-start=\"173\" data-end=\"191\">Tuotteen edut:<\/strong><\/p>\n<ul data-start=\"194\" data-end=\"349\">\n<li class=\"\" data-start=\"194\" data-end=\"242\">\n<p class=\"\" data-start=\"196\" data-end=\"242\">Auttaa v\u00e4hent\u00e4m\u00e4\u00e4n pigmenttil\u00e4iski\u00e4 ja ik\u00e4juovia<\/p>\n<\/li>\n<li class=\"\" data-start=\"243\" data-end=\"269\">\n<p class=\"\" data-start=\"245\" data-end=\"269\">Nopeasti imeytyv\u00e4 voide<\/p>\n<\/li>\n<li class=\"\" data-start=\"270\" data-end=\"313\">\n<p class=\"\" data-start=\"272\" data-end=\"313\">Sis\u00e4lt\u00e4\u00e4 niasiiniamidia ja ruskeaa merilev\u00e4\u00e4<\/p>\n<\/li>\n<li class=\"\" data-start=\"314\" data-end=\"330\">\n<p class=\"\" data-start=\"316\" data-end=\"330\">Sileytt\u00e4\u00e4 ryppyj\u00e4<\/p>\n<\/li>\n<li class=\"\" data-start=\"331\" data-end=\"349\">\n<p class=\"\" data-start=\"333\" data-end=\"349\">Kosteuttaa ihoa<\/p>\n<\/li>\n<\/ul>\n<p>75 ml<\/p>","protected":false},"featured_media":7127,"comment_status":"closed","ping_status":"closed","template":"","meta":{"_uag_custom_page_level_css":"","site-sidebar-layout":"default","site-content-layout":"","ast-site-content-layout":"default","site-content-style":"default","site-sidebar-style":"default","ast-global-header-display":"","ast-banner-title-visibility":"","ast-main-header-display":"","ast-hfb-above-header-display":"","ast-hfb-below-header-display":"","ast-hfb-mobile-header-display":"","site-post-title":"","ast-breadcrumbs-content":"","ast-featured-img":"","footer-sml-layout":"","ast-disable-related-posts":"","theme-transparent-header-meta":"default","adv-header-id-meta":"","stick-header-meta":"","header-above-stick-meta":"","header-main-stick-meta":"","header-below-stick-meta":"","astra-migrate-meta-layouts":"set","ast-page-background-enabled":"default","ast-page-background-meta":{"desktop":{"background-color":"var(--ast-global-color-4)","background-image":"","background-repeat":"repeat","background-position":"center center","background-size":"auto","background-attachment":"scroll","background-type":"","background-media":"","overlay-type":"","overlay-color":"","overlay-opacity":"","overlay-gradient":""},"tablet":{"background-color":"","background-image":"","background-repeat":"repeat","background-position":"center center","background-size":"auto","background-attachment":"scroll","background-type":"","background-media":"","overlay-type":"","overlay-color":"","overlay-opacity":"","overlay-gradient":""},"mobile":{"background-color":"","background-image":"","background-repeat":"repeat","background-position":"center center","background-size":"auto","background-attachment":"scroll","background-type":"","background-media":"","overlay-type":"","overlay-color":"","overlay-opacity":"","overlay-gradient":""}},"ast-content-background-meta":{"desktop":{"background-color":"var(--ast-global-color-5)","background-image":"","background-repeat":"repeat","background-position":"center center","background-size":"auto","background-attachment":"scroll","background-type":"","background-media":"","overlay-type":"","overlay-color":"","overlay-opacity":"","overlay-gradient":""},"tablet":{"background-color":"var(--ast-global-color-5)","background-image":"","background-repeat":"repeat","background-position":"center center","background-size":"auto","background-attachment":"scroll","background-type":"","background-media":"","overlay-type":"","overlay-color":"","overlay-opacity":"","overlay-gradient":""},"mobile":{"background-color":"var(--ast-global-color-5)","background-image":"","background-repeat":"repeat","background-position":"center center","background-size":"auto","background-attachment":"scroll","background-type":"","background-media":"","overlay-type":"","overlay-color":"","overlay-opacity":"","overlay-gradient":""}}},"product_brand":[],"product_cat":[125,98],"product_tag":[],"class_list":{"0":"post-7126","1":"product","2":"type-product","3":"status-publish","4":"has-post-thumbnail","6":"product_cat-dalton","7":"product_cat-kehale","8":"desktop-align-left","9":"tablet-align-left","10":"mobile-align-left","12":"first","13":"onbackorder","14":"taxable","15":"shipping-taxable","16":"product-type-simple","17":"add-to-wishlist-before_image"},"uagb_featured_image_src":{"full":["https:\/\/kosmeetika24.com\/wp-content\/uploads\/2025\/11\/4054621810094.webp",540,540,false],"thumbnail":["https:\/\/kosmeetika24.com\/wp-content\/uploads\/2025\/11\/4054621810094-150x150.webp",150,150,true],"medium":["https:\/\/kosmeetika24.com\/wp-content\/uploads\/2025\/11\/4054621810094-300x300.webp",300,300,true],"medium_large":["https:\/\/kosmeetika24.com\/wp-content\/uploads\/2025\/11\/4054621810094.webp",540,540,false],"large":["https:\/\/kosmeetika24.com\/wp-content\/uploads\/2025\/11\/4054621810094.webp",540,540,false],"1536x1536":["https:\/\/kosmeetika24.com\/wp-content\/uploads\/2025\/11\/4054621810094.webp",540,540,false],"2048x2048":["https:\/\/kosmeetika24.com\/wp-content\/uploads\/2025\/11\/4054621810094.webp",540,540,false],"trp-custom-language-flag":["https:\/\/kosmeetika24.com\/wp-content\/uploads\/2025\/11\/4054621810094-12x12.webp",12,12,true],"woocommerce_thumbnail":["https:\/\/kosmeetika24.com\/wp-content\/uploads\/2025\/11\/4054621810094-300x300.webp",300,300,true],"woocommerce_single":["https:\/\/kosmeetika24.com\/wp-content\/uploads\/2025\/11\/4054621810094-500x500.webp",500,500,true],"woocommerce_gallery_thumbnail":["https:\/\/kosmeetika24.com\/wp-content\/uploads\/2025\/11\/4054621810094-100x100.webp",100,100,true]},"uagb_author_info":{"display_name":"admin","author_link":"https:\/\/kosmeetika24.com\/fi\/author\/"},"uagb_comment_info":0,"uagb_excerpt":"Silendav k\u00e4tekreem niatsiinamiidiga tumedate laikude v\u00e4hendamiseks Toote eelised: Aitab v\u00e4hendada pigmendilaike ja vanuselaike Kiiresti imenduv kreem Sisaldab niatsiinamiidi ja pruunvetikat Silub kortse Niisutab nahka 75 ml","_links":{"self":[{"href":"https:\/\/kosmeetika24.com\/fi\/wp-json\/wp\/v2\/product\/7126","targetHints":{"allow":["GET"]}}],"collection":[{"href":"https:\/\/kosmeetika24.com\/fi\/wp-json\/wp\/v2\/product"}],"about":[{"href":"https:\/\/kosmeetika24.com\/fi\/wp-json\/wp\/v2\/types\/product"}],"replies":[{"embeddable":true,"href":"https:\/\/kosmeetika24.com\/fi\/wp-json\/wp\/v2\/comments?post=7126"}],"version-history":[{"count":1,"href":"https:\/\/kosmeetika24.com\/fi\/wp-json\/wp\/v2\/product\/7126\/revisions"}],"predecessor-version":[{"id":7128,"href":"https:\/\/kosmeetika24.com\/fi\/wp-json\/wp\/v2\/product\/7126\/revisions\/7128"}],"wp:featuredmedia":[{"embeddable":true,"href":"https:\/\/kosmeetika24.com\/fi\/wp-json\/wp\/v2\/media\/7127"}],"wp:attachment":[{"href":"https:\/\/kosmeetika24.com\/fi\/wp-json\/wp\/v2\/media?parent=7126"}],"wp:term":[{"taxonomy":"product_brand","embeddable":true,"href":"https:\/\/kosmeetika24.com\/fi\/wp-json\/wp\/v2\/product_brand?post=7126"},{"taxonomy":"product_cat","embeddable":true,"href":"https:\/\/kosmeetika24.com\/fi\/wp-json\/wp\/v2\/product_cat?post=7126"},{"taxonomy":"product_tag","embeddable":true,"href":"https:\/\/kosmeetika24.com\/fi\/wp-json\/wp\/v2\/product_tag?post=7126"}],"curies":[{"name":"wp","href":"https:\/\/api.w.org\/{rel}","templated":true}]}}