{"id":7124,"date":"2025-11-06T17:28:38","date_gmt":"2025-11-06T14:28:38","guid":{"rendered":"https:\/\/kosmeetika24.com\/?post_type=product&#038;p=7124"},"modified":"2026-01-12T12:11:47","modified_gmt":"2026-01-12T09:11:47","slug":"dalton-ocean-elements-soft-focus-gel-cream","status":"publish","type":"product","link":"https:\/\/kosmeetika24.com\/fi\/tuote\/dalton-ocean-elements-soft-focus-gel-cream\/","title":{"rendered":"Dalton \u2013 Ocean Elements \u2013 Soft Focus Gel Cream"},"content":{"rendered":"<p>Vegaaninen geelivoide planktonilla, niasiiniamidilla ja sinkill\u00e4 mattapintaa ihoa menett\u00e4m\u00e4tt\u00e4 kosteutta, s\u00e4\u00e4telee talinerityst\u00e4 ja viimeistelee ihon s\u00e4vyn. Kaksi erilaista planktonia tarjoavat antioksidanttisia hy\u00f6tyj\u00e4 ja suojaavat ihoa siniselt\u00e4 valolta, mik\u00e4 auttaa ehk\u00e4isem\u00e4\u00e4n oksidatiivista stressi\u00e4 ja ennenaikaista vanhenemista.<\/p>\n<p>Merimineraalit varustavat ihoa t\u00e4rkeill\u00e4 ravinteilla, tehostavat vaikuttavien aineiden imeytymist\u00e4 ja edist\u00e4v\u00e4t hyv\u00e4\u00e4 siedett\u00e4vyytt\u00e4.<\/p>\n<p>Glyseriini kosteuttaa ihoa ja palauttaa sen luonnollisen kosteustason, kun taas panthenoli rauhoittaa ihoa. Skvalaani tarjoaa kosteutusta ja toimii antioksidanttina neutraloiden vapaiden radikaalien vaikutusta.<\/p>\n<p>Kevyt, ei-rasvainen kerma-geeli koostis imeytyy nopeasti ja j\u00e4tt\u00e4\u00e4 ihon silkinpehme\u00e4ksi. T\u00e4m\u00e4 voide tarjoaa kaiken tarvittavan ihon tasapainon tukemiseen.<\/p>\n<p>Mattapintainen kasvovoide sopii rasvaiselle ja sekaiholle.<\/p>\n<p><strong data-start=\"621\" data-end=\"636\">Soome keeles:<\/strong><br data-start=\"636\" data-end=\"639\" \/>Levit\u00e4 geeli-voide aamuin ja illoin kasvoille, kaulalle ja dekolteelle ja hiero kevyesti ihoon.<\/p>\n<p><strong>Ainesosat<br \/>\n<\/strong>Aqua (Water), Glycerin, Butylene Glycol, Prunus Amygdalus Dulcis (Sweet) Almond Oil, Squalane, Maris Aqua (Sea Water), Plankton Extract, Niacinamide, Panthenol, Saccharide Isomerate, Xylitylglucoside, Anhydroxylitol, Xylitol, Xanthan Gum, Carrageenan (Chondrus Crispus), Sclerotium Gum, Hydroxyethylcellulose, Caprylyl Glycol, Zinc Gluconate, Arachidyl Alcohol, Behenyl Alcohol, Arachidyl Glucoside, Glucose, Lactic Acid, Citric Acid, Phenethyl Alcohol, Phenoxyethanol, Ethylhexylglycerin, Parfum (Fragrance)<\/p>\n<p><strong>465,33\u20ac\/l<\/strong><\/p>","protected":false},"excerpt":{"rendered":"<p class=\"\" data-start=\"34\" data-end=\"135\">Mattapintainen kevyt geelivoide yhdistelm\u00e4iholle<\/p>\n<p class=\"\" data-start=\"137\" data-end=\"157\"><strong data-start=\"137\" data-end=\"155\">Tuotteen edut:<\/strong><\/p>\n<ul data-start=\"158\" data-end=\"619\">\n<li class=\"\" data-start=\"158\" data-end=\"192\">\n<p class=\"\" data-start=\"160\" data-end=\"192\">Nopeasti imeytyv\u00e4 kerma-geeli<\/p>\n<\/li>\n<li class=\"\" data-start=\"193\" data-end=\"243\">\n<p class=\"\" data-start=\"195\" data-end=\"243\">J\u00e4tt\u00e4\u00e4 v\u00e4litt\u00f6m\u00e4n ja pitk\u00e4kestoisen mattapinnan<\/p>\n<\/li>\n<li class=\"\" data-start=\"268\" data-end=\"316\">\n<p class=\"\" data-start=\"270\" data-end=\"316\">Sis\u00e4lt\u00e4\u00e4 planktonia, niasiiniamidia ja sinkki\u00e4<\/p>\n<\/li>\n<li class=\"\" data-start=\"317\" data-end=\"360\">\n<p class=\"\" data-start=\"319\" data-end=\"360\">Suojaa ihoa ennenaikaiselta vanhenemiselta<\/p>\n<\/li>\n<li class=\"\" data-start=\"361\" data-end=\"391\">\n<p class=\"\" data-start=\"363\" data-end=\"391\">Suojaa siniselt valolta<\/p>\n<\/li>\n<li class=\"\" data-start=\"392\" data-end=\"423\">\n<p class=\"\" data-start=\"394\" data-end=\"423\">94 % luonnollisia ainesosia<\/p>\n<\/li>\n<li class=\"\" data-start=\"424\" data-end=\"537\">\n<p class=\"\" data-start=\"426\" data-end=\"537\">Ei sis\u00e4ll\u00e4 allergeenisia hajusteita, v\u00e4riaineita, mikromuovia, mineraali\u00f6ljyj\u00e4, parabeeneja, PEG-yhdisteit\u00e4 eik\u00e4 silikooneja<\/p>\n<\/li>\n<\/ul>\n<p data-start=\"34\" data-end=\"135\">75 ml<\/p>","protected":false},"featured_media":7115,"comment_status":"closed","ping_status":"closed","template":"","meta":{"_uag_custom_page_level_css":"","site-sidebar-layout":"default","site-content-layout":"","ast-site-content-layout":"default","site-content-style":"default","site-sidebar-style":"default","ast-global-header-display":"","ast-banner-title-visibility":"","ast-main-header-display":"","ast-hfb-above-header-display":"","ast-hfb-below-header-display":"","ast-hfb-mobile-header-display":"","site-post-title":"","ast-breadcrumbs-content":"","ast-featured-img":"","footer-sml-layout":"","ast-disable-related-posts":"","theme-transparent-header-meta":"default","adv-header-id-meta":"","stick-header-meta":"","header-above-stick-meta":"","header-main-stick-meta":"","header-below-stick-meta":"","astra-migrate-meta-layouts":"set","ast-page-background-enabled":"default","ast-page-background-meta":{"desktop":{"background-color":"var(--ast-global-color-4)","background-image":"","background-repeat":"repeat","background-position":"center center","background-size":"auto","background-attachment":"scroll","background-type":"","background-media":"","overlay-type":"","overlay-color":"","overlay-opacity":"","overlay-gradient":""},"tablet":{"background-color":"","background-image":"","background-repeat":"repeat","background-position":"center center","background-size":"auto","background-attachment":"scroll","background-type":"","background-media":"","overlay-type":"","overlay-color":"","overlay-opacity":"","overlay-gradient":""},"mobile":{"background-color":"","background-image":"","background-repeat":"repeat","background-position":"center center","background-size":"auto","background-attachment":"scroll","background-type":"","background-media":"","overlay-type":"","overlay-color":"","overlay-opacity":"","overlay-gradient":""}},"ast-content-background-meta":{"desktop":{"background-color":"var(--ast-global-color-5)","background-image":"","background-repeat":"repeat","background-position":"center center","background-size":"auto","background-attachment":"scroll","background-type":"","background-media":"","overlay-type":"","overlay-color":"","overlay-opacity":"","overlay-gradient":""},"tablet":{"background-color":"var(--ast-global-color-5)","background-image":"","background-repeat":"repeat","background-position":"center center","background-size":"auto","background-attachment":"scroll","background-type":"","background-media":"","overlay-type":"","overlay-color":"","overlay-opacity":"","overlay-gradient":""},"mobile":{"background-color":"var(--ast-global-color-5)","background-image":"","background-repeat":"repeat","background-position":"center center","background-size":"auto","background-attachment":"scroll","background-type":"","background-media":"","overlay-type":"","overlay-color":"","overlay-opacity":"","overlay-gradient":""}}},"product_brand":[],"product_cat":[125,97],"product_tag":[],"class_list":{"0":"post-7124","1":"product","2":"type-product","3":"status-publish","4":"has-post-thumbnail","6":"product_cat-dalton","7":"product_cat-naole","8":"desktop-align-left","9":"tablet-align-left","10":"mobile-align-left","12":"first","13":"onbackorder","14":"taxable","15":"shipping-taxable","16":"product-type-simple","17":"add-to-wishlist-before_image"},"uagb_featured_image_src":{"full":["https:\/\/kosmeetika24.com\/wp-content\/uploads\/2025\/11\/4054621780038.webp",540,540,false],"thumbnail":["https:\/\/kosmeetika24.com\/wp-content\/uploads\/2025\/11\/4054621780038-150x150.webp",150,150,true],"medium":["https:\/\/kosmeetika24.com\/wp-content\/uploads\/2025\/11\/4054621780038-300x300.webp",300,300,true],"medium_large":["https:\/\/kosmeetika24.com\/wp-content\/uploads\/2025\/11\/4054621780038.webp",540,540,false],"large":["https:\/\/kosmeetika24.com\/wp-content\/uploads\/2025\/11\/4054621780038.webp",540,540,false],"1536x1536":["https:\/\/kosmeetika24.com\/wp-content\/uploads\/2025\/11\/4054621780038.webp",540,540,false],"2048x2048":["https:\/\/kosmeetika24.com\/wp-content\/uploads\/2025\/11\/4054621780038.webp",540,540,false],"trp-custom-language-flag":["https:\/\/kosmeetika24.com\/wp-content\/uploads\/2025\/11\/4054621780038-12x12.webp",12,12,true],"woocommerce_thumbnail":["https:\/\/kosmeetika24.com\/wp-content\/uploads\/2025\/11\/4054621780038-300x300.webp",300,300,true],"woocommerce_single":["https:\/\/kosmeetika24.com\/wp-content\/uploads\/2025\/11\/4054621780038-500x500.webp",500,500,true],"woocommerce_gallery_thumbnail":["https:\/\/kosmeetika24.com\/wp-content\/uploads\/2025\/11\/4054621780038-100x100.webp",100,100,true]},"uagb_author_info":{"display_name":"admin","author_link":"https:\/\/kosmeetika24.com\/fi\/author\/"},"uagb_comment_info":0,"uagb_excerpt":"Matistav kerge geelkreem segat\u00fc\u00fcpi nahale Toote eelised: Kiiresti imenduv kreemjas geel J\u00e4tab kohese ja pikaajalise matistava tulemuse Sisaldab planktoni, niatsiinamiidi ja tsinki Kaitseb nahka enneaegse vananemise eest Kaitseb sinise valguse eest 94% looduslikud koostisosad Ei sisalda allergeenseid l\u00f5hnaaineid, v\u00e4rvaineid, mikroplasti, mineraal\u00f5lisid, parabeene, PEG-i ega silikoone 75 ml","_links":{"self":[{"href":"https:\/\/kosmeetika24.com\/fi\/wp-json\/wp\/v2\/product\/7124","targetHints":{"allow":["GET"]}}],"collection":[{"href":"https:\/\/kosmeetika24.com\/fi\/wp-json\/wp\/v2\/product"}],"about":[{"href":"https:\/\/kosmeetika24.com\/fi\/wp-json\/wp\/v2\/types\/product"}],"replies":[{"embeddable":true,"href":"https:\/\/kosmeetika24.com\/fi\/wp-json\/wp\/v2\/comments?post=7124"}],"version-history":[{"count":2,"href":"https:\/\/kosmeetika24.com\/fi\/wp-json\/wp\/v2\/product\/7124\/revisions"}],"predecessor-version":[{"id":7197,"href":"https:\/\/kosmeetika24.com\/fi\/wp-json\/wp\/v2\/product\/7124\/revisions\/7197"}],"wp:featuredmedia":[{"embeddable":true,"href":"https:\/\/kosmeetika24.com\/fi\/wp-json\/wp\/v2\/media\/7115"}],"wp:attachment":[{"href":"https:\/\/kosmeetika24.com\/fi\/wp-json\/wp\/v2\/media?parent=7124"}],"wp:term":[{"taxonomy":"product_brand","embeddable":true,"href":"https:\/\/kosmeetika24.com\/fi\/wp-json\/wp\/v2\/product_brand?post=7124"},{"taxonomy":"product_cat","embeddable":true,"href":"https:\/\/kosmeetika24.com\/fi\/wp-json\/wp\/v2\/product_cat?post=7124"},{"taxonomy":"product_tag","embeddable":true,"href":"https:\/\/kosmeetika24.com\/fi\/wp-json\/wp\/v2\/product_tag?post=7124"}],"curies":[{"name":"wp","href":"https:\/\/api.w.org\/{rel}","templated":true}]}}