{"id":7120,"date":"2025-11-06T17:28:46","date_gmt":"2025-11-06T14:28:46","guid":{"rendered":"https:\/\/kosmeetika24.com\/?post_type=product&#038;p=7120"},"modified":"2026-01-12T12:11:38","modified_gmt":"2026-01-12T09:11:38","slug":"dalton-slow-aging-retinol-cream","status":"publish","type":"product","link":"https:\/\/kosmeetika24.com\/fi\/tuote\/dalton-slow-aging-retinol-cream\/","title":{"rendered":"Dalton \u2013 Slow Aging \u2013 Retinol Cream"},"content":{"rendered":"<p data-start=\"0\" data-end=\"282\">Voiteella on eritt\u00e4in rikas koostumus, joka j\u00e4tt\u00e4\u00e4 miellytt\u00e4v\u00e4n tunteen ilman, ett\u00e4 iho tuntuu tahmealta tai rasvaiselta. Antaa hehkuvan ihon ja suojaa n\u00e4kyvilt\u00e4 ik\u00e4\u00e4ntymisen merkeilt\u00e4, kuten hienoilta juonteilta ja ryppyilt\u00e4.<\/p>\n<p class=\"translation-block\" data-start=\"0\" data-end=\"282\">Vegaaninen <strong>retinolivoide<\/strong> parantaa ihon yleist\u00e4 toimintakyky\u00e4 ja avaa ihon t\u00e4yden potentiaalin.<\/p>\n<ul>\n<li data-start=\"0\" data-end=\"282\" class=\"translation-block\"><em>Retinoli<\/em> ja <em>meripohjainen A-vitamiini<\/em> (per\u00e4isin merihiivasta) stimuloivat ihon uusiutumista.<\/li>\n<li data-start=\"0\" data-end=\"282\" class=\"translation-block\"><em>Planktoni<\/em> suojaa ihoa oksidatiiviselta stressilt\u00e4, ennenaikaiselta vanhenemiselta ja sinisen valon aiheuttamilta vaurioilta.<\/li>\n<li data-start=\"284\" data-end=\"593\">Merimineraalit tarjoavat iholle t\u00e4rkeit\u00e4 ravinteita, lis\u00e4\u00e4v\u00e4t vaikuttavien aineiden imeytymist\u00e4 ja varmistavat korkean siedett\u00e4vyyden.<\/li>\n<li data-start=\"284\" data-end=\"593\">E-vitamiini, toinen antioksidantti, toimii lis\u00e4aineena vapaiden radikaalien sieppaajana.<\/li>\n<li data-start=\"284\" data-end=\"593\">Sheavoi, jojoba\u00f6ljy ja avokado\u00f6ljy ravitsevat stressaantunutta ihoa ja suojaavat sit\u00e4 kuivumiselta.<\/li>\n<li data-start=\"284\" data-end=\"593\">Glyseriini kosteuttaa ihoa.<\/li>\n<\/ul>\n<p class=\"\" data-start=\"793\" data-end=\"901\"><strong data-start=\"793\" data-end=\"853\">Retinolivoidetta ei suositella raskauden tai imetyksen aikana.<\/strong><\/p>\n<p class=\"\" data-start=\"793\" data-end=\"901\">!!!K\u00e4yt\u00e4 p\u00e4ivisin aurinkosuojaa (v\u00e4hint\u00e4\u00e4n SPF 30)!!!<\/p>\n<p class=\"translation-block\" data-start=\"793\" data-end=\"901\"><strong>K\u00c4YTT\u00d6<\/strong><br>Levit\u00e4 voidetta aamulla ja illalla kasvoille, kaulalle ja dekolteelle, ja hiero hell\u00e4varaisesti ihoon.<\/p>\n<p class=\"translation-block\" data-start=\"736\" data-end=\"818\"><strong>Vinkki:<\/strong><br>Rasvapitoinen koostumus sopii erinomaisesti my\u00f6s y\u00f6voiteeksi.<\/p>\n<p><strong>Ainesosat<\/strong><br \/>\nAqua\/Water, Olea Europaea (Olive) Fruit Oil, Cetearyl Alcohol, Dicaprylyl Carbonate, Glyceryl Stearate Citrate, Prunus Amygdalus Dulcis (Sweet Almond) Oil, Persea Gratissima (Avocado) Oil, Glycerin, Aloe Barbadensis Leaf Juice, Caprylic\/Capric Triglyceride, Retinol, Maris Aqua\/Sea Water, Crithmum Maritimum Extract, Plankton Extract, Butyrospermum Parkii (Shea Butter), Simmondsia Chinensis (Jojoba) Seed Oil, Tocopherol, Helianthus Annuus (Sunflower) Seed Oil, Citric Acid, Glycine Soja (Soybean) Oil, Glyceryl Caprylate, Ethylhexylglycerin, Hydrogenated Rapeseed Oil, Sodium Cetearyl Sulfate, Distarch Phosphate, Xanthan Gum, Biosaccharide Gum-1, Sucrose Stearate, Tetrasodium Glutamate Diacetate, Propanediol, Cetyl Palmitate, Lactic Acid, Lauryl Glucoside, Sorbitan Stearate, Hydrogenated Vegetable Oil, Hydrogenated Lecithin, Sodium Hydroxide, Caprylyl Glycol, Phenoxyethanol, Potassium Sorbate, Sodium Benzoate, Parfum\/Fragrance<\/p>\n<p>465,33\u20ac\/l<\/p>","protected":false},"excerpt":{"rendered":"<p class=\"\" data-start=\"34\" data-end=\"152\">Ihon uusiutumista stimuloiva voide, jossa retinolia ja ravitsevia \u00f6ljyj\u00e4.<\/p>\n<p class=\"\" data-start=\"154\" data-end=\"174\"><strong data-start=\"154\" data-end=\"172\">Tuotteen edut:<\/strong><\/p>\n<ul data-start=\"175\" data-end=\"626\">\n<li class=\"\" data-start=\"175\" data-end=\"217\">\n<p class=\"\" data-start=\"177\" data-end=\"217\">Ravinteikas ja miellytt\u00e4v\u00e4n tekstuurinen.<\/p>\n<\/li>\n<li class=\"\" data-start=\"218\" data-end=\"246\">\n<p class=\"\" data-start=\"220\" data-end=\"246\">Nopeuttaa ihon uusiutumista.<\/p>\n<\/li>\n<li class=\"\" data-start=\"247\" data-end=\"283\">\n<p class=\"\" data-start=\"249\" data-end=\"283\">Hidastaa ik\u00e4\u00e4ntymisen merkkien muodostumista.<\/p>\n<\/li>\n<li class=\"\" data-start=\"284\" data-end=\"332\">\n<p class=\"\" data-start=\"286\" data-end=\"332\">Sis\u00e4lt\u00e4\u00e4 retinolia ja meriper\u00e4ist\u00e4 A-vitamiinia.<\/p>\n<\/li>\n<li class=\"\" data-start=\"333\" data-end=\"366\">\n<p class=\"\" data-start=\"335\" data-end=\"366\">Ravitse ja palauttaa kuivaa ihoa.<\/p>\n<\/li>\n<li class=\"\" data-start=\"367\" data-end=\"398\">\n<p class=\"\" data-start=\"369\" data-end=\"398\">Suojaa siniselt valolta<\/p>\n<\/li>\n<li class=\"\" data-start=\"399\" data-end=\"430\">\n<p class=\"\" data-start=\"401\" data-end=\"430\">98 % luonnollisia ainesosia<\/p>\n<\/li>\n<li class=\"\" data-start=\"431\" data-end=\"544\">\n<p class=\"\" data-start=\"433\" data-end=\"544\">Ei sis\u00e4ll\u00e4 allergeenisia hajusteita, v\u00e4riaineita, mikromuovia, mineraali\u00f6ljyj\u00e4, parabeeneja, PEG-yhdisteit\u00e4 eik\u00e4 silikooneja<\/p>\n<\/li>\n<\/ul>\n<p>75 ml<\/p>","protected":false},"featured_media":7114,"comment_status":"closed","ping_status":"closed","template":"","meta":{"_uag_custom_page_level_css":"","site-sidebar-layout":"default","site-content-layout":"","ast-site-content-layout":"default","site-content-style":"default","site-sidebar-style":"default","ast-global-header-display":"","ast-banner-title-visibility":"","ast-main-header-display":"","ast-hfb-above-header-display":"","ast-hfb-below-header-display":"","ast-hfb-mobile-header-display":"","site-post-title":"","ast-breadcrumbs-content":"","ast-featured-img":"","footer-sml-layout":"","ast-disable-related-posts":"","theme-transparent-header-meta":"default","adv-header-id-meta":"","stick-header-meta":"","header-above-stick-meta":"","header-main-stick-meta":"","header-below-stick-meta":"","astra-migrate-meta-layouts":"set","ast-page-background-enabled":"default","ast-page-background-meta":{"desktop":{"background-color":"var(--ast-global-color-4)","background-image":"","background-repeat":"repeat","background-position":"center center","background-size":"auto","background-attachment":"scroll","background-type":"","background-media":"","overlay-type":"","overlay-color":"","overlay-opacity":"","overlay-gradient":""},"tablet":{"background-color":"","background-image":"","background-repeat":"repeat","background-position":"center center","background-size":"auto","background-attachment":"scroll","background-type":"","background-media":"","overlay-type":"","overlay-color":"","overlay-opacity":"","overlay-gradient":""},"mobile":{"background-color":"","background-image":"","background-repeat":"repeat","background-position":"center center","background-size":"auto","background-attachment":"scroll","background-type":"","background-media":"","overlay-type":"","overlay-color":"","overlay-opacity":"","overlay-gradient":""}},"ast-content-background-meta":{"desktop":{"background-color":"var(--ast-global-color-5)","background-image":"","background-repeat":"repeat","background-position":"center center","background-size":"auto","background-attachment":"scroll","background-type":"","background-media":"","overlay-type":"","overlay-color":"","overlay-opacity":"","overlay-gradient":""},"tablet":{"background-color":"var(--ast-global-color-5)","background-image":"","background-repeat":"repeat","background-position":"center center","background-size":"auto","background-attachment":"scroll","background-type":"","background-media":"","overlay-type":"","overlay-color":"","overlay-opacity":"","overlay-gradient":""},"mobile":{"background-color":"var(--ast-global-color-5)","background-image":"","background-repeat":"repeat","background-position":"center center","background-size":"auto","background-attachment":"scroll","background-type":"","background-media":"","overlay-type":"","overlay-color":"","overlay-opacity":"","overlay-gradient":""}}},"product_brand":[],"product_cat":[125,17,97],"product_tag":[],"class_list":{"0":"post-7120","1":"product","2":"type-product","3":"status-publish","4":"has-post-thumbnail","6":"product_cat-dalton","7":"product_cat-maaramata","8":"product_cat-naole","9":"desktop-align-left","10":"tablet-align-left","11":"mobile-align-left","13":"first","14":"onbackorder","15":"taxable","16":"shipping-taxable","17":"product-type-simple","18":"add-to-wishlist-before_image"},"uagb_featured_image_src":{"full":["https:\/\/kosmeetika24.com\/wp-content\/uploads\/2025\/11\/4054621780021.webp",540,540,false],"thumbnail":["https:\/\/kosmeetika24.com\/wp-content\/uploads\/2025\/11\/4054621780021-150x150.webp",150,150,true],"medium":["https:\/\/kosmeetika24.com\/wp-content\/uploads\/2025\/11\/4054621780021-300x300.webp",300,300,true],"medium_large":["https:\/\/kosmeetika24.com\/wp-content\/uploads\/2025\/11\/4054621780021.webp",540,540,false],"large":["https:\/\/kosmeetika24.com\/wp-content\/uploads\/2025\/11\/4054621780021.webp",540,540,false],"1536x1536":["https:\/\/kosmeetika24.com\/wp-content\/uploads\/2025\/11\/4054621780021.webp",540,540,false],"2048x2048":["https:\/\/kosmeetika24.com\/wp-content\/uploads\/2025\/11\/4054621780021.webp",540,540,false],"trp-custom-language-flag":["https:\/\/kosmeetika24.com\/wp-content\/uploads\/2025\/11\/4054621780021-12x12.webp",12,12,true],"woocommerce_thumbnail":["https:\/\/kosmeetika24.com\/wp-content\/uploads\/2025\/11\/4054621780021-300x300.webp",300,300,true],"woocommerce_single":["https:\/\/kosmeetika24.com\/wp-content\/uploads\/2025\/11\/4054621780021-500x500.webp",500,500,true],"woocommerce_gallery_thumbnail":["https:\/\/kosmeetika24.com\/wp-content\/uploads\/2025\/11\/4054621780021-100x100.webp",100,100,true]},"uagb_author_info":{"display_name":"admin","author_link":"https:\/\/kosmeetika24.com\/fi\/author\/"},"uagb_comment_info":0,"uagb_excerpt":"Retinooli ja toitvate \u00f5lidega nahauuendust stimuleeriv kreem Toote eelised: Lipiididerikas ja meeldiva tekstuuriga Kiirendab naha uuenemist Aeglustab vananemism\u00e4rkide teket Sisaldab retinooli ja merep\u00f5hist A-vitamiini Toidab ja taastab kuiva nahka Kaitseb sinise valguse eest 98% looduslikud koostisosad Ei sisalda allergeenseid l\u00f5hnaaineid, v\u00e4rvaineid, mikroplasti, mineraal\u00f5lisid, parabeene, PEG-i ega silikoone 75 ml","_links":{"self":[{"href":"https:\/\/kosmeetika24.com\/fi\/wp-json\/wp\/v2\/product\/7120","targetHints":{"allow":["GET"]}}],"collection":[{"href":"https:\/\/kosmeetika24.com\/fi\/wp-json\/wp\/v2\/product"}],"about":[{"href":"https:\/\/kosmeetika24.com\/fi\/wp-json\/wp\/v2\/types\/product"}],"replies":[{"embeddable":true,"href":"https:\/\/kosmeetika24.com\/fi\/wp-json\/wp\/v2\/comments?post=7120"}],"version-history":[{"count":1,"href":"https:\/\/kosmeetika24.com\/fi\/wp-json\/wp\/v2\/product\/7120\/revisions"}],"predecessor-version":[{"id":7121,"href":"https:\/\/kosmeetika24.com\/fi\/wp-json\/wp\/v2\/product\/7120\/revisions\/7121"}],"wp:featuredmedia":[{"embeddable":true,"href":"https:\/\/kosmeetika24.com\/fi\/wp-json\/wp\/v2\/media\/7114"}],"wp:attachment":[{"href":"https:\/\/kosmeetika24.com\/fi\/wp-json\/wp\/v2\/media?parent=7120"}],"wp:term":[{"taxonomy":"product_brand","embeddable":true,"href":"https:\/\/kosmeetika24.com\/fi\/wp-json\/wp\/v2\/product_brand?post=7120"},{"taxonomy":"product_cat","embeddable":true,"href":"https:\/\/kosmeetika24.com\/fi\/wp-json\/wp\/v2\/product_cat?post=7120"},{"taxonomy":"product_tag","embeddable":true,"href":"https:\/\/kosmeetika24.com\/fi\/wp-json\/wp\/v2\/product_tag?post=7120"}],"curies":[{"name":"wp","href":"https:\/\/api.w.org\/{rel}","templated":true}]}}