{"id":7118,"date":"2025-11-06T17:28:28","date_gmt":"2025-11-06T14:28:28","guid":{"rendered":"https:\/\/kosmeetika24.com\/?post_type=product&#038;p=7118"},"modified":"2026-03-23T15:21:54","modified_gmt":"2026-03-23T12:21:54","slug":"dalton-ocean-elements-dark-circle-eye-cream","status":"publish","type":"product","link":"https:\/\/kosmeetika24.com\/fi\/tuote\/dalton-ocean-elements-dark-circle-eye-cream\/","title":{"rendered":"Dalton \u2013 Ocean Elements \u2013 Dark Circle Eye Cream"},"content":{"rendered":"<p class=\"\" data-start=\"0\" data-end=\"277\">\u2b50<strong>!BUDUAAR ILULEMMIK 2026!<\/strong>\u2b50<\/p>\n<p class=\"\" data-start=\"0\" data-end=\"277\">T\u00e4m\u00e4 silm\u00e4nymp\u00e4rysvoide antaa virkist\u00e4v\u00e4n vaikutuksen. Vegaaninen silm\u00e4nymp\u00e4rysvoide, joka sis\u00e4lt\u00e4\u00e4 punaisia ja ruskeita lev\u00e4uutteita sek\u00e4 niasiiniamidia, kirkastaa tummia silm\u00e4nalusia, suojaa ihoa siniselt\u00e4 valolta ja oksidatiiviselta stressilt\u00e4 sek\u00e4 hidastaa ik\u00e4\u00e4ntymisen merkkej\u00e4.<\/p>\n<p class=\"\" data-start=\"279\" data-end=\"566\">Merimineraalit tarjoavat iholle t\u00e4rkeit\u00e4 ravinteita, lis\u00e4\u00e4v\u00e4t hy\u00f6dyllisten ainesosien imeytymist\u00e4 ja takaavat hyv\u00e4n siedett\u00e4vyyden. Silm\u00e4nymp\u00e4rysvoide imeytyy ihoon v\u00e4litt\u00f6m\u00e4sti. Sheavoi, oliivi\u00f6ljy ja avokado\u00f6ljy ravitsevat silm\u00e4nymp\u00e4rysaluetta, kun taas panthenoli rauhoittaa ihoa.<\/p>\n<p class=\"translation-block\" data-start=\"568\" data-end=\"862\">Silm\u00e4nymp\u00e4rysvoiteen pitk\u00e4kestoisen kirkastavan vaikutuksen lis\u00e4ksi v\u00e4rikorjaava aine peitt\u00e4\u00e4 v\u00e4litt\u00f6m\u00e4sti tummat silm\u00e4naluset. Silm\u00e4nymp\u00e4rys turvotusta voidaan v\u00e4hent\u00e4\u00e4 jopa 16%* jo yhden k\u00e4yt\u00f6n j\u00e4lkeen. Glyseriini kosteuttaa ihoa ja auttaa ehk\u00e4isem\u00e4\u00e4n kuivuudesta johtuvien hienojen juonteiden ja ryppyjen muodostumista.<\/p>\n<p class=\"\" data-start=\"864\" data-end=\"914\">Antaa silm\u00e4nymp\u00e4rysalueelle raikkaan ja hehkuvan ilmeen.<\/p>\n<p class=\"translation-block\">K\u00e4ytt\u00f6:\nLevit\u00e4 voidetta silmien ymp\u00e4rille kaksi kertaa p\u00e4iv\u00e4ss\u00e4 ja taputtele varovasti ihoon.<\/p>\n<p><strong>Ainesosat:<br \/>\n<\/strong>Aqua\/Water, Niacinamide, Maris Aqua\/Sea Water, Butyrospermum Parkii (Shea) Butter, Persea Gratissima (Avocado) Oil, Olea Europaea (Olive) Fruit Oil, Panthenol, Glycerin, Cetearyl Alcohol, Glyceryl Stearate Citrate, Butylene Glycol, Undecane, Hexyldecanol, Hexyldecyl Laurate, Tridecane, Propanediol, Himanthalia Elongata Extract, Chondrus Crispus Extract, Gigartina Stellata Extract, Hydrolyzed Algin, Ruscus Aculeatus Root Extract, Escin, Jasminum Sambac (Jasmine) Flower Extract, Crataegus Monogyna Flower Extract, Centella Asiatica Leaf Extract, Calendula Officinalis Flower Extract, Tocopherol, Hydrogenated Lecithin, Glyceryl Caprylate, Phenoxyethanol, Mannitol, Tetrasodium Glutamate Diacetate, Dehydroacetic Acid, Caprylic\/ Capric Triglyceride, Ammonium Glycyrrhizate, Alcohol, Hydrolyzed Yeast Protein, Sucrose, Ascorbyl Palmitate, Sodium Citrate, Ethylhexylglycerin, Citric Acid, Xanthan Gum, Ascorbic Acid, Benzyl Benzoate, Sodium Hydroxide, Aluminium Hydroxide, Polymethyl Methacrylate, Titanium Dioxide, Benzoic Acid, Iron Oxides (CI 77492), Iron Oxides (CI 77499), Iron Oxides (CI 77491), Parfum\/Fragrance, Citronellol, Limonene<strong><br \/>\n<\/strong><\/p>","protected":false},"excerpt":{"rendered":"<p>\u2b50<strong>!BUDUAAR ILULEMMIK 2026!<\/strong>\u2b50<\/p>\n<p>Ihon kirkastava silm\u00e4nymp\u00e4rysvoide niasiiniamidia sis\u00e4lt\u00e4en tummien silm\u00e4nalusten v\u00e4hent\u00e4miseksi<\/p>\n<p>Tuotteen edut:<\/p>\n<ul>\n<li>Iholla v\u00e4litt\u00f6m\u00e4sti sulautuva<\/li>\n<li>Vaalentaa tummia silm\u00e4nymp\u00e4ryksi\u00e4<\/li>\n<li>V\u00e4hent\u00e4\u00e4 turvotusta<\/li>\n<li>Punaiset ja ruskeat lev\u00e4t suojaavat ihoa oksidatiiviselta stressilt\u00e4<\/li>\n<li>Sis\u00e4lt\u00e4\u00e4 niasiiniamidia ja avokado\u00f6ljy\u00e4<\/li>\n<li>Tehokas virkist\u00e4j\u00e4 v\u00e4syneille silmille<\/li>\n<li>88 % luonnollisia ainesosia<\/li>\n<li>Ei sis\u00e4ll\u00e4 mineraali\u00f6ljyj\u00e4, parabeeneja, PEG-yhdisteit\u00e4 tai silikooneja<\/li>\n<\/ul>","protected":false},"featured_media":7367,"comment_status":"closed","ping_status":"closed","template":"","meta":{"_uag_custom_page_level_css":"","site-sidebar-layout":"default","site-content-layout":"","ast-site-content-layout":"default","site-content-style":"default","site-sidebar-style":"default","ast-global-header-display":"","ast-banner-title-visibility":"","ast-main-header-display":"","ast-hfb-above-header-display":"","ast-hfb-below-header-display":"","ast-hfb-mobile-header-display":"","site-post-title":"","ast-breadcrumbs-content":"","ast-featured-img":"","footer-sml-layout":"","ast-disable-related-posts":"","theme-transparent-header-meta":"default","adv-header-id-meta":"","stick-header-meta":"","header-above-stick-meta":"","header-main-stick-meta":"","header-below-stick-meta":"","astra-migrate-meta-layouts":"set","ast-page-background-enabled":"default","ast-page-background-meta":{"desktop":{"background-color":"var(--ast-global-color-4)","background-image":"","background-repeat":"repeat","background-position":"center center","background-size":"auto","background-attachment":"scroll","background-type":"","background-media":"","overlay-type":"","overlay-color":"","overlay-opacity":"","overlay-gradient":""},"tablet":{"background-color":"","background-image":"","background-repeat":"repeat","background-position":"center center","background-size":"auto","background-attachment":"scroll","background-type":"","background-media":"","overlay-type":"","overlay-color":"","overlay-opacity":"","overlay-gradient":""},"mobile":{"background-color":"","background-image":"","background-repeat":"repeat","background-position":"center center","background-size":"auto","background-attachment":"scroll","background-type":"","background-media":"","overlay-type":"","overlay-color":"","overlay-opacity":"","overlay-gradient":""}},"ast-content-background-meta":{"desktop":{"background-color":"var(--ast-global-color-5)","background-image":"","background-repeat":"repeat","background-position":"center center","background-size":"auto","background-attachment":"scroll","background-type":"","background-media":"","overlay-type":"","overlay-color":"","overlay-opacity":"","overlay-gradient":""},"tablet":{"background-color":"var(--ast-global-color-5)","background-image":"","background-repeat":"repeat","background-position":"center center","background-size":"auto","background-attachment":"scroll","background-type":"","background-media":"","overlay-type":"","overlay-color":"","overlay-opacity":"","overlay-gradient":""},"mobile":{"background-color":"var(--ast-global-color-5)","background-image":"","background-repeat":"repeat","background-position":"center center","background-size":"auto","background-attachment":"scroll","background-type":"","background-media":"","overlay-type":"","overlay-color":"","overlay-opacity":"","overlay-gradient":""}}},"product_brand":[],"product_cat":[125,97],"product_tag":[],"class_list":{"0":"post-7118","1":"product","2":"type-product","3":"status-publish","4":"has-post-thumbnail","6":"product_cat-dalton","7":"product_cat-naole","8":"desktop-align-left","9":"tablet-align-left","10":"mobile-align-left","12":"first","13":"onbackorder","14":"taxable","15":"shipping-taxable","16":"product-type-simple","17":"add-to-wishlist-before_image"},"uagb_featured_image_src":{"full":["https:\/\/kosmeetika24.com\/wp-content\/uploads\/2025\/11\/2.png",650,650,false],"thumbnail":["https:\/\/kosmeetika24.com\/wp-content\/uploads\/2025\/11\/2-150x150.png",150,150,true],"medium":["https:\/\/kosmeetika24.com\/wp-content\/uploads\/2025\/11\/2-300x300.png",300,300,true],"medium_large":["https:\/\/kosmeetika24.com\/wp-content\/uploads\/2025\/11\/2.png",650,650,false],"large":["https:\/\/kosmeetika24.com\/wp-content\/uploads\/2025\/11\/2.png",650,650,false],"1536x1536":["https:\/\/kosmeetika24.com\/wp-content\/uploads\/2025\/11\/2.png",650,650,false],"2048x2048":["https:\/\/kosmeetika24.com\/wp-content\/uploads\/2025\/11\/2.png",650,650,false],"trp-custom-language-flag":["https:\/\/kosmeetika24.com\/wp-content\/uploads\/2025\/11\/2-12x12.png",12,12,true],"woocommerce_thumbnail":["https:\/\/kosmeetika24.com\/wp-content\/uploads\/2025\/11\/2-300x300.png",300,300,true],"woocommerce_single":["https:\/\/kosmeetika24.com\/wp-content\/uploads\/2025\/11\/2-500x500.png",500,500,true],"woocommerce_gallery_thumbnail":["https:\/\/kosmeetika24.com\/wp-content\/uploads\/2025\/11\/2-100x100.png",100,100,true]},"uagb_author_info":{"display_name":"admin","author_link":"https:\/\/kosmeetika24.com\/fi\/author\/"},"uagb_comment_info":0,"uagb_excerpt":"\u2b50!BUDUAAR ILULEMMIK 2026!\u2b50 Helendav silmakreem niatsiinamiidiga tumedate silmaaluste v\u00e4hendamiseks Toote eelised: Sulandub koheselt nahka Heledab tumedaid silmaaluseid ringe V\u00e4hendab paistetust Punased ja pruunvetikad kaitsevad nahka oks\u00fcdatiivse stressi eest Sisaldab niatsiinamiidi ja avokaado\u00f5li Efektiivne v\u00e4rskendaja v\u00e4sinud silmadele 88% looduslikud koostisosad Ei sisalda mineraal\u00f5lisid, parabeene, PEG-i ega silikoone","_links":{"self":[{"href":"https:\/\/kosmeetika24.com\/fi\/wp-json\/wp\/v2\/product\/7118","targetHints":{"allow":["GET"]}}],"collection":[{"href":"https:\/\/kosmeetika24.com\/fi\/wp-json\/wp\/v2\/product"}],"about":[{"href":"https:\/\/kosmeetika24.com\/fi\/wp-json\/wp\/v2\/types\/product"}],"replies":[{"embeddable":true,"href":"https:\/\/kosmeetika24.com\/fi\/wp-json\/wp\/v2\/comments?post=7118"}],"version-history":[{"count":3,"href":"https:\/\/kosmeetika24.com\/fi\/wp-json\/wp\/v2\/product\/7118\/revisions"}],"predecessor-version":[{"id":7369,"href":"https:\/\/kosmeetika24.com\/fi\/wp-json\/wp\/v2\/product\/7118\/revisions\/7369"}],"wp:featuredmedia":[{"embeddable":true,"href":"https:\/\/kosmeetika24.com\/fi\/wp-json\/wp\/v2\/media\/7367"}],"wp:attachment":[{"href":"https:\/\/kosmeetika24.com\/fi\/wp-json\/wp\/v2\/media?parent=7118"}],"wp:term":[{"taxonomy":"product_brand","embeddable":true,"href":"https:\/\/kosmeetika24.com\/fi\/wp-json\/wp\/v2\/product_brand?post=7118"},{"taxonomy":"product_cat","embeddable":true,"href":"https:\/\/kosmeetika24.com\/fi\/wp-json\/wp\/v2\/product_cat?post=7118"},{"taxonomy":"product_tag","embeddable":true,"href":"https:\/\/kosmeetika24.com\/fi\/wp-json\/wp\/v2\/product_tag?post=7118"}],"curies":[{"name":"wp","href":"https:\/\/api.w.org\/{rel}","templated":true}]}}