{"id":7111,"date":"2025-11-06T17:28:15","date_gmt":"2025-11-06T14:28:15","guid":{"rendered":"https:\/\/kosmeetika24.com\/?post_type=product&#038;p=7111"},"modified":"2026-01-12T12:12:01","modified_gmt":"2026-01-12T09:12:01","slug":"dalton-ocean-elements-aloe-vera-gel-mask","status":"publish","type":"product","link":"https:\/\/kosmeetika24.com\/fi\/tuote\/dalton-ocean-elements-aloe-vera-gel-mask\/","title":{"rendered":"Dalton \u2013 Ocean Elements \u2013 Aloe Vera Gel Mask"},"content":{"rendered":"<p class=\"\" data-start=\"0\" data-end=\"302\">Viilent\u00e4v\u00e4 ja elvytt\u00e4v\u00e4 kasvonaamio, joka sis\u00e4lt\u00e4\u00e4 aloe veraa, spirulinaa ja ruskeaa lev\u00e4\u00e4, antaa iholle happea ja tukee soluhengityst\u00e4. Naamio on rikastettu meriper\u00e4isill\u00e4 antioksidanteilla, jotka suojaavat oksidatiiviselta stressilt\u00e4 ja auttavat ehk\u00e4isem\u00e4\u00e4n ennenaikaista vanhenemista.<\/p>\n<p class=\"\" data-start=\"304\" data-end=\"642\">Merimineraalit antavat iholle t\u00e4rkeit\u00e4 ravinteita, parantavat vaikuttavien aineiden imeytymist\u00e4 ja takaavat korkean siedett\u00e4vyyden. Aloe vera ja glyseriini tarjoavat intensiivist\u00e4 kosteutusta ja antavat iholle luonnollisen hehkun jo ensimm\u00e4isest\u00e4 k\u00e4ytt\u00f6kerrasta l\u00e4htien. Panthenoli rauhoittaa ihoa, tehden t\u00e4st\u00e4 naamioista tehokkaan SOS-hoidon auringonpolttamiin \u2013 sek\u00e4 kasvoille ett\u00e4 vartalolle.<\/p>\n<p class=\"translation-block\"><strong>K\u00e4ytt\u00f6:<\/strong><br>Levit\u00e4 iholle runsas m\u00e4\u00e4r\u00e4, anna vaikuttaa 10\u201315 minuuttia ja huuhtele j\u00e4ljelle j\u00e4\u00e4neet j\u00e4\u00e4m\u00e4t pois. K\u00e4yt\u00e4 1\u20133 kertaa viikossa.<\/p>\n<p class=\"translation-block\" data-start=\"745\" data-end=\"869\"><strong>Vinkki:<\/strong><br>Viile\u00e4, rauhoittava ja kosteuttava aloe veraa ja pantenolia sis\u00e4lt\u00e4v\u00e4 naamio on erinomainen SOS-hoito auringonpolttamille.<\/p>\n<p><strong>Ainesosat<\/strong><br \/>\nAqua\/Water, Aloe Barbadensis Leaf Juice, Glycerin, Propandediol, Prunus Amygdalus Dulcis (Sweet Almond) Oil, Methylpropanediol, Helianthus Annuus (Sunflower) Hybrid Oil, Caprylic\/Capric Triglyceride, Xanthan Gum, Maris Aqua\/Water, Laminaria Digitata Extract, Spirulina Maxima Extract, Butyrsopermum Parkii (Shea) Butter, Tocopherol, Panthenol, Hydrogenated Rapeseed Oil, Pullulan, Lactic Acid, Citric Acid, Helianthus Annuus (Sunflower) Seed Oil, Xylitylglucoside, Xylitol, Ethylhexylglycerin, Lysolecithin, Sclerotium Gum, Tetrasodium Glutamate Diacetate, Glucose, Sodium Lactate, Anhydroxylitol, Propylene Glycol, Sodium Hydroxide, Phenoxyethanol, Potassium Sorbate, Sodium Benzoate, Parfum\/Fragrance.<\/p>","protected":false},"excerpt":{"rendered":"<p class=\"\" data-start=\"34\" data-end=\"144\">Viilent\u00e4v\u00e4 ja kosteuttava geelinaamio raikkaan ihon saamiseksi<\/p>\n<p class=\"\" data-start=\"34\" data-end=\"144\"><strong data-start=\"146\" data-end=\"164\">Tuotteen edut:<\/strong><\/p>\n<ul data-start=\"167\" data-end=\"620\">\n<li class=\"\" data-start=\"167\" data-end=\"194\">\n<p class=\"\" data-start=\"169\" data-end=\"194\">Viilent\u00e4v\u00e4, kevyt geeli<\/p>\n<\/li>\n<li class=\"\" data-start=\"195\" data-end=\"249\">\n<p class=\"\" data-start=\"197\" data-end=\"249\">Toimittaa iholle happea soluhengityksen tukemiseksi<\/p>\n<\/li>\n<li class=\"\" data-start=\"250\" data-end=\"290\">\n<p class=\"\" data-start=\"252\" data-end=\"290\">Auttaa ehk\u00e4isem\u00e4\u00e4n ennenaikaista ik\u00e4\u00e4ntymist\u00e4<\/p>\n<\/li>\n<li class=\"\" data-start=\"291\" data-end=\"343\">\n<p class=\"\" data-start=\"293\" data-end=\"343\">Sis\u00e4lt\u00e4\u00e4 spirulinaa, ruskeaa lev\u00e4\u00e4 ja aloe veraa<\/p>\n<\/li>\n<li class=\"\" data-start=\"344\" data-end=\"392\">\n<p class=\"\" data-start=\"346\" data-end=\"392\">Antaa intensiivist\u00e4 virkistyst\u00e4 v\u00e4syneelle iholle<\/p>\n<\/li>\n<li class=\"\" data-start=\"393\" data-end=\"424\">\n<p class=\"\" data-start=\"395\" data-end=\"424\">95 % luonnollisia ainesosia<\/p>\n<\/li>\n<li class=\"\" data-start=\"425\" data-end=\"538\">\n<p class=\"\" data-start=\"427\" data-end=\"538\">Ei sis\u00e4ll\u00e4 allergeenisia hajusteita, v\u00e4riaineita, mikromuovia, mineraali\u00f6ljyj\u00e4, parabeeneja, PEG-yhdisteit\u00e4 eik\u00e4 silikooneja<\/p>\n<\/li>\n<\/ul>\n<p>75 ml<\/p>","protected":false},"featured_media":7112,"comment_status":"closed","ping_status":"closed","template":"","meta":{"_uag_custom_page_level_css":"","site-sidebar-layout":"default","site-content-layout":"","ast-site-content-layout":"default","site-content-style":"default","site-sidebar-style":"default","ast-global-header-display":"","ast-banner-title-visibility":"","ast-main-header-display":"","ast-hfb-above-header-display":"","ast-hfb-below-header-display":"","ast-hfb-mobile-header-display":"","site-post-title":"","ast-breadcrumbs-content":"","ast-featured-img":"","footer-sml-layout":"","ast-disable-related-posts":"","theme-transparent-header-meta":"default","adv-header-id-meta":"","stick-header-meta":"","header-above-stick-meta":"","header-main-stick-meta":"","header-below-stick-meta":"","astra-migrate-meta-layouts":"set","ast-page-background-enabled":"default","ast-page-background-meta":{"desktop":{"background-color":"var(--ast-global-color-4)","background-image":"","background-repeat":"repeat","background-position":"center center","background-size":"auto","background-attachment":"scroll","background-type":"","background-media":"","overlay-type":"","overlay-color":"","overlay-opacity":"","overlay-gradient":""},"tablet":{"background-color":"","background-image":"","background-repeat":"repeat","background-position":"center center","background-size":"auto","background-attachment":"scroll","background-type":"","background-media":"","overlay-type":"","overlay-color":"","overlay-opacity":"","overlay-gradient":""},"mobile":{"background-color":"","background-image":"","background-repeat":"repeat","background-position":"center center","background-size":"auto","background-attachment":"scroll","background-type":"","background-media":"","overlay-type":"","overlay-color":"","overlay-opacity":"","overlay-gradient":""}},"ast-content-background-meta":{"desktop":{"background-color":"var(--ast-global-color-5)","background-image":"","background-repeat":"repeat","background-position":"center center","background-size":"auto","background-attachment":"scroll","background-type":"","background-media":"","overlay-type":"","overlay-color":"","overlay-opacity":"","overlay-gradient":""},"tablet":{"background-color":"var(--ast-global-color-5)","background-image":"","background-repeat":"repeat","background-position":"center center","background-size":"auto","background-attachment":"scroll","background-type":"","background-media":"","overlay-type":"","overlay-color":"","overlay-opacity":"","overlay-gradient":""},"mobile":{"background-color":"var(--ast-global-color-5)","background-image":"","background-repeat":"repeat","background-position":"center center","background-size":"auto","background-attachment":"scroll","background-type":"","background-media":"","overlay-type":"","overlay-color":"","overlay-opacity":"","overlay-gradient":""}}},"product_brand":[],"product_cat":[125,97],"product_tag":[],"class_list":{"0":"post-7111","1":"product","2":"type-product","3":"status-publish","4":"has-post-thumbnail","6":"product_cat-dalton","7":"product_cat-naole","8":"desktop-align-left","9":"tablet-align-left","10":"mobile-align-left","12":"first","13":"onbackorder","14":"taxable","15":"shipping-taxable","16":"product-type-simple","17":"add-to-wishlist-before_image"},"uagb_featured_image_src":{"full":["https:\/\/kosmeetika24.com\/wp-content\/uploads\/2025\/11\/4054621780045.webp",840,840,false],"thumbnail":["https:\/\/kosmeetika24.com\/wp-content\/uploads\/2025\/11\/4054621780045-150x150.webp",150,150,true],"medium":["https:\/\/kosmeetika24.com\/wp-content\/uploads\/2025\/11\/4054621780045-300x300.webp",300,300,true],"medium_large":["https:\/\/kosmeetika24.com\/wp-content\/uploads\/2025\/11\/4054621780045-768x768.webp",768,768,true],"large":["https:\/\/kosmeetika24.com\/wp-content\/uploads\/2025\/11\/4054621780045.webp",840,840,false],"1536x1536":["https:\/\/kosmeetika24.com\/wp-content\/uploads\/2025\/11\/4054621780045.webp",840,840,false],"2048x2048":["https:\/\/kosmeetika24.com\/wp-content\/uploads\/2025\/11\/4054621780045.webp",840,840,false],"trp-custom-language-flag":["https:\/\/kosmeetika24.com\/wp-content\/uploads\/2025\/11\/4054621780045-12x12.webp",12,12,true],"woocommerce_thumbnail":["https:\/\/kosmeetika24.com\/wp-content\/uploads\/2025\/11\/4054621780045-300x300.webp",300,300,true],"woocommerce_single":["https:\/\/kosmeetika24.com\/wp-content\/uploads\/2025\/11\/4054621780045-500x500.webp",500,500,true],"woocommerce_gallery_thumbnail":["https:\/\/kosmeetika24.com\/wp-content\/uploads\/2025\/11\/4054621780045-100x100.webp",100,100,true]},"uagb_author_info":{"display_name":"admin","author_link":"https:\/\/kosmeetika24.com\/fi\/author\/"},"uagb_comment_info":0,"uagb_excerpt":"Jahedav\u00f5itu, niisutav geelmask v\u00e4rske jume saavutamiseks Toote eelised: Jahedav\u00f5itu, kerge geel Varustab nahka hapnikuga, et toetada rakuhingamist Aitab ennetada enneaegset vananemist Sisaldab spirulina, pruuni vetikat ja aloe verat Annab intensiivse v\u00e4rskenduse v\u00e4sinud nahale 95% looduslikud koostisosad Ei sisalda allergeenseid l\u00f5hnaaineid, v\u00e4rvaineid, mikroplasti, mineraal\u00f5lisid, parabeene, PEG-i ega silikoone 75 ml","_links":{"self":[{"href":"https:\/\/kosmeetika24.com\/fi\/wp-json\/wp\/v2\/product\/7111","targetHints":{"allow":["GET"]}}],"collection":[{"href":"https:\/\/kosmeetika24.com\/fi\/wp-json\/wp\/v2\/product"}],"about":[{"href":"https:\/\/kosmeetika24.com\/fi\/wp-json\/wp\/v2\/types\/product"}],"replies":[{"embeddable":true,"href":"https:\/\/kosmeetika24.com\/fi\/wp-json\/wp\/v2\/comments?post=7111"}],"version-history":[{"count":1,"href":"https:\/\/kosmeetika24.com\/fi\/wp-json\/wp\/v2\/product\/7111\/revisions"}],"predecessor-version":[{"id":7117,"href":"https:\/\/kosmeetika24.com\/fi\/wp-json\/wp\/v2\/product\/7111\/revisions\/7117"}],"wp:featuredmedia":[{"embeddable":true,"href":"https:\/\/kosmeetika24.com\/fi\/wp-json\/wp\/v2\/media\/7112"}],"wp:attachment":[{"href":"https:\/\/kosmeetika24.com\/fi\/wp-json\/wp\/v2\/media?parent=7111"}],"wp:term":[{"taxonomy":"product_brand","embeddable":true,"href":"https:\/\/kosmeetika24.com\/fi\/wp-json\/wp\/v2\/product_brand?post=7111"},{"taxonomy":"product_cat","embeddable":true,"href":"https:\/\/kosmeetika24.com\/fi\/wp-json\/wp\/v2\/product_cat?post=7111"},{"taxonomy":"product_tag","embeddable":true,"href":"https:\/\/kosmeetika24.com\/fi\/wp-json\/wp\/v2\/product_tag?post=7111"}],"curies":[{"name":"wp","href":"https:\/\/api.w.org\/{rel}","templated":true}]}}