{"id":7109,"date":"2025-11-06T17:30:18","date_gmt":"2025-11-06T14:30:18","guid":{"rendered":"https:\/\/kosmeetika24.com\/?post_type=product&#038;p=7109"},"modified":"2026-01-12T12:10:39","modified_gmt":"2026-01-12T09:10:39","slug":"dalton-hyaluronic-urea-anti-aging-hydrating-ampoules","status":"publish","type":"product","link":"https:\/\/kosmeetika24.com\/fi\/tuote\/dalton-hyaluronic-urea-anti-aging-hydrating-ampoules\/","title":{"rendered":"Dalton \u2013 Hyaluronic Urea \u2013 Anti-Aging Hydrating Ampoules"},"content":{"rendered":"<p>Hyaluronihappo ja urea \u2013 Daltonin eritt\u00e4in kosteuttavien ja ik\u00e4\u00e4ntymist\u00e4 ehk\u00e4isevien ampullien salaisuus kuivalle iholle. Matala- ja korkeimolekyyliset hyaluronihapot antavat v\u00e4litt\u00f6m\u00e4n kiinteytt\u00e4v\u00e4n vaikutuksen ja palauttavat kosteustason sek\u00e4 ihon pinnalla ett\u00e4 syvemmill\u00e4 kerroksilla. Urea auttaa s\u00e4ilytt\u00e4m\u00e4\u00e4n kosteuden ja suojaa ihoa kuivumiselta. T\u00e4m\u00e4n seurauksena iho n\u00e4ytt\u00e4\u00e4 kiinte\u00e4mm\u00e4lt\u00e4, hienot juonteet ja rypyt tasoittuvat, ja ihon s\u00e4vy muuttuu nuorekkaaksi ja raikkaaksi. Aloe vera antaa lis\u00e4kosteutusta ja pantenoli rauhoittaa ihoa. Meid\u00e4n ainutlaatuinen Celumer Marine Extract auttaa kuljettamaan vaikuttavat aineet ihon syvempiin kerroksiin, joissa ne voivat vaikuttaa t\u00e4ysim\u00e4\u00e4r\u00e4isesti. Hyaluronihappoampullit ovat ihanteellinen ratkaisu, kun kuiva ja kosteusk\u00f6yh\u00e4 iho tarvitsee nopeaa virkistyst\u00e4.<\/p>\n<p><strong>Vinkki:<br \/>\n<\/strong>Hyaluronihappoampulleja voi k\u00e4ytt\u00e4\u00e4 nopeana kosteutusboostina aina, kun iho sit\u00e4 tarvitsee, tai lis\u00e4t\u00e4 ne p\u00e4ivitt\u00e4iseen ihonhoitorutiiniin intensiivisen\u00e4 kuurina useamman p\u00e4iv\u00e4n ajan.<\/p>\n<p><strong>Soome keeles:<br \/>\n<\/strong>Ravista ennen k\u00e4ytt\u00f6\u00e4 ja aseta ampullinavaaja ampullin kaulalle. Suuntaa piste itse\u00e4si kohti ja paina ampullinavaajaa taaksep\u00e4in. Kaada konsentraatti k\u00e4mmenelle, levit\u00e4 sitten kasvoille, kaulalle ja dekolteelle ja taputtele varovasti sormenp\u00e4ill\u00e4 ihoon. K\u00e4yt\u00e4 ennen seerumia ja kosteusvoidetta.<\/p>\n<p><strong>Ainesosat:<br \/>\n<\/strong>Aqua\/Water, Propylene Glycol, Aloe Barbadensis Leaf Juice, Trideceth-9, PEG-40 Hydrogenated Castor Oil, Urea, Sodium Hyaluronate, Maris Aqua\/Sea Water, Spirulina Maxima Extract, Algae Extract\/Alaria Esculenta Extract, Saccharide Isomerate, Caviar Extract, Ostrea Shell Extract\/Oyster Shell Extract, Maris Limus Extract\/Sea Silt Extract, Allantoin, Panthenol, Glycerin, Serine, Sorbitol, TEA-Lactate, Sodium Lactate, Lactic Acid, Sodium Hydroxide, Biotin, Sodium Chloride, Ethylhexylglycerin, Phenoxyethanol, Tetrasodium Glutamate Diacetate, Caprylic\/Capric Triglyceride, Citric Acid, Potassium Sorbate, Sodium Benzoate, Acrylates\/C10-30 Alkyl Acrylate Crosspolymer, Hexyl Cinnamal, Alpha-Isomethyl Ionone, Parfum\/Fragrance<\/p>","protected":false},"excerpt":{"rendered":"<p>Sileytt\u00e4v\u00e4t hyaluronihappoampullit kiinte\u00e4mm\u00e4lle iholle.<\/p>\n<p class=\"translation-block\">Korkeakoncentroitu kosteutusboosteri<br>\nHyaluronihappo tekee ihosta kiinte\u00e4mm\u00e4n n\u00e4k\u00f6isen<br>\nUrea lukitsee kosteuden ihoon<br>\nPantenoli rauhoittaa ihoa<br>\nLis\u00e4\u00e4 kosteustasapainoa 71 % vain 20 minuutissa*<br>\nHuolehdi luonnosta! Luonnollisesti pakattu kest\u00e4v\u00e4n kehityksen lasiampulleihin.<\/p>","protected":false},"featured_media":7097,"comment_status":"closed","ping_status":"closed","template":"","meta":{"_uag_custom_page_level_css":"","site-sidebar-layout":"default","site-content-layout":"","ast-site-content-layout":"default","site-content-style":"default","site-sidebar-style":"default","ast-global-header-display":"","ast-banner-title-visibility":"","ast-main-header-display":"","ast-hfb-above-header-display":"","ast-hfb-below-header-display":"","ast-hfb-mobile-header-display":"","site-post-title":"","ast-breadcrumbs-content":"","ast-featured-img":"","footer-sml-layout":"","ast-disable-related-posts":"","theme-transparent-header-meta":"default","adv-header-id-meta":"","stick-header-meta":"","header-above-stick-meta":"","header-main-stick-meta":"","header-below-stick-meta":"","astra-migrate-meta-layouts":"set","ast-page-background-enabled":"default","ast-page-background-meta":{"desktop":{"background-color":"var(--ast-global-color-4)","background-image":"","background-repeat":"repeat","background-position":"center center","background-size":"auto","background-attachment":"scroll","background-type":"","background-media":"","overlay-type":"","overlay-color":"","overlay-opacity":"","overlay-gradient":""},"tablet":{"background-color":"","background-image":"","background-repeat":"repeat","background-position":"center center","background-size":"auto","background-attachment":"scroll","background-type":"","background-media":"","overlay-type":"","overlay-color":"","overlay-opacity":"","overlay-gradient":""},"mobile":{"background-color":"","background-image":"","background-repeat":"repeat","background-position":"center center","background-size":"auto","background-attachment":"scroll","background-type":"","background-media":"","overlay-type":"","overlay-color":"","overlay-opacity":"","overlay-gradient":""}},"ast-content-background-meta":{"desktop":{"background-color":"var(--ast-global-color-5)","background-image":"","background-repeat":"repeat","background-position":"center center","background-size":"auto","background-attachment":"scroll","background-type":"","background-media":"","overlay-type":"","overlay-color":"","overlay-opacity":"","overlay-gradient":""},"tablet":{"background-color":"var(--ast-global-color-5)","background-image":"","background-repeat":"repeat","background-position":"center center","background-size":"auto","background-attachment":"scroll","background-type":"","background-media":"","overlay-type":"","overlay-color":"","overlay-opacity":"","overlay-gradient":""},"mobile":{"background-color":"var(--ast-global-color-5)","background-image":"","background-repeat":"repeat","background-position":"center center","background-size":"auto","background-attachment":"scroll","background-type":"","background-media":"","overlay-type":"","overlay-color":"","overlay-opacity":"","overlay-gradient":""}}},"product_brand":[],"product_cat":[125,97],"product_tag":[],"class_list":{"0":"post-7109","1":"product","2":"type-product","3":"status-publish","4":"has-post-thumbnail","6":"product_cat-dalton","7":"product_cat-naole","8":"desktop-align-left","9":"tablet-align-left","10":"mobile-align-left","12":"first","13":"onbackorder","14":"taxable","15":"shipping-taxable","16":"product-type-simple","17":"add-to-wishlist-before_image"},"uagb_featured_image_src":{"full":["https:\/\/kosmeetika24.com\/wp-content\/uploads\/2025\/11\/4054621620327.webp",540,540,false],"thumbnail":["https:\/\/kosmeetika24.com\/wp-content\/uploads\/2025\/11\/4054621620327-150x150.webp",150,150,true],"medium":["https:\/\/kosmeetika24.com\/wp-content\/uploads\/2025\/11\/4054621620327-300x300.webp",300,300,true],"medium_large":["https:\/\/kosmeetika24.com\/wp-content\/uploads\/2025\/11\/4054621620327.webp",540,540,false],"large":["https:\/\/kosmeetika24.com\/wp-content\/uploads\/2025\/11\/4054621620327.webp",540,540,false],"1536x1536":["https:\/\/kosmeetika24.com\/wp-content\/uploads\/2025\/11\/4054621620327.webp",540,540,false],"2048x2048":["https:\/\/kosmeetika24.com\/wp-content\/uploads\/2025\/11\/4054621620327.webp",540,540,false],"trp-custom-language-flag":["https:\/\/kosmeetika24.com\/wp-content\/uploads\/2025\/11\/4054621620327-12x12.webp",12,12,true],"woocommerce_thumbnail":["https:\/\/kosmeetika24.com\/wp-content\/uploads\/2025\/11\/4054621620327-300x300.webp",300,300,true],"woocommerce_single":["https:\/\/kosmeetika24.com\/wp-content\/uploads\/2025\/11\/4054621620327-500x500.webp",500,500,true],"woocommerce_gallery_thumbnail":["https:\/\/kosmeetika24.com\/wp-content\/uploads\/2025\/11\/4054621620327-100x100.webp",100,100,true]},"uagb_author_info":{"display_name":"admin","author_link":"https:\/\/kosmeetika24.com\/fi\/author\/"},"uagb_comment_info":0,"uagb_excerpt":"Silendavad h\u00fcaluroonhappe ampullid pringima naha jaoks. K\u00f5rgkontsentreeritud niisutusbooster H\u00fcaluroonhape tagab naha pringima v\u00e4limuse Uurea lukustab niiskuse naha sisse Pantenool rahustab nahka T\u00f5stab niiskustasakaalu 71% juba 20 minuti jooksul* Hoia loodust! Looduslikult pakendatud j\u00e4tkusuutlikesse klaasampullidesse.","_links":{"self":[{"href":"https:\/\/kosmeetika24.com\/fi\/wp-json\/wp\/v2\/product\/7109","targetHints":{"allow":["GET"]}}],"collection":[{"href":"https:\/\/kosmeetika24.com\/fi\/wp-json\/wp\/v2\/product"}],"about":[{"href":"https:\/\/kosmeetika24.com\/fi\/wp-json\/wp\/v2\/types\/product"}],"replies":[{"embeddable":true,"href":"https:\/\/kosmeetika24.com\/fi\/wp-json\/wp\/v2\/comments?post=7109"}],"version-history":[{"count":1,"href":"https:\/\/kosmeetika24.com\/fi\/wp-json\/wp\/v2\/product\/7109\/revisions"}],"predecessor-version":[{"id":7110,"href":"https:\/\/kosmeetika24.com\/fi\/wp-json\/wp\/v2\/product\/7109\/revisions\/7110"}],"wp:featuredmedia":[{"embeddable":true,"href":"https:\/\/kosmeetika24.com\/fi\/wp-json\/wp\/v2\/media\/7097"}],"wp:attachment":[{"href":"https:\/\/kosmeetika24.com\/fi\/wp-json\/wp\/v2\/media?parent=7109"}],"wp:term":[{"taxonomy":"product_brand","embeddable":true,"href":"https:\/\/kosmeetika24.com\/fi\/wp-json\/wp\/v2\/product_brand?post=7109"},{"taxonomy":"product_cat","embeddable":true,"href":"https:\/\/kosmeetika24.com\/fi\/wp-json\/wp\/v2\/product_cat?post=7109"},{"taxonomy":"product_tag","embeddable":true,"href":"https:\/\/kosmeetika24.com\/fi\/wp-json\/wp\/v2\/product_tag?post=7109"}],"curies":[{"name":"wp","href":"https:\/\/api.w.org\/{rel}","templated":true}]}}