{"id":7107,"date":"2025-11-05T13:05:31","date_gmt":"2025-11-05T10:05:31","guid":{"rendered":"https:\/\/kosmeetika24.com\/?post_type=product&#038;p=7107"},"modified":"2026-01-12T12:20:23","modified_gmt":"2026-01-12T09:20:23","slug":"dalton-extreme-lift-anti-wrinkle-ampoules","status":"publish","type":"product","link":"https:\/\/kosmeetika24.com\/fi\/tuote\/dalton-extreme-lift-anti-wrinkle-ampoules\/","title":{"rendered":"Dalton \u2013 Extreme Lift \u2013 Anti Wrinkle Ampoules"},"content":{"rendered":"<p>\u00a0<\/p>\n<p>T\u00e4m\u00e4 anti-aging-ampulli sis\u00e4lt\u00e4\u00e4 Daltonin uudistavaa Celumer Marine Extractia ja jamb\u00fa-uutetta \u2013 kasviuutetta, joka rentouttaa kasvojen lihaksia. Lifting-efekti n\u00e4kyy jo ensimm\u00e4isest\u00e4 k\u00e4ytt\u00f6kerrasta. Pienet rypyt h\u00e4vi\u00e4v\u00e4t, ilmelinjat v\u00e4henev\u00e4t ja otsan juonteet tasoittuvat \u2013 vaikutus kest\u00e4\u00e4 yli 24 tuntia. Anti-aging-ampullia voidaan k\u00e4ytt\u00e4\u00e4 joko kertaluonteisena kauneusboostina tai osana intensiivist\u00e4 kiinteytt\u00e4v\u00e4\u00e4 ihonhoitojaksoa, joka v\u00e4hent\u00e4\u00e4 hienoja juonteita ja ryppyj\u00e4. Lopputulos on sile\u00e4mpi, kimmoisampi ja nuorekkaamman n\u00e4k\u00f6inen iho.<\/p>\n<p><strong>Soome keeles:<\/strong><br \/>\nRavista ennen k\u00e4ytt\u00f6\u00e4 ja aseta ampullinavaaja ampullin kaulalle. Suuntaa piste itse\u00e4si kohti ja paina ampullinavaajaa taaksep\u00e4in. Kaada konsentraatti k\u00e4mmenelle, levit\u00e4 sitten kasvoille, kaulalle ja dekolteelle ja taputtele varovasti sormenp\u00e4ill\u00e4 ihoon. K\u00e4yt\u00e4 ennen seerumia ja kosteusvoidetta.<\/p>\n<p><strong>Ainesosat:<\/strong><br \/>\nAqua\/Water, Propylene Glycol, Pentylene Glycol, Butylene Glycol, Propanediol, HDI\/Trimethylol Hexyllactone Crosspolymer, PEG-40 Hydrogenated Castor Oil, Maris Aqua\/Sea Water, Spirulina Maxima Extract, Algae Extract\/Alaria Esculenta Extract, Maris Limus Extract\/Sea Silt Extract, Saccharide Isomerate, Ostrea Shell Extract\/Oyster Shell Extract, Caviar Extract, Acmella Oleracea Extract, Sodium Hydroxide, Phenoxyethanol, Silica, Kappaphycus Alvarezii Extract, Sodium Hyaluronate, Potassium Sorbate, Caprylic\/Capric Triglyceride, Acrylates\/C10-30 Alkyl Acrylate Crosspolymer, Caesalpinia Spinosa Fruit Extract, Parfum\/Fragrance<\/p>","protected":false},"excerpt":{"rendered":"<p>Kasvoja kiinteytt\u00e4v\u00e4t ampullit v\u00e4litt\u00f6m\u00e4ll\u00e4 vaikutuksella.<\/p>\n<p class=\"translation-block\">Silmist\u00e4 v\u00e4litt\u00f6m\u00e4sti otsan rypyt ja ilmelinjat.<br>\nSis\u00e4lt\u00e4\u00e4 jamb\u00fa-uutetta \u2013 luonnollinen vaihtoehto botoksille.<br>\nTutkimukset vahvistavat n\u00e4kyv\u00e4n ryppyjen v\u00e4henemisen yli 24 tunnin ajan*.<br>\nKevyt seerumi nopealla ryppyj\u00e4 silottavalla vaikutuksella.<br>\nSopii kyps\u00e4lle iholle.<\/p>","protected":false},"featured_media":7098,"comment_status":"closed","ping_status":"closed","template":"","meta":{"_uag_custom_page_level_css":"","site-sidebar-layout":"default","site-content-layout":"","ast-site-content-layout":"default","site-content-style":"default","site-sidebar-style":"default","ast-global-header-display":"","ast-banner-title-visibility":"","ast-main-header-display":"","ast-hfb-above-header-display":"","ast-hfb-below-header-display":"","ast-hfb-mobile-header-display":"","site-post-title":"","ast-breadcrumbs-content":"","ast-featured-img":"","footer-sml-layout":"","ast-disable-related-posts":"","theme-transparent-header-meta":"default","adv-header-id-meta":"","stick-header-meta":"","header-above-stick-meta":"","header-main-stick-meta":"","header-below-stick-meta":"","astra-migrate-meta-layouts":"set","ast-page-background-enabled":"default","ast-page-background-meta":{"desktop":{"background-color":"var(--ast-global-color-4)","background-image":"","background-repeat":"repeat","background-position":"center center","background-size":"auto","background-attachment":"scroll","background-type":"","background-media":"","overlay-type":"","overlay-color":"","overlay-opacity":"","overlay-gradient":""},"tablet":{"background-color":"","background-image":"","background-repeat":"repeat","background-position":"center center","background-size":"auto","background-attachment":"scroll","background-type":"","background-media":"","overlay-type":"","overlay-color":"","overlay-opacity":"","overlay-gradient":""},"mobile":{"background-color":"","background-image":"","background-repeat":"repeat","background-position":"center center","background-size":"auto","background-attachment":"scroll","background-type":"","background-media":"","overlay-type":"","overlay-color":"","overlay-opacity":"","overlay-gradient":""}},"ast-content-background-meta":{"desktop":{"background-color":"var(--ast-global-color-5)","background-image":"","background-repeat":"repeat","background-position":"center center","background-size":"auto","background-attachment":"scroll","background-type":"","background-media":"","overlay-type":"","overlay-color":"","overlay-opacity":"","overlay-gradient":""},"tablet":{"background-color":"var(--ast-global-color-5)","background-image":"","background-repeat":"repeat","background-position":"center center","background-size":"auto","background-attachment":"scroll","background-type":"","background-media":"","overlay-type":"","overlay-color":"","overlay-opacity":"","overlay-gradient":""},"mobile":{"background-color":"var(--ast-global-color-5)","background-image":"","background-repeat":"repeat","background-position":"center center","background-size":"auto","background-attachment":"scroll","background-type":"","background-media":"","overlay-type":"","overlay-color":"","overlay-opacity":"","overlay-gradient":""}}},"product_brand":[],"product_cat":[125,97],"product_tag":[],"class_list":{"0":"post-7107","1":"product","2":"type-product","3":"status-publish","4":"has-post-thumbnail","6":"product_cat-dalton","7":"product_cat-naole","8":"desktop-align-left","9":"tablet-align-left","10":"mobile-align-left","12":"first","13":"onbackorder","14":"taxable","15":"shipping-taxable","16":"product-type-simple","17":"add-to-wishlist-before_image"},"uagb_featured_image_src":{"full":["https:\/\/kosmeetika24.com\/wp-content\/uploads\/2025\/11\/4054621640448.webp",540,540,false],"thumbnail":["https:\/\/kosmeetika24.com\/wp-content\/uploads\/2025\/11\/4054621640448-150x150.webp",150,150,true],"medium":["https:\/\/kosmeetika24.com\/wp-content\/uploads\/2025\/11\/4054621640448-300x300.webp",300,300,true],"medium_large":["https:\/\/kosmeetika24.com\/wp-content\/uploads\/2025\/11\/4054621640448.webp",540,540,false],"large":["https:\/\/kosmeetika24.com\/wp-content\/uploads\/2025\/11\/4054621640448.webp",540,540,false],"1536x1536":["https:\/\/kosmeetika24.com\/wp-content\/uploads\/2025\/11\/4054621640448.webp",540,540,false],"2048x2048":["https:\/\/kosmeetika24.com\/wp-content\/uploads\/2025\/11\/4054621640448.webp",540,540,false],"trp-custom-language-flag":["https:\/\/kosmeetika24.com\/wp-content\/uploads\/2025\/11\/4054621640448-12x12.webp",12,12,true],"woocommerce_thumbnail":["https:\/\/kosmeetika24.com\/wp-content\/uploads\/2025\/11\/4054621640448-300x300.webp",300,300,true],"woocommerce_single":["https:\/\/kosmeetika24.com\/wp-content\/uploads\/2025\/11\/4054621640448-500x500.webp",500,500,true],"woocommerce_gallery_thumbnail":["https:\/\/kosmeetika24.com\/wp-content\/uploads\/2025\/11\/4054621640448-100x100.webp",100,100,true]},"uagb_author_info":{"display_name":"admin","author_link":"https:\/\/kosmeetika24.com\/fi\/author\/"},"uagb_comment_info":0,"uagb_excerpt":"N\u00e4onahka pinguldavad ampullid kohese efektiga. Pinguldab koheselt otsmiku kortse ja miimilisi jooni. Sisaldab jamb\u00fa ekstrakti \u2013 looduslik alternatiiv botoksile. Uuring kinnitab n\u00e4htavat kortsude v\u00e4henemist \u00fcle 24 tunni*. Kerge koostisega kontsentraat kiire kortse siluva toimega. Sobib k\u00fcpsele nahale.","_links":{"self":[{"href":"https:\/\/kosmeetika24.com\/fi\/wp-json\/wp\/v2\/product\/7107","targetHints":{"allow":["GET"]}}],"collection":[{"href":"https:\/\/kosmeetika24.com\/fi\/wp-json\/wp\/v2\/product"}],"about":[{"href":"https:\/\/kosmeetika24.com\/fi\/wp-json\/wp\/v2\/types\/product"}],"replies":[{"embeddable":true,"href":"https:\/\/kosmeetika24.com\/fi\/wp-json\/wp\/v2\/comments?post=7107"}],"version-history":[{"count":1,"href":"https:\/\/kosmeetika24.com\/fi\/wp-json\/wp\/v2\/product\/7107\/revisions"}],"predecessor-version":[{"id":7108,"href":"https:\/\/kosmeetika24.com\/fi\/wp-json\/wp\/v2\/product\/7107\/revisions\/7108"}],"wp:featuredmedia":[{"embeddable":true,"href":"https:\/\/kosmeetika24.com\/fi\/wp-json\/wp\/v2\/media\/7098"}],"wp:attachment":[{"href":"https:\/\/kosmeetika24.com\/fi\/wp-json\/wp\/v2\/media?parent=7107"}],"wp:term":[{"taxonomy":"product_brand","embeddable":true,"href":"https:\/\/kosmeetika24.com\/fi\/wp-json\/wp\/v2\/product_brand?post=7107"},{"taxonomy":"product_cat","embeddable":true,"href":"https:\/\/kosmeetika24.com\/fi\/wp-json\/wp\/v2\/product_cat?post=7107"},{"taxonomy":"product_tag","embeddable":true,"href":"https:\/\/kosmeetika24.com\/fi\/wp-json\/wp\/v2\/product_tag?post=7107"}],"curies":[{"name":"wp","href":"https:\/\/api.w.org\/{rel}","templated":true}]}}