{"id":7103,"date":"2025-11-06T17:29:38","date_gmt":"2025-11-06T14:29:38","guid":{"rendered":"https:\/\/kosmeetika24.com\/?post_type=product&#038;p=7103"},"modified":"2026-01-12T12:11:09","modified_gmt":"2026-01-12T09:11:09","slug":"dalton-s-e-a-marine-stem-cell-ampoules","status":"publish","type":"product","link":"https:\/\/kosmeetika24.com\/fi\/tuote\/dalton-s-e-a-marine-stem-cell-ampoules\/","title":{"rendered":"Dalton \u2013 S.E.A. \u2013 Marine Stem Cell Ampoules"},"content":{"rendered":"<p><strong>Soome keeles:<\/strong><br \/>\nRavista ennen k\u00e4ytt\u00f6\u00e4 ja aseta ampullinavaaja ampullin kaulalle. Suuntaa piste itse\u00e4si kohti ja paina ampullinavaajaa taaksep\u00e4in. Kaada konsentraatti k\u00e4mmenelle, levit\u00e4 sitten kasvoille, kaulalle ja dekolteelle ja taputtele varovasti sormenp\u00e4ill\u00e4 ihoon. K\u00e4yt\u00e4 ennen seerumia ja kosteusvoidetta.<\/p>\n<p class=\"translation-block\"><strong>Vinkki:<\/strong><br>\nIhanteellinen ihonhoitorutiini ennen ja j\u00e4lkeen kosmeettisten toimenpiteiden.<\/p>\n<p class=\"translation-block\">Merellisten kantasolujen ampullit ovat todellinen tehoannos! Jokainen ampulli sis\u00e4lt\u00e4\u00e4 yhteens\u00e4 kaksi miljoonaa merellist\u00e4 kantasolua. Lis\u00e4ksi ampulli on tehostettu ainutlaatuisella <i>Celumer Marine<\/i> -uutteella ja <i>Crambe maritima<\/i>\u2019lla, jotka:<br>\nParantavat ihosolujen luonnollista suojaa<br>\nKosteuttavat ja palauttavat ihoa<br>\nStimuloi <b>solujen uusiutumista ja epidermiksen regenerointia<\/b><br>\nLis\u00e4\u00e4 kollageenin tuotantoa jopa <b>43%<\/b> parantaen ihon kimmoisuutta ja kiinteytt\u00e4en l\u00f6ys\u00e4\u00e4 ihoa<\/p>\n<p class=\"translation-block\"><strong>Tulos:<\/strong><br>\nIho n\u00e4ytt\u00e4\u00e4 <b>sile\u00e4mm\u00e4lt\u00e4 ja t\u00e4ytel\u00e4isemm\u00e4lt\u00e4<\/b>, ja kasvonpiirteet muuttuvat <b>kiinte\u00e4mmiksi ja selke\u00e4mmiksi<\/b>.<\/p>\n<p><em>*Testi suoritettiin 47\u201362-vuotiailla osallistujilla, k\u00e4ytt\u00e4en Celumer Marine Extractia kahdesti p\u00e4iv\u00e4ss\u00e4 nelj\u00e4n viikon ajan. Tuloksia verrattiin k\u00e4sittelem\u00e4tt\u00f6miin kontrollin\u00e4ytteisiin. Tutkimus suoritettiin in vivo.<\/em><\/p>","protected":false},"excerpt":{"rendered":"<p>Korkeasti konsentroidut ik\u00e4\u00e4ntymist\u00e4 est\u00e4v\u00e4t ampullit solujen uusiutumisen kiihdytt\u00e4miseksi<\/p>\n<p class=\"translation-block\">Jokainen ampulli sis\u00e4lt\u00e4\u00e4 2 miljoonaa merellist\u00e4 kantasolua<br>\nEritt\u00e4in korkeasti konsentroidut aktiiviset ainesosat<br>\nCrambe maritima suojaa ihosoluja<br>\nNopeuttaa solujen uusiutumista<br>\nLis\u00e4\u00e4 kollageenin tuotantoa jopa 43%*<\/p>","protected":false},"featured_media":7099,"comment_status":"closed","ping_status":"closed","template":"","meta":{"_uag_custom_page_level_css":"","site-sidebar-layout":"default","site-content-layout":"","ast-site-content-layout":"default","site-content-style":"default","site-sidebar-style":"default","ast-global-header-display":"","ast-banner-title-visibility":"","ast-main-header-display":"","ast-hfb-above-header-display":"","ast-hfb-below-header-display":"","ast-hfb-mobile-header-display":"","site-post-title":"","ast-breadcrumbs-content":"","ast-featured-img":"","footer-sml-layout":"","ast-disable-related-posts":"","theme-transparent-header-meta":"default","adv-header-id-meta":"","stick-header-meta":"","header-above-stick-meta":"","header-main-stick-meta":"","header-below-stick-meta":"","astra-migrate-meta-layouts":"set","ast-page-background-enabled":"default","ast-page-background-meta":{"desktop":{"background-color":"var(--ast-global-color-4)","background-image":"","background-repeat":"repeat","background-position":"center center","background-size":"auto","background-attachment":"scroll","background-type":"","background-media":"","overlay-type":"","overlay-color":"","overlay-opacity":"","overlay-gradient":""},"tablet":{"background-color":"","background-image":"","background-repeat":"repeat","background-position":"center center","background-size":"auto","background-attachment":"scroll","background-type":"","background-media":"","overlay-type":"","overlay-color":"","overlay-opacity":"","overlay-gradient":""},"mobile":{"background-color":"","background-image":"","background-repeat":"repeat","background-position":"center center","background-size":"auto","background-attachment":"scroll","background-type":"","background-media":"","overlay-type":"","overlay-color":"","overlay-opacity":"","overlay-gradient":""}},"ast-content-background-meta":{"desktop":{"background-color":"var(--ast-global-color-5)","background-image":"","background-repeat":"repeat","background-position":"center center","background-size":"auto","background-attachment":"scroll","background-type":"","background-media":"","overlay-type":"","overlay-color":"","overlay-opacity":"","overlay-gradient":""},"tablet":{"background-color":"var(--ast-global-color-5)","background-image":"","background-repeat":"repeat","background-position":"center center","background-size":"auto","background-attachment":"scroll","background-type":"","background-media":"","overlay-type":"","overlay-color":"","overlay-opacity":"","overlay-gradient":""},"mobile":{"background-color":"var(--ast-global-color-5)","background-image":"","background-repeat":"repeat","background-position":"center center","background-size":"auto","background-attachment":"scroll","background-type":"","background-media":"","overlay-type":"","overlay-color":"","overlay-opacity":"","overlay-gradient":""}}},"product_brand":[],"product_cat":[125,97],"product_tag":[],"class_list":{"0":"post-7103","1":"product","2":"type-product","3":"status-publish","4":"has-post-thumbnail","6":"product_cat-dalton","7":"product_cat-naole","8":"desktop-align-left","9":"tablet-align-left","10":"mobile-align-left","12":"first","13":"onbackorder","14":"taxable","15":"shipping-taxable","16":"product-type-simple","17":"add-to-wishlist-before_image"},"uagb_featured_image_src":{"full":["https:\/\/kosmeetika24.com\/wp-content\/uploads\/2025\/11\/4054621650324.webp",540,540,false],"thumbnail":["https:\/\/kosmeetika24.com\/wp-content\/uploads\/2025\/11\/4054621650324-150x150.webp",150,150,true],"medium":["https:\/\/kosmeetika24.com\/wp-content\/uploads\/2025\/11\/4054621650324-300x300.webp",300,300,true],"medium_large":["https:\/\/kosmeetika24.com\/wp-content\/uploads\/2025\/11\/4054621650324.webp",540,540,false],"large":["https:\/\/kosmeetika24.com\/wp-content\/uploads\/2025\/11\/4054621650324.webp",540,540,false],"1536x1536":["https:\/\/kosmeetika24.com\/wp-content\/uploads\/2025\/11\/4054621650324.webp",540,540,false],"2048x2048":["https:\/\/kosmeetika24.com\/wp-content\/uploads\/2025\/11\/4054621650324.webp",540,540,false],"trp-custom-language-flag":["https:\/\/kosmeetika24.com\/wp-content\/uploads\/2025\/11\/4054621650324-12x12.webp",12,12,true],"woocommerce_thumbnail":["https:\/\/kosmeetika24.com\/wp-content\/uploads\/2025\/11\/4054621650324-300x300.webp",300,300,true],"woocommerce_single":["https:\/\/kosmeetika24.com\/wp-content\/uploads\/2025\/11\/4054621650324-500x500.webp",500,500,true],"woocommerce_gallery_thumbnail":["https:\/\/kosmeetika24.com\/wp-content\/uploads\/2025\/11\/4054621650324-100x100.webp",100,100,true]},"uagb_author_info":{"display_name":"admin","author_link":"https:\/\/kosmeetika24.com\/fi\/author\/"},"uagb_comment_info":0,"uagb_excerpt":"K\u00f5rgelt kontsentreeritud vananemisvastased ampullid rakkude uuenemise kiirendamiseks Iga ampull sisaldab 2 miljonit merelist t\u00fcvirakku V\u00e4ga k\u00f5rgelt kontsentreeritud aktiivsete koostisosadega Crambe maritima kaitseb naharakke Kiirendab rakkude uuendamist Suurendab kollageeni tootmist kuni 43%*","_links":{"self":[{"href":"https:\/\/kosmeetika24.com\/fi\/wp-json\/wp\/v2\/product\/7103","targetHints":{"allow":["GET"]}}],"collection":[{"href":"https:\/\/kosmeetika24.com\/fi\/wp-json\/wp\/v2\/product"}],"about":[{"href":"https:\/\/kosmeetika24.com\/fi\/wp-json\/wp\/v2\/types\/product"}],"replies":[{"embeddable":true,"href":"https:\/\/kosmeetika24.com\/fi\/wp-json\/wp\/v2\/comments?post=7103"}],"version-history":[{"count":2,"href":"https:\/\/kosmeetika24.com\/fi\/wp-json\/wp\/v2\/product\/7103\/revisions"}],"predecessor-version":[{"id":7231,"href":"https:\/\/kosmeetika24.com\/fi\/wp-json\/wp\/v2\/product\/7103\/revisions\/7231"}],"wp:featuredmedia":[{"embeddable":true,"href":"https:\/\/kosmeetika24.com\/fi\/wp-json\/wp\/v2\/media\/7099"}],"wp:attachment":[{"href":"https:\/\/kosmeetika24.com\/fi\/wp-json\/wp\/v2\/media?parent=7103"}],"wp:term":[{"taxonomy":"product_brand","embeddable":true,"href":"https:\/\/kosmeetika24.com\/fi\/wp-json\/wp\/v2\/product_brand?post=7103"},{"taxonomy":"product_cat","embeddable":true,"href":"https:\/\/kosmeetika24.com\/fi\/wp-json\/wp\/v2\/product_cat?post=7103"},{"taxonomy":"product_tag","embeddable":true,"href":"https:\/\/kosmeetika24.com\/fi\/wp-json\/wp\/v2\/product_tag?post=7103"}],"curies":[{"name":"wp","href":"https:\/\/api.w.org\/{rel}","templated":true}]}}