{"id":7095,"date":"2025-11-06T17:29:15","date_gmt":"2025-11-06T14:29:15","guid":{"rendered":"https:\/\/kosmeetika24.com\/?post_type=product&#038;p=7095"},"modified":"2026-01-12T12:11:16","modified_gmt":"2026-01-12T09:11:16","slug":"dalton-caviar-deluxe-caviar-anti-aging-ampoules","status":"publish","type":"product","link":"https:\/\/kosmeetika24.com\/fi\/tuote\/dalton-caviar-deluxe-caviar-anti-aging-ampoules\/","title":{"rendered":"Dalton \u2013 Caviar Deluxe \u2013 Caviar Anti-Aging Ampoules"},"content":{"rendered":"<p><strong>Soome keeles:<br \/>\n<\/strong>Ravista ennen k\u00e4ytt\u00f6\u00e4 ja aseta ampullinavaaja ampullin kaulalle. Suuntaa piste itse\u00e4si kohti ja paina ampullinavaajaa taaksep\u00e4in. Kaada konsentraatti k\u00e4mmenelle, levit\u00e4 sitten kasvoille, kaulalle ja dekolteelle ja taputtele varovasti sormenp\u00e4ill\u00e4 ihoon. K\u00e4yt\u00e4 ennen seerumia ja kosteusvoidetta.<\/p>\n<p><strong>Vinkki:<br \/>\n<\/strong>Nopea kauneushoito sile\u00e4lle, virheett\u00f6m\u00e4lle ja hehkuvalle iholle. T\u00e4ydellinen meikinpohjustukseen pitk\u00e4kestoisen meikin saamiseksi!<\/p>\n<p class=\"translation-block\">Kaaviari ampull on t\u00f5eline vananemisvastane kokteil, mis sisaldab olulisi toitaineid ja elut\u00e4htsaid aineid. Selle koostises on meie k\u00f5ige k\u00f5rgema kontsentratsiooniga&nbsp;<em>Celumer mereline ekstrakt<\/em>&nbsp;koos lisadoosi kaaviariga. Kuid see pole veel k\u00f5ik:<\/p>\n<p class=\"translation-block\">Kiihdytt\u00e4\u00e4 ihon uusiutumista ja vahvistaa ihon luonnollista suojaa<br>\nStimuloi kollageenin ja hyaluronihapon tuotantoa<br>\nLis\u00e4\u00e4 ihon kosteustasapainoa 51 % vain 20 minuutissa*<\/p>\n<p class=\"translation-block\"><strong>Tulos:<\/strong><br>\nSile, virheet\u00f6n ja kauniisti s\u00e4teilev\u00e4 iho.<\/p>\n<p><i><i>Kliininen tutkimus ihon kimmoisuuden testaamiseksi in vivo, 35 naista.<\/i><\/i><i><br \/>\n<\/i><i><i>Kliininen tutkimus ihon kosteuspitoisuuden testaamiseksi in vivo, 35 naista.<\/i><\/i><\/p>\n<p><strong>Ainesosat<\/strong><br \/>\nAqua\/Water, Propylene Glycol, Glycerin, PEG-7 Glyceryl Cocoate, Sorbitol, Pentylene Glycol, Caviar Extract, Maris Aqua\/Sea Water, Spirulina Maxima Extract, Algae Extract\/Alaria Esculenta Extract, Maris Limus Extract\/Sea Silt Extract, Saccharide Isomerate, Ostrea Shell Extract\/Oyster Shell Extract, PEG-40 Hydrogenated Castor Oil, Sodium Hyaluronate, Biotin, Phenoxyethanol, Potassium Sorbate, Sodium Hydroxide, Ethylhexylglycerin, Trideceth-9, Caprylic\/Capric Triglyceride, Alpha-Isomethyl Ionone, Tetrasodium Glutamate Diacetate, Acrylates\/C10-30 Alkyl Acrylate Crosspolymer, Hexyl Cinnamal, Parfum\/Fragrance<\/p>","protected":false},"excerpt":{"rendered":"<p>Ravitseva anti-ageing kaviaariampulli s\u00e4delevan ihon saavuttamiseksi<\/p>\n<p class=\"translation-block\">Nopeuttaa ihon uusiutumista<br>\nRavitseva kaviaarikonsentraatti<br>\nStimuloi kollageenin tuotantoa<br>\nSis\u00e4lt\u00e4\u00e4 v\u00e4ltt\u00e4m\u00e4tt\u00f6mi\u00e4 ravintoaineita ja elint\u00e4rkeit\u00e4 aineita<br>\nHyaluronihappo kosteuttaa ihoa<br>\nParantaa ihon kimmoisuutta 20 % vain 20 minuutissa*<\/p>","protected":false},"featured_media":7100,"comment_status":"closed","ping_status":"closed","template":"","meta":{"_uag_custom_page_level_css":"","site-sidebar-layout":"default","site-content-layout":"","ast-site-content-layout":"default","site-content-style":"default","site-sidebar-style":"default","ast-global-header-display":"","ast-banner-title-visibility":"","ast-main-header-display":"","ast-hfb-above-header-display":"","ast-hfb-below-header-display":"","ast-hfb-mobile-header-display":"","site-post-title":"","ast-breadcrumbs-content":"","ast-featured-img":"","footer-sml-layout":"","ast-disable-related-posts":"","theme-transparent-header-meta":"default","adv-header-id-meta":"","stick-header-meta":"","header-above-stick-meta":"","header-main-stick-meta":"","header-below-stick-meta":"","astra-migrate-meta-layouts":"set","ast-page-background-enabled":"default","ast-page-background-meta":{"desktop":{"background-color":"var(--ast-global-color-4)","background-image":"","background-repeat":"repeat","background-position":"center center","background-size":"auto","background-attachment":"scroll","background-type":"","background-media":"","overlay-type":"","overlay-color":"","overlay-opacity":"","overlay-gradient":""},"tablet":{"background-color":"","background-image":"","background-repeat":"repeat","background-position":"center center","background-size":"auto","background-attachment":"scroll","background-type":"","background-media":"","overlay-type":"","overlay-color":"","overlay-opacity":"","overlay-gradient":""},"mobile":{"background-color":"","background-image":"","background-repeat":"repeat","background-position":"center center","background-size":"auto","background-attachment":"scroll","background-type":"","background-media":"","overlay-type":"","overlay-color":"","overlay-opacity":"","overlay-gradient":""}},"ast-content-background-meta":{"desktop":{"background-color":"var(--ast-global-color-5)","background-image":"","background-repeat":"repeat","background-position":"center center","background-size":"auto","background-attachment":"scroll","background-type":"","background-media":"","overlay-type":"","overlay-color":"","overlay-opacity":"","overlay-gradient":""},"tablet":{"background-color":"var(--ast-global-color-5)","background-image":"","background-repeat":"repeat","background-position":"center center","background-size":"auto","background-attachment":"scroll","background-type":"","background-media":"","overlay-type":"","overlay-color":"","overlay-opacity":"","overlay-gradient":""},"mobile":{"background-color":"var(--ast-global-color-5)","background-image":"","background-repeat":"repeat","background-position":"center center","background-size":"auto","background-attachment":"scroll","background-type":"","background-media":"","overlay-type":"","overlay-color":"","overlay-opacity":"","overlay-gradient":""}}},"product_brand":[],"product_cat":[125,97],"product_tag":[],"class_list":{"0":"post-7095","1":"product","2":"type-product","3":"status-publish","4":"has-post-thumbnail","6":"product_cat-dalton","7":"product_cat-naole","8":"desktop-align-left","9":"tablet-align-left","10":"mobile-align-left","12":"first","13":"onbackorder","14":"taxable","15":"shipping-taxable","16":"product-type-simple","17":"add-to-wishlist-before_image"},"uagb_featured_image_src":{"full":["https:\/\/kosmeetika24.com\/wp-content\/uploads\/2025\/11\/4054621660095.webp",540,540,false],"thumbnail":["https:\/\/kosmeetika24.com\/wp-content\/uploads\/2025\/11\/4054621660095-150x150.webp",150,150,true],"medium":["https:\/\/kosmeetika24.com\/wp-content\/uploads\/2025\/11\/4054621660095-300x300.webp",300,300,true],"medium_large":["https:\/\/kosmeetika24.com\/wp-content\/uploads\/2025\/11\/4054621660095.webp",540,540,false],"large":["https:\/\/kosmeetika24.com\/wp-content\/uploads\/2025\/11\/4054621660095.webp",540,540,false],"1536x1536":["https:\/\/kosmeetika24.com\/wp-content\/uploads\/2025\/11\/4054621660095.webp",540,540,false],"2048x2048":["https:\/\/kosmeetika24.com\/wp-content\/uploads\/2025\/11\/4054621660095.webp",540,540,false],"trp-custom-language-flag":["https:\/\/kosmeetika24.com\/wp-content\/uploads\/2025\/11\/4054621660095-12x12.webp",12,12,true],"woocommerce_thumbnail":["https:\/\/kosmeetika24.com\/wp-content\/uploads\/2025\/11\/4054621660095-300x300.webp",300,300,true],"woocommerce_single":["https:\/\/kosmeetika24.com\/wp-content\/uploads\/2025\/11\/4054621660095-500x500.webp",500,500,true],"woocommerce_gallery_thumbnail":["https:\/\/kosmeetika24.com\/wp-content\/uploads\/2025\/11\/4054621660095-100x100.webp",100,100,true]},"uagb_author_info":{"display_name":"admin","author_link":"https:\/\/kosmeetika24.com\/fi\/author\/"},"uagb_comment_info":0,"uagb_excerpt":"Toitev vananemisvastane kaaviari ampull s\u00e4rava naha jaoks Kiirendab naha uuenemist Toitev kontsentraat kaaviariga Stimuleerib kollageeni tootmist Sisaldab essentsiaalseid toitaineid ja elut\u00e4htsaid aineid H\u00fcaluroonhape niisutab nahka Parandab naha elastsust 20% v\u00f5rra juba 20 minutiga*","_links":{"self":[{"href":"https:\/\/kosmeetika24.com\/fi\/wp-json\/wp\/v2\/product\/7095","targetHints":{"allow":["GET"]}}],"collection":[{"href":"https:\/\/kosmeetika24.com\/fi\/wp-json\/wp\/v2\/product"}],"about":[{"href":"https:\/\/kosmeetika24.com\/fi\/wp-json\/wp\/v2\/types\/product"}],"replies":[{"embeddable":true,"href":"https:\/\/kosmeetika24.com\/fi\/wp-json\/wp\/v2\/comments?post=7095"}],"version-history":[{"count":1,"href":"https:\/\/kosmeetika24.com\/fi\/wp-json\/wp\/v2\/product\/7095\/revisions"}],"predecessor-version":[{"id":7102,"href":"https:\/\/kosmeetika24.com\/fi\/wp-json\/wp\/v2\/product\/7095\/revisions\/7102"}],"wp:featuredmedia":[{"embeddable":true,"href":"https:\/\/kosmeetika24.com\/fi\/wp-json\/wp\/v2\/media\/7100"}],"wp:attachment":[{"href":"https:\/\/kosmeetika24.com\/fi\/wp-json\/wp\/v2\/media?parent=7095"}],"wp:term":[{"taxonomy":"product_brand","embeddable":true,"href":"https:\/\/kosmeetika24.com\/fi\/wp-json\/wp\/v2\/product_brand?post=7095"},{"taxonomy":"product_cat","embeddable":true,"href":"https:\/\/kosmeetika24.com\/fi\/wp-json\/wp\/v2\/product_cat?post=7095"},{"taxonomy":"product_tag","embeddable":true,"href":"https:\/\/kosmeetika24.com\/fi\/wp-json\/wp\/v2\/product_tag?post=7095"}],"curies":[{"name":"wp","href":"https:\/\/api.w.org\/{rel}","templated":true}]}}