{"id":7090,"date":"2025-11-06T17:29:59","date_gmt":"2025-11-06T14:29:59","guid":{"rendered":"https:\/\/kosmeetika24.com\/?post_type=product&#038;p=7090"},"modified":"2026-01-12T12:10:54","modified_gmt":"2026-01-12T09:10:54","slug":"dalton-s-e-a-marine-stem-cell-cream-light-texture","status":"publish","type":"product","link":"https:\/\/kosmeetika24.com\/fi\/tuote\/dalton-s-e-a-marine-stem-cell-cream-light-texture\/","title":{"rendered":"Dalton \u2013 S.E.A \u2013 Marine Stem Cell Cream \u2013 Light texture"},"content":{"rendered":"<p><strong>Soome keeles:<\/strong><br \/>\nLevit\u00e4 voidetta aamulla ja illalla puhdistetuille kasvoille, kaulalle ja dekolteelle. Jos k\u00e4yt\u00e4t my\u00f6s seerumia, levit\u00e4 ensin seerumi ja sen j\u00e4lkeen kevytvoiteinen voide.<\/p>\n<p class=\"translation-block\"><em>Marine Stem Cell Cream Light<\/em> tarjoaa kevytt\u00e4 ja ylellist\u00e4 hoitoa hienovaraisella tuoksulla. Sen koostumukseen kuuluu ainutlaatuinen <em>Celumer-meriuute<\/em>, miljoonia merellisi\u00e4 kantasoluja ja <em>Crambe maritima -uute<\/em>, jotka vahvistavat ihon luonnollisia puolustusmekanismeja, tukevat solujen uusiutumista ja epidermiksen uudistumista sek\u00e4 lis\u00e4\u00e4v\u00e4t kollageenin tuotantoa \u2013 tuloksena on kiinte\u00e4mpi ja vahvempi iho sek\u00e4 selke\u00e4sti m\u00e4\u00e4ritellyt kasvonpiirteet.<\/p>\n<p>Hyaluronihappo kosteuttaa syv\u00e4lt\u00e4 ja silottaa hienoja juonteita, kun taas E-vitamiini tarjoaa vahvan antioksidanttisuojan, vahvistaen ihon uudistavaa vaikutusta.<\/p>\n<p>88 % k\u00e4ytt\u00e4jist\u00e4 ilmoitti ihon t\u00e4ytel\u00e4isyyden huomattavasta parantumisesta 4 viikon k\u00e4yt\u00f6n j\u00e4lkeen*.<\/p>\n<p><i>Itsearviointitutkimus: 32 naista arvioi voiteen vaikutusta kasvonpiirteisiin ja ihon t\u00e4ytel\u00e4isyyteen 4 viikon k\u00e4yt\u00f6n j\u00e4lkeen.<\/i><\/p>\n<p><strong>Ainesosat<\/strong><br \/>\nAqua\/Water, Cetearyl Alcohol, Ethylhexyl Stearate, Dicaprylyl Carbonate, Prunus Amygdalus Dulcis (Sweet Almond) Oil, Caprylic\/Capric Triglyceride, Sodium Stearoyl Glutamate, Squalane, PPG-3 Benzyl Ether Myristate, Maris Aqua\/Sea Water, Crithmum Maritimum Extract, Crambe Maritima Leaf Extract, Caviar Extract, Spirulina Maxima Extract, Ostrea Shell Extract\/Oyster Shell Extract, Maris Limus Extract\/Sea Silt Extract, Saccharide Isomerate, Algae Extract\/Alaria Esculenta Extract, Panthenol, Sodium Hyaluronate, Xanthan Gum, Ethylhexylglycerin, Dimethicone, Benzyl Alcohol, Propylene Glycol, Tocopherol, Parfum\/Fragrance, Limonene, Benzyl Salicylate, Hexyl Cinnamal, Alpha-Isomethyl Ionone, Benzyl Benzoate, Linalool, Coumarin, Pentaerythrityl Tetra-di-t-butyl Hydroxyhydrocinnamate, Phenoxyethanol, Potassium Sorbate, Citric Acid<\/p>\n<p>2198.-\u20ac\/l<\/p>","protected":false},"excerpt":{"rendered":"<p>Uudistava ik\u00e4\u00e4ntymist\u00e4 ehk\u00e4isev\u00e4 voide kantasolujen suojaamiseksi \u2013 LIGHT 50 ml<\/p>\n<ul>\n<li>Edist\u00e4\u00e4 solujen uusiutumista<\/li>\n<li>1 miljoona merellist\u00e4 kantasolua voiteen grammassa<\/li>\n<li>Kevyt ja kosteuttava koostumus<\/li>\n<li>Crambe maritima (merikaaliuute) tukee epidermiksen uudistumista<\/li>\n<li>Sis\u00e4lt\u00e4\u00e4 hyaluronihappoa ja E-vitamiinia<\/li>\n<\/ul>","protected":false},"featured_media":7091,"comment_status":"closed","ping_status":"closed","template":"","meta":{"_uag_custom_page_level_css":"","site-sidebar-layout":"default","site-content-layout":"","ast-site-content-layout":"default","site-content-style":"default","site-sidebar-style":"default","ast-global-header-display":"","ast-banner-title-visibility":"","ast-main-header-display":"","ast-hfb-above-header-display":"","ast-hfb-below-header-display":"","ast-hfb-mobile-header-display":"","site-post-title":"","ast-breadcrumbs-content":"","ast-featured-img":"","footer-sml-layout":"","ast-disable-related-posts":"","theme-transparent-header-meta":"default","adv-header-id-meta":"","stick-header-meta":"","header-above-stick-meta":"","header-main-stick-meta":"","header-below-stick-meta":"","astra-migrate-meta-layouts":"set","ast-page-background-enabled":"default","ast-page-background-meta":{"desktop":{"background-color":"var(--ast-global-color-4)","background-image":"","background-repeat":"repeat","background-position":"center center","background-size":"auto","background-attachment":"scroll","background-type":"","background-media":"","overlay-type":"","overlay-color":"","overlay-opacity":"","overlay-gradient":""},"tablet":{"background-color":"","background-image":"","background-repeat":"repeat","background-position":"center center","background-size":"auto","background-attachment":"scroll","background-type":"","background-media":"","overlay-type":"","overlay-color":"","overlay-opacity":"","overlay-gradient":""},"mobile":{"background-color":"","background-image":"","background-repeat":"repeat","background-position":"center center","background-size":"auto","background-attachment":"scroll","background-type":"","background-media":"","overlay-type":"","overlay-color":"","overlay-opacity":"","overlay-gradient":""}},"ast-content-background-meta":{"desktop":{"background-color":"var(--ast-global-color-5)","background-image":"","background-repeat":"repeat","background-position":"center center","background-size":"auto","background-attachment":"scroll","background-type":"","background-media":"","overlay-type":"","overlay-color":"","overlay-opacity":"","overlay-gradient":""},"tablet":{"background-color":"var(--ast-global-color-5)","background-image":"","background-repeat":"repeat","background-position":"center center","background-size":"auto","background-attachment":"scroll","background-type":"","background-media":"","overlay-type":"","overlay-color":"","overlay-opacity":"","overlay-gradient":""},"mobile":{"background-color":"var(--ast-global-color-5)","background-image":"","background-repeat":"repeat","background-position":"center center","background-size":"auto","background-attachment":"scroll","background-type":"","background-media":"","overlay-type":"","overlay-color":"","overlay-opacity":"","overlay-gradient":""}}},"product_brand":[],"product_cat":[125,97],"product_tag":[],"class_list":{"0":"post-7090","1":"product","2":"type-product","3":"status-publish","4":"has-post-thumbnail","6":"product_cat-dalton","7":"product_cat-naole","8":"desktop-align-left","9":"tablet-align-left","10":"mobile-align-left","12":"first","13":"onbackorder","14":"taxable","15":"shipping-taxable","16":"product-type-simple","17":"add-to-wishlist-before_image"},"uagb_featured_image_src":{"full":["https:\/\/kosmeetika24.com\/wp-content\/uploads\/2025\/11\/6551450-sea-creme-leichte-textur_650x650light.avif",650,650,false],"thumbnail":["https:\/\/kosmeetika24.com\/wp-content\/uploads\/2025\/11\/6551450-sea-creme-leichte-textur_650x650light-150x150.avif",150,150,true],"medium":["https:\/\/kosmeetika24.com\/wp-content\/uploads\/2025\/11\/6551450-sea-creme-leichte-textur_650x650light-300x300.avif",300,300,true],"medium_large":["https:\/\/kosmeetika24.com\/wp-content\/uploads\/2025\/11\/6551450-sea-creme-leichte-textur_650x650light.avif",650,650,false],"large":["https:\/\/kosmeetika24.com\/wp-content\/uploads\/2025\/11\/6551450-sea-creme-leichte-textur_650x650light.avif",650,650,false],"1536x1536":["https:\/\/kosmeetika24.com\/wp-content\/uploads\/2025\/11\/6551450-sea-creme-leichte-textur_650x650light.avif",650,650,false],"2048x2048":["https:\/\/kosmeetika24.com\/wp-content\/uploads\/2025\/11\/6551450-sea-creme-leichte-textur_650x650light.avif",650,650,false],"trp-custom-language-flag":["https:\/\/kosmeetika24.com\/wp-content\/uploads\/2025\/11\/6551450-sea-creme-leichte-textur_650x650light-12x12.avif",12,12,true],"woocommerce_thumbnail":["https:\/\/kosmeetika24.com\/wp-content\/uploads\/2025\/11\/6551450-sea-creme-leichte-textur_650x650light-300x300.avif",300,300,true],"woocommerce_single":["https:\/\/kosmeetika24.com\/wp-content\/uploads\/2025\/11\/6551450-sea-creme-leichte-textur_650x650light-500x500.avif",500,500,true],"woocommerce_gallery_thumbnail":["https:\/\/kosmeetika24.com\/wp-content\/uploads\/2025\/11\/6551450-sea-creme-leichte-textur_650x650light-100x100.avif",100,100,true]},"uagb_author_info":{"display_name":"admin","author_link":"https:\/\/kosmeetika24.com\/fi\/author\/"},"uagb_comment_info":0,"uagb_excerpt":"Noorendav vananemisvastane kreem t\u00fcvirakkude kaitseks \u2013 LIGHT 50ml Soodustab rakkude uuenemist 1 miljon merelist t\u00fcvirakku 1 grammi kreemi kohta Kerge ja niisutav koostis Crambe maritima (merikapsa ekstrakt) toetab epidermise taastumist Sisaldab h\u00fcaluroonhapet ja E-vitamiini","_links":{"self":[{"href":"https:\/\/kosmeetika24.com\/fi\/wp-json\/wp\/v2\/product\/7090","targetHints":{"allow":["GET"]}}],"collection":[{"href":"https:\/\/kosmeetika24.com\/fi\/wp-json\/wp\/v2\/product"}],"about":[{"href":"https:\/\/kosmeetika24.com\/fi\/wp-json\/wp\/v2\/types\/product"}],"replies":[{"embeddable":true,"href":"https:\/\/kosmeetika24.com\/fi\/wp-json\/wp\/v2\/comments?post=7090"}],"version-history":[{"count":1,"href":"https:\/\/kosmeetika24.com\/fi\/wp-json\/wp\/v2\/product\/7090\/revisions"}],"predecessor-version":[{"id":7092,"href":"https:\/\/kosmeetika24.com\/fi\/wp-json\/wp\/v2\/product\/7090\/revisions\/7092"}],"wp:featuredmedia":[{"embeddable":true,"href":"https:\/\/kosmeetika24.com\/fi\/wp-json\/wp\/v2\/media\/7091"}],"wp:attachment":[{"href":"https:\/\/kosmeetika24.com\/fi\/wp-json\/wp\/v2\/media?parent=7090"}],"wp:term":[{"taxonomy":"product_brand","embeddable":true,"href":"https:\/\/kosmeetika24.com\/fi\/wp-json\/wp\/v2\/product_brand?post=7090"},{"taxonomy":"product_cat","embeddable":true,"href":"https:\/\/kosmeetika24.com\/fi\/wp-json\/wp\/v2\/product_cat?post=7090"},{"taxonomy":"product_tag","embeddable":true,"href":"https:\/\/kosmeetika24.com\/fi\/wp-json\/wp\/v2\/product_tag?post=7090"}],"curies":[{"name":"wp","href":"https:\/\/api.w.org\/{rel}","templated":true}]}}