{"id":7086,"date":"2025-11-06T17:29:48","date_gmt":"2025-11-06T14:29:48","guid":{"rendered":"https:\/\/kosmeetika24.com\/?post_type=product&#038;p=7086"},"modified":"2026-01-12T12:11:02","modified_gmt":"2026-01-12T09:11:02","slug":"dalton-s-e-a-marine-stem-cell-serum","status":"publish","type":"product","link":"https:\/\/kosmeetika24.com\/fi\/tuote\/dalton-s-e-a-marine-stem-cell-serum\/","title":{"rendered":"Dalton \u2013 S.E.A. \u2013 Marine Stem Cell Serum"},"content":{"rendered":"<p class=\"translation-block\"><strong>K\u00e4ytt\u00f6:<\/strong><br>\nLevit\u00e4 seerumi kasvoille, kaulalle ja dekolteelle aamulla ja illalla ihon puhdistamisen j\u00e4lkeen. K\u00e4yt\u00e4 sen j\u00e4lkeen ihotyypillesi sopivaa kasvovoidetta.<\/p>\n<p class=\"translation-block\">T\u00e4ydellinen yhdistelm\u00e4 tehokkuutta ja ylellisyytt\u00e4 \u2013 <i>Marine Stem Cell Serum<\/i> on eritt\u00e4in konsentroitu merellisi\u00e4 kantasoluja sis\u00e4lt\u00e4v\u00e4 seerumi, jossa on ainutlaatuinen <em>Celumer-meriuute<\/em>, miljoonia merellisi\u00e4 kantasoluja ja <em>Crambe maritima -uute<\/em>, tarjoten vallankumouksellista ik\u00e4\u00e4ntymist\u00e4 ehk\u00e4isev\u00e4\u00e4 hoitoa.<\/p>\n<p>T\u00e4m\u00e4 huippuluokan seerumi on avaintuote terveen, kauniin ja nuorekkaan ihon saavuttamiseksi:<\/p>\n<ul>\n<li aria-level=\"1\">Vahvistaa ihosolujen luonnollisia puolustusmekanismeja<\/li>\n<li aria-level=\"1\">Edist\u00e4\u00e4 solujen uusiutumista ja epidermiksen uudistumista<\/li>\n<li aria-level=\"1\">Syv\u00e4kosteuttaa ihoa ja stimuloi hyaluronihapon tuotantoa<\/li>\n<li aria-level=\"1\">Lis\u00e4\u00e4 kollageenin synteesi\u00e4 jopa 43%*<\/li>\n<\/ul>\n<p>Tuloksena on kiinte\u00e4mpi ja sile\u00e4mpi iho, v\u00e4hemm\u00e4n ryppyj\u00e4 ja paremmin korostuneet kasvonpiirteet.<\/p>\n<p><i>Kliininen tutkimus: 47\u201362-vuotiaat osallistujat k\u00e4yttiv\u00e4t Celumer Marine Extract -uutetta kaksi kertaa p\u00e4iv\u00e4ss\u00e4 nelj\u00e4n viikon ajan. Tuloksia verrattiin k\u00e4sittelem\u00e4tt\u00f6miin kontrollialueisiin. Tutkimus toteutettiin in vivo.<\/i>.<\/p>\n<p><strong>Ainesosat<br \/>\n<\/strong>Aqua\/Water, Glycerin, 1,2-Hexanediol, Xanthan Gum, Caprylic\/Capric Triglyceride, Maris Aqua\/Sea Water, Crithmum Maritimum Extract, Crambe Maritima Leaf Extract, Caviar Extract, Spirulina Maxima Extract, Ostrea Shell Extract\/Oyster Shell Extract, Maris Limus Extract\/Sea Silt Extract, Saccharide Isomerate, Algae Extract\/Alaria Esculenta Extract, Panthenol, Sodium Hyaluronate, Pentylene Glycol, Propylene Glycol, Hydroxyacetophenone, Sodium Oleoyl Sarcosinate, Sodium Lauryl Sulfoacetate, Phenoxyethanol, Sodium Oleate, Sodium Chloride, Parfum\/Fragrance, Limonene, Benzyl Salicylate, Hexyl Cinnamal, Benzyl Benzoate, Linalool, Coumarin, Citronellol, Alpha-Isomethyl Ionone, Potassium Sorbate, Citric Acid<\/p>","protected":false},"excerpt":{"rendered":"<p>Syv\u00e4vaikutteinen ik\u00e4\u00e4ntymist\u00e4 ehk\u00e4isev\u00e4 seerumi solujen uudistumisen edist\u00e4miseen. 30 ml<\/p>\n<p class=\"translation-block\">Edist\u00e4\u00e4 solujen uusiutumista<br>\nEritt\u00e4in konsentroitu seerumi<br>\n1 miljoona merellist\u00e4 kantasolua seerumin grammassa<br>\nLis\u00e4\u00e4 kollageenin tuotantoa jopa 43%*<br>\nStimuloi hyaluronihapon synteesi\u00e4<br>\nCrambe maritima (merikaaliuute) tukee ihon uudistumista<br>\nAuttaa vahvistamaan ja korostamaan kasvonpiirteit\u00e4<\/p>","protected":false},"featured_media":7088,"comment_status":"closed","ping_status":"closed","template":"","meta":{"_uag_custom_page_level_css":"","site-sidebar-layout":"default","site-content-layout":"","ast-site-content-layout":"default","site-content-style":"default","site-sidebar-style":"default","ast-global-header-display":"","ast-banner-title-visibility":"","ast-main-header-display":"","ast-hfb-above-header-display":"","ast-hfb-below-header-display":"","ast-hfb-mobile-header-display":"","site-post-title":"","ast-breadcrumbs-content":"","ast-featured-img":"","footer-sml-layout":"","ast-disable-related-posts":"","theme-transparent-header-meta":"default","adv-header-id-meta":"","stick-header-meta":"","header-above-stick-meta":"","header-main-stick-meta":"","header-below-stick-meta":"","astra-migrate-meta-layouts":"set","ast-page-background-enabled":"default","ast-page-background-meta":{"desktop":{"background-color":"var(--ast-global-color-4)","background-image":"","background-repeat":"repeat","background-position":"center center","background-size":"auto","background-attachment":"scroll","background-type":"","background-media":"","overlay-type":"","overlay-color":"","overlay-opacity":"","overlay-gradient":""},"tablet":{"background-color":"","background-image":"","background-repeat":"repeat","background-position":"center center","background-size":"auto","background-attachment":"scroll","background-type":"","background-media":"","overlay-type":"","overlay-color":"","overlay-opacity":"","overlay-gradient":""},"mobile":{"background-color":"","background-image":"","background-repeat":"repeat","background-position":"center center","background-size":"auto","background-attachment":"scroll","background-type":"","background-media":"","overlay-type":"","overlay-color":"","overlay-opacity":"","overlay-gradient":""}},"ast-content-background-meta":{"desktop":{"background-color":"var(--ast-global-color-5)","background-image":"","background-repeat":"repeat","background-position":"center center","background-size":"auto","background-attachment":"scroll","background-type":"","background-media":"","overlay-type":"","overlay-color":"","overlay-opacity":"","overlay-gradient":""},"tablet":{"background-color":"var(--ast-global-color-5)","background-image":"","background-repeat":"repeat","background-position":"center center","background-size":"auto","background-attachment":"scroll","background-type":"","background-media":"","overlay-type":"","overlay-color":"","overlay-opacity":"","overlay-gradient":""},"mobile":{"background-color":"var(--ast-global-color-5)","background-image":"","background-repeat":"repeat","background-position":"center center","background-size":"auto","background-attachment":"scroll","background-type":"","background-media":"","overlay-type":"","overlay-color":"","overlay-opacity":"","overlay-gradient":""}}},"product_brand":[],"product_cat":[125,97],"product_tag":[],"class_list":{"0":"post-7086","1":"product","2":"type-product","3":"status-publish","4":"has-post-thumbnail","6":"product_cat-dalton","7":"product_cat-naole","8":"desktop-align-left","9":"tablet-align-left","10":"mobile-align-left","12":"first","13":"onbackorder","14":"taxable","15":"shipping-taxable","16":"product-type-simple","17":"add-to-wishlist-before_image"},"uagb_featured_image_src":{"full":["https:\/\/kosmeetika24.com\/wp-content\/uploads\/2025\/11\/6551550-sea-serum_650x650_1.avif",650,650,false],"thumbnail":["https:\/\/kosmeetika24.com\/wp-content\/uploads\/2025\/11\/6551550-sea-serum_650x650_1-150x150.avif",150,150,true],"medium":["https:\/\/kosmeetika24.com\/wp-content\/uploads\/2025\/11\/6551550-sea-serum_650x650_1-300x300.avif",300,300,true],"medium_large":["https:\/\/kosmeetika24.com\/wp-content\/uploads\/2025\/11\/6551550-sea-serum_650x650_1.avif",650,650,false],"large":["https:\/\/kosmeetika24.com\/wp-content\/uploads\/2025\/11\/6551550-sea-serum_650x650_1.avif",650,650,false],"1536x1536":["https:\/\/kosmeetika24.com\/wp-content\/uploads\/2025\/11\/6551550-sea-serum_650x650_1.avif",650,650,false],"2048x2048":["https:\/\/kosmeetika24.com\/wp-content\/uploads\/2025\/11\/6551550-sea-serum_650x650_1.avif",650,650,false],"trp-custom-language-flag":["https:\/\/kosmeetika24.com\/wp-content\/uploads\/2025\/11\/6551550-sea-serum_650x650_1-12x12.avif",12,12,true],"woocommerce_thumbnail":["https:\/\/kosmeetika24.com\/wp-content\/uploads\/2025\/11\/6551550-sea-serum_650x650_1-300x300.avif",300,300,true],"woocommerce_single":["https:\/\/kosmeetika24.com\/wp-content\/uploads\/2025\/11\/6551550-sea-serum_650x650_1-500x500.avif",500,500,true],"woocommerce_gallery_thumbnail":["https:\/\/kosmeetika24.com\/wp-content\/uploads\/2025\/11\/6551550-sea-serum_650x650_1-100x100.avif",100,100,true]},"uagb_author_info":{"display_name":"admin","author_link":"https:\/\/kosmeetika24.com\/fi\/author\/"},"uagb_comment_info":0,"uagb_excerpt":"S\u00fcgavatoimeline vananemisvastane seerum rakkude uuenemise stimuleerimiseks. 30ml Soodustab rakkude uuenemist V\u00e4ga kontsentreeritud seerum 1 miljon merelist t\u00fcvirakku 1 grammi seerumi kohta Suurendab kollageeni tootmist kuni 43%* Stimuleerib h\u00fcaluroonhappe s\u00fcnteesi Crambe maritima (merikapsa ekstrakt) toetab naha taastumist Aitab tugevdada ja defineerida n\u00e4okontuure","_links":{"self":[{"href":"https:\/\/kosmeetika24.com\/fi\/wp-json\/wp\/v2\/product\/7086","targetHints":{"allow":["GET"]}}],"collection":[{"href":"https:\/\/kosmeetika24.com\/fi\/wp-json\/wp\/v2\/product"}],"about":[{"href":"https:\/\/kosmeetika24.com\/fi\/wp-json\/wp\/v2\/types\/product"}],"replies":[{"embeddable":true,"href":"https:\/\/kosmeetika24.com\/fi\/wp-json\/wp\/v2\/comments?post=7086"}],"version-history":[{"count":1,"href":"https:\/\/kosmeetika24.com\/fi\/wp-json\/wp\/v2\/product\/7086\/revisions"}],"predecessor-version":[{"id":7089,"href":"https:\/\/kosmeetika24.com\/fi\/wp-json\/wp\/v2\/product\/7086\/revisions\/7089"}],"wp:featuredmedia":[{"embeddable":true,"href":"https:\/\/kosmeetika24.com\/fi\/wp-json\/wp\/v2\/media\/7088"}],"wp:attachment":[{"href":"https:\/\/kosmeetika24.com\/fi\/wp-json\/wp\/v2\/media?parent=7086"}],"wp:term":[{"taxonomy":"product_brand","embeddable":true,"href":"https:\/\/kosmeetika24.com\/fi\/wp-json\/wp\/v2\/product_brand?post=7086"},{"taxonomy":"product_cat","embeddable":true,"href":"https:\/\/kosmeetika24.com\/fi\/wp-json\/wp\/v2\/product_cat?post=7086"},{"taxonomy":"product_tag","embeddable":true,"href":"https:\/\/kosmeetika24.com\/fi\/wp-json\/wp\/v2\/product_tag?post=7086"}],"curies":[{"name":"wp","href":"https:\/\/api.w.org\/{rel}","templated":true}]}}