{"id":7083,"date":"2025-11-04T17:50:16","date_gmt":"2025-11-04T14:50:16","guid":{"rendered":"https:\/\/kosmeetika24.com\/?post_type=product&#038;p=7083"},"modified":"2026-01-12T12:20:28","modified_gmt":"2026-01-12T09:20:28","slug":"dalton-oyster-combination-skin-moisturizer","status":"publish","type":"product","link":"https:\/\/kosmeetika24.com\/fi\/tuote\/dalton-oyster-combination-skin-moisturizer\/","title":{"rendered":"Dalton \u2013 Oyster \u2013 Combination Skin Moisturizer"},"content":{"rendered":"<p class=\"translation-block\"><strong>K\u00e4ytt\u00f6:<\/strong><br>\nLevit\u00e4 voidetta puhdistetuille kasvoille, kaulalle ja dekolteelle aamulla ja illalla, ja hiero se hell\u00e4varaisesti ihoon. Jos k\u00e4yt\u00e4t my\u00f6s <b>OYSTER Pore-Refining -tiivistett\u00e4<\/b>, levit\u00e4 se ensin ja sen j\u00e4lkeen voide.<\/p>\n<p class=\"translation-block\">Mattavoide on kehitetty sis\u00e4lt\u00e4en <b>osteriuutetta ja mastiksihartsiuutetta<\/b> talintuotannon hallintaan T-alueella ja ihon kiillon v\u00e4hent\u00e4miseen, samalla kosteuttaen ja raviten kuivempia alueita. T\u00e4m\u00e4 ik\u00e4\u00e4ntymist\u00e4 ehk\u00e4isev\u00e4 voide sopii erinomaisesti sek\u00e4 sekaiholle ett\u00e4 ongelmaiholle, sill\u00e4 se auttaa puhdistamaan tukkeutuneita ihohuokosia, v\u00e4hent\u00e4m\u00e4\u00e4n komedoja ja pit\u00e4m\u00e4\u00e4n ihon mattapintaisena pidemp\u00e4\u00e4n. Lis\u00e4ksi voide on rikastettu <b>Celumer-meriuutteella<\/b>, joka taistelee ensimm\u00e4isi\u00e4 ik\u00e4\u00e4ntymisen merkkej\u00e4 vastaan ja tasoittaa ihoa, tehden siit\u00e4 nuorekkaamman n\u00e4k\u00f6isen. S\u00e4\u00e4nn\u00f6llinen k\u00e4ytt\u00f6 auttaa palauttamaan sekaihon tasapainon, tehden siit\u00e4 mattapintaisen ja tasaisen.<\/p>\n<p><i>Testitulokset: 44 naista, i\u00e4lt\u00e4\u00e4n 30\u201352 vuotta, k\u00e4yttiv\u00e4t tuotetta aamulla ja illalla 28 p\u00e4iv\u00e4n ajan, ja tuloksia verrattiin k\u00e4sittelem\u00e4tt\u00f6m\u00e4\u00e4n kontrollialueeseen.<\/i><\/p>\n<p><strong>Ainesosat<\/strong><br \/>\nAqua\/Water, Caprylic\/Capric Triglyceride, Dicaprylyl Carbonate, Glyceryl Stearate, PEG-100 Stearate, Propylene Glycol, Cetearyl Alcohol, Dimethicone, Glycerin, Prunus Amygdalus Dulcis (Sweet Almond) Oil, Pistacia Lentiscus (Mastic) Gum, Maris Aqua\/Sea Water, Spirulina Maxima Extract, Algae Extract\/Alaria Esculenta Extract, Saccharide Isomerate, Caviar Extract, Ostrea Shell Extract\/Oyster Shell Extract, Maris Limus Extract\/Sea Silt Extract, Biotin, Tocopherol, Lecithin, Carbomer, Ethylhexylglycerin, Sodium Hydroxide, Potassium Sorbate, Hydrogenated Palm Glycerides Citrate, Tetrasodium Glutamate Diacetate, Phenoxyethanol, Cinnamyl Alcohol, Eugenol, Benzyl Salicylate, Hexyl Cinnamal, Limonene, Linalool, Alcohol, Parfum\/Fragrance.<\/p>\n<p>898.-\u20ac\/l<\/p>","protected":false},"excerpt":{"rendered":"<p>Tasapainottava ja huokosia supistava ik\u00e4\u00e4ntymist\u00e4 est\u00e4v\u00e4 kasvovoide. 50 ml<br><\/p>\n<p class=\"translation-block\">S\u00e4\u00e4telee talinerityst\u00e4 T-alueella<br>\nSupistaa huokosia, mattapintainen ja kosteuttava vaikutus<br>\nAuttaa puhdistamaan tukkeutuneita huokosia ja v\u00e4hent\u00e4m\u00e4\u00e4n tulehduksia<br>\nSis\u00e4lt\u00e4\u00e4 osteriuutetta ja mastiksipuun uutetta (Pistacia lentiscus gum)<br>\n95 % testaajista vahvisti talinerityksen v\u00e4hentyneen*<br>\nIk\u00e4\u00e4ntymist\u00e4 ehk\u00e4isev\u00e4 vaikutus<br><\/p>","protected":false},"featured_media":7084,"comment_status":"closed","ping_status":"closed","template":"","meta":{"_uag_custom_page_level_css":"","site-sidebar-layout":"default","site-content-layout":"","ast-site-content-layout":"default","site-content-style":"default","site-sidebar-style":"default","ast-global-header-display":"","ast-banner-title-visibility":"","ast-main-header-display":"","ast-hfb-above-header-display":"","ast-hfb-below-header-display":"","ast-hfb-mobile-header-display":"","site-post-title":"","ast-breadcrumbs-content":"","ast-featured-img":"","footer-sml-layout":"","ast-disable-related-posts":"","theme-transparent-header-meta":"default","adv-header-id-meta":"","stick-header-meta":"","header-above-stick-meta":"","header-main-stick-meta":"","header-below-stick-meta":"","astra-migrate-meta-layouts":"set","ast-page-background-enabled":"default","ast-page-background-meta":{"desktop":{"background-color":"var(--ast-global-color-4)","background-image":"","background-repeat":"repeat","background-position":"center center","background-size":"auto","background-attachment":"scroll","background-type":"","background-media":"","overlay-type":"","overlay-color":"","overlay-opacity":"","overlay-gradient":""},"tablet":{"background-color":"","background-image":"","background-repeat":"repeat","background-position":"center center","background-size":"auto","background-attachment":"scroll","background-type":"","background-media":"","overlay-type":"","overlay-color":"","overlay-opacity":"","overlay-gradient":""},"mobile":{"background-color":"","background-image":"","background-repeat":"repeat","background-position":"center center","background-size":"auto","background-attachment":"scroll","background-type":"","background-media":"","overlay-type":"","overlay-color":"","overlay-opacity":"","overlay-gradient":""}},"ast-content-background-meta":{"desktop":{"background-color":"var(--ast-global-color-5)","background-image":"","background-repeat":"repeat","background-position":"center center","background-size":"auto","background-attachment":"scroll","background-type":"","background-media":"","overlay-type":"","overlay-color":"","overlay-opacity":"","overlay-gradient":""},"tablet":{"background-color":"var(--ast-global-color-5)","background-image":"","background-repeat":"repeat","background-position":"center center","background-size":"auto","background-attachment":"scroll","background-type":"","background-media":"","overlay-type":"","overlay-color":"","overlay-opacity":"","overlay-gradient":""},"mobile":{"background-color":"var(--ast-global-color-5)","background-image":"","background-repeat":"repeat","background-position":"center center","background-size":"auto","background-attachment":"scroll","background-type":"","background-media":"","overlay-type":"","overlay-color":"","overlay-opacity":"","overlay-gradient":""}}},"product_brand":[],"product_cat":[125],"product_tag":[],"class_list":{"0":"post-7083","1":"product","2":"type-product","3":"status-publish","4":"has-post-thumbnail","6":"product_cat-dalton","7":"desktop-align-left","8":"tablet-align-left","9":"mobile-align-left","11":"first","12":"onbackorder","13":"taxable","14":"shipping-taxable","15":"product-type-simple","16":"add-to-wishlist-before_image"},"uagb_featured_image_src":{"full":["https:\/\/kosmeetika24.com\/wp-content\/uploads\/2025\/11\/5851050-oyster-creme_1080x1080.avif",960,960,false],"thumbnail":["https:\/\/kosmeetika24.com\/wp-content\/uploads\/2025\/11\/5851050-oyster-creme_1080x1080-150x150.avif",150,150,true],"medium":["https:\/\/kosmeetika24.com\/wp-content\/uploads\/2025\/11\/5851050-oyster-creme_1080x1080-300x300.avif",300,300,true],"medium_large":["https:\/\/kosmeetika24.com\/wp-content\/uploads\/2025\/11\/5851050-oyster-creme_1080x1080-768x768.avif",768,768,true],"large":["https:\/\/kosmeetika24.com\/wp-content\/uploads\/2025\/11\/5851050-oyster-creme_1080x1080.avif",960,960,false],"1536x1536":["https:\/\/kosmeetika24.com\/wp-content\/uploads\/2025\/11\/5851050-oyster-creme_1080x1080.avif",960,960,false],"2048x2048":["https:\/\/kosmeetika24.com\/wp-content\/uploads\/2025\/11\/5851050-oyster-creme_1080x1080.avif",960,960,false],"trp-custom-language-flag":["https:\/\/kosmeetika24.com\/wp-content\/uploads\/2025\/11\/5851050-oyster-creme_1080x1080-12x12.avif",12,12,true],"woocommerce_thumbnail":["https:\/\/kosmeetika24.com\/wp-content\/uploads\/2025\/11\/5851050-oyster-creme_1080x1080-300x300.avif",300,300,true],"woocommerce_single":["https:\/\/kosmeetika24.com\/wp-content\/uploads\/2025\/11\/5851050-oyster-creme_1080x1080-500x500.avif",500,500,true],"woocommerce_gallery_thumbnail":["https:\/\/kosmeetika24.com\/wp-content\/uploads\/2025\/11\/5851050-oyster-creme_1080x1080-100x100.avif",100,100,true]},"uagb_author_info":{"display_name":"admin","author_link":"https:\/\/kosmeetika24.com\/fi\/author\/"},"uagb_comment_info":0,"uagb_excerpt":"Tasakaalustav ja poore ahendav vananemisvastane n\u00e4okreem. 50ml Reguleerib rasueritust T-tsoonis Ahendab poore, matistab ja niisutab Aitab puhastada ummistunud poore ja v\u00e4hendada p\u00f5letikke Sisaldab austriekstrakti ja mastiksivaigu ekstrakti (Pistacia lentiscus gum) 95% testijatest kinnitas, et naha rasueritus v\u00e4henes* Vananemisvastase toimega","_links":{"self":[{"href":"https:\/\/kosmeetika24.com\/fi\/wp-json\/wp\/v2\/product\/7083","targetHints":{"allow":["GET"]}}],"collection":[{"href":"https:\/\/kosmeetika24.com\/fi\/wp-json\/wp\/v2\/product"}],"about":[{"href":"https:\/\/kosmeetika24.com\/fi\/wp-json\/wp\/v2\/types\/product"}],"replies":[{"embeddable":true,"href":"https:\/\/kosmeetika24.com\/fi\/wp-json\/wp\/v2\/comments?post=7083"}],"version-history":[{"count":1,"href":"https:\/\/kosmeetika24.com\/fi\/wp-json\/wp\/v2\/product\/7083\/revisions"}],"predecessor-version":[{"id":7085,"href":"https:\/\/kosmeetika24.com\/fi\/wp-json\/wp\/v2\/product\/7083\/revisions\/7085"}],"wp:featuredmedia":[{"embeddable":true,"href":"https:\/\/kosmeetika24.com\/fi\/wp-json\/wp\/v2\/media\/7084"}],"wp:attachment":[{"href":"https:\/\/kosmeetika24.com\/fi\/wp-json\/wp\/v2\/media?parent=7083"}],"wp:term":[{"taxonomy":"product_brand","embeddable":true,"href":"https:\/\/kosmeetika24.com\/fi\/wp-json\/wp\/v2\/product_brand?post=7083"},{"taxonomy":"product_cat","embeddable":true,"href":"https:\/\/kosmeetika24.com\/fi\/wp-json\/wp\/v2\/product_cat?post=7083"},{"taxonomy":"product_tag","embeddable":true,"href":"https:\/\/kosmeetika24.com\/fi\/wp-json\/wp\/v2\/product_tag?post=7083"}],"curies":[{"name":"wp","href":"https:\/\/api.w.org\/{rel}","templated":true}]}}