{"id":7080,"date":"2025-11-04T17:46:47","date_gmt":"2025-11-04T14:46:47","guid":{"rendered":"https:\/\/kosmeetika24.com\/?post_type=product&#038;p=7080"},"modified":"2026-01-12T12:20:32","modified_gmt":"2026-01-12T09:20:32","slug":"dalton-oyster-mattifiying-mask","status":"publish","type":"product","link":"https:\/\/kosmeetika24.com\/fi\/tuote\/dalton-oyster-mattifiying-mask\/","title":{"rendered":"Dalton \u2013 OYSTER \u2013  Mattifiying Mask"},"content":{"rendered":"<p class=\"translation-block\"><strong>K\u00e4ytt\u00f6<\/strong><br>\nK\u00e4yt\u00e4 naamiota 1\u20132 kertaa viikossa ihon puhdistamisen j\u00e4lkeen. Levit\u00e4 kasvoille, kaulalle ja dekolteelle ja anna kuivua. V\u00e4lt\u00e4 silm\u00e4nymp\u00e4rysihoa. Poista naamio 15 minuutin kuluttua kostealla kompressilla tai huuhtele pois haalealla vedell\u00e4.<br><\/p>\n<p>Tulehdusta ehk\u00e4isev\u00e4 kasvonaamio puhdistaa ihon perusteellisesti ja auttaa ehk\u00e4isem\u00e4\u00e4n ep\u00e4puhtauksien ja mustap\u00e4iden muodostumista. Se hillitsee ihon kiiltoa kuivattamatta ihoa ja kosteuttaa samalla kuivempia alueita. Kaoliini antaa naamiolle puhdistavia ja detox-vaikutuksia, jotka auttavat poistamaan ep\u00e4puhtaudet ja ylim\u00e4\u00e4r\u00e4isen talin. Huokosia puhdistava naamio tasapainottaa talintuotantoa, j\u00e4tt\u00e4en ihon sile\u00e4ksi ja raikkaaksi, v\u00e4hent\u00e4en kiiltoa ja antaen mattapinnan. Parhaan tuloksen saavuttamiseksi suositellaan ihon kuorimista ennen naamion k\u00e4ytt\u00f6\u00e4.<br><\/p>\n<p><i>Kliininen tutkimus: 32 naista k\u00e4ytti tuotetta 4 viikon ajan. Tulokset perustuvat kasvoaknen arviointiin.<\/i><\/p>\n<p><strong>Ainesosat<\/strong><br \/>\nAqua\/Water, Kaolin, Cetearyl Alcohol, Ceteareth-20, Octyldodecanol, Propylene Glycol, Stearic Acid, Magnesium Aluminum Silicate, Sorbitol, Palmitic Acid, Glycerin, Maris Aqua\/Sea Water, Maris Limus Extract\/Sea Silt Extract, Ostrea Shell Extract\/Oyster Shell Extract, Pistacia Lentiscus (Mastic) Gum, Spirulina Platensis Extract, Menthol, Biotin, Lecithin, Camphor, Sodium Lactate, Potassium Sorbate, Sodium Hydroxide, Ethylhexylglycerin, Glyceryl Caprylate, Phenoxyethanol, Citral, Hydroxycitronellal, Alpha-Isomethyl Ionone, Limonene, Citronellol, Linalool, Alcohol, Parfum\/Fragrance, Iron Oxides (CI 77499).<\/p>\n<p>628.-\u20ac\/l<\/p>","protected":false},"excerpt":{"rendered":"<p>Tulehdusta ehk\u00e4isev\u00e4 kasvonaamio ongelmalliselle ja sekaiholle. 50 ml<br><\/p>\n<p class=\"translation-block\">Matistaa ihoa kuivattamatta sit\u00e4<br>\nSill\u00e4 on tulehdusta ehk\u00e4isev\u00e4 ja puhdistava vaikutus<br>\nAuttaa puhdistamaan tukkeutuneita ihohuokosia, v\u00e4hent\u00e4\u00e4 tulehduksia ja komedoita<br>\nSis\u00e4lt\u00e4\u00e4 osteriuutetta, mastiksipuun hartsia (Pistacia lentiscus gum) ja kaoliniittia<br>\nAkn\u00e9oireet v\u00e4heniv\u00e4t 51 % nelj\u00e4n viikon k\u00e4yt\u00f6n j\u00e4lkeen*<br>\nMustap\u00e4iden m\u00e4\u00e4r\u00e4 v\u00e4heni 41 % nelj\u00e4n viikon k\u00e4yt\u00f6n j\u00e4lkeen*<br><\/p>","protected":false},"featured_media":7082,"comment_status":"closed","ping_status":"closed","template":"","meta":{"_uag_custom_page_level_css":"","site-sidebar-layout":"default","site-content-layout":"","ast-site-content-layout":"default","site-content-style":"default","site-sidebar-style":"default","ast-global-header-display":"","ast-banner-title-visibility":"","ast-main-header-display":"","ast-hfb-above-header-display":"","ast-hfb-below-header-display":"","ast-hfb-mobile-header-display":"","site-post-title":"","ast-breadcrumbs-content":"","ast-featured-img":"","footer-sml-layout":"","ast-disable-related-posts":"","theme-transparent-header-meta":"default","adv-header-id-meta":"","stick-header-meta":"","header-above-stick-meta":"","header-main-stick-meta":"","header-below-stick-meta":"","astra-migrate-meta-layouts":"set","ast-page-background-enabled":"default","ast-page-background-meta":{"desktop":{"background-color":"var(--ast-global-color-4)","background-image":"","background-repeat":"repeat","background-position":"center center","background-size":"auto","background-attachment":"scroll","background-type":"","background-media":"","overlay-type":"","overlay-color":"","overlay-opacity":"","overlay-gradient":""},"tablet":{"background-color":"","background-image":"","background-repeat":"repeat","background-position":"center center","background-size":"auto","background-attachment":"scroll","background-type":"","background-media":"","overlay-type":"","overlay-color":"","overlay-opacity":"","overlay-gradient":""},"mobile":{"background-color":"","background-image":"","background-repeat":"repeat","background-position":"center center","background-size":"auto","background-attachment":"scroll","background-type":"","background-media":"","overlay-type":"","overlay-color":"","overlay-opacity":"","overlay-gradient":""}},"ast-content-background-meta":{"desktop":{"background-color":"var(--ast-global-color-5)","background-image":"","background-repeat":"repeat","background-position":"center center","background-size":"auto","background-attachment":"scroll","background-type":"","background-media":"","overlay-type":"","overlay-color":"","overlay-opacity":"","overlay-gradient":""},"tablet":{"background-color":"var(--ast-global-color-5)","background-image":"","background-repeat":"repeat","background-position":"center center","background-size":"auto","background-attachment":"scroll","background-type":"","background-media":"","overlay-type":"","overlay-color":"","overlay-opacity":"","overlay-gradient":""},"mobile":{"background-color":"var(--ast-global-color-5)","background-image":"","background-repeat":"repeat","background-position":"center center","background-size":"auto","background-attachment":"scroll","background-type":"","background-media":"","overlay-type":"","overlay-color":"","overlay-opacity":"","overlay-gradient":""}}},"product_brand":[],"product_cat":[125],"product_tag":[],"class_list":{"0":"post-7080","1":"product","2":"type-product","3":"status-publish","4":"has-post-thumbnail","6":"product_cat-dalton","7":"desktop-align-left","8":"tablet-align-left","9":"mobile-align-left","11":"first","12":"onbackorder","13":"taxable","14":"shipping-taxable","15":"product-type-simple","16":"add-to-wishlist-before_image"},"uagb_featured_image_src":{"full":["https:\/\/kosmeetika24.com\/wp-content\/uploads\/2025\/11\/5851850-oyster-maske_1080x1080.avif",960,960,false],"thumbnail":["https:\/\/kosmeetika24.com\/wp-content\/uploads\/2025\/11\/5851850-oyster-maske_1080x1080-150x150.avif",150,150,true],"medium":["https:\/\/kosmeetika24.com\/wp-content\/uploads\/2025\/11\/5851850-oyster-maske_1080x1080-300x300.avif",300,300,true],"medium_large":["https:\/\/kosmeetika24.com\/wp-content\/uploads\/2025\/11\/5851850-oyster-maske_1080x1080-768x768.avif",768,768,true],"large":["https:\/\/kosmeetika24.com\/wp-content\/uploads\/2025\/11\/5851850-oyster-maske_1080x1080.avif",960,960,false],"1536x1536":["https:\/\/kosmeetika24.com\/wp-content\/uploads\/2025\/11\/5851850-oyster-maske_1080x1080.avif",960,960,false],"2048x2048":["https:\/\/kosmeetika24.com\/wp-content\/uploads\/2025\/11\/5851850-oyster-maske_1080x1080.avif",960,960,false],"trp-custom-language-flag":["https:\/\/kosmeetika24.com\/wp-content\/uploads\/2025\/11\/5851850-oyster-maske_1080x1080-12x12.avif",12,12,true],"woocommerce_thumbnail":["https:\/\/kosmeetika24.com\/wp-content\/uploads\/2025\/11\/5851850-oyster-maske_1080x1080-300x300.avif",300,300,true],"woocommerce_single":["https:\/\/kosmeetika24.com\/wp-content\/uploads\/2025\/11\/5851850-oyster-maske_1080x1080-500x500.avif",500,500,true],"woocommerce_gallery_thumbnail":["https:\/\/kosmeetika24.com\/wp-content\/uploads\/2025\/11\/5851850-oyster-maske_1080x1080-100x100.avif",100,100,true]},"uagb_author_info":{"display_name":"admin","author_link":"https:\/\/kosmeetika24.com\/fi\/author\/"},"uagb_comment_info":0,"uagb_excerpt":"P\u00f5letikuvastane n\u00e4omask probleemsele ja kombineeritud nahale. 50ml Matistab nahka ilma seda kuivatamata P\u00f5letikuvastaste ja puhastavate toimetega Aitab puhastada ummistunud poore, v\u00e4hendada p\u00f5letikke ja komedoone Sisaldab austriekstrakti, mastiksivaigu ekstrakti (Pistacia lentiscus gum) ja kaoliniiti Akne s\u00fcmptomid v\u00e4henesid 51% p\u00e4rast 4-n\u00e4dalast kasutamist* Mustpeade hulk v\u00e4henes 41% p\u00e4rast 4-n\u00e4dalast kasutamist*","_links":{"self":[{"href":"https:\/\/kosmeetika24.com\/fi\/wp-json\/wp\/v2\/product\/7080","targetHints":{"allow":["GET"]}}],"collection":[{"href":"https:\/\/kosmeetika24.com\/fi\/wp-json\/wp\/v2\/product"}],"about":[{"href":"https:\/\/kosmeetika24.com\/fi\/wp-json\/wp\/v2\/types\/product"}],"replies":[{"embeddable":true,"href":"https:\/\/kosmeetika24.com\/fi\/wp-json\/wp\/v2\/comments?post=7080"}],"version-history":[{"count":1,"href":"https:\/\/kosmeetika24.com\/fi\/wp-json\/wp\/v2\/product\/7080\/revisions"}],"predecessor-version":[{"id":7081,"href":"https:\/\/kosmeetika24.com\/fi\/wp-json\/wp\/v2\/product\/7080\/revisions\/7081"}],"wp:featuredmedia":[{"embeddable":true,"href":"https:\/\/kosmeetika24.com\/fi\/wp-json\/wp\/v2\/media\/7082"}],"wp:attachment":[{"href":"https:\/\/kosmeetika24.com\/fi\/wp-json\/wp\/v2\/media?parent=7080"}],"wp:term":[{"taxonomy":"product_brand","embeddable":true,"href":"https:\/\/kosmeetika24.com\/fi\/wp-json\/wp\/v2\/product_brand?post=7080"},{"taxonomy":"product_cat","embeddable":true,"href":"https:\/\/kosmeetika24.com\/fi\/wp-json\/wp\/v2\/product_cat?post=7080"},{"taxonomy":"product_tag","embeddable":true,"href":"https:\/\/kosmeetika24.com\/fi\/wp-json\/wp\/v2\/product_tag?post=7080"}],"curies":[{"name":"wp","href":"https:\/\/api.w.org\/{rel}","templated":true}]}}