{"id":7077,"date":"2025-11-04T17:46:09","date_gmt":"2025-11-04T14:46:09","guid":{"rendered":"https:\/\/kosmeetika24.com\/?post_type=product&#038;p=7077"},"modified":"2026-01-12T12:20:37","modified_gmt":"2026-01-12T09:20:37","slug":"dalton-oyster-pore-refining-concentrate","status":"publish","type":"product","link":"https:\/\/kosmeetika24.com\/fi\/tuote\/dalton-oyster-pore-refining-concentrate\/","title":{"rendered":"Dalton \u2013 OYSTER \u2013 Pore-Refining Concentrate"},"content":{"rendered":"<p class=\"translation-block\">Huokosia supistava tiiviste tasapainottaa sekaihon tarpeita v\u00e4hent\u00e4m\u00e4ll\u00e4 liiallista talinerityst\u00e4 T-alueella, jossa talirauhaset ovat aktiivisimpia, samalla kosteuttaen ihon kuivempia alueita. Tiiviste yhdist\u00e4\u00e4 ainutlaatuisen Celumer-meriuutteen ik\u00e4\u00e4ntymist\u00e4 ehk\u00e4isev\u00e4t ominaisuudet mineraalipitoiseen osteriuutteeseen ja supistavaan mastiksihartsiuutteeseen, jotka pienent\u00e4v\u00e4t huokosia ja v\u00e4hent\u00e4v\u00e4t ensimm\u00e4isten juonteiden muodostumista. S\u00e4\u00e4nn\u00f6llinen k\u00e4ytt\u00f6 auttaa s\u00e4\u00e4telem\u00e4\u00e4n talinerityst\u00e4 ja antaa iholle mattapintaisen lopputuloksen. Kevyen koostumuksensa ansiosta se sopii erinomaisesti rasvaiselle, sekaiholle ja suurihuokoiselle iholle.<br><\/p>\n<p class=\"translation-block\"><strong>K\u00c4YTT\u00d6<\/strong><br>\nLevit\u00e4 1\u20132 pumppausta tiivistett\u00e4 kasvoille, kaulalle ja dekolteealueelle aamulla ja illalla, ja taputtele kevyesti ihoon. Ravista hyvin ennen k\u00e4ytt\u00f6\u00e4.<br><\/p>\n<p><strong>Ainesosat<\/strong><br \/>\nAqua\/Water, Alcohol Denat. (SD Alcohol 39-C)\/Alcohol Denat., Glycerin, Trideceth-9, PEG-40 Hydrogenated Castor Oil, Betaine, Maris Aqua\/Sea Water, Spirulina Maxima Extract, Algae Extract\/Alaria Esculenta Extract, Saccharide Isomerate, Caviar Extract, Ostrea Shell Extract\/Oyster Shell Extract, Maris Limus Extract\/Sea Silt Extract, Pistacia Lentiscus (Mastic) Gum, Hamamelis Virginiana (Witch Hazel) Water, Ammonium Glycyrrhizate, Chondrus Crispus Extract, Aesculus Hippocastanum (Horse Chestnut) Seed Extract, Yeast Extract, Ribes Nigrum (Black Currant) Fruit Extract, Panthenol, Biotin, Lecithin, Caffeine, Pectin, Niacinamide, Xanthan Gum, Potassium Sorbate, Zinc Gluconate, Propylene Glycol, Lactic Acid, Caprylic\/Capric Triglyceride, Phenoxyethanol, Sodium Benzoate, Alcohol<\/p>","protected":false},"excerpt":{"rendered":"<p>Huokosia supistava ik\u00e4\u00e4ntymisen vaikutuksia ehk\u00e4isev\u00e4 tiiviste sekaiholle.<\/p>\n<p class=\"translation-block\">S\u00e4\u00e4telee talinerityst\u00e4 T-alueella<br>\nMattapintainen vaikutus ja huokosten n\u00e4kyvyyden v\u00e4heneminen<br>\nNopeasti imeytyv\u00e4 ik\u00e4\u00e4ntymisen vaikutuksia ehk\u00e4isev\u00e4 tiiviste<br>\nSis\u00e4lt\u00e4\u00e4 osteriuutetta ja mastiksihartsiuutetta<br>\n95 % testaajista vahvisti talinerityksen v\u00e4hentyneen*<br><\/p>\n<p>30 ml<\/p>","protected":false},"featured_media":7078,"comment_status":"closed","ping_status":"closed","template":"","meta":{"_uag_custom_page_level_css":"","site-sidebar-layout":"default","site-content-layout":"","ast-site-content-layout":"default","site-content-style":"default","site-sidebar-style":"default","ast-global-header-display":"","ast-banner-title-visibility":"","ast-main-header-display":"","ast-hfb-above-header-display":"","ast-hfb-below-header-display":"","ast-hfb-mobile-header-display":"","site-post-title":"","ast-breadcrumbs-content":"","ast-featured-img":"","footer-sml-layout":"","ast-disable-related-posts":"","theme-transparent-header-meta":"default","adv-header-id-meta":"","stick-header-meta":"","header-above-stick-meta":"","header-main-stick-meta":"","header-below-stick-meta":"","astra-migrate-meta-layouts":"set","ast-page-background-enabled":"default","ast-page-background-meta":{"desktop":{"background-color":"var(--ast-global-color-4)","background-image":"","background-repeat":"repeat","background-position":"center center","background-size":"auto","background-attachment":"scroll","background-type":"","background-media":"","overlay-type":"","overlay-color":"","overlay-opacity":"","overlay-gradient":""},"tablet":{"background-color":"","background-image":"","background-repeat":"repeat","background-position":"center center","background-size":"auto","background-attachment":"scroll","background-type":"","background-media":"","overlay-type":"","overlay-color":"","overlay-opacity":"","overlay-gradient":""},"mobile":{"background-color":"","background-image":"","background-repeat":"repeat","background-position":"center center","background-size":"auto","background-attachment":"scroll","background-type":"","background-media":"","overlay-type":"","overlay-color":"","overlay-opacity":"","overlay-gradient":""}},"ast-content-background-meta":{"desktop":{"background-color":"var(--ast-global-color-5)","background-image":"","background-repeat":"repeat","background-position":"center center","background-size":"auto","background-attachment":"scroll","background-type":"","background-media":"","overlay-type":"","overlay-color":"","overlay-opacity":"","overlay-gradient":""},"tablet":{"background-color":"var(--ast-global-color-5)","background-image":"","background-repeat":"repeat","background-position":"center center","background-size":"auto","background-attachment":"scroll","background-type":"","background-media":"","overlay-type":"","overlay-color":"","overlay-opacity":"","overlay-gradient":""},"mobile":{"background-color":"var(--ast-global-color-5)","background-image":"","background-repeat":"repeat","background-position":"center center","background-size":"auto","background-attachment":"scroll","background-type":"","background-media":"","overlay-type":"","overlay-color":"","overlay-opacity":"","overlay-gradient":""}}},"product_brand":[],"product_cat":[125],"product_tag":[],"class_list":{"0":"post-7077","1":"product","2":"type-product","3":"status-publish","4":"has-post-thumbnail","6":"product_cat-dalton","7":"desktop-align-left","8":"tablet-align-left","9":"mobile-align-left","11":"first","12":"onbackorder","13":"taxable","14":"shipping-taxable","15":"product-type-simple","16":"add-to-wishlist-before_image"},"uagb_featured_image_src":{"full":["https:\/\/kosmeetika24.com\/wp-content\/uploads\/2025\/11\/5851550-oyster_pipette_concentrate_650x650_neu.avif",650,650,false],"thumbnail":["https:\/\/kosmeetika24.com\/wp-content\/uploads\/2025\/11\/5851550-oyster_pipette_concentrate_650x650_neu-150x150.avif",150,150,true],"medium":["https:\/\/kosmeetika24.com\/wp-content\/uploads\/2025\/11\/5851550-oyster_pipette_concentrate_650x650_neu-300x300.avif",300,300,true],"medium_large":["https:\/\/kosmeetika24.com\/wp-content\/uploads\/2025\/11\/5851550-oyster_pipette_concentrate_650x650_neu.avif",650,650,false],"large":["https:\/\/kosmeetika24.com\/wp-content\/uploads\/2025\/11\/5851550-oyster_pipette_concentrate_650x650_neu.avif",650,650,false],"1536x1536":["https:\/\/kosmeetika24.com\/wp-content\/uploads\/2025\/11\/5851550-oyster_pipette_concentrate_650x650_neu.avif",650,650,false],"2048x2048":["https:\/\/kosmeetika24.com\/wp-content\/uploads\/2025\/11\/5851550-oyster_pipette_concentrate_650x650_neu.avif",650,650,false],"trp-custom-language-flag":["https:\/\/kosmeetika24.com\/wp-content\/uploads\/2025\/11\/5851550-oyster_pipette_concentrate_650x650_neu-12x12.avif",12,12,true],"woocommerce_thumbnail":["https:\/\/kosmeetika24.com\/wp-content\/uploads\/2025\/11\/5851550-oyster_pipette_concentrate_650x650_neu-300x300.avif",300,300,true],"woocommerce_single":["https:\/\/kosmeetika24.com\/wp-content\/uploads\/2025\/11\/5851550-oyster_pipette_concentrate_650x650_neu-500x500.avif",500,500,true],"woocommerce_gallery_thumbnail":["https:\/\/kosmeetika24.com\/wp-content\/uploads\/2025\/11\/5851550-oyster_pipette_concentrate_650x650_neu-100x100.avif",100,100,true]},"uagb_author_info":{"display_name":"admin","author_link":"https:\/\/kosmeetika24.com\/fi\/author\/"},"uagb_comment_info":0,"uagb_excerpt":"Poore ahendav vananemisvastane kontsentraat kombineeritud nahale. Reguleerib rasueritust T-tsoonis Matistab nahka ja v\u00e4hendab pooride n\u00e4htavust Kiiresti imenduv vananemisvastane kontsentraat Sisaldab austriekstrakti ja mastiksivaigu ekstrakti 95% testijatest kinnitas, et naha rasueritus v\u00e4henes* 30 ml","_links":{"self":[{"href":"https:\/\/kosmeetika24.com\/fi\/wp-json\/wp\/v2\/product\/7077","targetHints":{"allow":["GET"]}}],"collection":[{"href":"https:\/\/kosmeetika24.com\/fi\/wp-json\/wp\/v2\/product"}],"about":[{"href":"https:\/\/kosmeetika24.com\/fi\/wp-json\/wp\/v2\/types\/product"}],"replies":[{"embeddable":true,"href":"https:\/\/kosmeetika24.com\/fi\/wp-json\/wp\/v2\/comments?post=7077"}],"version-history":[{"count":1,"href":"https:\/\/kosmeetika24.com\/fi\/wp-json\/wp\/v2\/product\/7077\/revisions"}],"predecessor-version":[{"id":7079,"href":"https:\/\/kosmeetika24.com\/fi\/wp-json\/wp\/v2\/product\/7077\/revisions\/7079"}],"wp:featuredmedia":[{"embeddable":true,"href":"https:\/\/kosmeetika24.com\/fi\/wp-json\/wp\/v2\/media\/7078"}],"wp:attachment":[{"href":"https:\/\/kosmeetika24.com\/fi\/wp-json\/wp\/v2\/media?parent=7077"}],"wp:term":[{"taxonomy":"product_brand","embeddable":true,"href":"https:\/\/kosmeetika24.com\/fi\/wp-json\/wp\/v2\/product_brand?post=7077"},{"taxonomy":"product_cat","embeddable":true,"href":"https:\/\/kosmeetika24.com\/fi\/wp-json\/wp\/v2\/product_cat?post=7077"},{"taxonomy":"product_tag","embeddable":true,"href":"https:\/\/kosmeetika24.com\/fi\/wp-json\/wp\/v2\/product_tag?post=7077"}],"curies":[{"name":"wp","href":"https:\/\/api.w.org\/{rel}","templated":true}]}}