{"id":7064,"date":"2025-11-13T11:33:39","date_gmt":"2025-11-13T08:33:39","guid":{"rendered":"https:\/\/kosmeetika24.com\/?post_type=product&#038;p=7064"},"modified":"2026-03-31T09:55:26","modified_gmt":"2026-03-31T06:55:26","slug":"mesotech-global-meso-wolluma-eksosoomide-ja-peptiidide-regeneratiivne-joud","status":"publish","type":"product","link":"https:\/\/kosmeetika24.com\/fi\/tuote\/mesotech-global-meso-wolluma-eksosoomide-ja-peptiidide-regeneratiivne-joud\/","title":{"rendered":"Mesotech Global Meso Wolluma Eksosomien ja peptidien uudistava voima"},"content":{"rendered":"<p>Global Meso Wolluma on edistyksellinen kosmeettinen hoito, joka hy\u00f6dynt\u00e4\u00e4 synergeettisesti bioautenttisten eksosomien uudistavaa tehokkuutta ja peptidien kohdennettua vaikutusta tarjotakseen n\u00e4kyvi\u00e4 ja pitk\u00e4kestoisia tuloksia ik\u00e4\u00e4ntymisen merkkien torjumisessa.<\/p>\n<p>Eksosomit, t\u00e4m\u00e4n erinomaisen koostumuksen p\u00e4\u00e4tekij\u00e4t, ovat luonnollisia solunulkoisia mikrorakkuloita, joita solut vapauttavat edist\u00e4\u00e4kseen solujen v\u00e4list\u00e4 viestint\u00e4\u00e4 ja uudistumista. Erityisesti innovatiivinen aktiivinen ainesosa AC ExoVitalize \u2013 joka perustuu Citrus paradisi (greippi) ja Citrullus lanatus (vesimeloni) -uutteisiin \u2013 tehostaa glykolyysi\u00e4 ihon fibroblasteissa, stimuloiden ihon elinvoimaa ja edist\u00e4en terveemp\u00e4\u00e4, napakampaa ja s\u00e4teilev\u00e4mp\u00e4\u00e4 ulkon\u00e4k\u00f6\u00e4.<\/p>\n<p>Poikkeuksellisen kykyns\u00e4 ansiosta v\u00e4litt\u00e4\u00e4 vaikuttavia aineita syv\u00e4lle ihoon, eksosomit parantavat merkitt\u00e4v\u00e4sti toiminnallisten ainesosien biologista hy\u00f6tyosuutta ja tehokkuutta, optimoiden ihon paranemis- ja uudistumismekanismeja.<\/p>\n<p><strong>Vaikutus<\/strong><\/p>\n<ul>\n<li>E-vitamiini, jolla on antioksidanttinen ja vapaita radikaaleja vastustava vaikutus, suojaa ihoa oksidatiiviselta stressilt\u00e4<\/li>\n<li>Biomimeettinen tripeptidi j\u00e4ljittelee kyyk\u00e4\u00e4rmeen seerumin vaikutusta, tarjoten lihaksia rentouttavan toiminnan, joka pystyy n\u00e4kyv\u00e4sti v\u00e4hent\u00e4m\u00e4\u00e4n ilmejuonteita.<\/li>\n<\/ul>\n<h4 class=\"colore_principale\"><strong>P\u00c4\u00c4AINEOSAT<\/strong><\/h4>\n<p><strong>AC ExoVitalize<\/strong><br \/>\nAC ExoVitalize gl\u00fckol\u00fc\u00fcsi stimuleerimiseks naha fibroblastides. AC ExoVitalize\u2019i peamisi toimeaineid, Citrus paradisi (greibi) puuviljaekstrakti ja Citrullus lanatus (arbuusi) puuviljaekstrakti testiti, et n\u00e4idata BioAuthentic Exosomes kui manustamiss\u00fcsteemi paremat olemust.<\/p>\n<p class=\"translation-block\"><strong>AC ExoRestore<\/strong><br>\nAC ExoRestore auttaa tuottamaan tiettyj\u00e4 antimikrobisia aminopeptidej\u00e4, jotka tukevat ihon immuunivastetta, auttaen poistamaan patogeenej\u00e4 ja edist\u00e4m\u00e4\u00e4n haavojen paranemista. Tavalliset iho-ongelmat johtuvat ihon mikrobiomin ep\u00e4tasapainosta. AC ExoRestore pyrkii parantamaan karvamelonin uutteiden toimitusta hy\u00f6dynt\u00e4m\u00e4ll\u00e4 eksosomaalisen annosteluj\u00e4rjestelm\u00e4n luonnollista prebioottipitoisuutta tukemaan ihon tasapainon palauttamista ja haavojen paranemisprosessia.<br>\nSe my\u00f6s aktivoi kollageenisynteesi\u00e4 ihon fibroblasteissa. AC ExoRestore\u2019n p\u00e4\u00e4asiallinen vaikuttava aine, Momordica charantia (karvameloni) hedelm\u00e4uutte, on testattu osoittamaan BioAuthentic Exosomesin parempi annostelukyky.<\/p>\n<p class=\"translation-block\"><strong>Syn-Ake<\/strong><br>\nSynteettinen peptidi, joka ehk\u00e4isee ja v\u00e4hent\u00e4\u00e4 ryppyjen muodostumista nopeavaikutteisen ja pitk\u00e4kestoisen botox-tyyppisen vaikutuksen kautta.<\/p>\n<p><strong>Vitamiinit E ja C:<\/strong><br \/>\nRadikaalisti puhdistavan vaikutuksensa ansiosta ne suojaavat ihoa ulkoisilta tekij\u00f6ilt\u00e4 (saaste, UV-A, UV-B), jotka voivat vahingoittaa ihoa ja aiheuttaa ennenaikaista ik\u00e4\u00e4ntymist\u00e4.<\/p>\n<p class=\"translation-block\"><strong>A-vitamiini<\/strong><br>\nRetinoli pit\u00e4\u00e4 ihon ehj\u00e4n\u00e4 ja korjaa vaurioituneita soluja. A-vitamiini on erityisen hy\u00f6dyllinen halkeilevalle, punoittavalle ja \u00e4rtyneelle iholle. Se my\u00f6s s\u00e4\u00e4telee talinerityst\u00e4, tasapainottaen ihon \u00f6ljyntuotantoa.<\/p>","protected":false},"excerpt":{"rendered":"<p>Bioautenttiset eksosomit ihon uudistamisen tulevaisuus naisen p\u00e4ivitt\u00e4isess\u00e4 rutiinissa<\/p>\n<p>Wolluma on tarjottu ei-invasiiviseksi vaihtoehdoksi perinteiselle mesoterapialle ja sopii erinomaisesti niille, jotka haluavat sile\u00e4mp\u00e4\u00e4, rennompaa ja elinvoimaisempaa ihoa eksosomien \u00e4lykk\u00e4\u00e4n ja kohdennetun vaikutuksen ansiosta \u2013 todelliselle p\u00e4\u00e4henkil\u00f6lle uudessa regeneratiivisen kosmetiikan suunnassa.<\/p>\n<p>&nbsp;<\/p>","protected":false},"featured_media":7066,"comment_status":"closed","ping_status":"closed","template":"","meta":{"_uag_custom_page_level_css":"","site-sidebar-layout":"default","site-content-layout":"","ast-site-content-layout":"default","site-content-style":"default","site-sidebar-style":"default","ast-global-header-display":"","ast-banner-title-visibility":"","ast-main-header-display":"","ast-hfb-above-header-display":"","ast-hfb-below-header-display":"","ast-hfb-mobile-header-display":"","site-post-title":"","ast-breadcrumbs-content":"","ast-featured-img":"","footer-sml-layout":"","ast-disable-related-posts":"","theme-transparent-header-meta":"default","adv-header-id-meta":"","stick-header-meta":"","header-above-stick-meta":"","header-main-stick-meta":"","header-below-stick-meta":"","astra-migrate-meta-layouts":"set","ast-page-background-enabled":"default","ast-page-background-meta":{"desktop":{"background-color":"var(--ast-global-color-4)","background-image":"","background-repeat":"repeat","background-position":"center center","background-size":"auto","background-attachment":"scroll","background-type":"","background-media":"","overlay-type":"","overlay-color":"","overlay-opacity":"","overlay-gradient":""},"tablet":{"background-color":"","background-image":"","background-repeat":"repeat","background-position":"center center","background-size":"auto","background-attachment":"scroll","background-type":"","background-media":"","overlay-type":"","overlay-color":"","overlay-opacity":"","overlay-gradient":""},"mobile":{"background-color":"","background-image":"","background-repeat":"repeat","background-position":"center center","background-size":"auto","background-attachment":"scroll","background-type":"","background-media":"","overlay-type":"","overlay-color":"","overlay-opacity":"","overlay-gradient":""}},"ast-content-background-meta":{"desktop":{"background-color":"var(--ast-global-color-5)","background-image":"","background-repeat":"repeat","background-position":"center center","background-size":"auto","background-attachment":"scroll","background-type":"","background-media":"","overlay-type":"","overlay-color":"","overlay-opacity":"","overlay-gradient":""},"tablet":{"background-color":"var(--ast-global-color-5)","background-image":"","background-repeat":"repeat","background-position":"center center","background-size":"auto","background-attachment":"scroll","background-type":"","background-media":"","overlay-type":"","overlay-color":"","overlay-opacity":"","overlay-gradient":""},"mobile":{"background-color":"var(--ast-global-color-5)","background-image":"","background-repeat":"repeat","background-position":"center center","background-size":"auto","background-attachment":"scroll","background-type":"","background-media":"","overlay-type":"","overlay-color":"","overlay-opacity":"","overlay-gradient":""}}},"product_brand":[],"product_cat":[127,78],"product_tag":[],"class_list":{"0":"post-7064","1":"product","2":"type-product","3":"status-publish","4":"has-post-thumbnail","6":"product_cat-eksosoomid","7":"product_cat-global-meso","8":"desktop-align-left","9":"tablet-align-left","10":"mobile-align-left","12":"first","13":"instock","14":"taxable","15":"shipping-taxable","16":"product-type-simple","17":"add-to-wishlist-before_image"},"uagb_featured_image_src":{"full":["https:\/\/kosmeetika24.com\/wp-content\/uploads\/2025\/10\/global-meso-wolluma-1.jpg",1000,1000,false],"thumbnail":["https:\/\/kosmeetika24.com\/wp-content\/uploads\/2025\/10\/global-meso-wolluma-1-150x150.jpg",150,150,true],"medium":["https:\/\/kosmeetika24.com\/wp-content\/uploads\/2025\/10\/global-meso-wolluma-1-300x300.jpg",300,300,true],"medium_large":["https:\/\/kosmeetika24.com\/wp-content\/uploads\/2025\/10\/global-meso-wolluma-1-768x768.jpg",768,768,true],"large":["https:\/\/kosmeetika24.com\/wp-content\/uploads\/2025\/10\/global-meso-wolluma-1.jpg",1000,1000,false],"1536x1536":["https:\/\/kosmeetika24.com\/wp-content\/uploads\/2025\/10\/global-meso-wolluma-1.jpg",1000,1000,false],"2048x2048":["https:\/\/kosmeetika24.com\/wp-content\/uploads\/2025\/10\/global-meso-wolluma-1.jpg",1000,1000,false],"trp-custom-language-flag":["https:\/\/kosmeetika24.com\/wp-content\/uploads\/2025\/10\/global-meso-wolluma-1-12x12.jpg",12,12,true],"woocommerce_thumbnail":["https:\/\/kosmeetika24.com\/wp-content\/uploads\/2025\/10\/global-meso-wolluma-1-300x300.jpg",300,300,true],"woocommerce_single":["https:\/\/kosmeetika24.com\/wp-content\/uploads\/2025\/10\/global-meso-wolluma-1-500x500.jpg",500,500,true],"woocommerce_gallery_thumbnail":["https:\/\/kosmeetika24.com\/wp-content\/uploads\/2025\/10\/global-meso-wolluma-1-100x100.jpg",100,100,true]},"uagb_author_info":{"display_name":"admin","author_link":"https:\/\/kosmeetika24.com\/fi\/author\/"},"uagb_comment_info":0,"uagb_excerpt":"Bioautentsed eksoomid: naha taastamise tulevik naise igap\u00e4evases rutiinis Wolluma on pakutud mitte-invasiivse alternatiivina traditsioonilisele mesoteraapiale, mis sobib ideaalselt neile, kes soovivad siledamat, l\u00f5dvestunumat ja eluj\u00f5ulisemat nahka t\u00e4nu eksosoomide arukale ja sihip\u00e4rasele toimele - regeneratiivse kosmeetika uue suuna t\u00f5elisele peategelasele. &nbsp;","_links":{"self":[{"href":"https:\/\/kosmeetika24.com\/fi\/wp-json\/wp\/v2\/product\/7064","targetHints":{"allow":["GET"]}}],"collection":[{"href":"https:\/\/kosmeetika24.com\/fi\/wp-json\/wp\/v2\/product"}],"about":[{"href":"https:\/\/kosmeetika24.com\/fi\/wp-json\/wp\/v2\/types\/product"}],"replies":[{"embeddable":true,"href":"https:\/\/kosmeetika24.com\/fi\/wp-json\/wp\/v2\/comments?post=7064"}],"version-history":[{"count":1,"href":"https:\/\/kosmeetika24.com\/fi\/wp-json\/wp\/v2\/product\/7064\/revisions"}],"predecessor-version":[{"id":7067,"href":"https:\/\/kosmeetika24.com\/fi\/wp-json\/wp\/v2\/product\/7064\/revisions\/7067"}],"wp:featuredmedia":[{"embeddable":true,"href":"https:\/\/kosmeetika24.com\/fi\/wp-json\/wp\/v2\/media\/7066"}],"wp:attachment":[{"href":"https:\/\/kosmeetika24.com\/fi\/wp-json\/wp\/v2\/media?parent=7064"}],"wp:term":[{"taxonomy":"product_brand","embeddable":true,"href":"https:\/\/kosmeetika24.com\/fi\/wp-json\/wp\/v2\/product_brand?post=7064"},{"taxonomy":"product_cat","embeddable":true,"href":"https:\/\/kosmeetika24.com\/fi\/wp-json\/wp\/v2\/product_cat?post=7064"},{"taxonomy":"product_tag","embeddable":true,"href":"https:\/\/kosmeetika24.com\/fi\/wp-json\/wp\/v2\/product_tag?post=7064"}],"curies":[{"name":"wp","href":"https:\/\/api.w.org\/{rel}","templated":true}]}}