{"id":6758,"date":"2024-11-08T12:11:15","date_gmt":"2024-11-08T09:11:15","guid":{"rendered":"https:\/\/kosmeetika24.com\/?post_type=product&#038;p=6758"},"modified":"2025-07-03T12:21:35","modified_gmt":"2025-07-03T09:21:35","slug":"charmyco-ideaalne-taastav-toitev-ookreem","status":"publish","type":"product","link":"https:\/\/kosmeetika24.com\/fi\/tuote\/charmyco-ideaalne-taastav-toitev-ookreem\/","title":{"rendered":"CHARMYCO T\u00e4ydellinen korjaava ja ravitseva y\u00f6voide"},"content":{"rendered":"<p>Ideal Revitalizing & Nourishing Night Cream (50 ml)<\/p>\n<p><strong>P\u00c4\u00c4AINEOSAT<\/strong><\/p>\n<p>Fagus Sylvatica Bud Extract \u2013 Harilik p\u00f6\u00f6k pungi ekstrakt \u2013 toetab rakkude uuenemist, aitab suurendada naha elastsust ja tugevust, andes sellele noorusliku v\u00e4limuse.<br \/>\nLeontopodium Alpinum Flower\/Leaf Extract \u2013 Alpi l\u00f5osilma \u00f5ie\/lehe ekstrakt \u2013 omab antioks\u00fcdantseid omadusi, kaitseb nahka vabade radikaalide eest ning aitab aeglustada vananemisprotsesse.<br \/>\nCitrus Aurantium Amara Fruit Extract \u2013 Kibuvitsapuu vilja ekstrakt \u2013 v\u00e4rskendab nahka, parandab selle tooni ja tekstuuri, andes n\u00e4ole s\u00e4ra.<br \/>\nCitrus Reticulata Fruit Extract \u2013 Mandariin vilja ekstrakt \u2013 \u00fchtlustab nahatooni, omab rahustavat ja v\u00e4rskendavat toimet, parandades naha \u00fcldist v\u00e4limust.<br \/>\nCitrus Sinensis Peel Extract \u2013 Apelsini koore ekstrakt \u2013 rikas antioks\u00fcdantide ja C-vitamiini poolest, aitab v\u00e4rskendada ja valgendada nahka, andes sellele terve ilme.<\/p>\n<p><strong>K\u00e4ytt\u00f6<\/strong><\/p>\n<p>Puhdista ja s\u00e4vyt\u00e4 iho, levit\u00e4 voide kasvoille.<br \/>\nV\u00e4lt\u00e4 kosketusta silmiin.<\/p>\n<p><strong>Ainesosat<\/strong><\/p>\n<p>Aqua, Citrus Limon (Lemon) Fruit Water, Polyglyceryl-10 Dipalmitate, Propanediol, Butyrospermum<br \/>\nParkii (Shea) Butter, Olea Europaea Fruit Oil, Isopropyl Myristate, Rosa Moschata Oil, Tocopheryl<br \/>\nAcetate, Lecithin, Butylene Glycol, Centella Asiatica Extract, Polygonum Cuspidatum Root Extract,<br \/>\nScutellaria Baicalensis Root Extract, Camellia Sinensis Leaf Extract, Glycyrrhiza Glabra (Licorice) Root<br \/>\nExtract, Chamomilla Recutita (Matricaria) Flower Extract, Rosmarinus Officinalis (Rosemary) Leaf<br \/>\nExtract, Fagus Sylvatica Bud Extract, Leontopodium Alpinum Flower\/Leaf Extract, Glycerin, Citrus<br \/>\nAurantium Amara Fruit Extract, Citrus Reticulata Fruit Extract, Citrus Sinensis Peel Extract, Benzyl<br \/>\nAlcohol, Sodium Benzoate, Potassium Sorbate, Sodium Acrylates Copolymer, Phenylpropanol, Caprylyl<br \/>\nGlycol, Parfum.<\/p>","protected":false},"excerpt":{"rendered":"<p>Rikkaliku koostisega valem, mis on loodud naha noorendamiseks une ajal. Rikastatud Citrus Limoni viljaveega, sheav\u00f5i ja Roosi Moschata \u00f5liga. Niisutab s\u00fcgavalt ja taastab naha loomuliku s\u00e4ra.<\/p>","protected":false},"featured_media":6826,"comment_status":"closed","ping_status":"closed","template":"","meta":{"_uag_custom_page_level_css":"","site-sidebar-layout":"default","site-content-layout":"","ast-site-content-layout":"default","site-content-style":"default","site-sidebar-style":"default","ast-global-header-display":"","ast-banner-title-visibility":"","ast-main-header-display":"","ast-hfb-above-header-display":"","ast-hfb-below-header-display":"","ast-hfb-mobile-header-display":"","site-post-title":"","ast-breadcrumbs-content":"","ast-featured-img":"","footer-sml-layout":"","ast-disable-related-posts":"","theme-transparent-header-meta":"default","adv-header-id-meta":"","stick-header-meta":"","header-above-stick-meta":"","header-main-stick-meta":"","header-below-stick-meta":"","astra-migrate-meta-layouts":"set","ast-page-background-enabled":"default","ast-page-background-meta":{"desktop":{"background-color":"var(--ast-global-color-4)","background-image":"","background-repeat":"repeat","background-position":"center center","background-size":"auto","background-attachment":"scroll","background-type":"","background-media":"","overlay-type":"","overlay-color":"","overlay-opacity":"","overlay-gradient":""},"tablet":{"background-color":"","background-image":"","background-repeat":"repeat","background-position":"center center","background-size":"auto","background-attachment":"scroll","background-type":"","background-media":"","overlay-type":"","overlay-color":"","overlay-opacity":"","overlay-gradient":""},"mobile":{"background-color":"","background-image":"","background-repeat":"repeat","background-position":"center center","background-size":"auto","background-attachment":"scroll","background-type":"","background-media":"","overlay-type":"","overlay-color":"","overlay-opacity":"","overlay-gradient":""}},"ast-content-background-meta":{"desktop":{"background-color":"var(--ast-global-color-5)","background-image":"","background-repeat":"repeat","background-position":"center center","background-size":"auto","background-attachment":"scroll","background-type":"","background-media":"","overlay-type":"","overlay-color":"","overlay-opacity":"","overlay-gradient":""},"tablet":{"background-color":"var(--ast-global-color-5)","background-image":"","background-repeat":"repeat","background-position":"center center","background-size":"auto","background-attachment":"scroll","background-type":"","background-media":"","overlay-type":"","overlay-color":"","overlay-opacity":"","overlay-gradient":""},"mobile":{"background-color":"var(--ast-global-color-5)","background-image":"","background-repeat":"repeat","background-position":"center center","background-size":"auto","background-attachment":"scroll","background-type":"","background-media":"","overlay-type":"","overlay-color":"","overlay-opacity":"","overlay-gradient":""}}},"product_brand":[],"product_cat":[96,81],"product_tag":[],"class_list":{"0":"post-6758","1":"product","2":"type-product","3":"status-publish","4":"has-post-thumbnail","6":"product_cat-brands","7":"product_cat-charmyco","8":"desktop-align-left","9":"tablet-align-left","10":"mobile-align-left","12":"first","13":"instock","14":"taxable","15":"shipping-taxable","16":"product-type-simple","17":"add-to-wishlist-before_image"},"uagb_featured_image_src":{"full":["https:\/\/kosmeetika24.com\/wp-content\/uploads\/2024\/11\/IMG_5175-1.jpg",330,586,false],"thumbnail":["https:\/\/kosmeetika24.com\/wp-content\/uploads\/2024\/11\/IMG_5175-1-150x150.jpg",150,150,true],"medium":["https:\/\/kosmeetika24.com\/wp-content\/uploads\/2024\/11\/IMG_5175-1-169x300.jpg",169,300,true],"medium_large":["https:\/\/kosmeetika24.com\/wp-content\/uploads\/2024\/11\/IMG_5175-1.jpg",330,586,false],"large":["https:\/\/kosmeetika24.com\/wp-content\/uploads\/2024\/11\/IMG_5175-1.jpg",330,586,false],"1536x1536":["https:\/\/kosmeetika24.com\/wp-content\/uploads\/2024\/11\/IMG_5175-1.jpg",330,586,false],"2048x2048":["https:\/\/kosmeetika24.com\/wp-content\/uploads\/2024\/11\/IMG_5175-1.jpg",330,586,false],"trp-custom-language-flag":["https:\/\/kosmeetika24.com\/wp-content\/uploads\/2024\/11\/IMG_5175-1-7x12.jpg",7,12,true],"woocommerce_thumbnail":["https:\/\/kosmeetika24.com\/wp-content\/uploads\/2024\/11\/IMG_5175-1-300x300.jpg",300,300,true],"woocommerce_single":["https:\/\/kosmeetika24.com\/wp-content\/uploads\/2024\/11\/IMG_5175-1.jpg",330,586,false],"woocommerce_gallery_thumbnail":["https:\/\/kosmeetika24.com\/wp-content\/uploads\/2024\/11\/IMG_5175-1-100x100.jpg",100,100,true]},"uagb_author_info":{"display_name":"admin","author_link":"https:\/\/kosmeetika24.com\/fi\/author\/"},"uagb_comment_info":0,"uagb_excerpt":"Rikkaliku koostisega valem, mis on loodud naha noorendamiseks une ajal. Rikastatud Citrus Limoni viljaveega, sheav\u00f5i ja Roosi Moschata \u00f5liga. Niisutab s\u00fcgavalt ja taastab naha loomuliku s\u00e4ra.","_links":{"self":[{"href":"https:\/\/kosmeetika24.com\/fi\/wp-json\/wp\/v2\/product\/6758","targetHints":{"allow":["GET"]}}],"collection":[{"href":"https:\/\/kosmeetika24.com\/fi\/wp-json\/wp\/v2\/product"}],"about":[{"href":"https:\/\/kosmeetika24.com\/fi\/wp-json\/wp\/v2\/types\/product"}],"replies":[{"embeddable":true,"href":"https:\/\/kosmeetika24.com\/fi\/wp-json\/wp\/v2\/comments?post=6758"}],"version-history":[{"count":1,"href":"https:\/\/kosmeetika24.com\/fi\/wp-json\/wp\/v2\/product\/6758\/revisions"}],"predecessor-version":[{"id":6759,"href":"https:\/\/kosmeetika24.com\/fi\/wp-json\/wp\/v2\/product\/6758\/revisions\/6759"}],"wp:featuredmedia":[{"embeddable":true,"href":"https:\/\/kosmeetika24.com\/fi\/wp-json\/wp\/v2\/media\/6826"}],"wp:attachment":[{"href":"https:\/\/kosmeetika24.com\/fi\/wp-json\/wp\/v2\/media?parent=6758"}],"wp:term":[{"taxonomy":"product_brand","embeddable":true,"href":"https:\/\/kosmeetika24.com\/fi\/wp-json\/wp\/v2\/product_brand?post=6758"},{"taxonomy":"product_cat","embeddable":true,"href":"https:\/\/kosmeetika24.com\/fi\/wp-json\/wp\/v2\/product_cat?post=6758"},{"taxonomy":"product_tag","embeddable":true,"href":"https:\/\/kosmeetika24.com\/fi\/wp-json\/wp\/v2\/product_tag?post=6758"}],"curies":[{"name":"wp","href":"https:\/\/api.w.org\/{rel}","templated":true}]}}