{"id":6752,"date":"2024-11-08T12:02:22","date_gmt":"2024-11-08T09:02:22","guid":{"rendered":"https:\/\/kosmeetika24.com\/?post_type=product&#038;p=6752"},"modified":"2025-07-03T12:22:02","modified_gmt":"2025-07-03T09:22:02","slug":"charmyco-taiuslik-rahustav-ja-toitev-ookreem-tundlikule-nahale","status":"publish","type":"product","link":"https:\/\/kosmeetika24.com\/fi\/tuote\/charmyco-taiuslik-rahustav-ja-toitev-ookreem-tundlikule-nahale\/","title":{"rendered":"CHARMYCO T\u00e4ydellinen rauhoittava ja ravitseva y\u00f6voide herk\u00e4lle iholle"},"content":{"rendered":"<p>Perfect Soothing & Nourishing Night Cream For Sensitive Skin (50 ml)<\/p>\n<p><strong>P\u00c4\u00c4AINEOSAT<\/strong><\/p>\n<p><em>Rosa Canina Fruit Oil<\/em> \u2013 Harilik kibuvitsa puuvilja\u00f5li<br \/>\n<em>Butyrospermum Parkii (Shea) Butter<\/em> \u2013 Sheav\u00f5i<br \/>\n<em>\u2013 Jojoba-esterit<\/em><br \/>\n<em>Glycyrrhiza Glabra (Licorice) Root Extract<\/em> \u2013 Lagritsa juure ekstrakt<br \/>\n<em>Chamomilla Recutita (Matricaria) Flower Extract<\/em> \u2013 Kummeli \u00f5ie ekstrakt<br \/>\n<em>Rosmarinus Officinalis (Rosemary) Leaf Extract<\/em> \u2013 Rosmariini lehe ekstrakt<\/p>\n<p><strong>K\u00e4ytt\u00f6<\/strong><\/p>\n<p>Puhdista ja s\u00e4vyt\u00e4 iho, levit\u00e4 voide kasvoille.<\/p>\n<p>V\u00e4lt\u00e4 kosketusta silmiin.<\/p>\n<p><strong>Ainesosat<\/strong><\/p>\n<p>Aqua, Polyglyceryl-10 Dipalmitate, Propanediol, Dicaprylyl Carbonate, Rosa Canina Fruit Oil, Butyrospermum Parkii (Shea) Butter, Neopentyl Glycol Dicaprylate\/Dicaprate, Polyglyceryl-6 Distearate, Jojoba Esters, Polyglyceryl-3 Beeswax, Cetyl Alcohol, Butylene Glycol, Centella Asiatica Extract, Polygonum Cuspidatum Root Extract, Scutellaria Baicalensis Root Extract, Camellia Sinensis Leaf Extract, Glycyrrhiza Glabra (Licorice) Root Extract, Chamomilla Recutita (Matricaria) Flower Extract, Rosmarinus Officinalis (Rosemary) Leaf Extract, Phenoxyethanol, Ethylhexylglycerin, Carbomer, Triethanolamine, Parfum, Citral, Coumarin, Geraniol, Citronellol, Limonene, Linalool, Alpha-Isomethyl Ionone, Hexyl Cinnamal.<\/p>","protected":false},"excerpt":{"rendered":"<p>Rikas koostumus, joka on suunniteltu nuorentamaan ihoa y\u00f6n aikana. Sis\u00e4lt\u00e4\u00e4 hell\u00e4varaisen luonnollisen sekoituksen, kuten ruusuvett\u00e4, sheavoita ja Centella Asiatica -uutetta. Syv\u00e4kosteuttaa ja palauttaa ihon luonnollisen hehkun.<\/p>","protected":false},"featured_media":6763,"comment_status":"closed","ping_status":"closed","template":"","meta":{"_uag_custom_page_level_css":"","site-sidebar-layout":"default","site-content-layout":"","ast-site-content-layout":"default","site-content-style":"default","site-sidebar-style":"default","ast-global-header-display":"","ast-banner-title-visibility":"","ast-main-header-display":"","ast-hfb-above-header-display":"","ast-hfb-below-header-display":"","ast-hfb-mobile-header-display":"","site-post-title":"","ast-breadcrumbs-content":"","ast-featured-img":"","footer-sml-layout":"","ast-disable-related-posts":"","theme-transparent-header-meta":"default","adv-header-id-meta":"","stick-header-meta":"","header-above-stick-meta":"","header-main-stick-meta":"","header-below-stick-meta":"","astra-migrate-meta-layouts":"set","ast-page-background-enabled":"default","ast-page-background-meta":{"desktop":{"background-color":"var(--ast-global-color-4)","background-image":"","background-repeat":"repeat","background-position":"center center","background-size":"auto","background-attachment":"scroll","background-type":"","background-media":"","overlay-type":"","overlay-color":"","overlay-opacity":"","overlay-gradient":""},"tablet":{"background-color":"","background-image":"","background-repeat":"repeat","background-position":"center center","background-size":"auto","background-attachment":"scroll","background-type":"","background-media":"","overlay-type":"","overlay-color":"","overlay-opacity":"","overlay-gradient":""},"mobile":{"background-color":"","background-image":"","background-repeat":"repeat","background-position":"center center","background-size":"auto","background-attachment":"scroll","background-type":"","background-media":"","overlay-type":"","overlay-color":"","overlay-opacity":"","overlay-gradient":""}},"ast-content-background-meta":{"desktop":{"background-color":"var(--ast-global-color-5)","background-image":"","background-repeat":"repeat","background-position":"center center","background-size":"auto","background-attachment":"scroll","background-type":"","background-media":"","overlay-type":"","overlay-color":"","overlay-opacity":"","overlay-gradient":""},"tablet":{"background-color":"var(--ast-global-color-5)","background-image":"","background-repeat":"repeat","background-position":"center center","background-size":"auto","background-attachment":"scroll","background-type":"","background-media":"","overlay-type":"","overlay-color":"","overlay-opacity":"","overlay-gradient":""},"mobile":{"background-color":"var(--ast-global-color-5)","background-image":"","background-repeat":"repeat","background-position":"center center","background-size":"auto","background-attachment":"scroll","background-type":"","background-media":"","overlay-type":"","overlay-color":"","overlay-opacity":"","overlay-gradient":""}}},"product_brand":[],"product_cat":[96,81],"product_tag":[],"class_list":{"0":"post-6752","1":"product","2":"type-product","3":"status-publish","4":"has-post-thumbnail","6":"product_cat-brands","7":"product_cat-charmyco","8":"desktop-align-left","9":"tablet-align-left","10":"mobile-align-left","12":"first","13":"instock","14":"taxable","15":"shipping-taxable","16":"product-type-simple","17":"add-to-wishlist-before_image"},"uagb_featured_image_src":{"full":["https:\/\/kosmeetika24.com\/wp-content\/uploads\/2024\/11\/IMG_5176-1.jpg",440,586,false],"thumbnail":["https:\/\/kosmeetika24.com\/wp-content\/uploads\/2024\/11\/IMG_5176-1-150x150.jpg",150,150,true],"medium":["https:\/\/kosmeetika24.com\/wp-content\/uploads\/2024\/11\/IMG_5176-1-225x300.jpg",225,300,true],"medium_large":["https:\/\/kosmeetika24.com\/wp-content\/uploads\/2024\/11\/IMG_5176-1.jpg",440,586,false],"large":["https:\/\/kosmeetika24.com\/wp-content\/uploads\/2024\/11\/IMG_5176-1.jpg",440,586,false],"1536x1536":["https:\/\/kosmeetika24.com\/wp-content\/uploads\/2024\/11\/IMG_5176-1.jpg",440,586,false],"2048x2048":["https:\/\/kosmeetika24.com\/wp-content\/uploads\/2024\/11\/IMG_5176-1.jpg",440,586,false],"trp-custom-language-flag":["https:\/\/kosmeetika24.com\/wp-content\/uploads\/2024\/11\/IMG_5176-1-9x12.jpg",9,12,true],"woocommerce_thumbnail":["https:\/\/kosmeetika24.com\/wp-content\/uploads\/2024\/11\/IMG_5176-1-300x300.jpg",300,300,true],"woocommerce_single":["https:\/\/kosmeetika24.com\/wp-content\/uploads\/2024\/11\/IMG_5176-1.jpg",440,586,false],"woocommerce_gallery_thumbnail":["https:\/\/kosmeetika24.com\/wp-content\/uploads\/2024\/11\/IMG_5176-1-100x100.jpg",100,100,true]},"uagb_author_info":{"display_name":"admin","author_link":"https:\/\/kosmeetika24.com\/fi\/author\/"},"uagb_comment_info":0,"uagb_excerpt":"Rikkaliku koostisega valem, mis on loodud naha noorendamiseks une ajal. Sisaldab \u00f5rna looduslikku segu, sealhulgas Roosi\u00f5li, Sheav\u00f5i ja Centella Asiatica ekstrakt. Niisutab s\u00fcgavalt ja taastab naha loomuliku s\u00e4ra.","_links":{"self":[{"href":"https:\/\/kosmeetika24.com\/fi\/wp-json\/wp\/v2\/product\/6752","targetHints":{"allow":["GET"]}}],"collection":[{"href":"https:\/\/kosmeetika24.com\/fi\/wp-json\/wp\/v2\/product"}],"about":[{"href":"https:\/\/kosmeetika24.com\/fi\/wp-json\/wp\/v2\/types\/product"}],"replies":[{"embeddable":true,"href":"https:\/\/kosmeetika24.com\/fi\/wp-json\/wp\/v2\/comments?post=6752"}],"version-history":[{"count":2,"href":"https:\/\/kosmeetika24.com\/fi\/wp-json\/wp\/v2\/product\/6752\/revisions"}],"predecessor-version":[{"id":6803,"href":"https:\/\/kosmeetika24.com\/fi\/wp-json\/wp\/v2\/product\/6752\/revisions\/6803"}],"wp:featuredmedia":[{"embeddable":true,"href":"https:\/\/kosmeetika24.com\/fi\/wp-json\/wp\/v2\/media\/6763"}],"wp:attachment":[{"href":"https:\/\/kosmeetika24.com\/fi\/wp-json\/wp\/v2\/media?parent=6752"}],"wp:term":[{"taxonomy":"product_brand","embeddable":true,"href":"https:\/\/kosmeetika24.com\/fi\/wp-json\/wp\/v2\/product_brand?post=6752"},{"taxonomy":"product_cat","embeddable":true,"href":"https:\/\/kosmeetika24.com\/fi\/wp-json\/wp\/v2\/product_cat?post=6752"},{"taxonomy":"product_tag","embeddable":true,"href":"https:\/\/kosmeetika24.com\/fi\/wp-json\/wp\/v2\/product_tag?post=6752"}],"curies":[{"name":"wp","href":"https:\/\/api.w.org\/{rel}","templated":true}]}}