{"id":6739,"date":"2024-11-07T15:38:11","date_gmt":"2024-11-07T12:38:11","guid":{"rendered":"https:\/\/kosmeetika24.com\/?post_type=product&#038;p=6739"},"modified":"2025-07-03T12:23:53","modified_gmt":"2025-07-03T09:23:53","slug":"charmyco-noorendav-silmakreem-tundlikule-nahale-15ml","status":"publish","type":"product","link":"https:\/\/kosmeetika24.com\/fi\/tuote\/charmyco-noorendav-silmakreem-tundlikule-nahale-15ml\/","title":{"rendered":"CHARMYCO Nuorentava silm\u00e4nymp\u00e4rysvoide herk\u00e4lle iholle 15 ml"},"content":{"rendered":"<p>Rejuvenating Eye Cream For Sensitive Skin<\/p>\n<p><strong>P\u00c4\u00c4AINEOSAT<\/strong><\/p>\n<p><em>Plankton Extract<\/em> \u2013 Planktoni ekstrakt \u2013 rikkalik vitamiinide, mineraalide ja antioks\u00fcdantide allikas, mis soodustab naha rakkude uuenemist, parandab elastsust ja annab nahale v\u00e4rskust.<br \/>\n<em>Avena Sativa Kernel Extract<\/em> \u2013 Kaera tuuma ekstrakt \u2013 s\u00fcgavniisutav, rahustav ja pehmendav toime, aitab v\u00e4hendada \u00e4rritust ja kaitseb nahka v\u00e4liste tegurite eest.<br \/>\n<em>Glycine Soja Phytoplacenta Extract<\/em> \u2013 Soja f\u00fctoplastaadi ekstrakt \u2013 toidab ja tugevdab nahka, aitab v\u00e4hendada kortsude ja tumedate ringide n\u00e4htavust, parandab elastsust ning annab nahale tervisliku ja puhanud ilme.<\/p>\n<p><strong>K\u00e4ytt\u00f6<\/strong><\/p>\n<p>Levit\u00e4 silm\u00e4nymp\u00e4rysalueelle kevyill\u00e4 hierovilla liikkeill\u00e4.<\/p>\n<p><strong>Ainesosat<\/strong><\/p>\n<p>Aqua, Paraffinum Liquidum, Glycerol Stearate Se, Propanediol, Polysorbate 20, Butylene Glycol, Plankton Extract, Glycoproteins, Glutamic Acid, Valine, Threonine, Linoleic Acid, Linolenic Acid, Avena Sativa Kernel Extract, Glycerine, Glycine Soja Phytoplacenta Extract, Carbomer, Triethanolamine, Ethylhexylglycerin,<br \/>\nPhenoxyethanol, Sodium Metabisulfite, Parfum, Alpha-Isomethyl Ionone, Citronellol, Limonene, Geraniol, Linalool, Hexyl Cinnamal.<\/p>","protected":false},"excerpt":{"rendered":"<p>Etsi nuorennusta ja virkistyst\u00e4 herk\u00e4lle silm\u00e4nymp\u00e4rysalueellesi Placentum silm\u00e4nymp\u00e4rysvoiteella.<br \/>\nKreem, joka on muotoiltu ylellisell\u00e4 sekoituksella planktoniuutetta, fytoplatsentta-uutetta ja Avena Sativa -siemenuutetta, ravitsee ja elvytt\u00e4\u00e4, j\u00e4tt\u00e4en silm\u00e4nymp\u00e4rysalueen kirkkaammaksi ja nuorekkaammaksi.<\/p>","protected":false},"featured_media":6740,"comment_status":"closed","ping_status":"closed","template":"","meta":{"_uag_custom_page_level_css":"","site-sidebar-layout":"default","site-content-layout":"","ast-site-content-layout":"default","site-content-style":"default","site-sidebar-style":"default","ast-global-header-display":"","ast-banner-title-visibility":"","ast-main-header-display":"","ast-hfb-above-header-display":"","ast-hfb-below-header-display":"","ast-hfb-mobile-header-display":"","site-post-title":"","ast-breadcrumbs-content":"","ast-featured-img":"","footer-sml-layout":"","ast-disable-related-posts":"","theme-transparent-header-meta":"default","adv-header-id-meta":"","stick-header-meta":"","header-above-stick-meta":"","header-main-stick-meta":"","header-below-stick-meta":"","astra-migrate-meta-layouts":"set","ast-page-background-enabled":"default","ast-page-background-meta":{"desktop":{"background-color":"var(--ast-global-color-4)","background-image":"","background-repeat":"repeat","background-position":"center center","background-size":"auto","background-attachment":"scroll","background-type":"","background-media":"","overlay-type":"","overlay-color":"","overlay-opacity":"","overlay-gradient":""},"tablet":{"background-color":"","background-image":"","background-repeat":"repeat","background-position":"center center","background-size":"auto","background-attachment":"scroll","background-type":"","background-media":"","overlay-type":"","overlay-color":"","overlay-opacity":"","overlay-gradient":""},"mobile":{"background-color":"","background-image":"","background-repeat":"repeat","background-position":"center center","background-size":"auto","background-attachment":"scroll","background-type":"","background-media":"","overlay-type":"","overlay-color":"","overlay-opacity":"","overlay-gradient":""}},"ast-content-background-meta":{"desktop":{"background-color":"var(--ast-global-color-5)","background-image":"","background-repeat":"repeat","background-position":"center center","background-size":"auto","background-attachment":"scroll","background-type":"","background-media":"","overlay-type":"","overlay-color":"","overlay-opacity":"","overlay-gradient":""},"tablet":{"background-color":"var(--ast-global-color-5)","background-image":"","background-repeat":"repeat","background-position":"center center","background-size":"auto","background-attachment":"scroll","background-type":"","background-media":"","overlay-type":"","overlay-color":"","overlay-opacity":"","overlay-gradient":""},"mobile":{"background-color":"var(--ast-global-color-5)","background-image":"","background-repeat":"repeat","background-position":"center center","background-size":"auto","background-attachment":"scroll","background-type":"","background-media":"","overlay-type":"","overlay-color":"","overlay-opacity":"","overlay-gradient":""}}},"product_brand":[],"product_cat":[96,81],"product_tag":[],"class_list":{"0":"post-6739","1":"product","2":"type-product","3":"status-publish","4":"has-post-thumbnail","6":"product_cat-brands","7":"product_cat-charmyco","8":"desktop-align-left","9":"tablet-align-left","10":"mobile-align-left","12":"first","13":"instock","14":"taxable","15":"shipping-taxable","16":"product-type-simple","17":"add-to-wishlist-before_image"},"uagb_featured_image_src":{"full":["https:\/\/kosmeetika24.com\/wp-content\/uploads\/2024\/11\/IMG_5182.webp",440,586,false],"thumbnail":["https:\/\/kosmeetika24.com\/wp-content\/uploads\/2024\/11\/IMG_5182-150x150.webp",150,150,true],"medium":["https:\/\/kosmeetika24.com\/wp-content\/uploads\/2024\/11\/IMG_5182-225x300.webp",225,300,true],"medium_large":["https:\/\/kosmeetika24.com\/wp-content\/uploads\/2024\/11\/IMG_5182.webp",440,586,false],"large":["https:\/\/kosmeetika24.com\/wp-content\/uploads\/2024\/11\/IMG_5182.webp",440,586,false],"1536x1536":["https:\/\/kosmeetika24.com\/wp-content\/uploads\/2024\/11\/IMG_5182.webp",440,586,false],"2048x2048":["https:\/\/kosmeetika24.com\/wp-content\/uploads\/2024\/11\/IMG_5182.webp",440,586,false],"trp-custom-language-flag":["https:\/\/kosmeetika24.com\/wp-content\/uploads\/2024\/11\/IMG_5182-9x12.webp",9,12,true],"woocommerce_thumbnail":["https:\/\/kosmeetika24.com\/wp-content\/uploads\/2024\/11\/IMG_5182-300x300.webp",300,300,true],"woocommerce_single":["https:\/\/kosmeetika24.com\/wp-content\/uploads\/2024\/11\/IMG_5182.webp",440,586,false],"woocommerce_gallery_thumbnail":["https:\/\/kosmeetika24.com\/wp-content\/uploads\/2024\/11\/IMG_5182-100x100.webp",100,100,true]},"uagb_author_info":{"display_name":"admin","author_link":"https:\/\/kosmeetika24.com\/fi\/author\/"},"uagb_comment_info":0,"uagb_excerpt":"Otsige noorendust ja v\u00e4rskendust oma \u00f5rna silma\u00fcmbruse jaoks Placentum Eye Contour Cream abil. Planktoniekstrakti, f\u00fctoplatsenta ekstrakti ja Avena Sativa tuumade ekstrakti luksusliku seguga formuleeritud kreem toidab ja elustab, j\u00e4ttes silma\u00fcmbruse s\u00e4ravamaks ja nooruslikumaks.","_links":{"self":[{"href":"https:\/\/kosmeetika24.com\/fi\/wp-json\/wp\/v2\/product\/6739","targetHints":{"allow":["GET"]}}],"collection":[{"href":"https:\/\/kosmeetika24.com\/fi\/wp-json\/wp\/v2\/product"}],"about":[{"href":"https:\/\/kosmeetika24.com\/fi\/wp-json\/wp\/v2\/types\/product"}],"replies":[{"embeddable":true,"href":"https:\/\/kosmeetika24.com\/fi\/wp-json\/wp\/v2\/comments?post=6739"}],"version-history":[{"count":1,"href":"https:\/\/kosmeetika24.com\/fi\/wp-json\/wp\/v2\/product\/6739\/revisions"}],"predecessor-version":[{"id":6741,"href":"https:\/\/kosmeetika24.com\/fi\/wp-json\/wp\/v2\/product\/6739\/revisions\/6741"}],"wp:featuredmedia":[{"embeddable":true,"href":"https:\/\/kosmeetika24.com\/fi\/wp-json\/wp\/v2\/media\/6740"}],"wp:attachment":[{"href":"https:\/\/kosmeetika24.com\/fi\/wp-json\/wp\/v2\/media?parent=6739"}],"wp:term":[{"taxonomy":"product_brand","embeddable":true,"href":"https:\/\/kosmeetika24.com\/fi\/wp-json\/wp\/v2\/product_brand?post=6739"},{"taxonomy":"product_cat","embeddable":true,"href":"https:\/\/kosmeetika24.com\/fi\/wp-json\/wp\/v2\/product_cat?post=6739"},{"taxonomy":"product_tag","embeddable":true,"href":"https:\/\/kosmeetika24.com\/fi\/wp-json\/wp\/v2\/product_tag?post=6739"}],"curies":[{"name":"wp","href":"https:\/\/api.w.org\/{rel}","templated":true}]}}