{"id":6736,"date":"2024-11-07T15:32:18","date_gmt":"2024-11-07T12:32:18","guid":{"rendered":"https:\/\/kosmeetika24.com\/?post_type=product&#038;p=6736"},"modified":"2025-07-03T12:24:19","modified_gmt":"2025-07-03T09:24:19","slug":"charmyco-taimne-ensuumkoorija","status":"publish","type":"product","link":"https:\/\/kosmeetika24.com\/fi\/tuote\/charmyco-taimne-ensuumkoorija\/","title":{"rendered":"CHARMYCO Kasviper\u00e4inen entsymaattinen kuorinta"},"content":{"rendered":"<p>Bio Enzyme Peel (50 ml)<\/p>\n<p><strong>P\u00c4\u00c4AINEOSAT<\/strong><\/p>\n<p>Prunus Amygdalus Dulcis (Sweet Almond) Shell Powder \u2013 Mandli koore pulber \u2013 toimib \u00f5rna f\u00fc\u00fcsilise eksfoliantina, puhastab nahka ja parandab mikrotsirkulatsiooni, andes nahale sileda ja s\u00e4rava v\u00e4limuse.<br \/>\nCarica Papaya (Papaya) Fruit Extract \u2013 Papai puuvilja ekstrakt \u2013 \u2013 sisaldab looduslikke ens\u00fc\u00fcme, mis aitavad \u00f5rnalt eemaldada sarvestunud naharakke, soodustades naha uuenemist ning andes sellele v\u00e4rske ja \u00fchtlase ilme.<\/p>\n<p><strong>K\u00e4ytt\u00f6<\/strong><\/p>\n<p>Levit\u00e4 ihoon kevyill\u00e4 hierovilla liikkeill\u00e4.<\/p>\n<p>Anna vaikuttaa 5-10 minuuttia ja huuhtele l\u00e4mpim\u00e4ll\u00e4 vedell\u00e4.<\/p>\n<p>V\u00e4lt\u00e4 kosketusta silmiin.<\/p>\n<p><strong>Ainesosat<\/strong><\/p>\n<p>Aqua, Glycol Stearate Se, Dicaprylyl Carbonate, Dimethicone, Propanediol, Glycolic Acid, Cetyl Alcohol, Cyclopentasiloxane, Petrolatum, Glycerin, Xanthan Gum, Prunus Amygdalus Dulcis (Sweet Almond) Shell Powder, Carica Papaya (Papaya) Fruit Extract, Carbomer, Triethanolamine, Phenoxyethanol, Ethylhexylglycerin, Sodium Benzoate, Potassium Sorbate, Parfum.<\/p>","protected":false},"excerpt":{"rendered":"<p>Hell\u00e4varainen kuorintahoito, joka on suunniteltu saavuttamaan tasaisempi ja kirkkaampi iho. Koostuu ravinteikkaiden ainesosien seoksesta, kuten glykolihaposta, makean mantelin kuorijauheesta ja papaijaviljauutteesta. Poistaa tehokkaasti kuolleet ihosolut ja ep\u00e4puhtaudet, j\u00e4tt\u00e4en ihon raikkaaksi ja elinvoimaiseksi.<\/p>","protected":false},"featured_media":6737,"comment_status":"closed","ping_status":"closed","template":"","meta":{"_uag_custom_page_level_css":"","site-sidebar-layout":"default","site-content-layout":"","ast-site-content-layout":"default","site-content-style":"default","site-sidebar-style":"default","ast-global-header-display":"","ast-banner-title-visibility":"","ast-main-header-display":"","ast-hfb-above-header-display":"","ast-hfb-below-header-display":"","ast-hfb-mobile-header-display":"","site-post-title":"","ast-breadcrumbs-content":"","ast-featured-img":"","footer-sml-layout":"","ast-disable-related-posts":"","theme-transparent-header-meta":"default","adv-header-id-meta":"","stick-header-meta":"","header-above-stick-meta":"","header-main-stick-meta":"","header-below-stick-meta":"","astra-migrate-meta-layouts":"set","ast-page-background-enabled":"default","ast-page-background-meta":{"desktop":{"background-color":"var(--ast-global-color-4)","background-image":"","background-repeat":"repeat","background-position":"center center","background-size":"auto","background-attachment":"scroll","background-type":"","background-media":"","overlay-type":"","overlay-color":"","overlay-opacity":"","overlay-gradient":""},"tablet":{"background-color":"","background-image":"","background-repeat":"repeat","background-position":"center center","background-size":"auto","background-attachment":"scroll","background-type":"","background-media":"","overlay-type":"","overlay-color":"","overlay-opacity":"","overlay-gradient":""},"mobile":{"background-color":"","background-image":"","background-repeat":"repeat","background-position":"center center","background-size":"auto","background-attachment":"scroll","background-type":"","background-media":"","overlay-type":"","overlay-color":"","overlay-opacity":"","overlay-gradient":""}},"ast-content-background-meta":{"desktop":{"background-color":"var(--ast-global-color-5)","background-image":"","background-repeat":"repeat","background-position":"center center","background-size":"auto","background-attachment":"scroll","background-type":"","background-media":"","overlay-type":"","overlay-color":"","overlay-opacity":"","overlay-gradient":""},"tablet":{"background-color":"var(--ast-global-color-5)","background-image":"","background-repeat":"repeat","background-position":"center center","background-size":"auto","background-attachment":"scroll","background-type":"","background-media":"","overlay-type":"","overlay-color":"","overlay-opacity":"","overlay-gradient":""},"mobile":{"background-color":"var(--ast-global-color-5)","background-image":"","background-repeat":"repeat","background-position":"center center","background-size":"auto","background-attachment":"scroll","background-type":"","background-media":"","overlay-type":"","overlay-color":"","overlay-opacity":"","overlay-gradient":""}}},"product_brand":[],"product_cat":[96,81],"product_tag":[],"class_list":{"0":"post-6736","1":"product","2":"type-product","3":"status-publish","4":"has-post-thumbnail","6":"product_cat-brands","7":"product_cat-charmyco","8":"desktop-align-left","9":"tablet-align-left","10":"mobile-align-left","12":"first","13":"instock","14":"taxable","15":"shipping-taxable","16":"product-type-simple","17":"add-to-wishlist-before_image"},"uagb_featured_image_src":{"full":["https:\/\/kosmeetika24.com\/wp-content\/uploads\/2024\/11\/IMG_5174.jpg",440,586,false],"thumbnail":["https:\/\/kosmeetika24.com\/wp-content\/uploads\/2024\/11\/IMG_5174-150x150.jpg",150,150,true],"medium":["https:\/\/kosmeetika24.com\/wp-content\/uploads\/2024\/11\/IMG_5174-225x300.jpg",225,300,true],"medium_large":["https:\/\/kosmeetika24.com\/wp-content\/uploads\/2024\/11\/IMG_5174.jpg",440,586,false],"large":["https:\/\/kosmeetika24.com\/wp-content\/uploads\/2024\/11\/IMG_5174.jpg",440,586,false],"1536x1536":["https:\/\/kosmeetika24.com\/wp-content\/uploads\/2024\/11\/IMG_5174.jpg",440,586,false],"2048x2048":["https:\/\/kosmeetika24.com\/wp-content\/uploads\/2024\/11\/IMG_5174.jpg",440,586,false],"trp-custom-language-flag":["https:\/\/kosmeetika24.com\/wp-content\/uploads\/2024\/11\/IMG_5174-9x12.jpg",9,12,true],"woocommerce_thumbnail":["https:\/\/kosmeetika24.com\/wp-content\/uploads\/2024\/11\/IMG_5174-300x300.jpg",300,300,true],"woocommerce_single":["https:\/\/kosmeetika24.com\/wp-content\/uploads\/2024\/11\/IMG_5174.jpg",440,586,false],"woocommerce_gallery_thumbnail":["https:\/\/kosmeetika24.com\/wp-content\/uploads\/2024\/11\/IMG_5174-100x100.jpg",100,100,true]},"uagb_author_info":{"display_name":"admin","author_link":"https:\/\/kosmeetika24.com\/fi\/author\/"},"uagb_comment_info":0,"uagb_excerpt":"\u00d5rn kooriv hooldus, mis on loodud siledama ja s\u00e4ravama naha saavutamiseks. Koosneb toiteaineterikaste\u00a0 koostisosade segust, sealhulgas gl\u00fckoolhape, magusa mandli koorepulber ja papaiavilja ekstrakt. Eemaldab t\u00f5husalt surnud naharakud ja mustuse, j\u00e4ttes naha v\u00e4rskeks ja eluj\u00f5uliseks.","_links":{"self":[{"href":"https:\/\/kosmeetika24.com\/fi\/wp-json\/wp\/v2\/product\/6736","targetHints":{"allow":["GET"]}}],"collection":[{"href":"https:\/\/kosmeetika24.com\/fi\/wp-json\/wp\/v2\/product"}],"about":[{"href":"https:\/\/kosmeetika24.com\/fi\/wp-json\/wp\/v2\/types\/product"}],"replies":[{"embeddable":true,"href":"https:\/\/kosmeetika24.com\/fi\/wp-json\/wp\/v2\/comments?post=6736"}],"version-history":[{"count":1,"href":"https:\/\/kosmeetika24.com\/fi\/wp-json\/wp\/v2\/product\/6736\/revisions"}],"predecessor-version":[{"id":6738,"href":"https:\/\/kosmeetika24.com\/fi\/wp-json\/wp\/v2\/product\/6736\/revisions\/6738"}],"wp:featuredmedia":[{"embeddable":true,"href":"https:\/\/kosmeetika24.com\/fi\/wp-json\/wp\/v2\/media\/6737"}],"wp:attachment":[{"href":"https:\/\/kosmeetika24.com\/fi\/wp-json\/wp\/v2\/media?parent=6736"}],"wp:term":[{"taxonomy":"product_brand","embeddable":true,"href":"https:\/\/kosmeetika24.com\/fi\/wp-json\/wp\/v2\/product_brand?post=6736"},{"taxonomy":"product_cat","embeddable":true,"href":"https:\/\/kosmeetika24.com\/fi\/wp-json\/wp\/v2\/product_cat?post=6736"},{"taxonomy":"product_tag","embeddable":true,"href":"https:\/\/kosmeetika24.com\/fi\/wp-json\/wp\/v2\/product_tag?post=6736"}],"curies":[{"name":"wp","href":"https:\/\/api.w.org\/{rel}","templated":true}]}}