{"id":6722,"date":"2024-11-07T13:45:04","date_gmt":"2024-11-07T10:45:04","guid":{"rendered":"https:\/\/kosmeetika24.com\/?post_type=product&#038;p=6722"},"modified":"2025-07-03T12:25:19","modified_gmt":"2025-07-03T09:25:19","slug":"charmyco-orn-ja-toitev-puhastuspiim","status":"publish","type":"product","link":"https:\/\/kosmeetika24.com\/fi\/tuote\/charmyco-orn-ja-toitev-puhastuspiim\/","title":{"rendered":"CHARMYCO Hell\u00e4varainen ja ravitseva puhdistusmaito"},"content":{"rendered":"<p>Gentle & Nourishing Cleanser Milk (120 ml)<\/p>\n<p><strong>P\u00c4\u00c4AINEOSAT\u00a0<\/strong><br \/>\n<em>Centella Asiatica Extract<\/em> \u2013 Gotu Kola ekstrakt \u2013 rahustab nahka, v\u00e4hendab \u00e4rritust ja toetab selle loomulikku kaitsefunktsiooni. Ideaalne taastamiseks ja niisutamiseks.<br \/>\n<em>Polygonum Cuspidatum Root Extract<\/em> \u2013 Jaapani tatrajuure ekstrakt \u2013 tugev antioks\u00fcdant, kaitseb nahka vabade radikaalide eest ja omab vananemisvastast toimet.<br \/>\n<em>Scutellaria Baicalensis Root Extract<\/em> \u2013 Baikali tihasheina juure ekstrakt \u2013 tuntud oma antibakteriaalsete ja p\u00f5letikuvastaste omaduste poolest, aitab rahustada ja puhastada nahka,<br \/>\nparantaen sen tekstuuria.<br \/>\n<em>Camellia Sinensis Leaf Extract<\/em> \u2013 Rohelise tee lehe ekstrakt \u2013 rikastab nahka antioks\u00fcdantidega, kaitseb keskkonna negatiivsete tegurite eest ja s\u00e4ilitab naha v\u00e4rskuse.<br \/>\n<em>Glycyrrhiza Glabra (Licorice) Root Extract<\/em> \u2013 Lagritsa juure ekstrakt \u2013 \u00fchtlustab nahatooni, omab valgendavaid ja rahustavaid omadusi, v\u00e4hendades punetust.<br \/>\n<em>Chamomilla Recutita (Matricaria) Flower Extract<\/em> \u2013 Kummeli \u00f5ie ekstrakt \u2013 rahustab, pehmendab ja toetab tundliku naha tervist.<br \/>\n<em>Rosmarinus Officinalis (Rosemary) Leaf Extract<\/em> \u2013 Rosmariini lehe ekstrakt \u2013 omab antioks\u00fcdantseid ja antiseptilisi omadusi, v\u00e4rskendab ja tugevdab nahka.<br \/>\n<em>Peg-40 Hydrogenated Castor Oil<\/em> \u2013 PEG-40 h\u00fcdrogeenitud riitsinus\u00f5li \u2013 parandab toote\u00a0 tekstuuri, aitab s\u00fcgavalt puhastada ja muudab toote nahale \u00f5rnaks, p\u00f5hjustamata \u00e4rritust.<\/p>\n<p><strong>K\u00e4ytt\u00f6<\/strong><\/p>\n<p>Levit\u00e4 vanulapulle ja puhdista haluttu alue hell\u00e4varaisesti, poistaen ep\u00e4puhtaudet iholta.<\/p>\n<p>V\u00e4lt\u00e4 kosketusta silmiin.<\/p>\n<p><strong>Ainesosat<\/strong><\/p>\n<p>Aqua, Cocamidopropyl Betaine, Glycerin, Paraffinum liquidum, Xanthan Gum, Butylene Glycol, Centella Asiatica Extract, Polygonum Cuspidatum Root Extract, Scutellaria Baicalensis Root<br \/>\nExtract, Camellia Sinensis Leaf Extract, Glycyrrhiza Glabra (Licorice) Root Extract, Chamomilla Recutita (Matricaria) Flower Extract, Rosmarinus Officinalis (Rosemary) Leaf Extract, Peg-40 Hydrogenated Castor Oil, Trideceth-9, Propylene Glycol, Phenoxyethanol, Ethylhexylglycerin, Parfum, Hexyl cinnamal.<\/p>","protected":false},"excerpt":{"rendered":"<p>Ylellinen koostumus, joka on suunniteltu hell\u00e4varaiseen puhdistukseen ja ravitsemukseen.<br \/>\nRikastettu rauhoittavalla kasviuuteiden yhdistelm\u00e4ll\u00e4, kuten Centella Asiatica, kamomillalla ja vihre\u00e4ll\u00e4 teell\u00e4.<br \/>\nT\u00e4m\u00e4 kermaisa koostumus poistaa tehokkaasti ep\u00e4puhtaudet, j\u00e4tt\u00e4en ihon pehme\u00e4ksi ja kosteutetuksi.<\/p>","protected":false},"featured_media":6723,"comment_status":"closed","ping_status":"closed","template":"","meta":{"_uag_custom_page_level_css":"","site-sidebar-layout":"default","site-content-layout":"","ast-site-content-layout":"default","site-content-style":"default","site-sidebar-style":"default","ast-global-header-display":"","ast-banner-title-visibility":"","ast-main-header-display":"","ast-hfb-above-header-display":"","ast-hfb-below-header-display":"","ast-hfb-mobile-header-display":"","site-post-title":"","ast-breadcrumbs-content":"","ast-featured-img":"","footer-sml-layout":"","ast-disable-related-posts":"","theme-transparent-header-meta":"default","adv-header-id-meta":"","stick-header-meta":"","header-above-stick-meta":"","header-main-stick-meta":"","header-below-stick-meta":"","astra-migrate-meta-layouts":"set","ast-page-background-enabled":"default","ast-page-background-meta":{"desktop":{"background-color":"var(--ast-global-color-4)","background-image":"","background-repeat":"repeat","background-position":"center center","background-size":"auto","background-attachment":"scroll","background-type":"","background-media":"","overlay-type":"","overlay-color":"","overlay-opacity":"","overlay-gradient":""},"tablet":{"background-color":"","background-image":"","background-repeat":"repeat","background-position":"center center","background-size":"auto","background-attachment":"scroll","background-type":"","background-media":"","overlay-type":"","overlay-color":"","overlay-opacity":"","overlay-gradient":""},"mobile":{"background-color":"","background-image":"","background-repeat":"repeat","background-position":"center center","background-size":"auto","background-attachment":"scroll","background-type":"","background-media":"","overlay-type":"","overlay-color":"","overlay-opacity":"","overlay-gradient":""}},"ast-content-background-meta":{"desktop":{"background-color":"var(--ast-global-color-5)","background-image":"","background-repeat":"repeat","background-position":"center center","background-size":"auto","background-attachment":"scroll","background-type":"","background-media":"","overlay-type":"","overlay-color":"","overlay-opacity":"","overlay-gradient":""},"tablet":{"background-color":"var(--ast-global-color-5)","background-image":"","background-repeat":"repeat","background-position":"center center","background-size":"auto","background-attachment":"scroll","background-type":"","background-media":"","overlay-type":"","overlay-color":"","overlay-opacity":"","overlay-gradient":""},"mobile":{"background-color":"var(--ast-global-color-5)","background-image":"","background-repeat":"repeat","background-position":"center center","background-size":"auto","background-attachment":"scroll","background-type":"","background-media":"","overlay-type":"","overlay-color":"","overlay-opacity":"","overlay-gradient":""}}},"product_brand":[],"product_cat":[96,81],"product_tag":[],"class_list":{"0":"post-6722","1":"product","2":"type-product","3":"status-publish","4":"has-post-thumbnail","6":"product_cat-brands","7":"product_cat-charmyco","8":"desktop-align-left","9":"tablet-align-left","10":"mobile-align-left","12":"first","13":"instock","14":"taxable","15":"shipping-taxable","16":"product-type-simple","17":"add-to-wishlist-before_image"},"uagb_featured_image_src":{"full":["https:\/\/kosmeetika24.com\/wp-content\/uploads\/2024\/11\/IMG_5179.webp",440,586,false],"thumbnail":["https:\/\/kosmeetika24.com\/wp-content\/uploads\/2024\/11\/IMG_5179-150x150.webp",150,150,true],"medium":["https:\/\/kosmeetika24.com\/wp-content\/uploads\/2024\/11\/IMG_5179-225x300.webp",225,300,true],"medium_large":["https:\/\/kosmeetika24.com\/wp-content\/uploads\/2024\/11\/IMG_5179.webp",440,586,false],"large":["https:\/\/kosmeetika24.com\/wp-content\/uploads\/2024\/11\/IMG_5179.webp",440,586,false],"1536x1536":["https:\/\/kosmeetika24.com\/wp-content\/uploads\/2024\/11\/IMG_5179.webp",440,586,false],"2048x2048":["https:\/\/kosmeetika24.com\/wp-content\/uploads\/2024\/11\/IMG_5179.webp",440,586,false],"trp-custom-language-flag":["https:\/\/kosmeetika24.com\/wp-content\/uploads\/2024\/11\/IMG_5179-9x12.webp",9,12,true],"woocommerce_thumbnail":["https:\/\/kosmeetika24.com\/wp-content\/uploads\/2024\/11\/IMG_5179-300x300.webp",300,300,true],"woocommerce_single":["https:\/\/kosmeetika24.com\/wp-content\/uploads\/2024\/11\/IMG_5179.webp",440,586,false],"woocommerce_gallery_thumbnail":["https:\/\/kosmeetika24.com\/wp-content\/uploads\/2024\/11\/IMG_5179-100x100.webp",100,100,true]},"uagb_author_info":{"display_name":"admin","author_link":"https:\/\/kosmeetika24.com\/fi\/author\/"},"uagb_comment_info":0,"uagb_excerpt":"Luksuslik koostis, mis on loodud \u00f5rnaks puhastamiseks ja toitmiseks. Rikastatud rahustava kombinatsiooniga taimsetest ekstraktidest, sealhulgas Centella Asiatica, kummel ja roheline tee. See kreemjas koostis eemaldabt\u00f5husalt lisandid, j\u00e4ttes naha pehmeks ja niisutatuks.","_links":{"self":[{"href":"https:\/\/kosmeetika24.com\/fi\/wp-json\/wp\/v2\/product\/6722","targetHints":{"allow":["GET"]}}],"collection":[{"href":"https:\/\/kosmeetika24.com\/fi\/wp-json\/wp\/v2\/product"}],"about":[{"href":"https:\/\/kosmeetika24.com\/fi\/wp-json\/wp\/v2\/types\/product"}],"replies":[{"embeddable":true,"href":"https:\/\/kosmeetika24.com\/fi\/wp-json\/wp\/v2\/comments?post=6722"}],"version-history":[{"count":1,"href":"https:\/\/kosmeetika24.com\/fi\/wp-json\/wp\/v2\/product\/6722\/revisions"}],"predecessor-version":[{"id":6724,"href":"https:\/\/kosmeetika24.com\/fi\/wp-json\/wp\/v2\/product\/6722\/revisions\/6724"}],"wp:featuredmedia":[{"embeddable":true,"href":"https:\/\/kosmeetika24.com\/fi\/wp-json\/wp\/v2\/media\/6723"}],"wp:attachment":[{"href":"https:\/\/kosmeetika24.com\/fi\/wp-json\/wp\/v2\/media?parent=6722"}],"wp:term":[{"taxonomy":"product_brand","embeddable":true,"href":"https:\/\/kosmeetika24.com\/fi\/wp-json\/wp\/v2\/product_brand?post=6722"},{"taxonomy":"product_cat","embeddable":true,"href":"https:\/\/kosmeetika24.com\/fi\/wp-json\/wp\/v2\/product_cat?post=6722"},{"taxonomy":"product_tag","embeddable":true,"href":"https:\/\/kosmeetika24.com\/fi\/wp-json\/wp\/v2\/product_tag?post=6722"}],"curies":[{"name":"wp","href":"https:\/\/api.w.org\/{rel}","templated":true}]}}