{"id":6489,"date":"2024-10-17T16:12:42","date_gmt":"2024-10-17T13:12:42","guid":{"rendered":"https:\/\/kosmeetika24.com\/?post_type=product&#038;p=6489"},"modified":"2024-11-22T10:40:23","modified_gmt":"2024-11-22T07:40:23","slug":"bruno-vassai-kate-ja-jalakreem","status":"publish","type":"product","link":"https:\/\/kosmeetika24.com\/fi\/tuote\/bruno-vassai-kate-ja-jalakreem\/","title":{"rendered":"BRUNO VASSARI k\u00e4sien ja jalkojen voide"},"content":{"rendered":"<p>Sopii kaikille ihotyypeille.<\/p>\n<p>P\u00e4\u00e4ainesosat:<\/p>\n<ul>\n<li>Sheavoi on luonnollinen uute, joka saadaan sheap\u00e4hkin\u00f6ist\u00e4, erinomainen tekij\u00e4 ihon kosteutukseen ja suojaukseen.<br \/>\nSen korkean triglyseridien, tyydyttym\u00e4tt\u00f6mien rasvahappojen ja E-vitamiinin sis\u00e4ll\u00f6n vuoksi t\u00e4m\u00e4 tuote toimii solujen uudistajana, jolla on pehment\u00e4vi\u00e4 ja rakenneuudistavia ominaisuuksia.<\/li>\n<li>E-vitamiinilla on antioksidanttisia ominaisuuksia, ja se suojaa soluja erilaisilta ulkoisilta aggressioilta, kuten saastumiselta, kemikaaleilta, stressilt\u00e4 jne.<\/li>\n<li>Hydrolysoitu kollageeni on luonnollinen proteiini ihossa ja se on t\u00e4rkein osa ihon sidekudosta. Hydrolysoituna se edist\u00e4\u00e4 imeytymist\u00e4, parantaa ihon l\u00e4p\u00e4isevyytt\u00e4 ja taistelee vedenpid\u00e4tyksen kanssa. N\u00e4m\u00e4 ominaisuudet v\u00e4hent\u00e4v\u00e4t \u00e4rsytyst\u00e4. Tulos on silkkisen sile\u00e4 iho.<\/li>\n<\/ul>\n<p><strong>K\u00e4ytt\u00f6<\/strong><\/p>\n<p>Toodet kantakse SPA Hand &; Foot Silky Ritual viimase sammuna t\u00f6\u00f6deldud alale \u00f5rna massaa\u017eiga, kuni see on t\u00e4ielikult imendunud. Soovitatav on kasutada koos k\u00e4te ja jalgade paTYROSEPERFUM PARKII ( SHEA, rafiinimaskiga.<\/p>\n<p><strong>Ainesosat<\/strong><\/p>\n<p>AQUA (WATER) CAPRYLIC\/CAPRIC TRIGLYCERIDE, CETEARYL ALCOHOL, GLYCERIN, CETYL ALCOHOL, PEG-8 GLYCERYL STEARATE SE, BUTYROSPERMUM PARKII (SHEA) BUTTER, HYDROLYSED COLLAGEN, CETETH-24, SODIUM LAURYL SULFATE, METHYLPARABEN, PARFUM (FRAGRANCE), CARBOMER, PROPYLPARABEN, DISODIUM EDTA, 2-BROMO-2-NITROPROPANE-1,3-DIOL, SODIUM HYDROXIDEGLUCONOLACTONE, TOCOPHEROL, LECITHIN, POTASSIUM SORBATE, SODIUM BENZOATE, GLYCERYL, STEARATE, ASCORBYL PALMITATE, PHENETHYL ALCOHOL, CAPRYLYL GLYCOL, GLYCERYL OLEATE, CITRIC ACID, CALCIUM GLUCONATE.<\/p>","protected":false},"excerpt":{"rendered":"<p>K\u00e4sille ja jaloille tarkoitettu voide, jossa on samettinen rakenne ja joka imeytyy nopeasti, j\u00e4tt\u00e4en rasvaiset j\u00e4\u00e4m\u00e4t. Se kosteuttaa ja ravitsee syv\u00e4lt\u00e4, auttaen palauttamaan k\u00e4sien ja jalkojen ihon eheytt\u00e4, parantaen yleist\u00e4 ulkon\u00e4k\u00f6\u00e4, mukavuutta ja pehmeytt\u00e4.<\/p>\n<p>200 ml<\/p>","protected":false},"featured_media":6493,"comment_status":"closed","ping_status":"closed","template":"","meta":{"_uag_custom_page_level_css":"","site-sidebar-layout":"default","site-content-layout":"","ast-site-content-layout":"default","site-content-style":"default","site-sidebar-style":"default","ast-global-header-display":"","ast-banner-title-visibility":"","ast-main-header-display":"","ast-hfb-above-header-display":"","ast-hfb-below-header-display":"","ast-hfb-mobile-header-display":"","site-post-title":"","ast-breadcrumbs-content":"","ast-featured-img":"","footer-sml-layout":"","ast-disable-related-posts":"","theme-transparent-header-meta":"default","adv-header-id-meta":"","stick-header-meta":"","header-above-stick-meta":"","header-main-stick-meta":"","header-below-stick-meta":"","astra-migrate-meta-layouts":"set","ast-page-background-enabled":"default","ast-page-background-meta":{"desktop":{"background-color":"var(--ast-global-color-4)","background-image":"","background-repeat":"repeat","background-position":"center center","background-size":"auto","background-attachment":"scroll","background-type":"","background-media":"","overlay-type":"","overlay-color":"","overlay-opacity":"","overlay-gradient":""},"tablet":{"background-color":"","background-image":"","background-repeat":"repeat","background-position":"center center","background-size":"auto","background-attachment":"scroll","background-type":"","background-media":"","overlay-type":"","overlay-color":"","overlay-opacity":"","overlay-gradient":""},"mobile":{"background-color":"","background-image":"","background-repeat":"repeat","background-position":"center center","background-size":"auto","background-attachment":"scroll","background-type":"","background-media":"","overlay-type":"","overlay-color":"","overlay-opacity":"","overlay-gradient":""}},"ast-content-background-meta":{"desktop":{"background-color":"var(--ast-global-color-5)","background-image":"","background-repeat":"repeat","background-position":"center center","background-size":"auto","background-attachment":"scroll","background-type":"","background-media":"","overlay-type":"","overlay-color":"","overlay-opacity":"","overlay-gradient":""},"tablet":{"background-color":"var(--ast-global-color-5)","background-image":"","background-repeat":"repeat","background-position":"center center","background-size":"auto","background-attachment":"scroll","background-type":"","background-media":"","overlay-type":"","overlay-color":"","overlay-opacity":"","overlay-gradient":""},"mobile":{"background-color":"var(--ast-global-color-5)","background-image":"","background-repeat":"repeat","background-position":"center center","background-size":"auto","background-attachment":"scroll","background-type":"","background-media":"","overlay-type":"","overlay-color":"","overlay-opacity":"","overlay-gradient":""}}},"product_brand":[],"product_cat":[65,96],"product_tag":[],"class_list":{"0":"post-6489","1":"product","2":"type-product","3":"status-publish","4":"has-post-thumbnail","6":"product_cat-body-care","7":"product_cat-brands","8":"desktop-align-left","9":"tablet-align-left","10":"mobile-align-left","12":"first","13":"instock","14":"taxable","15":"shipping-taxable","16":"product-type-simple","17":"add-to-wishlist-before_image"},"uagb_featured_image_src":{"full":["https:\/\/kosmeetika24.com\/wp-content\/uploads\/2024\/10\/Hand-Foot-Silky-Touch.jpg",600,600,false],"thumbnail":["https:\/\/kosmeetika24.com\/wp-content\/uploads\/2024\/10\/Hand-Foot-Silky-Touch-150x150.jpg",150,150,true],"medium":["https:\/\/kosmeetika24.com\/wp-content\/uploads\/2024\/10\/Hand-Foot-Silky-Touch-300x300.jpg",300,300,true],"medium_large":["https:\/\/kosmeetika24.com\/wp-content\/uploads\/2024\/10\/Hand-Foot-Silky-Touch.jpg",600,600,false],"large":["https:\/\/kosmeetika24.com\/wp-content\/uploads\/2024\/10\/Hand-Foot-Silky-Touch.jpg",600,600,false],"1536x1536":["https:\/\/kosmeetika24.com\/wp-content\/uploads\/2024\/10\/Hand-Foot-Silky-Touch.jpg",600,600,false],"2048x2048":["https:\/\/kosmeetika24.com\/wp-content\/uploads\/2024\/10\/Hand-Foot-Silky-Touch.jpg",600,600,false],"trp-custom-language-flag":["https:\/\/kosmeetika24.com\/wp-content\/uploads\/2024\/10\/Hand-Foot-Silky-Touch-12x12.jpg",12,12,true],"woocommerce_thumbnail":["https:\/\/kosmeetika24.com\/wp-content\/uploads\/2024\/10\/Hand-Foot-Silky-Touch-300x300.jpg",300,300,true],"woocommerce_single":["https:\/\/kosmeetika24.com\/wp-content\/uploads\/2024\/10\/Hand-Foot-Silky-Touch-500x500.jpg",500,500,true],"woocommerce_gallery_thumbnail":["https:\/\/kosmeetika24.com\/wp-content\/uploads\/2024\/10\/Hand-Foot-Silky-Touch-100x100.jpg",100,100,true]},"uagb_author_info":{"display_name":"admin","author_link":"https:\/\/kosmeetika24.com\/fi\/author\/"},"uagb_comment_info":0,"uagb_excerpt":"Kreem k\u00e4tele ja jalgadele, sametise tekstuuriga ja mis imendub kiiresti, j\u00e4tmata rasvaseid j\u00e4\u00e4ke. See niisutab ja toidab s\u00fcgavalt ning aitab taastada k\u00e4te ja jalgade naha terviklikkust, parandades \u00fcldist v\u00e4limust, mugavust ja pehmust. 200 ml","_links":{"self":[{"href":"https:\/\/kosmeetika24.com\/fi\/wp-json\/wp\/v2\/product\/6489","targetHints":{"allow":["GET"]}}],"collection":[{"href":"https:\/\/kosmeetika24.com\/fi\/wp-json\/wp\/v2\/product"}],"about":[{"href":"https:\/\/kosmeetika24.com\/fi\/wp-json\/wp\/v2\/types\/product"}],"replies":[{"embeddable":true,"href":"https:\/\/kosmeetika24.com\/fi\/wp-json\/wp\/v2\/comments?post=6489"}],"version-history":[{"count":5,"href":"https:\/\/kosmeetika24.com\/fi\/wp-json\/wp\/v2\/product\/6489\/revisions"}],"predecessor-version":[{"id":6796,"href":"https:\/\/kosmeetika24.com\/fi\/wp-json\/wp\/v2\/product\/6489\/revisions\/6796"}],"wp:featuredmedia":[{"embeddable":true,"href":"https:\/\/kosmeetika24.com\/fi\/wp-json\/wp\/v2\/media\/6493"}],"wp:attachment":[{"href":"https:\/\/kosmeetika24.com\/fi\/wp-json\/wp\/v2\/media?parent=6489"}],"wp:term":[{"taxonomy":"product_brand","embeddable":true,"href":"https:\/\/kosmeetika24.com\/fi\/wp-json\/wp\/v2\/product_brand?post=6489"},{"taxonomy":"product_cat","embeddable":true,"href":"https:\/\/kosmeetika24.com\/fi\/wp-json\/wp\/v2\/product_cat?post=6489"},{"taxonomy":"product_tag","embeddable":true,"href":"https:\/\/kosmeetika24.com\/fi\/wp-json\/wp\/v2\/product_tag?post=6489"}],"curies":[{"name":"wp","href":"https:\/\/api.w.org\/{rel}","templated":true}]}}