{"id":6076,"date":"2024-10-15T13:29:56","date_gmt":"2024-10-15T11:29:56","guid":{"rendered":"https:\/\/kosmeetika24.com\/?post_type=product&#038;p=6076"},"modified":"2024-11-22T12:19:54","modified_gmt":"2024-11-22T09:19:54","slug":"bruno-vassari-lab-radiance-komplekt","status":"publish","type":"product","link":"https:\/\/kosmeetika24.com\/fi\/tuote\/bruno-vassari-lab-radiance-komplekt\/","title":{"rendered":"Bruno Vassari Lab Radiance komplekt"},"content":{"rendered":"<p><strong>K\u00e4ytt\u00f6<\/strong><\/p>\n<p>J\u00e4rgige professionaalses komplektis toodud juhiseid.<\/p>\n<p>Sopii kaikille ihotyypeille.<\/p>\n<ul>\n<li><strong>Koorimine<\/strong> gl\u00fckool-, salits\u00fc\u00fcl-, alfa- ja beetah\u00fcdroks\u00fchapete baasil. Minimalistlik koorimislahus, mis sisaldab gl\u00fckoolhapet, alfa-h\u00fcdroks\u00fchapet ja salits\u00fc\u00fclhapet, beeta-h\u00fcdroks\u00fchapet naha pealmise kihi koheseks uuendamiseks. Erinevalt teistest Bruno Vassari koorimislahustest on see formuleeritud pH v\u00e4\u00e4rtusel alla 4, et suurendada saadaoleva vaba happe kogust ja suurendada uuendamisprotsessi efektiivsust, suurendades selle m\u00f5ju.<\/li>\n<li><strong>Taaselustav seerum <\/strong>sisaldab kergelt toimivaid alfa-h\u00fcdroks\u00fchappeid (piimhape, \u00f5unhape, sidrunhape, f\u00fctiinhape), askorb\u00fc\u00fclgl\u00fckosiidil ja mango-, banaani- ja ploomiekstraktidel. Tagab \u00f5rna koorimise, aidates k\u00f5rvaldada surnud rakud sarvkihis, kahjustamata nahka. Annab s\u00e4ra ja niisutuse ning \u00fchtlustab nahatooni. See on v\u00f5imeline leevendama vabade radikaalide kahjulikku m\u00f5ju ja aeglustama vananemisprotsessi.<\/li>\n<li><strong>Pro-Radiance kontsentraat<\/strong> (Lactobiotyl\u00ae, Pro-Radiance Active, ekstrakt camu camu puu marjadest). Lactobiotyl\u00ae postbiootiline kontsentraat. Selle toimeaine v\u00e4ljat\u00f6\u00f6tamiseks viidi k\u00f5rbekliimas l\u00e4bi probiootilise taime (Lactobacillus arizonensis) adaptiivsete omaduste uuring. Antud mikroorganism koloniseerib jojoba, p\u00f5\u00f5sa, mis on tuntud oma kohanemise poolest \u00e4\u00e4rmiselt kuivade tingimustega, n\u00e4iteks Arizona k\u00f5rbega. Need molekulid aitavad reguleerida selle vee sisaldust,\u00a0 andes maksimaalset kasu kuivale nahale.<\/li>\n<li><strong>Pro-Radiance Mask<\/strong> (Pro-Radiance Active, syricalmtm, Kakadu ploomiekstrakt, Pullulani pol\u00fcsahhariid). Niacinamide- B3-vitamiini k\u00f5rvalsaadus. See v\u00e4hendab melanots\u00fc\u00fctides esinevate melanosoomide \u00fclekandumist keratinots\u00fc\u00fctidesse, naha pinnarakkudesse. Aitab \u00fchtlustada nahatooni, k\u00f5rvaldades vanusega ilmuva kollaka jume. Lisaks n\u00e4itavad in vivo uuringud, et niatsiinamiid parandab oluliselt teisi naha vananemisega seotud probleeme, nagu v\u00e4ikeste kortsude tekstuur ja v\u00e4limus. Superox C TM AF \u2013 Multifunktsionaalne koostisosa, mis on ekstraheeritud Kakadu ploomist (Terminalia ferdinandiana), mis on Austraalia endeemiline supervili ja naha s\u00e4ra suurendaja. Taaselustab naha loomuliku, s\u00e4rava ja tervisliku v\u00e4limuse \u2013 v\u00e4hendab punetust ja parandab kogu naha tasasust, samuti v\u00e4hendab vananemisilmingute m\u00e4rgatavust.<\/li>\n<li>\u00d5rn kreem <strong><span style=\"font-size: 16px;\">Brightness Reveal Cream<\/span><\/strong><span style=\"font-size: 16px;\"> toimib k\u00f5ikidel naha tasanditel. Annab nahale loomuliku s\u00e4ra ning terve ja klaari jume. Niisutab, kirgastab ja muudab naha sametiseks. Peamised toimeained: Pro-radiance active (1,5%), niatsiiamiid, IBR Dragon ehk pitahaya ekstrakt (draakonivili), valgustpeegeldavad pigmendid. Niatsiiamiid <\/span><span style=\"font-size: 16px;\">aitab v\u00e4hendada kortse ja peeneid jooni, v\u00e4hendab naha fotovananemise m\u00e4rke; v\u00e4hendab pigmentatsiooni, melasmat ja helendab nahka; aitab n\u00e4htavalt v\u00e4hendada pooride suurust, stimuleerib kollageeni tootmist; parandab tuhmi jumet; tugevdab naha kaitsebarj\u00e4\u00e4ri, mis soodustab naha niisutamist. IBR Dragon: on rikas s\u00fcsivesikute (suhkrud, oligosahhariidid) poolest. See on toiteaineks mikrobiootale ja lisaks askorbiinhape, mis on tuntud oma antioks\u00fcdantsete omaduste poolest. Valguspeegeldavad pigmendid: annavad nahale kerge valguse puudutus ja \u00fchtlast, tervet ja v\u00e4rsket v\u00e4limust.<\/span><\/li>\n<\/ul>","protected":false},"excerpt":{"rendered":"<p>Professionaalne komplekt taastab k\u00f5igi nahat\u00fc\u00fcpide loomuliku, s\u00e4rava ja tervisliku v\u00e4limuse. Sisaldab eksklusiivset koostisosa Pro-Radiance Active. See aitab v\u00f5idelda tuhmi ja elutu nahaga ning aeglustab selle vananemisprotsessi.<\/p>\n<p>Hoito koostuu useista vaiheista ja <span style=\"font-size: 14px;\">se on tarkoitettu ammattilaisk\u00e4ytt\u00f6\u00f6n 6 hoitokerrassa.<\/span><\/p>\n<p>&nbsp;<\/p>","protected":false},"featured_media":6362,"comment_status":"open","ping_status":"closed","template":"","meta":{"_uag_custom_page_level_css":"","site-sidebar-layout":"default","site-content-layout":"","ast-site-content-layout":"default","site-content-style":"default","site-sidebar-style":"default","ast-global-header-display":"","ast-banner-title-visibility":"","ast-main-header-display":"","ast-hfb-above-header-display":"","ast-hfb-below-header-display":"","ast-hfb-mobile-header-display":"","site-post-title":"","ast-breadcrumbs-content":"","ast-featured-img":"","footer-sml-layout":"","ast-disable-related-posts":"","theme-transparent-header-meta":"default","adv-header-id-meta":"","stick-header-meta":"","header-above-stick-meta":"","header-main-stick-meta":"","header-below-stick-meta":"","astra-migrate-meta-layouts":"set","ast-page-background-enabled":"default","ast-page-background-meta":{"desktop":{"background-color":"var(--ast-global-color-4)","background-image":"","background-repeat":"repeat","background-position":"center center","background-size":"auto","background-attachment":"scroll","background-type":"","background-media":"","overlay-type":"","overlay-color":"","overlay-opacity":"","overlay-gradient":""},"tablet":{"background-color":"","background-image":"","background-repeat":"repeat","background-position":"center center","background-size":"auto","background-attachment":"scroll","background-type":"","background-media":"","overlay-type":"","overlay-color":"","overlay-opacity":"","overlay-gradient":""},"mobile":{"background-color":"","background-image":"","background-repeat":"repeat","background-position":"center center","background-size":"auto","background-attachment":"scroll","background-type":"","background-media":"","overlay-type":"","overlay-color":"","overlay-opacity":"","overlay-gradient":""}},"ast-content-background-meta":{"desktop":{"background-color":"var(--ast-global-color-5)","background-image":"","background-repeat":"repeat","background-position":"center center","background-size":"auto","background-attachment":"scroll","background-type":"","background-media":"","overlay-type":"","overlay-color":"","overlay-opacity":"","overlay-gradient":""},"tablet":{"background-color":"var(--ast-global-color-5)","background-image":"","background-repeat":"repeat","background-position":"center center","background-size":"auto","background-attachment":"scroll","background-type":"","background-media":"","overlay-type":"","overlay-color":"","overlay-opacity":"","overlay-gradient":""},"mobile":{"background-color":"var(--ast-global-color-5)","background-image":"","background-repeat":"repeat","background-position":"center center","background-size":"auto","background-attachment":"scroll","background-type":"","background-media":"","overlay-type":"","overlay-color":"","overlay-opacity":"","overlay-gradient":""}}},"product_brand":[],"product_cat":[96,71,97],"product_tag":[],"class_list":{"0":"post-6076","1":"product","2":"type-product","3":"status-publish","4":"has-post-thumbnail","6":"product_cat-brands","7":"product_cat-lab-radiance","8":"product_cat-naole","9":"desktop-align-left","10":"tablet-align-left","11":"mobile-align-left","13":"first","14":"instock","15":"taxable","16":"shipping-taxable","17":"product-type-simple","18":"add-to-wishlist-before_image"},"uagb_featured_image_src":{"full":["https:\/\/kosmeetika24.com\/wp-content\/uploads\/2024\/10\/S_af_255a4423_retoque_1.jpg",435,300,false],"thumbnail":["https:\/\/kosmeetika24.com\/wp-content\/uploads\/2024\/10\/S_af_255a4423_retoque_1-150x150.jpg",150,150,true],"medium":["https:\/\/kosmeetika24.com\/wp-content\/uploads\/2024\/10\/S_af_255a4423_retoque_1-300x207.jpg",300,207,true],"medium_large":["https:\/\/kosmeetika24.com\/wp-content\/uploads\/2024\/10\/S_af_255a4423_retoque_1.jpg",435,300,false],"large":["https:\/\/kosmeetika24.com\/wp-content\/uploads\/2024\/10\/S_af_255a4423_retoque_1.jpg",435,300,false],"1536x1536":["https:\/\/kosmeetika24.com\/wp-content\/uploads\/2024\/10\/S_af_255a4423_retoque_1.jpg",435,300,false],"2048x2048":["https:\/\/kosmeetika24.com\/wp-content\/uploads\/2024\/10\/S_af_255a4423_retoque_1.jpg",435,300,false],"trp-custom-language-flag":["https:\/\/kosmeetika24.com\/wp-content\/uploads\/2024\/10\/S_af_255a4423_retoque_1-18x12.jpg",18,12,true],"woocommerce_thumbnail":["https:\/\/kosmeetika24.com\/wp-content\/uploads\/2024\/10\/S_af_255a4423_retoque_1-300x300.jpg",300,300,true],"woocommerce_single":["https:\/\/kosmeetika24.com\/wp-content\/uploads\/2024\/10\/S_af_255a4423_retoque_1.jpg",435,300,false],"woocommerce_gallery_thumbnail":["https:\/\/kosmeetika24.com\/wp-content\/uploads\/2024\/10\/S_af_255a4423_retoque_1-100x100.jpg",100,100,true]},"uagb_author_info":{"display_name":"admin","author_link":"https:\/\/kosmeetika24.com\/fi\/author\/"},"uagb_comment_info":0,"uagb_excerpt":"Professionaalne komplekt taastab k\u00f5igi nahat\u00fc\u00fcpide loomuliku, s\u00e4rava ja tervisliku v\u00e4limuse. Sisaldab eksklusiivset koostisosa Pro-Radiance Active. See aitab v\u00f5idelda tuhmi ja elutu nahaga ning aeglustab selle vananemisprotsessi. Hooldus koosneb mitmest etapist ja on m\u00f5eldud professionaalseks kasutamiseks 6 protseduuril. &nbsp;","_links":{"self":[{"href":"https:\/\/kosmeetika24.com\/fi\/wp-json\/wp\/v2\/product\/6076","targetHints":{"allow":["GET"]}}],"collection":[{"href":"https:\/\/kosmeetika24.com\/fi\/wp-json\/wp\/v2\/product"}],"about":[{"href":"https:\/\/kosmeetika24.com\/fi\/wp-json\/wp\/v2\/types\/product"}],"replies":[{"embeddable":true,"href":"https:\/\/kosmeetika24.com\/fi\/wp-json\/wp\/v2\/comments?post=6076"}],"version-history":[{"count":9,"href":"https:\/\/kosmeetika24.com\/fi\/wp-json\/wp\/v2\/product\/6076\/revisions"}],"predecessor-version":[{"id":6813,"href":"https:\/\/kosmeetika24.com\/fi\/wp-json\/wp\/v2\/product\/6076\/revisions\/6813"}],"wp:featuredmedia":[{"embeddable":true,"href":"https:\/\/kosmeetika24.com\/fi\/wp-json\/wp\/v2\/media\/6362"}],"wp:attachment":[{"href":"https:\/\/kosmeetika24.com\/fi\/wp-json\/wp\/v2\/media?parent=6076"}],"wp:term":[{"taxonomy":"product_brand","embeddable":true,"href":"https:\/\/kosmeetika24.com\/fi\/wp-json\/wp\/v2\/product_brand?post=6076"},{"taxonomy":"product_cat","embeddable":true,"href":"https:\/\/kosmeetika24.com\/fi\/wp-json\/wp\/v2\/product_cat?post=6076"},{"taxonomy":"product_tag","embeddable":true,"href":"https:\/\/kosmeetika24.com\/fi\/wp-json\/wp\/v2\/product_tag?post=6076"}],"curies":[{"name":"wp","href":"https:\/\/api.w.org\/{rel}","templated":true}]}}