{"id":6074,"date":"2024-10-15T13:27:01","date_gmt":"2024-10-15T11:27:01","guid":{"rendered":"https:\/\/kosmeetika24.com\/?post_type=product&#038;p=6074"},"modified":"2025-07-03T11:33:07","modified_gmt":"2025-07-03T08:33:07","slug":"bruno-vassari-bioceuticals-pinguldav-naohooldus","status":"publish","type":"product","link":"https:\/\/kosmeetika24.com\/fi\/tuote\/bruno-vassari-bioceuticals-pinguldav-naohooldus\/","title":{"rendered":"BRUNO VASSARI Bioceuticals kiinteytt\u00e4v\u00e4 kasvohoito"},"content":{"rendered":"<p><strong>K\u00e4ytt\u00f6<\/strong><\/p>\n<p>Noudata ammattilaispakkauksessa annettuja ohjeita. Hoito koostuu useista vaiheista ja <span style=\"font-size: 14px;\">se on tarkoitettu ammattilaisk\u00e4ytt\u00f6\u00f6n 6 hoitokerrassa.<\/span><\/p>\n<p>\u2666\u00a0<strong>Kuorinta (vihre\u00e4n teen jauhe)<\/strong> \u2013 valmistatud rohelise teega antioks\u00fcdandina t\u00e4nu oma suurele kontsentratsioonile pol\u00fcfenoolides. Samuti pakub see p\u00f5letikuvastast, fotokaitse- ja kollagenaasivastast toimet, s\u00e4ilitades naha struktuurvalkude terviklikkuse. Kooriv toime annab sellele tselluloosi koorivad osakesed.<\/p>\n<p>\u2666\u00a0<strong>Luonnollinen AHA-koktaili<\/strong>\u00a0\u2013 see on AHA-desse v\u00e4ga kontsentreeritud lahus, mis moodustab osa selle ravi koorimisest. Sisaldab puuviljahappe kokteili, millele on lisatud piimhapet, sidrunhapet, viinhapet, \u00f5unhapet, gl\u00fckoolhapet ja salits\u00fc\u00fclhapet. Aitab edendada rakkude uuenemist ja saavutada noorem, siledam, s\u00e4rav nahk, samuti v\u00e4hendada kortsude ja plekkide teket.<\/p>\n<p>\u2666\u00a0<strong>Ferulihappo + C-vitamiini + DMAE-konsentraatti<\/strong><\/p>\n<p>P\u00e4\u00e4ainesosat:<\/p>\n<p>\u2013 15% C-vitamiini (askorbiinhape). See tagab k\u00f5rge antioks\u00fcdandi ja helendava toime. See v\u00f5itleb kortsude vastu ja v\u00e4hendab naha pigmentatsiooni. See stimuleerib kollageeni s\u00fcnteesi.<br \/>\n\u2013 0,5% DMAE: Mimosa Pudicast ekstraheeritud looduslik molekul, mis soodustab lihaspingeid l\u00fchi- ja pikaajalises perspektiivis.<br \/>\n\u2013 0,5 Feruulhape: see annab v\u00f5imsa antioks\u00fcdandi, mis v\u00f5itleb vabade radikaalide toime vastu. See aeglustab enneaegse vananemise ilmnemist ja aitab s\u00e4ilitada naha tugevust.<br \/>\n\u2013 Tokoferool: E-vitamiini vorm, mis v\u00f5itleb t\u00f5husalt ultraviolettkiirguse m\u00f5ju vastu.<\/p>\n<p>\u2666\u00a0<strong>Stay Tight -naamio<\/strong> \u2013 millel on rikkalik ja sametine tekstuur, t\u00f5stev toime, annab s\u00e4rava ja \u00fchtlase jume. Mask sisaldab DMAE, TENS\u2019UP, Zirhafirm ja Pullulan.<\/p>\n<div id=\"body\" class=\"clearfix\">\n<div id=\"layout\" class=\"pagewidth clearfix\">\n<div id=\"content\" class=\"list-post\">\n<article id=\"post-4582\" class=\"ptb_post clearfix post-4582 bv-treatment type-bv-treatment status-publish hentry bv_treatment_category-lab-division has-post-title has-post-date has-post-category has-post-tag has-post-comment has-post-author ptb_post clearfix\">\n<div class=\"ptb_items_wrapper entry-content\">\n<div class=\"ptb_first_row ptb_row ptb_bv-treatment_row\">\n<div class=\"ptb_col ptb_col1-1 ptb_col_first\">\n<div class=\"ptb_module ptb_editor\">\n<div class=\"ptb_entry_content\">\n<div id=\"themify_builder_content-4582\" class=\"themify_builder_content themify_builder_content-4582 themify_builder\" data-postid=\"4582\">\n<div class=\"themify_builder_row module_row clearfix module_row_0 themify_builder_4582_row module_row_4582-0\">\n<div class=\"row_inner col_align_middle\">\n<div class=\"tb-column col4-2 first module_column tb_4582_column module_column_0 module_column_4582-0-0\">\n<div class=\"tb-column-inner\">\n<div id=\"text-4582-0-0-0\" class=\"module module-text text-4582-0-0-0 repeat\">\n<p>\u2666 Hoidon viimeinen vaihe on <strong>Lift Intensive Cream.<\/strong><\/p>\n<p>P\u00e4\u00e4ainesosat:<\/p>\n<\/div>\n<\/div>\n<\/div>\n<\/div>\n<\/div>\n<\/div>\n<\/div>\n<\/div>\n<\/div>\n<\/div>\n<\/div>\n<\/article>\n<\/div>\n<\/div>\n<\/div>\n<div id=\"footerwrap\">\n<div class=\"themify_builder_content themify_builder_content-687 themify_builder not_editable_builder\">\n<div class=\"themify_builder_row module_row clearfix module_row_0 themify_builder_687_row module_row_687-0\">\n<div class=\"row_inner col_align_bottom\">\n<div class=\"tb-column col3-1 first module_column tb_687_column module_column_0 module_column_687-0-0\"><span style=\"font-size: 16px;\">\u2013 DMAE: Mimosa Pudicast ekstraheeritud looduslik molekul, mis soodustab lihaspingeid l\u00fchikeses ja pikas perspektiivis.<\/span><\/div>\n<\/div>\n<\/div>\n<\/div>\n<\/div>\n<p>\u2013 Lift Oleactif: \u00f5liga ekstraheeritud bioaktiivsete komplekside kompleks, millel on multi-lifting efekt, mis saadakse 100% j\u00e4tkusuutliku ekstraheerimise meetodil. See v\u00f5tab bio-tensori, antioks\u00fcdantide kaitsva toime ja stimuleerib kollageeni s\u00fcnteesi.<br \/>\n\u2013 Kreatiin: saadud looduslikust aminohappest, mis taaselustab rakke.<br \/>\n\u2013 Zirhafirm: aktiivne, koosneb taimeekstraktidest, mis parandavad nahakihtide struktuuri ja sidusust, andes nahale tugevuse.<\/p>","protected":false},"excerpt":{"rendered":"<p>Intensiivinen kasvojen kiinteytys- ja antioksidanttinen hoito. Se koostuu luonnollista alkuper\u00e4\u00e4 olevista aktiivisista ainesosista, joissa kiinteytt\u00e4v\u00e4 voima yhdistyy DMAE\nja kasvipohjaisten aktiivisten aineiden kiinteytt\u00e4v\u00e4\u00e4n vaikutukseen, feruliinihapon ja C-vitamiinin antioksidanttisiin ja ik\u00e4\u00e4ntymist\u00e4 est\u00e4viin ominaisuuksiin. Parantaa ihon yleist\u00e4 ulkon\u00e4k\u00f6\u00e4, auttaa taistelemaan kiinteyden menetykseen ja v\u00e4hent\u00e4\u00e4 ilmejuonteiden n\u00e4kyvyytt\u00e4 samalla kun se palauttaa tasaisen ihon s\u00e4vyn ja taistelee n\u00e4kyvi\u00e4 ik\u00e4\u00e4ntymisen merkkej\u00e4 vastaan.<\/p>\n<p>Hoito koostuu useista vaiheista ja <span style=\"font-size: 14px;\">se on tarkoitettu ammattilaisk\u00e4ytt\u00f6\u00f6n 6 hoitokerrassa.<\/span><\/p>\n<div id=\"footerwrap\">\n<div class=\"themify_builder_content themify_builder_content-687 themify_builder not_editable_builder\">\n<div class=\"themify_builder_row module_row clearfix module_row_0 themify_builder_687_row module_row_687-0\">\n<div class=\"row_inner col_align_bottom\">\n<div class=\"tb-column col3-1 first module_column tb_687_column module_column_0 module_column_687-0-0\"><\/div>\n<\/div>\n<\/div>\n<\/div>\n<\/div>","protected":false},"featured_media":6357,"comment_status":"open","ping_status":"closed","template":"","meta":{"_uag_custom_page_level_css":"","site-sidebar-layout":"default","site-content-layout":"","ast-site-content-layout":"default","site-content-style":"default","site-sidebar-style":"default","ast-global-header-display":"","ast-banner-title-visibility":"","ast-main-header-display":"","ast-hfb-above-header-display":"","ast-hfb-below-header-display":"","ast-hfb-mobile-header-display":"","site-post-title":"","ast-breadcrumbs-content":"","ast-featured-img":"","footer-sml-layout":"","ast-disable-related-posts":"","theme-transparent-header-meta":"default","adv-header-id-meta":"","stick-header-meta":"","header-above-stick-meta":"","header-main-stick-meta":"","header-below-stick-meta":"","astra-migrate-meta-layouts":"set","ast-page-background-enabled":"default","ast-page-background-meta":{"desktop":{"background-color":"var(--ast-global-color-4)","background-image":"","background-repeat":"repeat","background-position":"center center","background-size":"auto","background-attachment":"scroll","background-type":"","background-media":"","overlay-type":"","overlay-color":"","overlay-opacity":"","overlay-gradient":""},"tablet":{"background-color":"","background-image":"","background-repeat":"repeat","background-position":"center center","background-size":"auto","background-attachment":"scroll","background-type":"","background-media":"","overlay-type":"","overlay-color":"","overlay-opacity":"","overlay-gradient":""},"mobile":{"background-color":"","background-image":"","background-repeat":"repeat","background-position":"center center","background-size":"auto","background-attachment":"scroll","background-type":"","background-media":"","overlay-type":"","overlay-color":"","overlay-opacity":"","overlay-gradient":""}},"ast-content-background-meta":{"desktop":{"background-color":"var(--ast-global-color-5)","background-image":"","background-repeat":"repeat","background-position":"center center","background-size":"auto","background-attachment":"scroll","background-type":"","background-media":"","overlay-type":"","overlay-color":"","overlay-opacity":"","overlay-gradient":""},"tablet":{"background-color":"var(--ast-global-color-5)","background-image":"","background-repeat":"repeat","background-position":"center center","background-size":"auto","background-attachment":"scroll","background-type":"","background-media":"","overlay-type":"","overlay-color":"","overlay-opacity":"","overlay-gradient":""},"mobile":{"background-color":"var(--ast-global-color-5)","background-image":"","background-repeat":"repeat","background-position":"center center","background-size":"auto","background-attachment":"scroll","background-type":"","background-media":"","overlay-type":"","overlay-color":"","overlay-opacity":"","overlay-gradient":""}}},"product_brand":[],"product_cat":[79,96,97],"product_tag":[],"class_list":{"0":"post-6074","1":"product","2":"type-product","3":"status-publish","4":"has-post-thumbnail","6":"product_cat-bioceuticals","7":"product_cat-brands","8":"product_cat-naole","9":"desktop-align-left","10":"tablet-align-left","11":"mobile-align-left","13":"first","14":"instock","15":"taxable","16":"shipping-taxable","17":"product-type-simple","18":"add-to-wishlist-before_image"},"uagb_featured_image_src":{"full":["https:\/\/kosmeetika24.com\/wp-content\/uploads\/2024\/10\/Treatment_Bioceuticals-1.jpg",400,601,false],"thumbnail":["https:\/\/kosmeetika24.com\/wp-content\/uploads\/2024\/10\/Treatment_Bioceuticals-1-150x150.jpg",150,150,true],"medium":["https:\/\/kosmeetika24.com\/wp-content\/uploads\/2024\/10\/Treatment_Bioceuticals-1-200x300.jpg",200,300,true],"medium_large":["https:\/\/kosmeetika24.com\/wp-content\/uploads\/2024\/10\/Treatment_Bioceuticals-1.jpg",400,601,false],"large":["https:\/\/kosmeetika24.com\/wp-content\/uploads\/2024\/10\/Treatment_Bioceuticals-1.jpg",400,601,false],"1536x1536":["https:\/\/kosmeetika24.com\/wp-content\/uploads\/2024\/10\/Treatment_Bioceuticals-1.jpg",400,601,false],"2048x2048":["https:\/\/kosmeetika24.com\/wp-content\/uploads\/2024\/10\/Treatment_Bioceuticals-1.jpg",400,601,false],"trp-custom-language-flag":["https:\/\/kosmeetika24.com\/wp-content\/uploads\/2024\/10\/Treatment_Bioceuticals-1-8x12.jpg",8,12,true],"woocommerce_thumbnail":["https:\/\/kosmeetika24.com\/wp-content\/uploads\/2024\/10\/Treatment_Bioceuticals-1-300x300.jpg",300,300,true],"woocommerce_single":["https:\/\/kosmeetika24.com\/wp-content\/uploads\/2024\/10\/Treatment_Bioceuticals-1.jpg",400,601,false],"woocommerce_gallery_thumbnail":["https:\/\/kosmeetika24.com\/wp-content\/uploads\/2024\/10\/Treatment_Bioceuticals-1-100x100.jpg",100,100,true]},"uagb_author_info":{"display_name":"admin","author_link":"https:\/\/kosmeetika24.com\/fi\/author\/"},"uagb_comment_info":0,"uagb_excerpt":"Intensiivne n\u00e4o pinguldamine ja antioks\u00fcdantne hooldus. Koosneb loodusliku p\u00e4ritoluga aktiivainetest, milles pinguldav j\u00f5ud kombineerub DMAE ja taimsete aktiivainete pinguldava toimega, feruulhappe ja C-vitamiini antioks\u00fcdantsete ja vananemisvastaste omadustega. Parandab naha \u00fcldist v\u00e4limust, aitab v\u00f5idelda tugevuse kadumisega ja v\u00e4hendab miimikajoonte\u00a0 silmatorkavust, taastades samal ajal \u00fchtlase jume ja v\u00f5ideldes n\u00e4htavate vananemism\u00e4rkidega. Hooldus koosneb mitmest etapist ja on m\u00f5eldud&hellip;","_links":{"self":[{"href":"https:\/\/kosmeetika24.com\/fi\/wp-json\/wp\/v2\/product\/6074","targetHints":{"allow":["GET"]}}],"collection":[{"href":"https:\/\/kosmeetika24.com\/fi\/wp-json\/wp\/v2\/product"}],"about":[{"href":"https:\/\/kosmeetika24.com\/fi\/wp-json\/wp\/v2\/types\/product"}],"replies":[{"embeddable":true,"href":"https:\/\/kosmeetika24.com\/fi\/wp-json\/wp\/v2\/comments?post=6074"}],"version-history":[{"count":9,"href":"https:\/\/kosmeetika24.com\/fi\/wp-json\/wp\/v2\/product\/6074\/revisions"}],"predecessor-version":[{"id":6433,"href":"https:\/\/kosmeetika24.com\/fi\/wp-json\/wp\/v2\/product\/6074\/revisions\/6433"}],"wp:featuredmedia":[{"embeddable":true,"href":"https:\/\/kosmeetika24.com\/fi\/wp-json\/wp\/v2\/media\/6357"}],"wp:attachment":[{"href":"https:\/\/kosmeetika24.com\/fi\/wp-json\/wp\/v2\/media?parent=6074"}],"wp:term":[{"taxonomy":"product_brand","embeddable":true,"href":"https:\/\/kosmeetika24.com\/fi\/wp-json\/wp\/v2\/product_brand?post=6074"},{"taxonomy":"product_cat","embeddable":true,"href":"https:\/\/kosmeetika24.com\/fi\/wp-json\/wp\/v2\/product_cat?post=6074"},{"taxonomy":"product_tag","embeddable":true,"href":"https:\/\/kosmeetika24.com\/fi\/wp-json\/wp\/v2\/product_tag?post=6074"}],"curies":[{"name":"wp","href":"https:\/\/api.w.org\/{rel}","templated":true}]}}