{"id":5466,"date":"2024-07-12T07:31:52","date_gmt":"2024-07-12T07:31:52","guid":{"rendered":"https:\/\/kosmeetika24.com\/?post_type=product&#038;p=5466"},"modified":"2025-07-03T12:16:38","modified_gmt":"2025-07-03T09:16:38","slug":"koru-pharma-mesoheal-mesoteraapia-ravijargne-mask","status":"publish","type":"product","link":"https:\/\/kosmeetika24.com\/fi\/tuote\/koru-pharma-mesoheal-mesoteraapia-ravijargne-mask\/","title":{"rendered":"KORU PHARMA \u2013 Mesoheal -mesoterapian j\u00e4lkeinen naamio"},"content":{"rendered":"<div class=\"wpb_raw_code wpb_content_element wpb_raw_html\">\n<div class=\"wpb_wrapper\">Nyky\u00e4\u00e4n mesoterapia on eritt\u00e4in suosittua. Se on yksi tehokkaimmista menetelmist\u00e4 ihon nuorentamiseen ja ik\u00e4\u00e4ntymisen ehk\u00e4isyyn. Kuitenkin t\u00e4m\u00e4n toimenpiteen teho riippuu eniten ihonhoidon laadusta ja tarkkuudesta seuraavissa vaiheissa. Hoidolla toipumisaikana on keskeinen rooli.<\/div>\n<\/div>\n<div class=\"wpb_raw_code wpb_content_element wpb_raw_html\">\n<div class=\"wpb_wrapper\">\n<div><\/div>\n<div class=\"benefits\"><strong style=\"font-size: 16px;\">Mesoheal Mesotherapy Post-Treatment Care Mask<\/strong><span style=\"font-size: 16px;\">\u00a0- se on erityisesti suunniteltu nopeuttamaan ihon palautumista mesoterapian j\u00e4lkeen sek\u00e4 suojaamaan mahdollisilta tulehduksilta. Naamio perustuu ultrakevyeen bambukuituisesta kankaasta valmistettuun liinaan. T\u00e4ll\u00e4 materiaalilla on kansainv\u00e4linen turvallisuussertifikaatti Oeko-Tex Standard 100, eik\u00e4 se aiheuta allergioita. Kangas on niin hell\u00e4, ett\u00e4 sit\u00e4 voi k\u00e4ytt\u00e4\u00e4 jopa \u00e4rtyneelle iholle. Kangas auttaa vaikuttavia aineita imeytym\u00e4\u00e4n t\u00e4ysin ihoon est\u00e4en samalla geeli\u00e4 levi\u00e4m\u00e4st\u00e4 tai p\u00e4\u00e4sem\u00e4st\u00e4 silmiin, nen\u00e4\u00e4n tai suuhun.<\/span><\/div>\n<\/div>\n<\/div>\n<div class=\"wpb_raw_code wpb_content_element wpb_raw_html\">\n<div class=\"wpb_wrapper\">\n<div class=\"nectar_image_with_hotspots hidden-mobile\" data-stlye=\"color_pulse\" data-hotspot-icon=\"plus_sign\" data-size=\"medium\" data-color=\"accent-color\" data-tooltip-func=\"hover\" data-tooltip_shadow=\"none\" data-animation=\"\">\n<div id=\"nectar1\" class=\"nectar_hotspot_wrap\">\n<div class=\"nectar_hotspot\">\n<p>Naamion pohja on kyll\u00e4stetty ainutlaatuisella aineiden koostumuksella, mukaan lukien hyaluronihappo ja \u03b2-GLUKAANI. Ainesosien pitoisuudet ja suhteet on j\u00e4rjestetty siten, ett\u00e4 ne takaavat ihonhoidon maksimaalisen tehokkuuden ensimm\u00e4isin\u00e4 p\u00e4ivin\u00e4 mesoterapian j\u00e4lkeen.<\/p>\n<p>Mesoterapia on tarkoitettu naisille, joilla on jo ihon ongelmia, joten toimenpiteen j\u00e4lkeen kasvot ovat eritt\u00e4in herk\u00e4t. Naamion s\u00e4\u00e4nn\u00f6llinen k\u00e4ytt\u00f6 auttaa est\u00e4m\u00e4\u00e4n monia ongelmia.<\/p>\n<p><strong>Avainedut ovat:<\/strong><\/p>\n<ul>\n<li>Iho on suojattu kuivumiselta ja saa optimaalista kosteutusta.<\/li>\n<li>\u00c4rsytyksen poistaminen.<\/li>\n<li>Suojelu hilseilylt\u00e4.<\/li>\n<li>Turvotuksen ja mustelmien ehk\u00e4isy.<\/li>\n<li>Parantaa ihon rakennetta, antaen sille sileytt\u00e4.<\/li>\n<li>Suoja infektioilta.<\/li>\n<li>Ihon rasvapitoisuuden s\u00e4ilytt\u00e4minen normaalilla tasolla.<\/li>\n<li>Suoja hyperpigmentoitujen kohtien muodostumiselta.<\/li>\n<\/ul>\n<p>Polysakkaridi \u03b2-GLUKAANI lis\u00e4\u00e4 immuniteettia ja parantaa merkitt\u00e4v\u00e4sti ihon vastustuskyky\u00e4 sek\u00e4 infektioita ett\u00e4 stressi\u00e4 vastaan. Lis\u00e4ksi t\u00e4m\u00e4 aine on t\u00e4ysin turvallinen eik\u00e4 aiheuta allergioita.<\/p>\n<p>Naamio helpottaa merkitt\u00e4v\u00e4sti toipumisaikaa ja lyhent\u00e4\u00e4 sen kestoa. Sit\u00e4 voidaan my\u00f6s k\u00e4ytt\u00e4\u00e4 tapauksissa, joissa mesoterapia aiheutti voimakasta punoitusta, turvotusta tai mustelmia.<\/p>\n<p>Kuitenkin naamio ei vapauta potilasta oikean ravitsemuksen yll\u00e4pit\u00e4misest\u00e4, tupakoinnin, kofeiinin, alkoholin, energiajookkien ja suorasta auringonvalosta v\u00e4ltt\u00e4misest\u00e4, kunnes iho on t\u00e4ysin palautunut.<\/p>\n<p><img decoding=\"async\" class=\"alignnone size-medium wp-image-6194\" src=\"https:\/\/kosmeetika24.com\/wp-content\/uploads\/2024\/07\/content_kakaotalk_20180319_145517388-1-300x101.png\" alt=\"\" width=\"300\" height=\"101\" srcset=\"https:\/\/kosmeetika24.com\/wp-content\/uploads\/2024\/07\/content_kakaotalk_20180319_145517388-1-300x101.png 300w, https:\/\/kosmeetika24.com\/wp-content\/uploads\/2024\/07\/content_kakaotalk_20180319_145517388-1-500x169.png 500w, https:\/\/kosmeetika24.com\/wp-content\/uploads\/2024\/07\/content_kakaotalk_20180319_145517388-1-18x6.png 18w, https:\/\/kosmeetika24.com\/wp-content\/uploads\/2024\/07\/content_kakaotalk_20180319_145517388-1.png 536w\" sizes=\"(max-width: 300px) 100vw, 300px\" \/><\/p>\n<\/div>\n<\/div>\n<\/div>\n<\/div>\n<\/div>","protected":false},"excerpt":{"rendered":"<p><strong>Innovatiivinen ultrakevyt palauttava naamio<\/strong><\/p>\n<p>Tarjoaa ultrakevyen biogeelinaamion, joka perustuu \u03b2-GLUKAANIIN ja hyaluronihappoon. Naamio on erityisesti suunniteltu parantamaan ja lyhent\u00e4m\u00e4\u00e4n toipumisaikaa erilaisista mesoterapiahoidoista, erityisesti Dermaroller- ja mikroneulapensseli Dermapen k\u00e4yt\u00f6n j\u00e4lkeen. T\u00e4m\u00e4 hypoallergeeninen innovatiivinen tuote ei sis\u00e4ll\u00e4 parabeeneja, ftalaatteja eik\u00e4 sulfaatteja.<\/p>\n<p>1 pk 23g<\/p>","protected":false},"featured_media":5532,"comment_status":"closed","ping_status":"closed","template":"","meta":{"_uag_custom_page_level_css":"","site-sidebar-layout":"default","site-content-layout":"","ast-site-content-layout":"default","site-content-style":"default","site-sidebar-style":"default","ast-global-header-display":"","ast-banner-title-visibility":"","ast-main-header-display":"","ast-hfb-above-header-display":"","ast-hfb-below-header-display":"","ast-hfb-mobile-header-display":"","site-post-title":"","ast-breadcrumbs-content":"","ast-featured-img":"","footer-sml-layout":"","ast-disable-related-posts":"","theme-transparent-header-meta":"default","adv-header-id-meta":"","stick-header-meta":"","header-above-stick-meta":"","header-main-stick-meta":"","header-below-stick-meta":"","astra-migrate-meta-layouts":"set","ast-page-background-enabled":"default","ast-page-background-meta":{"desktop":{"background-color":"var(--ast-global-color-4)","background-image":"","background-repeat":"repeat","background-position":"center center","background-size":"auto","background-attachment":"scroll","background-type":"","background-media":"","overlay-type":"","overlay-color":"","overlay-opacity":"","overlay-gradient":""},"tablet":{"background-color":"","background-image":"","background-repeat":"repeat","background-position":"center center","background-size":"auto","background-attachment":"scroll","background-type":"","background-media":"","overlay-type":"","overlay-color":"","overlay-opacity":"","overlay-gradient":""},"mobile":{"background-color":"","background-image":"","background-repeat":"repeat","background-position":"center center","background-size":"auto","background-attachment":"scroll","background-type":"","background-media":"","overlay-type":"","overlay-color":"","overlay-opacity":"","overlay-gradient":""}},"ast-content-background-meta":{"desktop":{"background-color":"var(--ast-global-color-5)","background-image":"","background-repeat":"repeat","background-position":"center center","background-size":"auto","background-attachment":"scroll","background-type":"","background-media":"","overlay-type":"","overlay-color":"","overlay-opacity":"","overlay-gradient":""},"tablet":{"background-color":"var(--ast-global-color-5)","background-image":"","background-repeat":"repeat","background-position":"center center","background-size":"auto","background-attachment":"scroll","background-type":"","background-media":"","overlay-type":"","overlay-color":"","overlay-opacity":"","overlay-gradient":""},"mobile":{"background-color":"var(--ast-global-color-5)","background-image":"","background-repeat":"repeat","background-position":"center center","background-size":"auto","background-attachment":"scroll","background-type":"","background-media":"","overlay-type":"","overlay-color":"","overlay-opacity":"","overlay-gradient":""}}},"product_brand":[],"product_cat":[96,123],"product_tag":[],"class_list":{"0":"post-5466","1":"product","2":"type-product","3":"status-publish","4":"has-post-thumbnail","6":"product_cat-brands","7":"product_cat-koru-pharma","8":"desktop-align-left","9":"tablet-align-left","10":"mobile-align-left","12":"first","13":"instock","14":"taxable","15":"shipping-taxable","16":"product-type-simple","17":"add-to-wishlist-before_image"},"uagb_featured_image_src":{"full":["https:\/\/kosmeetika24.com\/wp-content\/uploads\/2024\/07\/20230323_-Mesoheal-Mask_Website-Image-1.jpg",1800,1800,false],"thumbnail":["https:\/\/kosmeetika24.com\/wp-content\/uploads\/2024\/07\/20230323_-Mesoheal-Mask_Website-Image-1-150x150.jpg",150,150,true],"medium":["https:\/\/kosmeetika24.com\/wp-content\/uploads\/2024\/07\/20230323_-Mesoheal-Mask_Website-Image-1-300x300.jpg",300,300,true],"medium_large":["https:\/\/kosmeetika24.com\/wp-content\/uploads\/2024\/07\/20230323_-Mesoheal-Mask_Website-Image-1-768x768.jpg",768,768,true],"large":["https:\/\/kosmeetika24.com\/wp-content\/uploads\/2024\/07\/20230323_-Mesoheal-Mask_Website-Image-1-1024x1024.jpg",1024,1024,true],"1536x1536":["https:\/\/kosmeetika24.com\/wp-content\/uploads\/2024\/07\/20230323_-Mesoheal-Mask_Website-Image-1-1536x1536.jpg",1536,1536,true],"2048x2048":["https:\/\/kosmeetika24.com\/wp-content\/uploads\/2024\/07\/20230323_-Mesoheal-Mask_Website-Image-1.jpg",1800,1800,false],"trp-custom-language-flag":["https:\/\/kosmeetika24.com\/wp-content\/uploads\/2024\/07\/20230323_-Mesoheal-Mask_Website-Image-1-12x12.jpg",12,12,true],"woocommerce_thumbnail":["https:\/\/kosmeetika24.com\/wp-content\/uploads\/2024\/07\/20230323_-Mesoheal-Mask_Website-Image-1-300x300.jpg",300,300,true],"woocommerce_single":["https:\/\/kosmeetika24.com\/wp-content\/uploads\/2024\/07\/20230323_-Mesoheal-Mask_Website-Image-1-500x500.jpg",500,500,true],"woocommerce_gallery_thumbnail":["https:\/\/kosmeetika24.com\/wp-content\/uploads\/2024\/07\/20230323_-Mesoheal-Mask_Website-Image-1-100x100.jpg",100,100,true]},"uagb_author_info":{"display_name":"admin","author_link":"https:\/\/kosmeetika24.com\/fi\/author\/"},"uagb_comment_info":0,"uagb_excerpt":"Uuenduslik \u00fcli\u00f5huke taastav mask Pakub \u00fcli\u00f5hukest biogeelmaski \u03b2-GLUKAANI ja h\u00fcaluroonhappe baasil. Mask on spetsiaalselt loodud selleks, et parandada ja v\u00e4hendada taastumisperioodi p\u00e4rast erinevat t\u00fc\u00fcpi mesoteraapiat, eriti p\u00e4rast Dermarolleri ja mikron\u00f5ela pens\u00fcsteli Dermapen kasutamist. H\u00fcpoallergeenne uuenduslik toode, mask ei sisalda parabeene, ftalaate ega sulfaate. 1 pk 23g","_links":{"self":[{"href":"https:\/\/kosmeetika24.com\/fi\/wp-json\/wp\/v2\/product\/5466","targetHints":{"allow":["GET"]}}],"collection":[{"href":"https:\/\/kosmeetika24.com\/fi\/wp-json\/wp\/v2\/product"}],"about":[{"href":"https:\/\/kosmeetika24.com\/fi\/wp-json\/wp\/v2\/types\/product"}],"replies":[{"embeddable":true,"href":"https:\/\/kosmeetika24.com\/fi\/wp-json\/wp\/v2\/comments?post=5466"}],"version-history":[{"count":9,"href":"https:\/\/kosmeetika24.com\/fi\/wp-json\/wp\/v2\/product\/5466\/revisions"}],"predecessor-version":[{"id":6721,"href":"https:\/\/kosmeetika24.com\/fi\/wp-json\/wp\/v2\/product\/5466\/revisions\/6721"}],"wp:featuredmedia":[{"embeddable":true,"href":"https:\/\/kosmeetika24.com\/fi\/wp-json\/wp\/v2\/media\/5532"}],"wp:attachment":[{"href":"https:\/\/kosmeetika24.com\/fi\/wp-json\/wp\/v2\/media?parent=5466"}],"wp:term":[{"taxonomy":"product_brand","embeddable":true,"href":"https:\/\/kosmeetika24.com\/fi\/wp-json\/wp\/v2\/product_brand?post=5466"},{"taxonomy":"product_cat","embeddable":true,"href":"https:\/\/kosmeetika24.com\/fi\/wp-json\/wp\/v2\/product_cat?post=5466"},{"taxonomy":"product_tag","embeddable":true,"href":"https:\/\/kosmeetika24.com\/fi\/wp-json\/wp\/v2\/product_tag?post=5466"}],"curies":[{"name":"wp","href":"https:\/\/api.w.org\/{rel}","templated":true}]}}