{"id":5464,"date":"2024-07-12T07:30:02","date_gmt":"2024-07-12T07:30:02","guid":{"rendered":"https:\/\/kosmeetika24.com\/?post_type=product&#038;p=5464"},"modified":"2025-07-03T12:16:50","modified_gmt":"2025-07-03T09:16:50","slug":"koru-pharma-crystal-carboxy-co2-gel-mask-5-maski","status":"publish","type":"product","link":"https:\/\/kosmeetika24.com\/fi\/tuote\/koru-pharma-crystal-carboxy-co2-gel-mask-5-maski\/","title":{"rendered":"CRYSTAL CARBOXY CO2 GEELIMASKI, 5 maskia"},"content":{"rendered":"<ul>\n<li>Tarjoaa karboksiterapian edut ilman neuloja.<\/li>\n<li>Koostuu erityisesti muotoillusta GEELIST\u00c4 ja kuivasta puuvillalehdest\u00e4 NAAMIOSTA.<\/li>\n<li>Tuottaa CO2 ja kuljettaa sen ihosoluille geelikerroksen kautta.<\/li>\n<li>Varmistaa nopean ja tehokkaan imeytymisen 20 minuutissa.<\/li>\n<li>Mahdollistaa spa-salongin tekniikoista ja palveluista nauttimisen mukavasti omassa klinikassasi tai kauneussalongissasi.<\/li>\n<\/ul>\n<p>Mik\u00e4 on Carboxy CO2 -geelinaamiohoito?<\/p>\n<ul>\n<li>Innovatiivinen ihonhoitohoito, joka hy\u00f6dynt\u00e4\u00e4 BOHR-vaikutusta.<\/li>\n<li>GEELIN ja NAAMION yhdist\u00e4minen luo kuplivaa vaikutusta ja tuottaa CO2\n, joka toimitetaan iholle geelikerroksen kautta.<\/li>\n<li>CO2-molekyylien lis\u00e4\u00e4ntyminen stimuloi punasoluja parantamaan potilaan ihon hapenhuoltoa ja lis\u00e4\u00e4 solujen aineenvaihduntaa (kiertonopeutta).<\/li>\n<li>T\u00e4m\u00e4 edist\u00e4\u00e4 lian ja kuolleiden ihosolujen poistamista ja varmistaa iholle enemm\u00e4n ravintoaineita, paljastaen kirkkaamman ja tasaisemman ihons\u00e4vyn.<\/li>\n<\/ul>\n<p><strong>Vaikutus<\/strong><\/p>\n<p>Vasodilataation vaikutus: vasodilataatio edist\u00e4\u00e4 ihosolujen aineenvaihdunnan aktivoitumista ja ihon verisuonten parantumista, mik\u00e4 johtaa terveemp\u00e4\u00e4n ihoon.<\/p>\n<p>Tulehdusta ehk\u00e4isev\u00e4 vaikutus: hemoglobiinista vapautuva happi stimuloi tulehdusta ehk\u00e4isev\u00e4\u00e4 vasteita ja j\u00e4tteen poistamista, mik\u00e4 johtaa oireiden paranemiseen tulehduksen lievitt\u00e4misen vuoksi, mik\u00e4 aiheuttaa ihon karheutta ja muita ihoprobleemeja.<\/p>\n<p>Verenkiertoa parantava vaikutus: verenkierron tulisi olla hyv\u00e4, jotta solut saavat happea tasaisella veren (punasolujen) virtauksella ihon kapillaareissa. Iho imeytyv\u00e4 CO2 lis\u00e4\u00e4 verenkiertoa, mik\u00e4 helpottaa hapen kuljetusta.<\/p>\n<p><strong>K\u00e4ytt\u00f6<\/strong><\/p>\n<ol start=\"1\">\n<li>Puhdista kasvojen iho.<\/li>\n<li>Levit\u00e4 geeli ruiskusta tasaisesti kasvoille. V\u00e4lt\u00e4 silmien ymp\u00e4rist\u00f6\u00e4.<\/li>\n<li>Aseta naamiolehti geeli p\u00e4\u00e4lle asetetuille kasvoille ja paina kevyesti, jotta naamio kiinnittyy tasaisesti.<\/li>\n<li>Poista naamiolehti 20 minuutin j\u00e4lkeen. \u00c4l\u00e4 k\u00e4yt\u00e4 yli 30 minuuttia, koska se voi aiheuttaa \u00e4rsytyst\u00e4.<\/li>\n<li>Poista geelin j\u00e4\u00e4m\u00e4t pehme\u00e4ll\u00e4 paperilla ja pese kasvot useita kertoja haalealla vedell\u00e4.<\/li>\n<\/ol>\n<p><strong>Varotoimet<\/strong><\/p>\n<ol start=\"1\">\n<li>Lopeta k\u00e4ytt\u00f6 ja\/tai ota yhteys l\u00e4\u00e4k\u00e4riin ennen jatkamista, jos seuraavat oireet ilmenev\u00e4t:\n<ol type=\"a\">\n<li>\u00a0punaiset t\u00e4pl\u00e4t, turvotus, kutina, \u00e4rsytys jne. t\u00e4m\u00e4n tuotteen k\u00e4yt\u00f6n aikana.<\/li>\n<li>jos iholla on \u00e4rsytyst\u00e4 auringon altistumisen vuoksi tai jos on auringonpolttama.<\/li>\n<\/ol>\n<\/li>\n<li>\u00c4l\u00e4 k\u00e4yt\u00e4 alueilla, joita vaikuttavat haavat, ekseema tai dermatiitti.<\/li>\n<li>V\u00e4lt\u00e4 k\u00e4ytt\u00f6\u00e4 silm\u00e4nymp\u00e4rysalueella. Jos kosketusta tapahtuu, huuhtele heti.<\/li>\n<\/ol>","protected":false},"excerpt":{"rendered":"<p>Ammattimainen ei-invasiivinen karboksiterapia CRYSTAL CARBOXY CO\u2082 -geelinaamio on moderni, eritt\u00e4in tehokas ja turvallinen menetelm\u00e4 esteettisten virheiden korjaamiseen, joka perustuu kaasumaisen hiilidioksidin (CO\u2082) vuorovaikutukseen ihon kanssa. BOHR-vaikutus varmistaa CO\u2082\nja ravintoaineiden tunkeutumisen ihon syvempiin kerroksiin, ja uusin patentoitu DDS (Direct Delivery System) aktivoi prosessin ja tekee siit\u00e4 huomattavasti nopeamman verrattuna muihin kosmetiikkatuotteisiin.<\/p>\n<p>&nbsp;<\/p>\n<p>5*25 ml<\/p>","protected":false},"featured_media":5518,"comment_status":"closed","ping_status":"closed","template":"","meta":{"_uag_custom_page_level_css":"","site-sidebar-layout":"default","site-content-layout":"","ast-site-content-layout":"default","site-content-style":"default","site-sidebar-style":"default","ast-global-header-display":"","ast-banner-title-visibility":"","ast-main-header-display":"","ast-hfb-above-header-display":"","ast-hfb-below-header-display":"","ast-hfb-mobile-header-display":"","site-post-title":"","ast-breadcrumbs-content":"","ast-featured-img":"","footer-sml-layout":"","ast-disable-related-posts":"","theme-transparent-header-meta":"default","adv-header-id-meta":"","stick-header-meta":"","header-above-stick-meta":"","header-main-stick-meta":"","header-below-stick-meta":"","astra-migrate-meta-layouts":"set","ast-page-background-enabled":"default","ast-page-background-meta":{"desktop":{"background-color":"var(--ast-global-color-4)","background-image":"","background-repeat":"repeat","background-position":"center center","background-size":"auto","background-attachment":"scroll","background-type":"","background-media":"","overlay-type":"","overlay-color":"","overlay-opacity":"","overlay-gradient":""},"tablet":{"background-color":"","background-image":"","background-repeat":"repeat","background-position":"center center","background-size":"auto","background-attachment":"scroll","background-type":"","background-media":"","overlay-type":"","overlay-color":"","overlay-opacity":"","overlay-gradient":""},"mobile":{"background-color":"","background-image":"","background-repeat":"repeat","background-position":"center center","background-size":"auto","background-attachment":"scroll","background-type":"","background-media":"","overlay-type":"","overlay-color":"","overlay-opacity":"","overlay-gradient":""}},"ast-content-background-meta":{"desktop":{"background-color":"var(--ast-global-color-5)","background-image":"","background-repeat":"repeat","background-position":"center center","background-size":"auto","background-attachment":"scroll","background-type":"","background-media":"","overlay-type":"","overlay-color":"","overlay-opacity":"","overlay-gradient":""},"tablet":{"background-color":"var(--ast-global-color-5)","background-image":"","background-repeat":"repeat","background-position":"center center","background-size":"auto","background-attachment":"scroll","background-type":"","background-media":"","overlay-type":"","overlay-color":"","overlay-opacity":"","overlay-gradient":""},"mobile":{"background-color":"var(--ast-global-color-5)","background-image":"","background-repeat":"repeat","background-position":"center center","background-size":"auto","background-attachment":"scroll","background-type":"","background-media":"","overlay-type":"","overlay-color":"","overlay-opacity":"","overlay-gradient":""}}},"product_brand":[],"product_cat":[96,123,97],"product_tag":[],"class_list":{"0":"post-5464","1":"product","2":"type-product","3":"status-publish","4":"has-post-thumbnail","6":"product_cat-brands","7":"product_cat-koru-pharma","8":"product_cat-naole","9":"desktop-align-left","10":"tablet-align-left","11":"mobile-align-left","13":"first","14":"instock","15":"taxable","16":"shipping-taxable","17":"product-type-simple","18":"add-to-wishlist-before_image"},"uagb_featured_image_src":{"full":["https:\/\/kosmeetika24.com\/wp-content\/uploads\/2024\/07\/Crystal-Carboxy-box-angle-Koru-Pharma-e-1.jpg",1800,1800,false],"thumbnail":["https:\/\/kosmeetika24.com\/wp-content\/uploads\/2024\/07\/Crystal-Carboxy-box-angle-Koru-Pharma-e-1-150x150.jpg",150,150,true],"medium":["https:\/\/kosmeetika24.com\/wp-content\/uploads\/2024\/07\/Crystal-Carboxy-box-angle-Koru-Pharma-e-1-300x300.jpg",300,300,true],"medium_large":["https:\/\/kosmeetika24.com\/wp-content\/uploads\/2024\/07\/Crystal-Carboxy-box-angle-Koru-Pharma-e-1-768x768.jpg",768,768,true],"large":["https:\/\/kosmeetika24.com\/wp-content\/uploads\/2024\/07\/Crystal-Carboxy-box-angle-Koru-Pharma-e-1-1024x1024.jpg",1024,1024,true],"1536x1536":["https:\/\/kosmeetika24.com\/wp-content\/uploads\/2024\/07\/Crystal-Carboxy-box-angle-Koru-Pharma-e-1-1536x1536.jpg",1536,1536,true],"2048x2048":["https:\/\/kosmeetika24.com\/wp-content\/uploads\/2024\/07\/Crystal-Carboxy-box-angle-Koru-Pharma-e-1.jpg",1800,1800,false],"trp-custom-language-flag":["https:\/\/kosmeetika24.com\/wp-content\/uploads\/2024\/07\/Crystal-Carboxy-box-angle-Koru-Pharma-e-1-12x12.jpg",12,12,true],"woocommerce_thumbnail":["https:\/\/kosmeetika24.com\/wp-content\/uploads\/2024\/07\/Crystal-Carboxy-box-angle-Koru-Pharma-e-1-300x300.jpg",300,300,true],"woocommerce_single":["https:\/\/kosmeetika24.com\/wp-content\/uploads\/2024\/07\/Crystal-Carboxy-box-angle-Koru-Pharma-e-1-500x500.jpg",500,500,true],"woocommerce_gallery_thumbnail":["https:\/\/kosmeetika24.com\/wp-content\/uploads\/2024\/07\/Crystal-Carboxy-box-angle-Koru-Pharma-e-1-100x100.jpg",100,100,true]},"uagb_author_info":{"display_name":"admin","author_link":"https:\/\/kosmeetika24.com\/fi\/author\/"},"uagb_comment_info":0,"uagb_excerpt":"Professionaalne mitteinvasiivne karboks\u00fcteraapia CRYSTAL CARBOXY CO\u2082 geelmask on kaasaegne, \u00fclit\u00f5hus ja ohutu esteetiliste defektide korrigeerimise meetod, mis p\u00f5hineb gaasilise s\u00fcsinikdioksiidi (CO\u2082) kokkupuutel nahaga. BOHR efekt tagab CO\u2082 ja toitainete tungimise naha s\u00fcgavamatesse kihtidesse, uusim patenteeritud DDS (Direct Delivery system) aga aktiveerib protsessi ja muudab selle erinevalt teistest kosmeetikatoodetest kordades kiiremaks. &nbsp; 5*25 ml","_links":{"self":[{"href":"https:\/\/kosmeetika24.com\/fi\/wp-json\/wp\/v2\/product\/5464","targetHints":{"allow":["GET"]}}],"collection":[{"href":"https:\/\/kosmeetika24.com\/fi\/wp-json\/wp\/v2\/product"}],"about":[{"href":"https:\/\/kosmeetika24.com\/fi\/wp-json\/wp\/v2\/types\/product"}],"replies":[{"embeddable":true,"href":"https:\/\/kosmeetika24.com\/fi\/wp-json\/wp\/v2\/comments?post=5464"}],"version-history":[{"count":11,"href":"https:\/\/kosmeetika24.com\/fi\/wp-json\/wp\/v2\/product\/5464\/revisions"}],"predecessor-version":[{"id":6065,"href":"https:\/\/kosmeetika24.com\/fi\/wp-json\/wp\/v2\/product\/5464\/revisions\/6065"}],"wp:featuredmedia":[{"embeddable":true,"href":"https:\/\/kosmeetika24.com\/fi\/wp-json\/wp\/v2\/media\/5518"}],"wp:attachment":[{"href":"https:\/\/kosmeetika24.com\/fi\/wp-json\/wp\/v2\/media?parent=5464"}],"wp:term":[{"taxonomy":"product_brand","embeddable":true,"href":"https:\/\/kosmeetika24.com\/fi\/wp-json\/wp\/v2\/product_brand?post=5464"},{"taxonomy":"product_cat","embeddable":true,"href":"https:\/\/kosmeetika24.com\/fi\/wp-json\/wp\/v2\/product_cat?post=5464"},{"taxonomy":"product_tag","embeddable":true,"href":"https:\/\/kosmeetika24.com\/fi\/wp-json\/wp\/v2\/product_tag?post=5464"}],"curies":[{"name":"wp","href":"https:\/\/api.w.org\/{rel}","templated":true}]}}