{"id":5462,"date":"2024-07-12T07:29:16","date_gmt":"2024-07-12T07:29:16","guid":{"rendered":"https:\/\/kosmeetika24.com\/?post_type=product&#038;p=5462"},"modified":"2025-07-03T12:17:05","modified_gmt":"2025-07-03T09:17:05","slug":"koru-pharma-glomedic-aqua-peptide-mask-poorilisele-nahale-1kg","status":"publish","type":"product","link":"https:\/\/kosmeetika24.com\/fi\/tuote\/koru-pharma-glomedic-aqua-peptide-mask-poorilisele-nahale-1kg\/","title":{"rendered":"KORU PHARMA \u2013 GLOMEDIC Aqua Peptide -naamio ongelmalliselle iholle, 1 kg"},"content":{"rendered":"<p><strong>K\u00e4ytt\u00f6<\/strong><\/p>\n<ul>\n<li>Alginaattimaskeerauspulveri tulee laimentaa huoneenl\u00e4mp\u00f6iseen veteen.<\/li>\n<li>25 g pulbrit \u2013 25 ml vee kohta<\/li>\n<li>Halutessasi voit suurentaa jauheen ja veden m\u00e4\u00e4r\u00e4\u00e4.<\/li>\n<li>Levit\u00e4 maskia iholle (kerros 3-5 mm), mutta \u00e4l\u00e4 peit\u00e4 sieraimia.<\/li>\n<li>Poista mask 30 minuutin kuluttua, aloittaen leuasta otsaan.<\/li>\n<li>K\u00e4yt\u00e4 vain 2-3 kertaa viikossa.<\/li>\n<\/ul>\n<p><strong>Ainesosat<\/strong><\/p>\n<p>Maltodextrin, Diatomaceous Earth,Zea Mays (Corn) Starch, Glucose, Algin, Calcium Sulfate, Tetrasodium Pyrophosphate, Sodium Benzoate, Phenoxyethanol, Silk Amino Acids, Copper Tripeptide-1, Hydrolyzed Collagen,Glycyrrhiza Glabra (Licorice) Root Extract, Mentha Piperita (Peppermint) Leaf, Extract, Allantoin, Dipotassium Glycyrrhizate, CI 77007, Fragrance.<\/p>","protected":false},"excerpt":{"rendered":"<p>Monitoiminnallinen kryogeeninen naamio. Minttuekstraktin ansiosta se viilent\u00e4\u00e4, virkist\u00e4\u00e4 ja tonisoi ihoa hell\u00e4varaisesti, supistaen huokosia ja v\u00e4hent\u00e4en talin tuotantoa. Ihon turgorin palauttaminen poistaa nopeasti v\u00e4symyksen ja punoituksen merkit, korjaa kasvojen muotoa ja parantaa ihonv\u00e4ri\u00e4.<\/p>\n<p>Iho muuttuu sile\u00e4ksi, elastiseksi ja mattapintaiseksi. Yksi ainesosista on erityisten merielementtien tiiviste, jolla on imeytyv\u00e4, kosteuttava ja talinerityst\u00e4 s\u00e4\u00e4telev\u00e4 vaikutus.<\/p>\n<p><strong>Aqua Peptide maskide<\/strong>\u00a0poikkeuksellinen tehokkuus perustuu innovatiiviseen teknologiaan ja ainutlaatuisiin ainesosiin. Ainesosat jauhetaan pieniksi ultramikroskooppisiksi paloiksi, jolloin ne voivat tunkeutua ihoon, saavuttaen dermiksen v\u00e4litt\u00f6m\u00e4sti ja tarjoamalla voimakkaan kosmeettisen vaikutuksen, joka on 10 kertaa tehokkaampi kuin tavallisen naamion k\u00e4ytt\u00f6.<\/p>\n<p>Eksklusiiviset, t\u00e4ysin uudet patentoidut ainesosat, joita k\u00e4ytet\u00e4\u00e4n jokaisessa naamiossa, tarjoavat selektiivisen mutta samalla monimutkaisen stimuloivan, palauttavan ja nuorentavan vaikutuksen, varmistaen ennenn\u00e4kem\u00e4tt\u00f6m\u00e4t pitk\u00e4kestoiset ja n\u00e4kyv\u00e4t tulokset.<\/p>\n<p>Sopii sekaiholle ja rasvaiselle ihotyypille.<\/p>","protected":false},"featured_media":5503,"comment_status":"closed","ping_status":"closed","template":"","meta":{"_uag_custom_page_level_css":"","site-sidebar-layout":"default","site-content-layout":"","ast-site-content-layout":"default","site-content-style":"default","site-sidebar-style":"default","ast-global-header-display":"","ast-banner-title-visibility":"","ast-main-header-display":"","ast-hfb-above-header-display":"","ast-hfb-below-header-display":"","ast-hfb-mobile-header-display":"","site-post-title":"","ast-breadcrumbs-content":"","ast-featured-img":"","footer-sml-layout":"","ast-disable-related-posts":"","theme-transparent-header-meta":"default","adv-header-id-meta":"","stick-header-meta":"","header-above-stick-meta":"","header-main-stick-meta":"","header-below-stick-meta":"","astra-migrate-meta-layouts":"set","ast-page-background-enabled":"default","ast-page-background-meta":{"desktop":{"background-color":"var(--ast-global-color-4)","background-image":"","background-repeat":"repeat","background-position":"center center","background-size":"auto","background-attachment":"scroll","background-type":"","background-media":"","overlay-type":"","overlay-color":"","overlay-opacity":"","overlay-gradient":""},"tablet":{"background-color":"","background-image":"","background-repeat":"repeat","background-position":"center center","background-size":"auto","background-attachment":"scroll","background-type":"","background-media":"","overlay-type":"","overlay-color":"","overlay-opacity":"","overlay-gradient":""},"mobile":{"background-color":"","background-image":"","background-repeat":"repeat","background-position":"center center","background-size":"auto","background-attachment":"scroll","background-type":"","background-media":"","overlay-type":"","overlay-color":"","overlay-opacity":"","overlay-gradient":""}},"ast-content-background-meta":{"desktop":{"background-color":"var(--ast-global-color-5)","background-image":"","background-repeat":"repeat","background-position":"center center","background-size":"auto","background-attachment":"scroll","background-type":"","background-media":"","overlay-type":"","overlay-color":"","overlay-opacity":"","overlay-gradient":""},"tablet":{"background-color":"var(--ast-global-color-5)","background-image":"","background-repeat":"repeat","background-position":"center center","background-size":"auto","background-attachment":"scroll","background-type":"","background-media":"","overlay-type":"","overlay-color":"","overlay-opacity":"","overlay-gradient":""},"mobile":{"background-color":"var(--ast-global-color-5)","background-image":"","background-repeat":"repeat","background-position":"center center","background-size":"auto","background-attachment":"scroll","background-type":"","background-media":"","overlay-type":"","overlay-color":"","overlay-opacity":"","overlay-gradient":""}}},"product_brand":[],"product_cat":[96,123,97],"product_tag":[],"class_list":{"0":"post-5462","1":"product","2":"type-product","3":"status-publish","4":"has-post-thumbnail","6":"product_cat-brands","7":"product_cat-koru-pharma","8":"product_cat-naole","9":"desktop-align-left","10":"tablet-align-left","11":"mobile-align-left","13":"first","14":"instock","15":"taxable","16":"shipping-taxable","17":"product-type-simple","18":"add-to-wishlist-before_image"},"uagb_featured_image_src":{"full":["https:\/\/kosmeetika24.com\/wp-content\/uploads\/2024\/07\/GLOMEDIC-Cool-packet-Koru-Pharma-1.png",1800,1800,false],"thumbnail":["https:\/\/kosmeetika24.com\/wp-content\/uploads\/2024\/07\/GLOMEDIC-Cool-packet-Koru-Pharma-1-150x150.png",150,150,true],"medium":["https:\/\/kosmeetika24.com\/wp-content\/uploads\/2024\/07\/GLOMEDIC-Cool-packet-Koru-Pharma-1-300x300.png",300,300,true],"medium_large":["https:\/\/kosmeetika24.com\/wp-content\/uploads\/2024\/07\/GLOMEDIC-Cool-packet-Koru-Pharma-1-768x768.png",768,768,true],"large":["https:\/\/kosmeetika24.com\/wp-content\/uploads\/2024\/07\/GLOMEDIC-Cool-packet-Koru-Pharma-1-1024x1024.png",1024,1024,true],"1536x1536":["https:\/\/kosmeetika24.com\/wp-content\/uploads\/2024\/07\/GLOMEDIC-Cool-packet-Koru-Pharma-1-1536x1536.png",1536,1536,true],"2048x2048":["https:\/\/kosmeetika24.com\/wp-content\/uploads\/2024\/07\/GLOMEDIC-Cool-packet-Koru-Pharma-1.png",1800,1800,false],"trp-custom-language-flag":["https:\/\/kosmeetika24.com\/wp-content\/uploads\/2024\/07\/GLOMEDIC-Cool-packet-Koru-Pharma-1-12x12.png",12,12,true],"woocommerce_thumbnail":["https:\/\/kosmeetika24.com\/wp-content\/uploads\/2024\/07\/GLOMEDIC-Cool-packet-Koru-Pharma-1-300x300.png",300,300,true],"woocommerce_single":["https:\/\/kosmeetika24.com\/wp-content\/uploads\/2024\/07\/GLOMEDIC-Cool-packet-Koru-Pharma-1-500x500.png",500,500,true],"woocommerce_gallery_thumbnail":["https:\/\/kosmeetika24.com\/wp-content\/uploads\/2024\/07\/GLOMEDIC-Cool-packet-Koru-Pharma-1-100x100.png",100,100,true]},"uagb_author_info":{"display_name":"admin","author_link":"https:\/\/kosmeetika24.com\/fi\/author\/"},"uagb_comment_info":0,"uagb_excerpt":"Multiaktiivne kr\u00fcogeenne mask. T\u00e4nu piparm\u00fcndiekstraktile jahutab, v\u00e4rskendab ja toniseerib see nahka \u00f5rnalt, ahendades poore ja v\u00e4hendades rasu tootmist.Naha turgori taastamine k\u00f5rvaldab kiiresti v\u00e4simuse ja punetuse tunnused, korrigeerib n\u00e4o ovaali ja parandab jumet. Nahk muutub siledaks, elastseks ja mattiks. \u00dcks koostisosadest on spetsiifiliste mereelementide kontsentraat, millel on absorbeeriv, niisutav ja sebot reguleeriv toime. Aqua Peptide maskide\u00a0erakordne&hellip;","_links":{"self":[{"href":"https:\/\/kosmeetika24.com\/fi\/wp-json\/wp\/v2\/product\/5462","targetHints":{"allow":["GET"]}}],"collection":[{"href":"https:\/\/kosmeetika24.com\/fi\/wp-json\/wp\/v2\/product"}],"about":[{"href":"https:\/\/kosmeetika24.com\/fi\/wp-json\/wp\/v2\/types\/product"}],"replies":[{"embeddable":true,"href":"https:\/\/kosmeetika24.com\/fi\/wp-json\/wp\/v2\/comments?post=5462"}],"version-history":[{"count":12,"href":"https:\/\/kosmeetika24.com\/fi\/wp-json\/wp\/v2\/product\/5462\/revisions"}],"predecessor-version":[{"id":6045,"href":"https:\/\/kosmeetika24.com\/fi\/wp-json\/wp\/v2\/product\/5462\/revisions\/6045"}],"wp:featuredmedia":[{"embeddable":true,"href":"https:\/\/kosmeetika24.com\/fi\/wp-json\/wp\/v2\/media\/5503"}],"wp:attachment":[{"href":"https:\/\/kosmeetika24.com\/fi\/wp-json\/wp\/v2\/media?parent=5462"}],"wp:term":[{"taxonomy":"product_brand","embeddable":true,"href":"https:\/\/kosmeetika24.com\/fi\/wp-json\/wp\/v2\/product_brand?post=5462"},{"taxonomy":"product_cat","embeddable":true,"href":"https:\/\/kosmeetika24.com\/fi\/wp-json\/wp\/v2\/product_cat?post=5462"},{"taxonomy":"product_tag","embeddable":true,"href":"https:\/\/kosmeetika24.com\/fi\/wp-json\/wp\/v2\/product_tag?post=5462"}],"curies":[{"name":"wp","href":"https:\/\/api.w.org\/{rel}","templated":true}]}}