{"id":5460,"date":"2024-07-12T07:26:20","date_gmt":"2024-07-12T07:26:20","guid":{"rendered":"https:\/\/kosmeetika24.com\/?post_type=product&#038;p=5460"},"modified":"2025-07-03T12:17:15","modified_gmt":"2025-07-03T09:17:15","slug":"koru-pharma-glomedic-aqua-peptide-mask-kollageeniga-1-kg","status":"publish","type":"product","link":"https:\/\/kosmeetika24.com\/fi\/tuote\/koru-pharma-glomedic-aqua-peptide-mask-kollageeniga-1-kg\/","title":{"rendered":"KORU PHARMA \u2013 GLOMEDIC Aqua Peptide -naamio kollageenilla, 1 kg"},"content":{"rendered":"<p><strong>K\u00e4ytt\u00f6<\/strong><\/p>\n<ul>\n<li>Alginaattimaskeerauspulveri tulee laimentaa huoneenl\u00e4mp\u00f6iseen veteen.<\/li>\n<li>25 g pulbrit \u2013 25 ml vee kohta<\/li>\n<li>Halutessasi voit suurentaa jauheen ja veden m\u00e4\u00e4r\u00e4\u00e4.<\/li>\n<li>Mask kanda nahale (kiht 3-5 mm), kuid \u00e4rge katke ninas\u00f5\u00f5rmeid kinni.<\/li>\n<li>Eemaldage mask 30 minuti p\u00e4rast, liikudes suunaga l\u00f5ualt otsaesise poole.<\/li>\n<li>K\u00e4yt\u00e4 vain 2-3 kertaa viikossa.<\/li>\n<\/ul>\n<p><strong>Ainesosat<\/strong><\/p>\n<p>Maltodextrin, Diatomaceous Earth, Zea Mays (Corn) Starch, Glucose, Algin, Calcium Sulfate, Tetrasodium Pyrophosphate, Sodium Benzoate, Phenoxyethanol, Silk Amino Acids, Copper Tripeptide-1, Hydrolyzed Collagen, Glycyrrhiza Glabra (Licorice) Root Extract, Centella Asiatica Extract, Allantoin, Dipotassium Glycyrrhizate, CI 77742, Fragrance.<\/p>","protected":false},"excerpt":{"rendered":"<p>Eritt\u00e4in tiivistetty naamio, jolla on syv\u00e4 plastifioiva vaikutus. Luonnollisten polysakkaridien ja hivenaineiden runsauden vuoksi sill\u00e4 on vahva ihon kohottava, kosteuttava ja kiinteytt\u00e4v\u00e4 vaikutus.<\/p>\n<p>Hydrolysoidut kollageenimolekyylit tunkeutuvat dermiin, rakentaen sen kehyst\u00e4 ja vahvistaen soluv\u00e4list matriisia sek\u00e4 stimuloiden kollageenin synteesi\u00e4.<\/p>\n<p>Taimeekstraktide kompleks rahustab nahka kiiresti, k\u00f5rvaldades k\u00f5ik \u00e4rrituse ja punetuse tunnused. Taastab naha toonuse ja elastsuse, v\u00e4hendab s\u00fcgavaid kortse, omab pinguldavat toimet ja parandab n\u00e4okontuuri.<\/p>\n<p>Ideaalne kasutamiseks kosmeetiliste protseduuride l\u00f5ppfaasis.<\/p>\n<p><strong>Aqua Peptide maskide<\/strong>\u00a0poikkeuksellinen tehokkuus perustuu innovatiiviseen teknologiaan ja ainutlaatuisiin ainesosiin. Ainesosat jauhetaan pieniksi ultramikroskooppisiksi paloiksi, jolloin ne voivat tunkeutua ihoon, saavuttaen dermiksen v\u00e4litt\u00f6m\u00e4sti ja tarjoamalla voimakkaan kosmeettisen vaikutuksen, joka on 10 kertaa tehokkaampi kuin tavallisen naamion k\u00e4ytt\u00f6.<\/p>\n<p>Eksklusiiviset, t\u00e4ysin uudet patentoidut ainesosat, joita k\u00e4ytet\u00e4\u00e4n jokaisessa naamiossa, tarjoavat selektiivisen mutta samalla monimutkaisen stimuloivan, palauttavan ja nuorentavan vaikutuksen, varmistaen ennenn\u00e4kem\u00e4tt\u00f6m\u00e4t pitk\u00e4kestoiset ja n\u00e4kyv\u00e4t tulokset.<\/p>","protected":false},"featured_media":5523,"comment_status":"closed","ping_status":"closed","template":"","meta":{"_uag_custom_page_level_css":"","site-sidebar-layout":"default","site-content-layout":"","ast-site-content-layout":"default","site-content-style":"default","site-sidebar-style":"default","ast-global-header-display":"","ast-banner-title-visibility":"","ast-main-header-display":"","ast-hfb-above-header-display":"","ast-hfb-below-header-display":"","ast-hfb-mobile-header-display":"","site-post-title":"","ast-breadcrumbs-content":"","ast-featured-img":"","footer-sml-layout":"","ast-disable-related-posts":"","theme-transparent-header-meta":"default","adv-header-id-meta":"","stick-header-meta":"","header-above-stick-meta":"","header-main-stick-meta":"","header-below-stick-meta":"","astra-migrate-meta-layouts":"set","ast-page-background-enabled":"default","ast-page-background-meta":{"desktop":{"background-color":"var(--ast-global-color-4)","background-image":"","background-repeat":"repeat","background-position":"center center","background-size":"auto","background-attachment":"scroll","background-type":"","background-media":"","overlay-type":"","overlay-color":"","overlay-opacity":"","overlay-gradient":""},"tablet":{"background-color":"","background-image":"","background-repeat":"repeat","background-position":"center center","background-size":"auto","background-attachment":"scroll","background-type":"","background-media":"","overlay-type":"","overlay-color":"","overlay-opacity":"","overlay-gradient":""},"mobile":{"background-color":"","background-image":"","background-repeat":"repeat","background-position":"center center","background-size":"auto","background-attachment":"scroll","background-type":"","background-media":"","overlay-type":"","overlay-color":"","overlay-opacity":"","overlay-gradient":""}},"ast-content-background-meta":{"desktop":{"background-color":"var(--ast-global-color-5)","background-image":"","background-repeat":"repeat","background-position":"center center","background-size":"auto","background-attachment":"scroll","background-type":"","background-media":"","overlay-type":"","overlay-color":"","overlay-opacity":"","overlay-gradient":""},"tablet":{"background-color":"var(--ast-global-color-5)","background-image":"","background-repeat":"repeat","background-position":"center center","background-size":"auto","background-attachment":"scroll","background-type":"","background-media":"","overlay-type":"","overlay-color":"","overlay-opacity":"","overlay-gradient":""},"mobile":{"background-color":"var(--ast-global-color-5)","background-image":"","background-repeat":"repeat","background-position":"center center","background-size":"auto","background-attachment":"scroll","background-type":"","background-media":"","overlay-type":"","overlay-color":"","overlay-opacity":"","overlay-gradient":""}}},"product_brand":[],"product_cat":[96,123,97],"product_tag":[],"class_list":{"0":"post-5460","1":"product","2":"type-product","3":"status-publish","4":"has-post-thumbnail","6":"product_cat-brands","7":"product_cat-koru-pharma","8":"product_cat-naole","9":"desktop-align-left","10":"tablet-align-left","11":"mobile-align-left","13":"first","14":"instock","15":"taxable","16":"shipping-taxable","17":"product-type-simple","18":"add-to-wishlist-before_image"},"uagb_featured_image_src":{"full":["https:\/\/kosmeetika24.com\/wp-content\/uploads\/2024\/07\/GLOMEDIC-Collagen-packet-Koru-Pharma-1.png",1800,1800,false],"thumbnail":["https:\/\/kosmeetika24.com\/wp-content\/uploads\/2024\/07\/GLOMEDIC-Collagen-packet-Koru-Pharma-1-150x150.png",150,150,true],"medium":["https:\/\/kosmeetika24.com\/wp-content\/uploads\/2024\/07\/GLOMEDIC-Collagen-packet-Koru-Pharma-1-300x300.png",300,300,true],"medium_large":["https:\/\/kosmeetika24.com\/wp-content\/uploads\/2024\/07\/GLOMEDIC-Collagen-packet-Koru-Pharma-1-768x768.png",768,768,true],"large":["https:\/\/kosmeetika24.com\/wp-content\/uploads\/2024\/07\/GLOMEDIC-Collagen-packet-Koru-Pharma-1-1024x1024.png",1024,1024,true],"1536x1536":["https:\/\/kosmeetika24.com\/wp-content\/uploads\/2024\/07\/GLOMEDIC-Collagen-packet-Koru-Pharma-1-1536x1536.png",1536,1536,true],"2048x2048":["https:\/\/kosmeetika24.com\/wp-content\/uploads\/2024\/07\/GLOMEDIC-Collagen-packet-Koru-Pharma-1.png",1800,1800,false],"trp-custom-language-flag":["https:\/\/kosmeetika24.com\/wp-content\/uploads\/2024\/07\/GLOMEDIC-Collagen-packet-Koru-Pharma-1-12x12.png",12,12,true],"woocommerce_thumbnail":["https:\/\/kosmeetika24.com\/wp-content\/uploads\/2024\/07\/GLOMEDIC-Collagen-packet-Koru-Pharma-1-300x300.png",300,300,true],"woocommerce_single":["https:\/\/kosmeetika24.com\/wp-content\/uploads\/2024\/07\/GLOMEDIC-Collagen-packet-Koru-Pharma-1-500x500.png",500,500,true],"woocommerce_gallery_thumbnail":["https:\/\/kosmeetika24.com\/wp-content\/uploads\/2024\/07\/GLOMEDIC-Collagen-packet-Koru-Pharma-1-100x100.png",100,100,true]},"uagb_author_info":{"display_name":"admin","author_link":"https:\/\/kosmeetika24.com\/fi\/author\/"},"uagb_comment_info":0,"uagb_excerpt":"V\u00e4ga kontsentreeritud mask, millel on s\u00fcgav plastifitseeriv toime. Loodusliku p\u00e4ritoluga pol\u00fcsahhariidide ja oligoelementide rohkuse t\u00f5ttu on sellel tugev nahka t\u00f5stev, niisutav ja pinguldav toime. H\u00fcdrol\u00fc\u00fcsitud kollageenimolekulid tungivad dermisse, restruktureerides selle raamistikku ja tugevdades rakuv\u00e4list maatriksit ning stimuleerides kollageeni s\u00fcnteesi. Taimeekstraktide kompleks rahustab nahka kiiresti, k\u00f5rvaldades k\u00f5ik \u00e4rrituse ja punetuse tunnused. Taastab naha toonuse ja elastsuse,&hellip;","_links":{"self":[{"href":"https:\/\/kosmeetika24.com\/fi\/wp-json\/wp\/v2\/product\/5460","targetHints":{"allow":["GET"]}}],"collection":[{"href":"https:\/\/kosmeetika24.com\/fi\/wp-json\/wp\/v2\/product"}],"about":[{"href":"https:\/\/kosmeetika24.com\/fi\/wp-json\/wp\/v2\/types\/product"}],"replies":[{"embeddable":true,"href":"https:\/\/kosmeetika24.com\/fi\/wp-json\/wp\/v2\/comments?post=5460"}],"version-history":[{"count":14,"href":"https:\/\/kosmeetika24.com\/fi\/wp-json\/wp\/v2\/product\/5460\/revisions"}],"predecessor-version":[{"id":6039,"href":"https:\/\/kosmeetika24.com\/fi\/wp-json\/wp\/v2\/product\/5460\/revisions\/6039"}],"wp:featuredmedia":[{"embeddable":true,"href":"https:\/\/kosmeetika24.com\/fi\/wp-json\/wp\/v2\/media\/5523"}],"wp:attachment":[{"href":"https:\/\/kosmeetika24.com\/fi\/wp-json\/wp\/v2\/media?parent=5460"}],"wp:term":[{"taxonomy":"product_brand","embeddable":true,"href":"https:\/\/kosmeetika24.com\/fi\/wp-json\/wp\/v2\/product_brand?post=5460"},{"taxonomy":"product_cat","embeddable":true,"href":"https:\/\/kosmeetika24.com\/fi\/wp-json\/wp\/v2\/product_cat?post=5460"},{"taxonomy":"product_tag","embeddable":true,"href":"https:\/\/kosmeetika24.com\/fi\/wp-json\/wp\/v2\/product_tag?post=5460"}],"curies":[{"name":"wp","href":"https:\/\/api.w.org\/{rel}","templated":true}]}}