{"id":5421,"date":"2025-12-22T15:06:32","date_gmt":"2025-12-22T12:06:32","guid":{"rendered":"https:\/\/kosmeetika24.com\/?post_type=product&#038;p=5421"},"modified":"2025-12-23T12:17:44","modified_gmt":"2025-12-23T09:17:44","slug":"oxygen-ceuticals-loogastav-massaazi-oli","status":"publish","type":"product","link":"https:\/\/kosmeetika24.com\/fi\/tuote\/oxygen-ceuticals-loogastav-massaazi-oli\/","title":{"rendered":"OXYGEN CEUTICALS l\u00f5\u00f5gastav massaazi \u00f5li"},"content":{"rendered":"<p>Niisutab rikkalikult kuiva nahka, v\u00e4hendab lihaste pinget ja stressi.<\/p>\n<p><strong>P\u00c4\u00c4AINEOSA<\/strong><\/p>\n<p>Cananga Odorata\u00a0lille peen aroom aitab kehal vabaneda, parandab elastsust ja annab nahale tervisliku s\u00e4ra.<\/p>\n<p><strong>K\u00e4ytt\u00f6\u00a0<\/strong><\/p>\n<p>Kandke soovitud kehapiirkonnale piisav kogus, masseerige 10-15 minutit. P\u00fchkige sooja r\u00e4tikuga \u00e4ra.<\/p>\n<p><strong>Ainesosat<\/strong><\/p>\n<p>Olea Europaea (Olive) Fruit Oil, Hydrogenated Jojoba Oil, Mineral Oil, Prunus Amygdalus Dulcis (Sweet Almond) Oil, Macadamia Integrifolia Seed Oil, Tocopheryl Acetate, Citrus Aurantium Dulcis (Orange) Peel Oil, Lavandula Angustifolia (Lavender) Oil, Cananga Odorata Flower Oil, Fragrance, Rosa Damascena Flower Oil<\/p>","protected":false},"excerpt":{"rendered":"<p>Massaa\u017ei\u00f5li kehale, mis on rikastatud botaaniliste ekstraktidega, soodustades naha eluj\u00f5udu ja m\u00e4rgatavat tugevust.<\/p>","protected":false},"featured_media":5423,"comment_status":"closed","ping_status":"closed","template":"","meta":{"_uag_custom_page_level_css":"","site-sidebar-layout":"default","site-content-layout":"","ast-site-content-layout":"default","site-content-style":"default","site-sidebar-style":"default","ast-global-header-display":"","ast-banner-title-visibility":"","ast-main-header-display":"","ast-hfb-above-header-display":"","ast-hfb-below-header-display":"","ast-hfb-mobile-header-display":"","site-post-title":"","ast-breadcrumbs-content":"","ast-featured-img":"","footer-sml-layout":"","ast-disable-related-posts":"","theme-transparent-header-meta":"default","adv-header-id-meta":"","stick-header-meta":"","header-above-stick-meta":"","header-main-stick-meta":"","header-below-stick-meta":"","astra-migrate-meta-layouts":"set","ast-page-background-enabled":"default","ast-page-background-meta":{"desktop":{"background-color":"var(--ast-global-color-4)","background-image":"","background-repeat":"repeat","background-position":"center center","background-size":"auto","background-attachment":"scroll","background-type":"","background-media":"","overlay-type":"","overlay-color":"","overlay-opacity":"","overlay-gradient":""},"tablet":{"background-color":"","background-image":"","background-repeat":"repeat","background-position":"center center","background-size":"auto","background-attachment":"scroll","background-type":"","background-media":"","overlay-type":"","overlay-color":"","overlay-opacity":"","overlay-gradient":""},"mobile":{"background-color":"","background-image":"","background-repeat":"repeat","background-position":"center center","background-size":"auto","background-attachment":"scroll","background-type":"","background-media":"","overlay-type":"","overlay-color":"","overlay-opacity":"","overlay-gradient":""}},"ast-content-background-meta":{"desktop":{"background-color":"var(--ast-global-color-5)","background-image":"","background-repeat":"repeat","background-position":"center center","background-size":"auto","background-attachment":"scroll","background-type":"","background-media":"","overlay-type":"","overlay-color":"","overlay-opacity":"","overlay-gradient":""},"tablet":{"background-color":"var(--ast-global-color-5)","background-image":"","background-repeat":"repeat","background-position":"center center","background-size":"auto","background-attachment":"scroll","background-type":"","background-media":"","overlay-type":"","overlay-color":"","overlay-opacity":"","overlay-gradient":""},"mobile":{"background-color":"var(--ast-global-color-5)","background-image":"","background-repeat":"repeat","background-position":"center center","background-size":"auto","background-attachment":"scroll","background-type":"","background-media":"","overlay-type":"","overlay-color":"","overlay-opacity":"","overlay-gradient":""}}},"product_brand":[],"product_cat":[96,98,74],"product_tag":[],"class_list":{"0":"post-5421","1":"product","2":"type-product","3":"status-publish","4":"has-post-thumbnail","6":"product_cat-brands","7":"product_cat-kehale","8":"product_cat-oxygen-ceuticals","9":"desktop-align-left","10":"tablet-align-left","11":"mobile-align-left","13":"first","14":"instock","15":"taxable","16":"shipping-taxable","17":"product-type-simple","18":"add-to-wishlist-before_image"},"uagb_featured_image_src":{"full":["https:\/\/kosmeetika24.com\/wp-content\/uploads\/2024\/05\/Relaxing_Treatment_Oil_1000ml_Front_720x.webp",720,835,false],"thumbnail":["https:\/\/kosmeetika24.com\/wp-content\/uploads\/2024\/05\/Relaxing_Treatment_Oil_1000ml_Front_720x-150x150.webp",150,150,true],"medium":["https:\/\/kosmeetika24.com\/wp-content\/uploads\/2024\/05\/Relaxing_Treatment_Oil_1000ml_Front_720x-259x300.webp",259,300,true],"medium_large":["https:\/\/kosmeetika24.com\/wp-content\/uploads\/2024\/05\/Relaxing_Treatment_Oil_1000ml_Front_720x.webp",720,835,false],"large":["https:\/\/kosmeetika24.com\/wp-content\/uploads\/2024\/05\/Relaxing_Treatment_Oil_1000ml_Front_720x.webp",720,835,false],"1536x1536":["https:\/\/kosmeetika24.com\/wp-content\/uploads\/2024\/05\/Relaxing_Treatment_Oil_1000ml_Front_720x.webp",720,835,false],"2048x2048":["https:\/\/kosmeetika24.com\/wp-content\/uploads\/2024\/05\/Relaxing_Treatment_Oil_1000ml_Front_720x.webp",720,835,false],"trp-custom-language-flag":["https:\/\/kosmeetika24.com\/wp-content\/uploads\/2024\/05\/Relaxing_Treatment_Oil_1000ml_Front_720x-10x12.webp",10,12,true],"woocommerce_thumbnail":["https:\/\/kosmeetika24.com\/wp-content\/uploads\/2024\/05\/Relaxing_Treatment_Oil_1000ml_Front_720x-300x300.webp",300,300,true],"woocommerce_single":["https:\/\/kosmeetika24.com\/wp-content\/uploads\/2024\/05\/Relaxing_Treatment_Oil_1000ml_Front_720x-500x580.webp",500,580,true],"woocommerce_gallery_thumbnail":["https:\/\/kosmeetika24.com\/wp-content\/uploads\/2024\/05\/Relaxing_Treatment_Oil_1000ml_Front_720x-100x100.webp",100,100,true]},"uagb_author_info":{"display_name":"admin","author_link":"https:\/\/kosmeetika24.com\/fi\/author\/"},"uagb_comment_info":0,"uagb_excerpt":"Massaa\u017ei\u00f5li kehale, mis on rikastatud botaaniliste ekstraktidega, soodustades naha eluj\u00f5udu ja m\u00e4rgatavat tugevust.","_links":{"self":[{"href":"https:\/\/kosmeetika24.com\/fi\/wp-json\/wp\/v2\/product\/5421","targetHints":{"allow":["GET"]}}],"collection":[{"href":"https:\/\/kosmeetika24.com\/fi\/wp-json\/wp\/v2\/product"}],"about":[{"href":"https:\/\/kosmeetika24.com\/fi\/wp-json\/wp\/v2\/types\/product"}],"replies":[{"embeddable":true,"href":"https:\/\/kosmeetika24.com\/fi\/wp-json\/wp\/v2\/comments?post=5421"}],"version-history":[{"count":3,"href":"https:\/\/kosmeetika24.com\/fi\/wp-json\/wp\/v2\/product\/5421\/revisions"}],"predecessor-version":[{"id":5425,"href":"https:\/\/kosmeetika24.com\/fi\/wp-json\/wp\/v2\/product\/5421\/revisions\/5425"}],"wp:featuredmedia":[{"embeddable":true,"href":"https:\/\/kosmeetika24.com\/fi\/wp-json\/wp\/v2\/media\/5423"}],"wp:attachment":[{"href":"https:\/\/kosmeetika24.com\/fi\/wp-json\/wp\/v2\/media?parent=5421"}],"wp:term":[{"taxonomy":"product_brand","embeddable":true,"href":"https:\/\/kosmeetika24.com\/fi\/wp-json\/wp\/v2\/product_brand?post=5421"},{"taxonomy":"product_cat","embeddable":true,"href":"https:\/\/kosmeetika24.com\/fi\/wp-json\/wp\/v2\/product_cat?post=5421"},{"taxonomy":"product_tag","embeddable":true,"href":"https:\/\/kosmeetika24.com\/fi\/wp-json\/wp\/v2\/product_tag?post=5421"}],"curies":[{"name":"wp","href":"https:\/\/api.w.org\/{rel}","templated":true}]}}