{"id":5397,"date":"2024-05-29T08:40:50","date_gmt":"2024-05-29T08:40:50","guid":{"rendered":"https:\/\/kosmeetika24.com\/?post_type=product&#038;p=5397"},"modified":"2025-07-03T12:31:35","modified_gmt":"2025-07-03T09:31:35","slug":"charmyco-hudroluusitud-kollageen-naturaalsete-peptiididega","status":"publish","type":"product","link":"https:\/\/kosmeetika24.com\/fi\/tuote\/charmyco-hudroluusitud-kollageen-naturaalsete-peptiididega\/","title":{"rendered":"CHARMYCO Hydrolysoitu kollageeni luonnollisten peptideiden kanssa"},"content":{"rendered":"<p><strong>Charmyco-hydrolysoitu kollageenijauhe<\/strong> sis\u00e4lt\u00e4\u00e4 tyyppi\u00e4 1 ja tyyppi\u00e4 3 merellist\u00e4 kollageenia. Tyyppi 1 hydrolysoidut kollageenipeptidit ovat laadukkaimpia, ja kun niit\u00e4 nautitaan yhdess\u00e4 tyyppi 3 kollageenin kanssa, ne ovat keholle helpommin imeytyvi\u00e4.<\/p>\n<p>Kollageenijauheen valmistuksessa on k\u00e4ytetty luonnollisia v\u00e4ri- ja makuaineita, ja se on <strong>GMO-vapaa, gluteeniton, laktoositon, hiivaton.<\/strong> ja <strong>suhkruvaba<\/strong>.<\/p>\n<p><strong>Vaikutus<\/strong><\/p>\n<p>Voi auttaa est\u00e4m\u00e4\u00e4n luiden ohentumista \u2013 koska luut koostuvat p\u00e4\u00e4asiassa kollageenista, jonka m\u00e4\u00e4r\u00e4 kehossa v\u00e4henee vanhetessa, my\u00f6s luumassa v\u00e4henee. Scandinavia Healthin kollageenilis\u00e4n s\u00e4\u00e4nn\u00f6llinen k\u00e4ytt\u00f6 auttaa yll\u00e4pit\u00e4m\u00e4\u00e4n luiden vahvuutta my\u00f6s vanhemmalla i\u00e4ll\u00e4.<\/p>\n<p><strong>Ainesosat<\/strong><\/p>\n<p>PUHDAS HYDROLYSOITU KALAKOLLAGEENI (puhdas peptidi hydrolysoitu kalakollageeni sis\u00e4lt\u00e4\u00e4 aminohappoja: L-glysiini, L-proliini, L-alaniini, L-hydroksiproliini, L-glutamiinihappo, L-arginiini, L-asparagiinihappo, L-seriini, L-lysiini, L-leusiini, L-valiin, L-treoniini, L-fenyylialanaani, L-isoleusiini, L-hydroksylysiini, L-metioniini, L-histidiini, L-tyrosiini, L-kysteiini).<\/p>","protected":false},"excerpt":{"rendered":"<ul>\n<li>Hydrolysoitu kalakollageenijauhe.<\/li>\n<li>Sis\u00e4lt\u00e4\u00e4 tyyppi\u00e4 1 ja tyyppi\u00e4 3 kollageenia.<\/li>\n<\/ul>\n<p>300 g<\/p>","protected":false},"featured_media":5441,"comment_status":"closed","ping_status":"closed","template":"","meta":{"_uag_custom_page_level_css":"","site-sidebar-layout":"default","site-content-layout":"","ast-site-content-layout":"default","site-content-style":"default","site-sidebar-style":"default","ast-global-header-display":"","ast-banner-title-visibility":"","ast-main-header-display":"","ast-hfb-above-header-display":"","ast-hfb-below-header-display":"","ast-hfb-mobile-header-display":"","site-post-title":"","ast-breadcrumbs-content":"","ast-featured-img":"","footer-sml-layout":"","ast-disable-related-posts":"","theme-transparent-header-meta":"default","adv-header-id-meta":"","stick-header-meta":"","header-above-stick-meta":"","header-main-stick-meta":"","header-below-stick-meta":"","astra-migrate-meta-layouts":"set","ast-page-background-enabled":"default","ast-page-background-meta":{"desktop":{"background-color":"var(--ast-global-color-4)","background-image":"","background-repeat":"repeat","background-position":"center center","background-size":"auto","background-attachment":"scroll","background-type":"","background-media":"","overlay-type":"","overlay-color":"","overlay-opacity":"","overlay-gradient":""},"tablet":{"background-color":"","background-image":"","background-repeat":"repeat","background-position":"center center","background-size":"auto","background-attachment":"scroll","background-type":"","background-media":"","overlay-type":"","overlay-color":"","overlay-opacity":"","overlay-gradient":""},"mobile":{"background-color":"","background-image":"","background-repeat":"repeat","background-position":"center center","background-size":"auto","background-attachment":"scroll","background-type":"","background-media":"","overlay-type":"","overlay-color":"","overlay-opacity":"","overlay-gradient":""}},"ast-content-background-meta":{"desktop":{"background-color":"var(--ast-global-color-5)","background-image":"","background-repeat":"repeat","background-position":"center center","background-size":"auto","background-attachment":"scroll","background-type":"","background-media":"","overlay-type":"","overlay-color":"","overlay-opacity":"","overlay-gradient":""},"tablet":{"background-color":"var(--ast-global-color-5)","background-image":"","background-repeat":"repeat","background-position":"center center","background-size":"auto","background-attachment":"scroll","background-type":"","background-media":"","overlay-type":"","overlay-color":"","overlay-opacity":"","overlay-gradient":""},"mobile":{"background-color":"var(--ast-global-color-5)","background-image":"","background-repeat":"repeat","background-position":"center center","background-size":"auto","background-attachment":"scroll","background-type":"","background-media":"","overlay-type":"","overlay-color":"","overlay-opacity":"","overlay-gradient":""}}},"product_brand":[],"product_cat":[96,81],"product_tag":[],"class_list":{"0":"post-5397","1":"product","2":"type-product","3":"status-publish","4":"has-post-thumbnail","6":"product_cat-brands","7":"product_cat-charmyco","8":"desktop-align-left","9":"tablet-align-left","10":"mobile-align-left","12":"first","13":"instock","14":"taxable","15":"shipping-taxable","16":"product-type-simple","17":"add-to-wishlist-before_image"},"uagb_featured_image_src":{"full":["https:\/\/kosmeetika24.com\/wp-content\/uploads\/2024\/05\/TL0001.png",3000,3000,false],"thumbnail":["https:\/\/kosmeetika24.com\/wp-content\/uploads\/2024\/05\/TL0001-150x150.png",150,150,true],"medium":["https:\/\/kosmeetika24.com\/wp-content\/uploads\/2024\/05\/TL0001-300x300.png",300,300,true],"medium_large":["https:\/\/kosmeetika24.com\/wp-content\/uploads\/2024\/05\/TL0001-768x768.png",768,768,true],"large":["https:\/\/kosmeetika24.com\/wp-content\/uploads\/2024\/05\/TL0001-1024x1024.png",1024,1024,true],"1536x1536":["https:\/\/kosmeetika24.com\/wp-content\/uploads\/2024\/05\/TL0001-1536x1536.png",1536,1536,true],"2048x2048":["https:\/\/kosmeetika24.com\/wp-content\/uploads\/2024\/05\/TL0001-2048x2048.png",2048,2048,true],"trp-custom-language-flag":["https:\/\/kosmeetika24.com\/wp-content\/uploads\/2024\/05\/TL0001-12x12.png",12,12,true],"woocommerce_thumbnail":["https:\/\/kosmeetika24.com\/wp-content\/uploads\/2024\/05\/TL0001-300x300.png",300,300,true],"woocommerce_single":["https:\/\/kosmeetika24.com\/wp-content\/uploads\/2024\/05\/TL0001-500x500.png",500,500,true],"woocommerce_gallery_thumbnail":["https:\/\/kosmeetika24.com\/wp-content\/uploads\/2024\/05\/TL0001-100x100.png",100,100,true]},"uagb_author_info":{"display_name":"admin","author_link":"https:\/\/kosmeetika24.com\/fi\/author\/"},"uagb_comment_info":0,"uagb_excerpt":"H\u00fcdrol\u00fc\u00fcsitud KALAkollageeni pulber Sisaldab 1. ja 3. t\u00fc\u00fcpi kollageeni 300 g","_links":{"self":[{"href":"https:\/\/kosmeetika24.com\/fi\/wp-json\/wp\/v2\/product\/5397","targetHints":{"allow":["GET"]}}],"collection":[{"href":"https:\/\/kosmeetika24.com\/fi\/wp-json\/wp\/v2\/product"}],"about":[{"href":"https:\/\/kosmeetika24.com\/fi\/wp-json\/wp\/v2\/types\/product"}],"replies":[{"embeddable":true,"href":"https:\/\/kosmeetika24.com\/fi\/wp-json\/wp\/v2\/comments?post=5397"}],"version-history":[{"count":3,"href":"https:\/\/kosmeetika24.com\/fi\/wp-json\/wp\/v2\/product\/5397\/revisions"}],"predecessor-version":[{"id":6514,"href":"https:\/\/kosmeetika24.com\/fi\/wp-json\/wp\/v2\/product\/5397\/revisions\/6514"}],"wp:featuredmedia":[{"embeddable":true,"href":"https:\/\/kosmeetika24.com\/fi\/wp-json\/wp\/v2\/media\/5441"}],"wp:attachment":[{"href":"https:\/\/kosmeetika24.com\/fi\/wp-json\/wp\/v2\/media?parent=5397"}],"wp:term":[{"taxonomy":"product_brand","embeddable":true,"href":"https:\/\/kosmeetika24.com\/fi\/wp-json\/wp\/v2\/product_brand?post=5397"},{"taxonomy":"product_cat","embeddable":true,"href":"https:\/\/kosmeetika24.com\/fi\/wp-json\/wp\/v2\/product_cat?post=5397"},{"taxonomy":"product_tag","embeddable":true,"href":"https:\/\/kosmeetika24.com\/fi\/wp-json\/wp\/v2\/product_tag?post=5397"}],"curies":[{"name":"wp","href":"https:\/\/api.w.org\/{rel}","templated":true}]}}