{"id":5395,"date":"2024-05-29T08:37:16","date_gmt":"2024-05-29T08:37:16","guid":{"rendered":"https:\/\/kosmeetika24.com\/?post_type=product&#038;p=5395"},"modified":"2025-07-03T12:31:50","modified_gmt":"2025-07-03T09:31:50","slug":"charmyco-hualuroonhape-c-vitamiiniga","status":"publish","type":"product","link":"https:\/\/kosmeetika24.com\/fi\/tuote\/charmyco-hualuroonhape-c-vitamiiniga\/","title":{"rendered":"CHARMYCO Hyaluronihappo C-vitamiinilla"},"content":{"rendered":"<p dir=\"ltr\">Hyaluronihappoa l\u00f6ytyy kehostamme, ja sen p\u00e4\u00e4teht\u00e4v\u00e4 on s\u00e4ilytt\u00e4\u00e4 vett\u00e4, jotta kudokset pysyv\u00e4t hyvin kosteutettuina. Ik\u00e4\u00e4ntymisprosessin seurauksena hyaluronihapon m\u00e4\u00e4r\u00e4 kehossamme v\u00e4henee, mik\u00e4 johtaa kuiviin ihoon ja ik\u00e4\u00e4ntymisen merkkeihin.<\/p>\n<p dir=\"ltr\">Miellytt\u00e4v\u00e4n makuinen juoma, joka on helppo nauttia. Nesteen\u00e4 elimist\u00f6 imee hyaluronihappoa helpommin kuin tableteista tai jauheesta.<\/p>\n<ul>\n<li dir=\"ltr\">Sis\u00e4lt\u00e4\u00e4 100 mg hyaluronihappoa 15 ml kohti, mik\u00e4 auttaa yll\u00e4pit\u00e4m\u00e4\u00e4n normaalia kosteutta ihossa.<\/li>\n<li>Sis\u00e4lt\u00e4\u00e4 80 mg C-vitamiinia, joka edist\u00e4\u00e4 normaalia kollageenin muodostumista ihossa.<\/li>\n<li>Sis\u00e4lt\u00e4\u00e4 piit\u00e4, joka tukee hiusten, kynsien ja ihon normaalia kuntoa ja on t\u00e4rke\u00e4 kollageenin normaalille muodostumiselle.<\/li>\n<li>Tuote on <strong>GMO-vapaa<\/strong>, <strong>gluteeniton, laktoositon, hiivaton, sokeriton ja vegaaninen. <\/strong>On k\u00e4ytetty vain luonnollisia v\u00e4ri- ja makuaineita.<\/li>\n<\/ul>\n<p dir=\"ltr\"><strong>Vaikutus<\/strong><\/p>\n<ul>\n<li dir=\"ltr\">Hyaluronihappo (kasviper\u00e4inen): auttaa yll\u00e4pit\u00e4m\u00e4\u00e4n ihon kosteustasapainoa normaalina ja ehk\u00e4isee kuivan ihon syntymist\u00e4.<\/li>\n<li dir=\"ltr\">Askorbiinihappo (C-vitamiini): auttaa v\u00e4hent\u00e4m\u00e4\u00e4n ryppyj\u00e4, parantaa ihon yleist\u00e4 hyvinvointia ja ulkon\u00e4k\u00f6\u00e4, varmistaen sile\u00e4mm\u00e4n ihon.<\/li>\n<li dir=\"ltr\">Kaaliumpulber ja naatriumbensoaat (s\u00e4ilitusained): aitavad ennetada loomuliku vananemisega seotuid ilminguid \u2013 kortsukesed, \u00f5huke ja kuiv nahk, naha l\u00f5tvumine.<\/li>\n<li dir=\"ltr\">Piidioksidi: v\u00e4hent\u00e4\u00e4 ilmejuonteiden n\u00e4kyvyytt\u00e4.<\/li>\n<li dir=\"ltr\">Stevioliglykosidit (luonnollinen makeutusaine): ravitsevat kehon luonnollisesti tuottamaa kollageenia ja stimuloivat uusien ihosolujen muodostumista.<\/li>\n<li dir=\"ltr\">Luonnolliset aromit (sitruuna): antavat hehkuvan, terveen n\u00e4k\u00f6isen ihon.<\/li>\n<li dir=\"ltr\">Askorbiinihappo (C-vitamiini): stimuloi uusien ihosolujen muodostumista.<\/li>\n<\/ul>\n<p><strong>Ainesosat<\/strong><\/p>\n<p>Suodatettu vesi, vegaaninen hyaluronihappo, happamuudens\u00e4\u00e4t\u00f6aine (sitruunahappo, omenahappo), askorbiinihappo, elintarvikev\u00e4ri, s\u00e4il\u00f6nt\u00e4aine (kaliumsorbaatti, natriumbentsoaatti), piidioksidi, makeutusaine (stevioliglykosidi), luonnollinen aromi ja tuoksu (sitruuna).<\/p>","protected":false},"excerpt":{"rendered":"<p>Sitruunanmakuinen hyaluronihappo C-vitamiinilla nestem\u00e4isess\u00e4 muodossa<\/p>\n<p>&nbsp;<\/p>\n<p>500 ml<\/p>","protected":false},"featured_media":5442,"comment_status":"closed","ping_status":"closed","template":"","meta":{"_uag_custom_page_level_css":"","site-sidebar-layout":"default","site-content-layout":"","ast-site-content-layout":"default","site-content-style":"default","site-sidebar-style":"default","ast-global-header-display":"","ast-banner-title-visibility":"","ast-main-header-display":"","ast-hfb-above-header-display":"","ast-hfb-below-header-display":"","ast-hfb-mobile-header-display":"","site-post-title":"","ast-breadcrumbs-content":"","ast-featured-img":"","footer-sml-layout":"","ast-disable-related-posts":"","theme-transparent-header-meta":"default","adv-header-id-meta":"","stick-header-meta":"","header-above-stick-meta":"","header-main-stick-meta":"","header-below-stick-meta":"","astra-migrate-meta-layouts":"set","ast-page-background-enabled":"default","ast-page-background-meta":{"desktop":{"background-color":"var(--ast-global-color-4)","background-image":"","background-repeat":"repeat","background-position":"center center","background-size":"auto","background-attachment":"scroll","background-type":"","background-media":"","overlay-type":"","overlay-color":"","overlay-opacity":"","overlay-gradient":""},"tablet":{"background-color":"","background-image":"","background-repeat":"repeat","background-position":"center center","background-size":"auto","background-attachment":"scroll","background-type":"","background-media":"","overlay-type":"","overlay-color":"","overlay-opacity":"","overlay-gradient":""},"mobile":{"background-color":"","background-image":"","background-repeat":"repeat","background-position":"center center","background-size":"auto","background-attachment":"scroll","background-type":"","background-media":"","overlay-type":"","overlay-color":"","overlay-opacity":"","overlay-gradient":""}},"ast-content-background-meta":{"desktop":{"background-color":"var(--ast-global-color-5)","background-image":"","background-repeat":"repeat","background-position":"center center","background-size":"auto","background-attachment":"scroll","background-type":"","background-media":"","overlay-type":"","overlay-color":"","overlay-opacity":"","overlay-gradient":""},"tablet":{"background-color":"var(--ast-global-color-5)","background-image":"","background-repeat":"repeat","background-position":"center center","background-size":"auto","background-attachment":"scroll","background-type":"","background-media":"","overlay-type":"","overlay-color":"","overlay-opacity":"","overlay-gradient":""},"mobile":{"background-color":"var(--ast-global-color-5)","background-image":"","background-repeat":"repeat","background-position":"center center","background-size":"auto","background-attachment":"scroll","background-type":"","background-media":"","overlay-type":"","overlay-color":"","overlay-opacity":"","overlay-gradient":""}}},"product_brand":[],"product_cat":[96,81],"product_tag":[],"class_list":{"0":"post-5395","1":"product","2":"type-product","3":"status-publish","4":"has-post-thumbnail","6":"product_cat-brands","7":"product_cat-charmyco","8":"desktop-align-left","9":"tablet-align-left","10":"mobile-align-left","12":"first","13":"instock","14":"taxable","15":"shipping-taxable","16":"product-type-simple","17":"add-to-wishlist-before_image"},"uagb_featured_image_src":{"full":["https:\/\/kosmeetika24.com\/wp-content\/uploads\/2024\/05\/TL0002.png",3000,3000,false],"thumbnail":["https:\/\/kosmeetika24.com\/wp-content\/uploads\/2024\/05\/TL0002-150x150.png",150,150,true],"medium":["https:\/\/kosmeetika24.com\/wp-content\/uploads\/2024\/05\/TL0002-300x300.png",300,300,true],"medium_large":["https:\/\/kosmeetika24.com\/wp-content\/uploads\/2024\/05\/TL0002-768x768.png",768,768,true],"large":["https:\/\/kosmeetika24.com\/wp-content\/uploads\/2024\/05\/TL0002-1024x1024.png",1024,1024,true],"1536x1536":["https:\/\/kosmeetika24.com\/wp-content\/uploads\/2024\/05\/TL0002-1536x1536.png",1536,1536,true],"2048x2048":["https:\/\/kosmeetika24.com\/wp-content\/uploads\/2024\/05\/TL0002-2048x2048.png",2048,2048,true],"trp-custom-language-flag":["https:\/\/kosmeetika24.com\/wp-content\/uploads\/2024\/05\/TL0002-12x12.png",12,12,true],"woocommerce_thumbnail":["https:\/\/kosmeetika24.com\/wp-content\/uploads\/2024\/05\/TL0002-300x300.png",300,300,true],"woocommerce_single":["https:\/\/kosmeetika24.com\/wp-content\/uploads\/2024\/05\/TL0002-500x500.png",500,500,true],"woocommerce_gallery_thumbnail":["https:\/\/kosmeetika24.com\/wp-content\/uploads\/2024\/05\/TL0002-100x100.png",100,100,true]},"uagb_author_info":{"display_name":"admin","author_link":"https:\/\/kosmeetika24.com\/fi\/author\/"},"uagb_comment_info":0,"uagb_excerpt":"Sidrunimaitseline h\u00fcaluroonhape C-vitamiiniga vedelal kujul. &nbsp; 500 ml","_links":{"self":[{"href":"https:\/\/kosmeetika24.com\/fi\/wp-json\/wp\/v2\/product\/5395","targetHints":{"allow":["GET"]}}],"collection":[{"href":"https:\/\/kosmeetika24.com\/fi\/wp-json\/wp\/v2\/product"}],"about":[{"href":"https:\/\/kosmeetika24.com\/fi\/wp-json\/wp\/v2\/types\/product"}],"replies":[{"embeddable":true,"href":"https:\/\/kosmeetika24.com\/fi\/wp-json\/wp\/v2\/comments?post=5395"}],"version-history":[{"count":4,"href":"https:\/\/kosmeetika24.com\/fi\/wp-json\/wp\/v2\/product\/5395\/revisions"}],"predecessor-version":[{"id":6516,"href":"https:\/\/kosmeetika24.com\/fi\/wp-json\/wp\/v2\/product\/5395\/revisions\/6516"}],"wp:featuredmedia":[{"embeddable":true,"href":"https:\/\/kosmeetika24.com\/fi\/wp-json\/wp\/v2\/media\/5442"}],"wp:attachment":[{"href":"https:\/\/kosmeetika24.com\/fi\/wp-json\/wp\/v2\/media?parent=5395"}],"wp:term":[{"taxonomy":"product_brand","embeddable":true,"href":"https:\/\/kosmeetika24.com\/fi\/wp-json\/wp\/v2\/product_brand?post=5395"},{"taxonomy":"product_cat","embeddable":true,"href":"https:\/\/kosmeetika24.com\/fi\/wp-json\/wp\/v2\/product_cat?post=5395"},{"taxonomy":"product_tag","embeddable":true,"href":"https:\/\/kosmeetika24.com\/fi\/wp-json\/wp\/v2\/product_tag?post=5395"}],"curies":[{"name":"wp","href":"https:\/\/api.w.org\/{rel}","templated":true}]}}