{"id":5388,"date":"2024-05-29T08:23:37","date_gmt":"2024-05-29T08:23:37","guid":{"rendered":"https:\/\/kosmeetika24.com\/?post_type=product&#038;p=5388"},"modified":"2025-12-23T12:34:53","modified_gmt":"2025-12-23T09:34:53","slug":"oxygen-ceuticals-oxygen-formula","status":"publish","type":"product","link":"https:\/\/kosmeetika24.com\/fi\/tuote\/oxygen-ceuticals-oxygen-formula\/","title":{"rendered":"OXYGEN CEUTICALS Oxygen Formula"},"content":{"rendered":"<p><b>Ammattilaisk\u00e4ytt\u00f6<\/b>\u00a0: k\u00e4yt\u00e4 hapenkasvoterapian infuusiovaiheen aikana.<\/p>\n<p><strong>Vaikutus<\/strong><\/p>\n<ul>\n<li>Antioksidantti<\/li>\n<li>Kosteuttaa ja pehment\u00e4\u00e4 ihoa<\/li>\n<li>Rikastettu luonnollisilla aminohapoilla ihosolujen uudistumisen tukemiseksi<\/li>\n<\/ul>\n<p><strong>Ainesosat<\/strong><\/p>\n<p>Water, Propylene Glycol, 1,2-Hexanediol, Niacinamide, Oxygen, Rosa Centifolia Flower Extract, Lactobacillus\/Olive Leaf Ferment Extract, Saccharomyces\/Peppermint Leaf Ferment Filtrate, Lactobacillus\/Clover Flower Ferment Extract, Butylene Glycol, Zanthoxylum piperitum Fruit Extract, Pulsatilla Koreana Extract, Usnea Barbata (Lichen) Extract, Ascorbic Acid, Arginine, Hydrolyzed Collagen, Sodium Citrate.<\/p>","protected":false},"excerpt":{"rendered":"<p>500 ml<\/p>\n<p>OxygenCeuticals-teknologiaan perustuva kevyt aminohapposeos t\u00e4ydent\u00e4\u00e4 normaalia ihoa \u00f6ljytt\u00f6m\u00e4ll\u00e4 kosteutuksella, j\u00e4tt\u00e4en ihon uskomattoman pehme\u00e4ksi ja sile\u00e4ksi. T\u00e4m\u00e4 seos auttaa palauttamaan terveelt\u00e4 n\u00e4ytt\u00e4v\u00e4n tasapainon samalla kun kollageenin, oligopetidiin ja aminohappojen yhdistelm\u00e4 tasoittaa karheaa ihon rakennetta v\u00e4hent\u00e4en hienojen juonteiden ja ryppyjen synty\u00e4.<\/p>","protected":false},"featured_media":6276,"comment_status":"closed","ping_status":"closed","template":"","meta":{"_uag_custom_page_level_css":"","site-sidebar-layout":"default","site-content-layout":"","ast-site-content-layout":"default","site-content-style":"default","site-sidebar-style":"default","ast-global-header-display":"","ast-banner-title-visibility":"","ast-main-header-display":"","ast-hfb-above-header-display":"","ast-hfb-below-header-display":"","ast-hfb-mobile-header-display":"","site-post-title":"","ast-breadcrumbs-content":"","ast-featured-img":"","footer-sml-layout":"","ast-disable-related-posts":"","theme-transparent-header-meta":"default","adv-header-id-meta":"","stick-header-meta":"","header-above-stick-meta":"","header-main-stick-meta":"","header-below-stick-meta":"","astra-migrate-meta-layouts":"set","ast-page-background-enabled":"default","ast-page-background-meta":{"desktop":{"background-color":"var(--ast-global-color-4)","background-image":"","background-repeat":"repeat","background-position":"center center","background-size":"auto","background-attachment":"scroll","background-type":"","background-media":"","overlay-type":"","overlay-color":"","overlay-opacity":"","overlay-gradient":""},"tablet":{"background-color":"","background-image":"","background-repeat":"repeat","background-position":"center center","background-size":"auto","background-attachment":"scroll","background-type":"","background-media":"","overlay-type":"","overlay-color":"","overlay-opacity":"","overlay-gradient":""},"mobile":{"background-color":"","background-image":"","background-repeat":"repeat","background-position":"center center","background-size":"auto","background-attachment":"scroll","background-type":"","background-media":"","overlay-type":"","overlay-color":"","overlay-opacity":"","overlay-gradient":""}},"ast-content-background-meta":{"desktop":{"background-color":"var(--ast-global-color-5)","background-image":"","background-repeat":"repeat","background-position":"center center","background-size":"auto","background-attachment":"scroll","background-type":"","background-media":"","overlay-type":"","overlay-color":"","overlay-opacity":"","overlay-gradient":""},"tablet":{"background-color":"var(--ast-global-color-5)","background-image":"","background-repeat":"repeat","background-position":"center center","background-size":"auto","background-attachment":"scroll","background-type":"","background-media":"","overlay-type":"","overlay-color":"","overlay-opacity":"","overlay-gradient":""},"mobile":{"background-color":"var(--ast-global-color-5)","background-image":"","background-repeat":"repeat","background-position":"center center","background-size":"auto","background-attachment":"scroll","background-type":"","background-media":"","overlay-type":"","overlay-color":"","overlay-opacity":"","overlay-gradient":""}}},"product_brand":[],"product_cat":[96,74],"product_tag":[],"class_list":{"0":"post-5388","1":"product","2":"type-product","3":"status-publish","4":"has-post-thumbnail","6":"product_cat-brands","7":"product_cat-oxygen-ceuticals","8":"desktop-align-left","9":"tablet-align-left","10":"mobile-align-left","12":"first","13":"instock","14":"taxable","15":"shipping-taxable","16":"product-type-simple","17":"add-to-wishlist-before_image"},"uagb_featured_image_src":{"full":["https:\/\/kosmeetika24.com\/wp-content\/uploads\/2024\/05\/Oxygen_Formula_55101_detail.jpg",500,500,false],"thumbnail":["https:\/\/kosmeetika24.com\/wp-content\/uploads\/2024\/05\/Oxygen_Formula_55101_detail-150x150.jpg",150,150,true],"medium":["https:\/\/kosmeetika24.com\/wp-content\/uploads\/2024\/05\/Oxygen_Formula_55101_detail-300x300.jpg",300,300,true],"medium_large":["https:\/\/kosmeetika24.com\/wp-content\/uploads\/2024\/05\/Oxygen_Formula_55101_detail.jpg",500,500,false],"large":["https:\/\/kosmeetika24.com\/wp-content\/uploads\/2024\/05\/Oxygen_Formula_55101_detail.jpg",500,500,false],"1536x1536":["https:\/\/kosmeetika24.com\/wp-content\/uploads\/2024\/05\/Oxygen_Formula_55101_detail.jpg",500,500,false],"2048x2048":["https:\/\/kosmeetika24.com\/wp-content\/uploads\/2024\/05\/Oxygen_Formula_55101_detail.jpg",500,500,false],"trp-custom-language-flag":["https:\/\/kosmeetika24.com\/wp-content\/uploads\/2024\/05\/Oxygen_Formula_55101_detail-12x12.jpg",12,12,true],"woocommerce_thumbnail":["https:\/\/kosmeetika24.com\/wp-content\/uploads\/2024\/05\/Oxygen_Formula_55101_detail-300x300.jpg",300,300,true],"woocommerce_single":["https:\/\/kosmeetika24.com\/wp-content\/uploads\/2024\/05\/Oxygen_Formula_55101_detail.jpg",500,500,false],"woocommerce_gallery_thumbnail":["https:\/\/kosmeetika24.com\/wp-content\/uploads\/2024\/05\/Oxygen_Formula_55101_detail-100x100.jpg",100,100,true]},"uagb_author_info":{"display_name":"admin","author_link":"https:\/\/kosmeetika24.com\/fi\/author\/"},"uagb_comment_info":0,"uagb_excerpt":"500 ml OxygenCeuticalsi tehnoloogial t\u00f6\u00f6tav kerge aminohapetest koosnev lahus t\u00e4iendab normaalset nahka \u00f5livaba niisutusega, j\u00e4ttes selle uskumatult pehmeks ja siledaks. Lahus aitab taastada tervisliku v\u00e4limusega tasakaalu, samas kui kollageeni, oligopeptiidi ja aminohapete segu aitab siluda karedat tekstuuri, v\u00e4hendades peente joonte ja kortsude teket.","_links":{"self":[{"href":"https:\/\/kosmeetika24.com\/fi\/wp-json\/wp\/v2\/product\/5388","targetHints":{"allow":["GET"]}}],"collection":[{"href":"https:\/\/kosmeetika24.com\/fi\/wp-json\/wp\/v2\/product"}],"about":[{"href":"https:\/\/kosmeetika24.com\/fi\/wp-json\/wp\/v2\/types\/product"}],"replies":[{"embeddable":true,"href":"https:\/\/kosmeetika24.com\/fi\/wp-json\/wp\/v2\/comments?post=5388"}],"version-history":[{"count":7,"href":"https:\/\/kosmeetika24.com\/fi\/wp-json\/wp\/v2\/product\/5388\/revisions"}],"predecessor-version":[{"id":6369,"href":"https:\/\/kosmeetika24.com\/fi\/wp-json\/wp\/v2\/product\/5388\/revisions\/6369"}],"wp:featuredmedia":[{"embeddable":true,"href":"https:\/\/kosmeetika24.com\/fi\/wp-json\/wp\/v2\/media\/6276"}],"wp:attachment":[{"href":"https:\/\/kosmeetika24.com\/fi\/wp-json\/wp\/v2\/media?parent=5388"}],"wp:term":[{"taxonomy":"product_brand","embeddable":true,"href":"https:\/\/kosmeetika24.com\/fi\/wp-json\/wp\/v2\/product_brand?post=5388"},{"taxonomy":"product_cat","embeddable":true,"href":"https:\/\/kosmeetika24.com\/fi\/wp-json\/wp\/v2\/product_cat?post=5388"},{"taxonomy":"product_tag","embeddable":true,"href":"https:\/\/kosmeetika24.com\/fi\/wp-json\/wp\/v2\/product_tag?post=5388"}],"curies":[{"name":"wp","href":"https:\/\/api.w.org\/{rel}","templated":true}]}}