{"id":5307,"date":"2024-05-30T13:55:42","date_gmt":"2024-05-30T13:55:42","guid":{"rendered":"https:\/\/kosmeetika24.com\/?post_type=product&#038;p=5307"},"modified":"2025-07-02T10:52:40","modified_gmt":"2025-07-02T07:52:40","slug":"reveel-profitoode-professional-activating-liquid","status":"publish","type":"product","link":"https:\/\/kosmeetika24.com\/fi\/tuote\/reveel-profitoode-professional-activating-liquid\/","title":{"rendered":"Ammattituote Reveel aktivoiva neste"},"content":{"rendered":"<p>Aktivoiva neste palauttaa ja aktivoi v\u00e4litt\u00f6m\u00e4sti Reveelin ammattilais-tuotteet. Iho on kosteutettu ja kiinteytetty.<\/p>\n<p>Sis\u00e4lt\u00e4\u00e4 hyaluronihappoa ja Liftoninia\u00a0<sup>\u00ae<\/sup>\u00a0Xpress, joka antaa pitk\u00e4kestoisen kiinteytt\u00e4v\u00e4n ja kohottavan vaikutuksen.<\/p>\n<p>LIFTONIN\u00ae-XPRESS on uusi ainesosa, jolla on kohottava ja kiinteytt\u00e4v\u00e4 vaikutus. LIFTONIN\u00ae-XPRESS sis\u00e4lt\u00e4\u00e4 lyofilisoitua Porphyridium cruentum -mikrolev\u00e4\u00e4, joka sis\u00e4lt\u00e4\u00e4 suurimolekulaarisia fykokolloideja, kudottuna luonnollisten polymeerien kalvomaatriksiin. Liftonin\u2122 Xpress muodostaa iholle kolmiulotteisen verkoston. Ryppyjen syvyys v\u00e4henee jne...<br \/>\nProfessional Activating Liquid (Professionaalne aktiveeriv vedelik) soodustab koostisosade vabanemist \u201cuneseisundist\u201d ja suurendab professionaalsete maskide ja massaa\u017ei efektiivsust.<\/p>\n<p><strong>Vaikutus<\/strong><\/p>\n<p>Aktivoiva neste kosteuttaa v\u00e4litt\u00f6m\u00e4sti ja aktivoi ammattilais-tuotteet Reveel.<br \/>\nVapauttaa ainesosat niiden lepotilasta ja lis\u00e4\u00e4 ammattimaskien ja hierontatuotteiden tehokkuutta.<br \/>\nHyaluronihappo tarjoaa intensiivist\u00e4 kosteutusta.<br \/>\nSilottaa ihoa v\u00e4litt\u00f6m\u00e4sti ja v\u00e4hent\u00e4\u00e4 n\u00e4kyv\u00e4sti ryppyj\u00e4.<\/p>\n<p><strong>K\u00e4ytt\u00f6<\/strong><\/p>\n<ul>\n<li>Kaikille ammattimaisille maskeille ja ammattimaiselle Detox-hierontageelille.<\/li>\n<li>K\u00e4yt\u00e4 levityksen aikana aktivoimiseen ja varmista ainesosien syv\u00e4 imeytyminen ja tehokkuus.<\/li>\n<li>Aktivoimiseen levit\u00e4 nestett\u00e4 kasvoille kuivan maskin p\u00e4\u00e4lle.<\/li>\n<li>Sekoita pieness\u00e4 kulhossa, kun k\u00e4ytet\u00e4\u00e4n hierontatuotteen kanssa.<\/li>\n<\/ul>\n<p><strong>Ainesosat<\/strong><\/p>\n<p>Aqua (Water), Butylene Glycol, Glycerin, Sodium Lactate, Sodium Hyaluronate, Lactobacillus Ferment, Allantoin, Saccharide Isomerate, Pullulan, Porphyridium Cruentum Extract, Hydroxypropyl Methylcellulose, Polyglyceryl-10 Laurate, 1,5-Pentanediol, Lactic Acid, Citric Acid, Sodium Citrate, Parfum (Fragrance).<\/p>","protected":false},"excerpt":{"rendered":"<p>Aktivoivalla nesteell\u00e4 saat Reveelin ammattimaskien ja hierontatuotteiden maksimaalisen suorituskyvyn.<\/p>\n<p>500ml<\/p>","protected":false},"featured_media":5326,"comment_status":"closed","ping_status":"closed","template":"","meta":{"_uag_custom_page_level_css":"","site-sidebar-layout":"default","site-content-layout":"","ast-site-content-layout":"default","site-content-style":"default","site-sidebar-style":"default","ast-global-header-display":"","ast-banner-title-visibility":"","ast-main-header-display":"","ast-hfb-above-header-display":"","ast-hfb-below-header-display":"","ast-hfb-mobile-header-display":"","site-post-title":"","ast-breadcrumbs-content":"","ast-featured-img":"","footer-sml-layout":"","ast-disable-related-posts":"","theme-transparent-header-meta":"default","adv-header-id-meta":"","stick-header-meta":"","header-above-stick-meta":"","header-main-stick-meta":"","header-below-stick-meta":"","astra-migrate-meta-layouts":"set","ast-page-background-enabled":"default","ast-page-background-meta":{"desktop":{"background-color":"var(--ast-global-color-4)","background-image":"","background-repeat":"repeat","background-position":"center center","background-size":"auto","background-attachment":"scroll","background-type":"","background-media":"","overlay-type":"","overlay-color":"","overlay-opacity":"","overlay-gradient":""},"tablet":{"background-color":"","background-image":"","background-repeat":"repeat","background-position":"center center","background-size":"auto","background-attachment":"scroll","background-type":"","background-media":"","overlay-type":"","overlay-color":"","overlay-opacity":"","overlay-gradient":""},"mobile":{"background-color":"","background-image":"","background-repeat":"repeat","background-position":"center center","background-size":"auto","background-attachment":"scroll","background-type":"","background-media":"","overlay-type":"","overlay-color":"","overlay-opacity":"","overlay-gradient":""}},"ast-content-background-meta":{"desktop":{"background-color":"var(--ast-global-color-5)","background-image":"","background-repeat":"repeat","background-position":"center center","background-size":"auto","background-attachment":"scroll","background-type":"","background-media":"","overlay-type":"","overlay-color":"","overlay-opacity":"","overlay-gradient":""},"tablet":{"background-color":"var(--ast-global-color-5)","background-image":"","background-repeat":"repeat","background-position":"center center","background-size":"auto","background-attachment":"scroll","background-type":"","background-media":"","overlay-type":"","overlay-color":"","overlay-opacity":"","overlay-gradient":""},"mobile":{"background-color":"var(--ast-global-color-5)","background-image":"","background-repeat":"repeat","background-position":"center center","background-size":"auto","background-attachment":"scroll","background-type":"","background-media":"","overlay-type":"","overlay-color":"","overlay-opacity":"","overlay-gradient":""}}},"product_brand":[],"product_cat":[96,97,95],"product_tag":[],"class_list":{"0":"post-5307","1":"product","2":"type-product","3":"status-publish","4":"has-post-thumbnail","6":"product_cat-brands","7":"product_cat-naole","8":"product_cat-reveel","9":"desktop-align-left","10":"tablet-align-left","11":"mobile-align-left","13":"first","14":"instock","15":"taxable","16":"shipping-taxable","17":"product-type-simple","18":"add-to-wishlist-before_image"},"uagb_featured_image_src":{"full":["https:\/\/kosmeetika24.com\/wp-content\/uploads\/2024\/04\/reveel-aktivaator.webp",600,600,false],"thumbnail":["https:\/\/kosmeetika24.com\/wp-content\/uploads\/2024\/04\/reveel-aktivaator-150x150.webp",150,150,true],"medium":["https:\/\/kosmeetika24.com\/wp-content\/uploads\/2024\/04\/reveel-aktivaator-300x300.webp",300,300,true],"medium_large":["https:\/\/kosmeetika24.com\/wp-content\/uploads\/2024\/04\/reveel-aktivaator.webp",600,600,false],"large":["https:\/\/kosmeetika24.com\/wp-content\/uploads\/2024\/04\/reveel-aktivaator.webp",600,600,false],"1536x1536":["https:\/\/kosmeetika24.com\/wp-content\/uploads\/2024\/04\/reveel-aktivaator.webp",600,600,false],"2048x2048":["https:\/\/kosmeetika24.com\/wp-content\/uploads\/2024\/04\/reveel-aktivaator.webp",600,600,false],"trp-custom-language-flag":["https:\/\/kosmeetika24.com\/wp-content\/uploads\/2024\/04\/reveel-aktivaator-12x12.webp",12,12,true],"woocommerce_thumbnail":["https:\/\/kosmeetika24.com\/wp-content\/uploads\/2024\/04\/reveel-aktivaator-300x300.webp",300,300,true],"woocommerce_single":["https:\/\/kosmeetika24.com\/wp-content\/uploads\/2024\/04\/reveel-aktivaator-500x500.webp",500,500,true],"woocommerce_gallery_thumbnail":["https:\/\/kosmeetika24.com\/wp-content\/uploads\/2024\/04\/reveel-aktivaator-100x100.webp",100,100,true]},"uagb_author_info":{"display_name":"admin","author_link":"https:\/\/kosmeetika24.com\/fi\/author\/"},"uagb_comment_info":0,"uagb_excerpt":"Aktiveeriva vedelikuga saate reveeli professionaalsetest maskidest ja massaa\u017eitoodetest maksimaalse j\u00f5udluse. 500ml","_links":{"self":[{"href":"https:\/\/kosmeetika24.com\/fi\/wp-json\/wp\/v2\/product\/5307","targetHints":{"allow":["GET"]}}],"collection":[{"href":"https:\/\/kosmeetika24.com\/fi\/wp-json\/wp\/v2\/product"}],"about":[{"href":"https:\/\/kosmeetika24.com\/fi\/wp-json\/wp\/v2\/types\/product"}],"replies":[{"embeddable":true,"href":"https:\/\/kosmeetika24.com\/fi\/wp-json\/wp\/v2\/comments?post=5307"}],"version-history":[{"count":8,"href":"https:\/\/kosmeetika24.com\/fi\/wp-json\/wp\/v2\/product\/5307\/revisions"}],"predecessor-version":[{"id":6258,"href":"https:\/\/kosmeetika24.com\/fi\/wp-json\/wp\/v2\/product\/5307\/revisions\/6258"}],"wp:featuredmedia":[{"embeddable":true,"href":"https:\/\/kosmeetika24.com\/fi\/wp-json\/wp\/v2\/media\/5326"}],"wp:attachment":[{"href":"https:\/\/kosmeetika24.com\/fi\/wp-json\/wp\/v2\/media?parent=5307"}],"wp:term":[{"taxonomy":"product_brand","embeddable":true,"href":"https:\/\/kosmeetika24.com\/fi\/wp-json\/wp\/v2\/product_brand?post=5307"},{"taxonomy":"product_cat","embeddable":true,"href":"https:\/\/kosmeetika24.com\/fi\/wp-json\/wp\/v2\/product_cat?post=5307"},{"taxonomy":"product_tag","embeddable":true,"href":"https:\/\/kosmeetika24.com\/fi\/wp-json\/wp\/v2\/product_tag?post=5307"}],"curies":[{"name":"wp","href":"https:\/\/api.w.org\/{rel}","templated":true}]}}