{"id":5298,"date":"2024-05-30T13:38:21","date_gmt":"2024-05-30T13:38:21","guid":{"rendered":"https:\/\/kosmeetika24.com\/?post_type=product&#038;p=5298"},"modified":"2025-07-02T11:04:19","modified_gmt":"2025-07-02T08:04:19","slug":"reveel-profitoode-balancing-facial-toner","status":"publish","type":"product","link":"https:\/\/kosmeetika24.com\/fi\/tuote\/reveel-profitoode-balancing-facial-toner\/","title":{"rendered":"Ammattituote Reveel tasapainottava kasvovesi"},"content":{"rendered":"<p>Saippuan ja hanaveden k\u00e4ytt\u00f6 h\u00e4iritsee ihon luonnollista pH ja suojaa, tehden siit\u00e4 haavoittuvan.<br \/>\nTasakaalustav n\u00e4otoonik stabiliseerib naha mikrobioomi ja taastab naha loomuliku pH, et j\u00e4rgneva hoolduse toimeained saaksid l\u00e4bi naha tungida.<\/p>\n<p>Viimeisetkin ep\u00e4puhtaudet poistetaan hell\u00e4varaisesti, ja iho saa lis\u00e4\u00e4 kosteutta.<\/p>\n<p><strong>P\u00c4\u00c4AINEOSAT<\/strong><\/p>\n<ul>\n<li>PreBIULIN FOS on prebiootti, joka vakauttaa ihon mikrobioomia.<\/li>\n<li>Maitoape hapot tarjoaa kevyen kuorintaefektin ja liuottaa j\u00e4ljell\u00e4 olevan lian.<\/li>\n<li>Pantenoli ja hyaluronihappo omaavat kosteuttavia ominaisuuksia.<\/li>\n<\/ul>\n<p><strong>K\u00e4ytt\u00f6<\/strong><\/p>\n<p>Puhdistuksen j\u00e4lkeen kosteusvoidetta sis\u00e4lt\u00e4v\u00e4ll\u00e4 puhdistusaineella levit\u00e4 2 painallusta tonikia vanulapulle ja levit\u00e4 varovasti kasvoille.<\/p>\n<p>Ihon mikrobioomi vakautuu, ja ihon suoja on suojattu.<\/p>\n<p><strong>Ainesosat<\/strong><\/p>\n<p>Aqua, Pentylene Glycol, Maltooligosyl Glucoside, Betaine, Inulin, Hydrogenated Starch Hydrolysate, Panthenol, Lactic Acid, Sodium Pca, Pca, Fructose, Serine, Alanine, Glycine, Glutamic Acid, Lysine Hci, Threonine, Arginine, Citric Acid, Sodium Hyaluronate, Acetyl Glucosamine, Hyaluronic Acid, Hydrolyzed Sodium Hyaluronate, Tremella Fuciformis (Snow Fungus) Sporocarp Extract, Proline, Sodium Acetylated Hyaluronate, Sodium Lactat.<\/p>","protected":false},"excerpt":{"rendered":"<p>Poistaa viimeisetkin ep\u00e4puhtaudet.<br \/>\nStabiloi ihon mikrobiomia ja tasapainottaa ihon luonnollisen pH<br \/>\nIho on t\u00e4ydellisesti valmisteltu seuraavan ihonhoitorutiinin aktiivisten ainesosien imeytymiseen.<\/p>\n<p>500 ml<\/p>","protected":false},"featured_media":5332,"comment_status":"closed","ping_status":"closed","template":"","meta":{"_uag_custom_page_level_css":"","site-sidebar-layout":"default","site-content-layout":"","ast-site-content-layout":"default","site-content-style":"default","site-sidebar-style":"default","ast-global-header-display":"","ast-banner-title-visibility":"","ast-main-header-display":"","ast-hfb-above-header-display":"","ast-hfb-below-header-display":"","ast-hfb-mobile-header-display":"","site-post-title":"","ast-breadcrumbs-content":"","ast-featured-img":"","footer-sml-layout":"","ast-disable-related-posts":"","theme-transparent-header-meta":"default","adv-header-id-meta":"","stick-header-meta":"","header-above-stick-meta":"","header-main-stick-meta":"","header-below-stick-meta":"","astra-migrate-meta-layouts":"set","ast-page-background-enabled":"default","ast-page-background-meta":{"desktop":{"background-color":"var(--ast-global-color-4)","background-image":"","background-repeat":"repeat","background-position":"center center","background-size":"auto","background-attachment":"scroll","background-type":"","background-media":"","overlay-type":"","overlay-color":"","overlay-opacity":"","overlay-gradient":""},"tablet":{"background-color":"","background-image":"","background-repeat":"repeat","background-position":"center center","background-size":"auto","background-attachment":"scroll","background-type":"","background-media":"","overlay-type":"","overlay-color":"","overlay-opacity":"","overlay-gradient":""},"mobile":{"background-color":"","background-image":"","background-repeat":"repeat","background-position":"center center","background-size":"auto","background-attachment":"scroll","background-type":"","background-media":"","overlay-type":"","overlay-color":"","overlay-opacity":"","overlay-gradient":""}},"ast-content-background-meta":{"desktop":{"background-color":"var(--ast-global-color-5)","background-image":"","background-repeat":"repeat","background-position":"center center","background-size":"auto","background-attachment":"scroll","background-type":"","background-media":"","overlay-type":"","overlay-color":"","overlay-opacity":"","overlay-gradient":""},"tablet":{"background-color":"var(--ast-global-color-5)","background-image":"","background-repeat":"repeat","background-position":"center center","background-size":"auto","background-attachment":"scroll","background-type":"","background-media":"","overlay-type":"","overlay-color":"","overlay-opacity":"","overlay-gradient":""},"mobile":{"background-color":"var(--ast-global-color-5)","background-image":"","background-repeat":"repeat","background-position":"center center","background-size":"auto","background-attachment":"scroll","background-type":"","background-media":"","overlay-type":"","overlay-color":"","overlay-opacity":"","overlay-gradient":""}}},"product_brand":[],"product_cat":[96,97,95],"product_tag":[],"class_list":{"0":"post-5298","1":"product","2":"type-product","3":"status-publish","4":"has-post-thumbnail","6":"product_cat-brands","7":"product_cat-naole","8":"product_cat-reveel","9":"desktop-align-left","10":"tablet-align-left","11":"mobile-align-left","13":"first","14":"instock","15":"taxable","16":"shipping-taxable","17":"product-type-simple","18":"add-to-wishlist-before_image"},"uagb_featured_image_src":{"full":["https:\/\/kosmeetika24.com\/wp-content\/uploads\/2024\/04\/Balancing_Facial_Toner_150ml_055_700x.webp",700,700,false],"thumbnail":["https:\/\/kosmeetika24.com\/wp-content\/uploads\/2024\/04\/Balancing_Facial_Toner_150ml_055_700x-150x150.webp",150,150,true],"medium":["https:\/\/kosmeetika24.com\/wp-content\/uploads\/2024\/04\/Balancing_Facial_Toner_150ml_055_700x-300x300.webp",300,300,true],"medium_large":["https:\/\/kosmeetika24.com\/wp-content\/uploads\/2024\/04\/Balancing_Facial_Toner_150ml_055_700x.webp",700,700,false],"large":["https:\/\/kosmeetika24.com\/wp-content\/uploads\/2024\/04\/Balancing_Facial_Toner_150ml_055_700x.webp",700,700,false],"1536x1536":["https:\/\/kosmeetika24.com\/wp-content\/uploads\/2024\/04\/Balancing_Facial_Toner_150ml_055_700x.webp",700,700,false],"2048x2048":["https:\/\/kosmeetika24.com\/wp-content\/uploads\/2024\/04\/Balancing_Facial_Toner_150ml_055_700x.webp",700,700,false],"trp-custom-language-flag":["https:\/\/kosmeetika24.com\/wp-content\/uploads\/2024\/04\/Balancing_Facial_Toner_150ml_055_700x-12x12.webp",12,12,true],"woocommerce_thumbnail":["https:\/\/kosmeetika24.com\/wp-content\/uploads\/2024\/04\/Balancing_Facial_Toner_150ml_055_700x-300x300.webp",300,300,true],"woocommerce_single":["https:\/\/kosmeetika24.com\/wp-content\/uploads\/2024\/04\/Balancing_Facial_Toner_150ml_055_700x-500x500.webp",500,500,true],"woocommerce_gallery_thumbnail":["https:\/\/kosmeetika24.com\/wp-content\/uploads\/2024\/04\/Balancing_Facial_Toner_150ml_055_700x-100x100.webp",100,100,true]},"uagb_author_info":{"display_name":"admin","author_link":"https:\/\/kosmeetika24.com\/fi\/author\/"},"uagb_comment_info":0,"uagb_excerpt":"Eemaldab viimase mustuse. Stabiliseerib naha mikrobioomi ja tasakaalustab naha loomuliku pH. Nahk on ideaalselt ette valmistatud j\u00e4rgneva nahahooldusrutiini aktiivsete koostisosade imendumiseks. 500 ml","_links":{"self":[{"href":"https:\/\/kosmeetika24.com\/fi\/wp-json\/wp\/v2\/product\/5298","targetHints":{"allow":["GET"]}}],"collection":[{"href":"https:\/\/kosmeetika24.com\/fi\/wp-json\/wp\/v2\/product"}],"about":[{"href":"https:\/\/kosmeetika24.com\/fi\/wp-json\/wp\/v2\/types\/product"}],"replies":[{"embeddable":true,"href":"https:\/\/kosmeetika24.com\/fi\/wp-json\/wp\/v2\/comments?post=5298"}],"version-history":[{"count":7,"href":"https:\/\/kosmeetika24.com\/fi\/wp-json\/wp\/v2\/product\/5298\/revisions"}],"predecessor-version":[{"id":6807,"href":"https:\/\/kosmeetika24.com\/fi\/wp-json\/wp\/v2\/product\/5298\/revisions\/6807"}],"wp:featuredmedia":[{"embeddable":true,"href":"https:\/\/kosmeetika24.com\/fi\/wp-json\/wp\/v2\/media\/5332"}],"wp:attachment":[{"href":"https:\/\/kosmeetika24.com\/fi\/wp-json\/wp\/v2\/media?parent=5298"}],"wp:term":[{"taxonomy":"product_brand","embeddable":true,"href":"https:\/\/kosmeetika24.com\/fi\/wp-json\/wp\/v2\/product_brand?post=5298"},{"taxonomy":"product_cat","embeddable":true,"href":"https:\/\/kosmeetika24.com\/fi\/wp-json\/wp\/v2\/product_cat?post=5298"},{"taxonomy":"product_tag","embeddable":true,"href":"https:\/\/kosmeetika24.com\/fi\/wp-json\/wp\/v2\/product_tag?post=5298"}],"curies":[{"name":"wp","href":"https:\/\/api.w.org\/{rel}","templated":true}]}}