{"id":5289,"date":"2024-05-30T13:37:21","date_gmt":"2024-05-30T13:37:21","guid":{"rendered":"https:\/\/kosmeetika24.com\/?post_type=product&#038;p=5289"},"modified":"2025-07-02T11:05:56","modified_gmt":"2025-07-02T08:05:56","slug":"reveel-profitoode-brightening-mask-classic","status":"publish","type":"product","link":"https:\/\/kosmeetika24.com\/fi\/tuote\/reveel-profitoode-brightening-mask-classic\/","title":{"rendered":"Ammattituote Reveel Kirkastava naamio Classic"},"content":{"rendered":"<p>I\u00e4n ja kroonisen UV-s\u00e4teilyn vuoksi ep\u00e4s\u00e4\u00e4nn\u00f6llinen pigmentaatio esiintyy yh\u00e4 useammin ihmisen iholla. Melaniinin n\u00e4kyv\u00e4 ker\u00e4\u00e4ntyminen viittaa ihon pigmentaatioprosessin h\u00e4iri\u00f6ihin ja\/tai yliaktivointiin. Ilmansaaste, UV-valo, stressi tai tupakointi kiihdytt\u00e4v\u00e4t melaniinin muodostumista, muodostaen ROS\n(reaktiiviset happilajit), joita usein kutsutaan oksidatiiviseksi stressiksi. Naishormonit voivat my\u00f6s aiheuttaa ep\u00e4s\u00e4\u00e4nn\u00f6llist\u00e4 pigmentaatiota.<span class=\"apple-converted-space\">\u00a0<\/span><span class=\"apple-converted-space\">\u00a0<\/span><span class=\"apple-converted-space\">\u00a0<\/span><span class=\"apple-converted-space\">\u00a0<\/span><\/p>\n<p>Ammattimainen kirkastava kollageenimaski auttaa v\u00e4hent\u00e4m\u00e4\u00e4n n\u00e4iden virheiden ilmestymist\u00e4.<\/p>\n<p><strong>P\u00c4\u00c4AINEOSAT\u00a0<\/strong><\/p>\n<ul>\n<li>Looduslik kollageen \u2013 annab nahale lisaniiskust ja silub kortse.<\/li>\n<li>Alfa-arbutiin \u2013 v\u00e4hendab melaniini tootmist; inhibeerib t\u00fcrosinaasi aktiivsust ja neutraliseerib vabu radikaale.<\/li>\n<li>Lagritsajuure ja viinamarja ekstraktid \u2013 v\u00e4hendavad UV-kiirte kahjulikku m\u00f5ju ja kaitsevad vabade radikaalide eest.<\/li>\n<\/ul>\n<p><strong>K\u00e4ytt\u00f6<\/strong><\/p>\n<p>1. Leikkaa haluttuun muotoon tai rep\u00e4ise pitkin reiki\u00e4.<br \/>\n2. Aseta kuiva maski kasvoille.<br \/>\n3. Kostuta sit\u00e4 hitaasti mutta huolellisesti Professional Activating Liquid -nesteell\u00e4.<br \/>\n4. J\u00e4t\u00e4 se vaikuttamaan 15-20 minuutiksi.<br \/>\n5. Poista naamio ja hiero kevyesti j\u00e4ljelle j\u00e4\u00e4nyt aine ihoon.<\/p>\n<p><strong>Ainesosat<\/strong><\/p>\n<p>Collagen, Alpha-Arbutin, Hydrogenated Polyisobutene, PPG-15 Stearyl Ether, Citric Acid, Ectoin, PEG-40 Sorbitan Peroleate, Vitis Vinifera Seed Extract, Dipotassium Glycyrrhizate, BHT.<\/p>","protected":false},"excerpt":{"rendered":"<ul>\n<li>T\u00e4yslehti, johon t\u00e4ytyy leikata haluttu muoto, mahdollistaen k\u00e4yt\u00f6n kas kasvoilla tai muilla hoitoalueilla.<\/li>\n<li>Tehokkaasti kirkastaa ja tasoittaa ihon s\u00e4vy\u00e4.<\/li>\n<li>Maskissa oleva kollageeni kosteuttaa ihoa ja silottaa ryppyj\u00e4.<\/li>\n<li>Sitoo ja neutraloi happiradikaale.<\/li>\n<\/ul>\n<p>Pakkauksessa 20 kpl.<\/p>","protected":false},"featured_media":6906,"comment_status":"closed","ping_status":"closed","template":"","meta":{"_uag_custom_page_level_css":"","site-sidebar-layout":"default","site-content-layout":"","ast-site-content-layout":"default","site-content-style":"default","site-sidebar-style":"default","ast-global-header-display":"","ast-banner-title-visibility":"","ast-main-header-display":"","ast-hfb-above-header-display":"","ast-hfb-below-header-display":"","ast-hfb-mobile-header-display":"","site-post-title":"","ast-breadcrumbs-content":"","ast-featured-img":"","footer-sml-layout":"","ast-disable-related-posts":"","theme-transparent-header-meta":"default","adv-header-id-meta":"","stick-header-meta":"","header-above-stick-meta":"","header-main-stick-meta":"","header-below-stick-meta":"","astra-migrate-meta-layouts":"set","ast-page-background-enabled":"default","ast-page-background-meta":{"desktop":{"background-color":"var(--ast-global-color-4)","background-image":"","background-repeat":"repeat","background-position":"center center","background-size":"auto","background-attachment":"scroll","background-type":"","background-media":"","overlay-type":"","overlay-color":"","overlay-opacity":"","overlay-gradient":""},"tablet":{"background-color":"","background-image":"","background-repeat":"repeat","background-position":"center center","background-size":"auto","background-attachment":"scroll","background-type":"","background-media":"","overlay-type":"","overlay-color":"","overlay-opacity":"","overlay-gradient":""},"mobile":{"background-color":"","background-image":"","background-repeat":"repeat","background-position":"center center","background-size":"auto","background-attachment":"scroll","background-type":"","background-media":"","overlay-type":"","overlay-color":"","overlay-opacity":"","overlay-gradient":""}},"ast-content-background-meta":{"desktop":{"background-color":"var(--ast-global-color-5)","background-image":"","background-repeat":"repeat","background-position":"center center","background-size":"auto","background-attachment":"scroll","background-type":"","background-media":"","overlay-type":"","overlay-color":"","overlay-opacity":"","overlay-gradient":""},"tablet":{"background-color":"var(--ast-global-color-5)","background-image":"","background-repeat":"repeat","background-position":"center center","background-size":"auto","background-attachment":"scroll","background-type":"","background-media":"","overlay-type":"","overlay-color":"","overlay-opacity":"","overlay-gradient":""},"mobile":{"background-color":"var(--ast-global-color-5)","background-image":"","background-repeat":"repeat","background-position":"center center","background-size":"auto","background-attachment":"scroll","background-type":"","background-media":"","overlay-type":"","overlay-color":"","overlay-opacity":"","overlay-gradient":""}}},"product_brand":[],"product_cat":[96,97,95],"product_tag":[],"class_list":{"0":"post-5289","1":"product","2":"type-product","3":"status-publish","4":"has-post-thumbnail","6":"product_cat-brands","7":"product_cat-naole","8":"product_cat-reveel","9":"desktop-align-left","10":"tablet-align-left","11":"mobile-align-left","13":"first","14":"instock","15":"taxable","16":"shipping-taxable","17":"product-type-simple","18":"add-to-wishlist-before_image"},"uagb_featured_image_src":{"full":["https:\/\/kosmeetika24.com\/wp-content\/uploads\/2024\/05\/Classic.jpg",1800,1800,false],"thumbnail":["https:\/\/kosmeetika24.com\/wp-content\/uploads\/2024\/05\/Classic-150x150.jpg",150,150,true],"medium":["https:\/\/kosmeetika24.com\/wp-content\/uploads\/2024\/05\/Classic-300x300.jpg",300,300,true],"medium_large":["https:\/\/kosmeetika24.com\/wp-content\/uploads\/2024\/05\/Classic-768x768.jpg",768,768,true],"large":["https:\/\/kosmeetika24.com\/wp-content\/uploads\/2024\/05\/Classic-1024x1024.jpg",1024,1024,true],"1536x1536":["https:\/\/kosmeetika24.com\/wp-content\/uploads\/2024\/05\/Classic-1536x1536.jpg",1536,1536,true],"2048x2048":["https:\/\/kosmeetika24.com\/wp-content\/uploads\/2024\/05\/Classic.jpg",1800,1800,false],"trp-custom-language-flag":["https:\/\/kosmeetika24.com\/wp-content\/uploads\/2024\/05\/Classic-12x12.jpg",12,12,true],"woocommerce_thumbnail":["https:\/\/kosmeetika24.com\/wp-content\/uploads\/2024\/05\/Classic-300x300.jpg",300,300,true],"woocommerce_single":["https:\/\/kosmeetika24.com\/wp-content\/uploads\/2024\/05\/Classic-500x500.jpg",500,500,true],"woocommerce_gallery_thumbnail":["https:\/\/kosmeetika24.com\/wp-content\/uploads\/2024\/05\/Classic-100x100.jpg",100,100,true]},"uagb_author_info":{"display_name":"admin","author_link":"https:\/\/kosmeetika24.com\/fi\/author\/"},"uagb_comment_info":0,"uagb_excerpt":"T\u00e4isleht, millele tuleb l\u00f5igata soovitud kuju, v\u00f5imaldades kasutada nii n\u00e4ol kui ka muudel ravipiirkondadel. T\u00f5husalt kirgastab ja \u00fchtlustab nahatooni. Maskis sisalduv kollageen niisutab nahka ja silub kortse. Seob ja neutraliseerib hapnikuradikaale. Pakis 20 tk.","_links":{"self":[{"href":"https:\/\/kosmeetika24.com\/fi\/wp-json\/wp\/v2\/product\/5289","targetHints":{"allow":["GET"]}}],"collection":[{"href":"https:\/\/kosmeetika24.com\/fi\/wp-json\/wp\/v2\/product"}],"about":[{"href":"https:\/\/kosmeetika24.com\/fi\/wp-json\/wp\/v2\/types\/product"}],"replies":[{"embeddable":true,"href":"https:\/\/kosmeetika24.com\/fi\/wp-json\/wp\/v2\/comments?post=5289"}],"version-history":[{"count":11,"href":"https:\/\/kosmeetika24.com\/fi\/wp-json\/wp\/v2\/product\/5289\/revisions"}],"predecessor-version":[{"id":6907,"href":"https:\/\/kosmeetika24.com\/fi\/wp-json\/wp\/v2\/product\/5289\/revisions\/6907"}],"wp:featuredmedia":[{"embeddable":true,"href":"https:\/\/kosmeetika24.com\/fi\/wp-json\/wp\/v2\/media\/6906"}],"wp:attachment":[{"href":"https:\/\/kosmeetika24.com\/fi\/wp-json\/wp\/v2\/media?parent=5289"}],"wp:term":[{"taxonomy":"product_brand","embeddable":true,"href":"https:\/\/kosmeetika24.com\/fi\/wp-json\/wp\/v2\/product_brand?post=5289"},{"taxonomy":"product_cat","embeddable":true,"href":"https:\/\/kosmeetika24.com\/fi\/wp-json\/wp\/v2\/product_cat?post=5289"},{"taxonomy":"product_tag","embeddable":true,"href":"https:\/\/kosmeetika24.com\/fi\/wp-json\/wp\/v2\/product_tag?post=5289"}],"curies":[{"name":"wp","href":"https:\/\/api.w.org\/{rel}","templated":true}]}}